{"id":1116,"date":"2020-01-03T21:13:52","date_gmt":"2020-01-03T21:13:52","guid":{"rendered":"http:\/\/www.quintaoficina.pt\/?page_id=1116"},"modified":"2020-02-19T12:27:46","modified_gmt":"2020-02-19T12:27:46","slug":"orpheus-viu-se-grego","status":"publish","type":"page","link":"https:\/\/www.quintaoficina.pt\/index.php\/orpheus-viu-se-grego\/","title":{"rendered":"ORPHEUS VIU-SE GREGO"},"content":{"rendered":"\n<h4 class=\"has-text-align-center wp-block-heading\">&#8220;ORPHEUS VIU-SE GREGO &#8211; Uma epopeia sobre rodas&#8221;<\/h4>\n\n\n\n<figure class=\"wp-block-gallery aligncenter columns-1 is-cropped wp-block-gallery-1 is-layout-flex wp-block-gallery-is-layout-flex\"><ul class=\"blocks-gallery-grid\"><li class=\"blocks-gallery-item\"><figure><img loading=\"lazy\" decoding=\"async\" width=\"1024\" height=\"683\" src=\"https:\/\/www.quintaoficina.pt\/wp-content\/uploads\/2020\/01\/IMG_7715baixa-1024x683.jpg\" alt=\"\" data-id=\"1125\" data-full-url=\"https:\/\/www.quintaoficina.pt\/wp-content\/uploads\/2020\/01\/IMG_7715baixa-scaled.jpg\" data-link=\"https:\/\/www.quintaoficina.pt\/index.php\/orpheus-viu-se-grego\/img_7715baixa\/\" class=\"wp-image-1125\" srcset=\"https:\/\/www.quintaoficina.pt\/wp-content\/uploads\/2020\/01\/IMG_7715baixa-1024x683.jpg 1024w, https:\/\/www.quintaoficina.pt\/wp-content\/uploads\/2020\/01\/IMG_7715baixa-300x200.jpg 300w, https:\/\/www.quintaoficina.pt\/wp-content\/uploads\/2020\/01\/IMG_7715baixa-768x512.jpg 768w, https:\/\/www.quintaoficina.pt\/wp-content\/uploads\/2020\/01\/IMG_7715baixa-1536x1024.jpg 1536w, https:\/\/www.quintaoficina.pt\/wp-content\/uploads\/2020\/01\/IMG_7715baixa-2048x1365.jpg 2048w\" sizes=\"auto, (max-width: 767px) 89vw, (max-width: 1000px) 54vw, (max-width: 1071px) 543px, 580px\" \/><\/figure><\/li><li class=\"blocks-gallery-item\"><figure><img loading=\"lazy\" decoding=\"async\" width=\"1024\" height=\"683\" src=\"https:\/\/www.quintaoficina.pt\/wp-content\/uploads\/2020\/01\/IMG_7733baixa-1024x683.jpg\" alt=\"\" data-id=\"1126\" data-full-url=\"https:\/\/www.quintaoficina.pt\/wp-content\/uploads\/2020\/01\/IMG_7733baixa-scaled.jpg\" data-link=\"https:\/\/www.quintaoficina.pt\/index.php\/orpheus-viu-se-grego\/img_7733baixa\/\" class=\"wp-image-1126\" srcset=\"https:\/\/www.quintaoficina.pt\/wp-content\/uploads\/2020\/01\/IMG_7733baixa-1024x683.jpg 1024w, https:\/\/www.quintaoficina.pt\/wp-content\/uploads\/2020\/01\/IMG_7733baixa-300x200.jpg 300w, https:\/\/www.quintaoficina.pt\/wp-content\/uploads\/2020\/01\/IMG_7733baixa-768x512.jpg 768w, https:\/\/www.quintaoficina.pt\/wp-content\/uploads\/2020\/01\/IMG_7733baixa-1536x1024.jpg 1536w, https:\/\/www.quintaoficina.pt\/wp-content\/uploads\/2020\/01\/IMG_7733baixa-2048x1365.jpg 2048w\" sizes=\"auto, (max-width: 767px) 89vw, (max-width: 1000px) 54vw, (max-width: 1071px) 543px, 580px\" \/><\/figure><\/li><li class=\"blocks-gallery-item\"><figure><img loading=\"lazy\" decoding=\"async\" width=\"1024\" height=\"683\" src=\"https:\/\/www.quintaoficina.pt\/wp-content\/uploads\/2020\/01\/IMG_7625baixa-1024x683.jpg\" alt=\"\" data-id=\"1124\" data-full-url=\"https:\/\/www.quintaoficina.pt\/wp-content\/uploads\/2020\/01\/IMG_7625baixa-scaled.jpg\" data-link=\"https:\/\/www.quintaoficina.pt\/index.php\/orpheus-viu-se-grego\/img_7625baixa\/\" class=\"wp-image-1124\" srcset=\"https:\/\/www.quintaoficina.pt\/wp-content\/uploads\/2020\/01\/IMG_7625baixa-1024x683.jpg 1024w, https:\/\/www.quintaoficina.pt\/wp-content\/uploads\/2020\/01\/IMG_7625baixa-300x200.jpg 300w, https:\/\/www.quintaoficina.pt\/wp-content\/uploads\/2020\/01\/IMG_7625baixa-768x512.jpg 768w, https:\/\/www.quintaoficina.pt\/wp-content\/uploads\/2020\/01\/IMG_7625baixa-1536x1024.jpg 1536w, https:\/\/www.quintaoficina.pt\/wp-content\/uploads\/2020\/01\/IMG_7625baixa-2048x1365.jpg 2048w\" sizes=\"auto, (max-width: 767px) 89vw, (max-width: 1000px) 54vw, (max-width: 1071px) 543px, 580px\" \/><\/figure><\/li><li class=\"blocks-gallery-item\"><figure><img loading=\"lazy\" decoding=\"async\" width=\"683\" height=\"1024\" src=\"https:\/\/www.quintaoficina.pt\/wp-content\/uploads\/2020\/01\/IMG_7570_co\u0301piabaixa-683x1024.jpg\" alt=\"\" data-id=\"1123\" data-full-url=\"https:\/\/www.quintaoficina.pt\/wp-content\/uploads\/2020\/01\/IMG_7570_co\u0301piabaixa-scaled.jpg\" data-link=\"https:\/\/www.quintaoficina.pt\/index.php\/orpheus-viu-se-grego\/img_7570_copiabaixa\/\" class=\"wp-image-1123\" srcset=\"https:\/\/www.quintaoficina.pt\/wp-content\/uploads\/2020\/01\/IMG_7570_co\u0301piabaixa-683x1024.jpg 683w, https:\/\/www.quintaoficina.pt\/wp-content\/uploads\/2020\/01\/IMG_7570_co\u0301piabaixa-200x300.jpg 200w, https:\/\/www.quintaoficina.pt\/wp-content\/uploads\/2020\/01\/IMG_7570_co\u0301piabaixa-768x1152.jpg 768w, https:\/\/www.quintaoficina.pt\/wp-content\/uploads\/2020\/01\/IMG_7570_co\u0301piabaixa-1024x1536.jpg 1024w, https:\/\/www.quintaoficina.pt\/wp-content\/uploads\/2020\/01\/IMG_7570_co\u0301piabaixa-1365x2048.jpg 1365w, https:\/\/www.quintaoficina.pt\/wp-content\/uploads\/2020\/01\/IMG_7570_co\u0301piabaixa-scaled.jpg 1707w\" sizes=\"auto, (max-width: 683px) 100vw, 683px\" \/><\/figure><\/li><li class=\"blocks-gallery-item\"><figure><img loading=\"lazy\" decoding=\"async\" width=\"1024\" height=\"683\" src=\"https:\/\/www.quintaoficina.pt\/wp-content\/uploads\/2020\/01\/IMG_7369baixa-1024x683.jpg\" alt=\"\" data-id=\"1122\" data-full-url=\"https:\/\/www.quintaoficina.pt\/wp-content\/uploads\/2020\/01\/IMG_7369baixa-scaled.jpg\" data-link=\"https:\/\/www.quintaoficina.pt\/index.php\/orpheus-viu-se-grego\/img_7369baixa\/\" class=\"wp-image-1122\" srcset=\"https:\/\/www.quintaoficina.pt\/wp-content\/uploads\/2020\/01\/IMG_7369baixa-1024x683.jpg 1024w, https:\/\/www.quintaoficina.pt\/wp-content\/uploads\/2020\/01\/IMG_7369baixa-300x200.jpg 300w, https:\/\/www.quintaoficina.pt\/wp-content\/uploads\/2020\/01\/IMG_7369baixa-768x512.jpg 768w, https:\/\/www.quintaoficina.pt\/wp-content\/uploads\/2020\/01\/IMG_7369baixa-1536x1024.jpg 1536w, https:\/\/www.quintaoficina.pt\/wp-content\/uploads\/2020\/01\/IMG_7369baixa-2048x1365.jpg 2048w\" sizes=\"auto, (max-width: 767px) 89vw, (max-width: 1000px) 54vw, (max-width: 1071px) 543px, 580px\" \/><\/figure><\/li><li class=\"blocks-gallery-item\"><figure><img loading=\"lazy\" decoding=\"async\" width=\"1024\" height=\"683\" src=\"https:\/\/www.quintaoficina.pt\/wp-content\/uploads\/2020\/01\/IMG_7316baixa-1024x683.jpg\" alt=\"\" data-id=\"1121\" data-full-url=\"https:\/\/www.quintaoficina.pt\/wp-content\/uploads\/2020\/01\/IMG_7316baixa-scaled.jpg\" data-link=\"https:\/\/www.quintaoficina.pt\/index.php\/orpheus-viu-se-grego\/img_7316baixa\/\" class=\"wp-image-1121\" srcset=\"https:\/\/www.quintaoficina.pt\/wp-content\/uploads\/2020\/01\/IMG_7316baixa-1024x683.jpg 1024w, https:\/\/www.quintaoficina.pt\/wp-content\/uploads\/2020\/01\/IMG_7316baixa-300x200.jpg 300w, https:\/\/www.quintaoficina.pt\/wp-content\/uploads\/2020\/01\/IMG_7316baixa-768x512.jpg 768w, https:\/\/www.quintaoficina.pt\/wp-content\/uploads\/2020\/01\/IMG_7316baixa-1536x1024.jpg 1536w, https:\/\/www.quintaoficina.pt\/wp-content\/uploads\/2020\/01\/IMG_7316baixa-2048x1365.jpg 2048w\" sizes=\"auto, (max-width: 767px) 89vw, (max-width: 1000px) 54vw, (max-width: 1071px) 543px, 580px\" \/><\/figure><\/li><li class=\"blocks-gallery-item\"><figure><img loading=\"lazy\" decoding=\"async\" width=\"683\" height=\"1024\" src=\"https:\/\/www.quintaoficina.pt\/wp-content\/uploads\/2020\/01\/IMG_7175baixa-683x1024.jpg\" alt=\"\" data-id=\"1120\" data-full-url=\"https:\/\/www.quintaoficina.pt\/wp-content\/uploads\/2020\/01\/IMG_7175baixa-scaled.jpg\" data-link=\"https:\/\/www.quintaoficina.pt\/index.php\/orpheus-viu-se-grego\/img_7175baixa\/\" class=\"wp-image-1120\" srcset=\"https:\/\/www.quintaoficina.pt\/wp-content\/uploads\/2020\/01\/IMG_7175baixa-683x1024.jpg 683w, https:\/\/www.quintaoficina.pt\/wp-content\/uploads\/2020\/01\/IMG_7175baixa-200x300.jpg 200w, https:\/\/www.quintaoficina.pt\/wp-content\/uploads\/2020\/01\/IMG_7175baixa-768x1152.jpg 768w, https:\/\/www.quintaoficina.pt\/wp-content\/uploads\/2020\/01\/IMG_7175baixa-1024x1536.jpg 1024w, https:\/\/www.quintaoficina.pt\/wp-content\/uploads\/2020\/01\/IMG_7175baixa-1365x2048.jpg 1365w, https:\/\/www.quintaoficina.pt\/wp-content\/uploads\/2020\/01\/IMG_7175baixa-scaled.jpg 1707w\" sizes=\"auto, (max-width: 683px) 100vw, 683px\" \/><figcaption class=\"blocks-gallery-item__caption\">FOTOS DE ANA FLORES<\/figcaption><\/figure><\/li><\/ul><\/figure>\n\n\n\n<p class=\"has-text-align-center\"><strong>Produ\u00e7\u00e3o<\/strong>: d&#8217;Orfeu-AC, \u00c1gueda 2020<\/p>\n\n\n\n<p class=\"has-text-align-center\"><strong>Apoio \u00e0 cria\u00e7\u00e3o\/produ\u00e7\u00e3o<\/strong>: QuintaOficina<\/p>\n\n\n\n<p class=\"has-text-align-center\">COM\u00c9DIA DISPON\u00cdVEL PARA DIGRESS\u00c3O (AR LIVRE)<\/p>\n\n\n\n<p class=\"has-text-align-center\">\u201cOrpheus Viu-se Grego\u201d \u00e9 um espet\u00e1culo de teatro de rua apresentado a partir de uma carrinha que, chegando previamente ao local, se v\u00ea transformada num teatro sobre rodas. Das suas entranhas sair\u00e3o atores, personagens, monstros, cen\u00e1rio, m\u00fasica. O p\u00fablico assiste a um fant\u00e1stico e reinventado epis\u00f3dio da mitologia grega: o nascimento de Orpheus, o deus da m\u00fasica e da poesia, filho de Cal\u00edope e Apolo. Esta divertida performance de rua mostra-nos como a arte cria la\u00e7os, mesmo entre os seres mais estranhos das fantasias hist\u00f3ricas da Gr\u00e9cia antiga.<\/p>\n\n\n\n<div class=\"wp-block-file\"><a href=\"https:\/\/www.quintaoficina.pt\/wp-content\/uploads\/2020\/02\/brochura_orpheus_final.pdf\">Brochura_Orpheus PDF<\/a><a href=\"https:\/\/www.quintaoficina.pt\/wp-content\/uploads\/2020\/02\/brochura_orpheus_final.pdf\" class=\"wp-block-file__button\" download>Descarregar<\/a><\/div>\n\n\n\n<h4 class=\"wp-block-heading\">Ficha t\u00e9cnica:<\/h4>\n\n\n\n<p>35\u2019 | M\/4<\/p>\n\n\n\n<p><strong>Interpreta\u00e7\u00e3o:&nbsp;<\/strong>Corina Ollett e Z\u00e9 Pedro Ramos<br><strong>Pesquisa Musical:&nbsp;<\/strong>Laura Rui<br><strong>Sonoplastia:&nbsp;<\/strong>Gon\u00e7alo Abade<br><strong>Figurinos, Adere\u00e7os e Espa\u00e7o C\u00e9nico:<\/strong>&nbsp;Corina Ollett<br><strong>Conce\u00e7\u00e3o e Dire\u00e7\u00e3o:<\/strong>&nbsp;Z\u00e9 Pedro Ramos<br><strong>Apoio \u00e0 cria\u00e7\u00e3o\/produ\u00e7\u00e3o:&nbsp;<\/strong>Associa\u00e7\u00e3o Quinta Oficina<br><br><em>Booking: dorfeu@dorfeu.pt<\/em><\/p>\n\n\n\n<p class=\"has-text-align-center\">Mais infos em:<\/p>\n\n\n\n<p class=\"has-text-align-center\"><a href=\"https:\/\/www.dorfeu.pt\/criacao\/orpheus\/\">https:\/\/www.dorfeu.pt\/criacao\/orpheus\/<\/a><\/p>\n","protected":false},"excerpt":{"rendered":"<p>&#8220;ORPHEUS VIU-SE GREGO &#8211; Uma epopeia sobre rodas&#8221; Produ\u00e7\u00e3o: d&#8217;Orfeu-AC, \u00c1gueda 2020 Apoio \u00e0 cria\u00e7\u00e3o\/produ\u00e7\u00e3o: QuintaOficina COM\u00c9DIA DISPON\u00cdVEL PARA DIGRESS\u00c3O (AR LIVRE) \u201cOrpheus Viu-se Grego\u201d \u00e9 um espet\u00e1culo de teatro de rua apresentado a partir de uma carrinha que, chegando previamente ao local, se v\u00ea transformada num teatro sobre rodas. Das suas entranhas sair\u00e3o atores, &hellip; <\/p>\n<p class=\"link-more\"><a href=\"https:\/\/www.quintaoficina.pt\/index.php\/orpheus-viu-se-grego\/\" class=\"more-link\">Continuar a ler <span class=\"screen-reader-text\">&#8220;ORPHEUS VIU-SE GREGO&#8221;<\/span><\/a><\/p>\n","protected":false},"author":1,"featured_media":0,"parent":0,"menu_order":0,"comment_status":"closed","ping_status":"closed","template":"template-full-width.php","meta":{"footnotes":""},"class_list":["post-1116","page","type-page","status-publish","hentry"],"_links":{"self":[{"href":"https:\/\/www.quintaoficina.pt\/index.php\/wp-json\/wp\/v2\/pages\/1116","targetHints":{"allow":["GET"]}}],"collection":[{"href":"https:\/\/www.quintaoficina.pt\/index.php\/wp-json\/wp\/v2\/pages"}],"about":[{"href":"https:\/\/www.quintaoficina.pt\/index.php\/wp-json\/wp\/v2\/types\/page"}],"author":[{"embeddable":true,"href":"https:\/\/www.quintaoficina.pt\/index.php\/wp-json\/wp\/v2\/users\/1"}],"replies":[{"embeddable":true,"href":"https:\/\/www.quintaoficina.pt\/index.php\/wp-json\/wp\/v2\/comments?post=1116"}],"version-history":[{"count":12,"href":"https:\/\/www.quintaoficina.pt\/index.php\/wp-json\/wp\/v2\/pages\/1116\/revisions"}],"predecessor-version":[{"id":1237,"href":"https:\/\/www.quintaoficina.pt\/index.php\/wp-json\/wp\/v2\/pages\/1116\/revisions\/1237"}],"wp:attachment":[{"href":"https:\/\/www.quintaoficina.pt\/index.php\/wp-json\/wp\/v2\/media?parent=1116"}],"curies":[{"name":"wp","href":"https:\/\/api.w.org\/{rel}","templated":true}]}}