{"id":1363,"date":"2020-07-31T13:08:33","date_gmt":"2020-07-31T13:08:33","guid":{"rendered":"http:\/\/www.quintaoficina.pt\/?page_id=1363"},"modified":"2024-05-27T15:09:02","modified_gmt":"2024-05-27T14:09:02","slug":"disponiveis","status":"publish","type":"page","link":"https:\/\/www.quintaoficina.pt\/index.php\/disponiveis\/","title":{"rendered":"Dispon\u00edveis"},"content":{"rendered":"\n<p><br><br><\/p>\n\n\n\n<p><strong>WORKSHOPS<\/strong> DISPON\u00cdVEIS:<br><br>> Express\u00e3o Dram\u00e1tica a Corporal;<br>> Clown;<br>> Artes Circenses;<br>> Com\u00e9dia de Improviso;<br>> Escrita Criativa;<br>> Express\u00e3o Musical;<br>> Cenografia, Figurinos e Adere\u00e7os;<br>> Comunica\u00e7\u00e3o Gr\u00e1fica.<br><br><br><\/p>\n\n\n\n<p class=\"has-text-align-left\"><strong>CRIATIVIDADE E NARRATIVAS<\/strong>:<\/p>\n\n\n\n<figure class=\"wp-block-gallery has-nested-images columns-default is-cropped aligncenter wp-block-gallery-1 is-layout-flex wp-block-gallery-is-layout-flex\">\n<figure class=\"wp-block-image size-large\"><img loading=\"lazy\" decoding=\"async\" width=\"483\" height=\"1024\" data-id=\"525\" src=\"https:\/\/www.quintaoficina.pt\/wp-content\/uploads\/2019\/10\/flyerCRIATIVNARRATIVAS-01-483x1024.jpg\" alt=\"\" class=\"wp-image-525\" srcset=\"https:\/\/www.quintaoficina.pt\/wp-content\/uploads\/2019\/10\/flyerCRIATIVNARRATIVAS-01-483x1024.jpg 483w, https:\/\/www.quintaoficina.pt\/wp-content\/uploads\/2019\/10\/flyerCRIATIVNARRATIVAS-01-141x300.jpg 141w, https:\/\/www.quintaoficina.pt\/wp-content\/uploads\/2019\/10\/flyerCRIATIVNARRATIVAS-01-768x1629.jpg 768w, https:\/\/www.quintaoficina.pt\/wp-content\/uploads\/2019\/10\/flyerCRIATIVNARRATIVAS-01.jpg 1169w\" sizes=\"auto, (max-width: 483px) 100vw, 483px\" \/><\/figure>\n\n\n\n<figure class=\"wp-block-image size-large\"><img loading=\"lazy\" decoding=\"async\" width=\"483\" height=\"1024\" data-id=\"526\" src=\"https:\/\/www.quintaoficina.pt\/wp-content\/uploads\/2019\/10\/flyerCRIATIVNARRATIVAS-02-483x1024.jpg\" alt=\"\" class=\"wp-image-526\" srcset=\"https:\/\/www.quintaoficina.pt\/wp-content\/uploads\/2019\/10\/flyerCRIATIVNARRATIVAS-02-483x1024.jpg 483w, https:\/\/www.quintaoficina.pt\/wp-content\/uploads\/2019\/10\/flyerCRIATIVNARRATIVAS-02-141x300.jpg 141w, https:\/\/www.quintaoficina.pt\/wp-content\/uploads\/2019\/10\/flyerCRIATIVNARRATIVAS-02-768x1629.jpg 768w, https:\/\/www.quintaoficina.pt\/wp-content\/uploads\/2019\/10\/flyerCRIATIVNARRATIVAS-02.jpg 1169w\" sizes=\"auto, (max-width: 483px) 100vw, 483px\" \/><\/figure>\n<\/figure>\n\n\n\n<p class=\"has-text-align-left\"><br><br><br><strong>TEAM BUILDING E COACHING PARA EMPRESAS<\/strong>:<\/p>\n\n\n\n<figure class=\"wp-block-gallery has-nested-images columns-default is-cropped wp-block-gallery-2 is-layout-flex wp-block-gallery-is-layout-flex\">\n<figure class=\"wp-block-image size-large\"><img loading=\"lazy\" decoding=\"async\" width=\"483\" height=\"1024\" data-id=\"1037\" src=\"https:\/\/www.quintaoficina.pt\/wp-content\/uploads\/2019\/11\/flyerSorrisoaCrurva-01-483x1024.jpg\" alt=\"\" class=\"wp-image-1037\" srcset=\"https:\/\/www.quintaoficina.pt\/wp-content\/uploads\/2019\/11\/flyerSorrisoaCrurva-01-483x1024.jpg 483w, https:\/\/www.quintaoficina.pt\/wp-content\/uploads\/2019\/11\/flyerSorrisoaCrurva-01-142x300.jpg 142w, https:\/\/www.quintaoficina.pt\/wp-content\/uploads\/2019\/11\/flyerSorrisoaCrurva-01.jpg 585w\" sizes=\"auto, (max-width: 483px) 100vw, 483px\" \/><\/figure>\n\n\n\n<figure class=\"wp-block-image size-large\"><img loading=\"lazy\" decoding=\"async\" width=\"483\" height=\"1024\" data-id=\"1038\" src=\"https:\/\/www.quintaoficina.pt\/wp-content\/uploads\/2019\/11\/flyerSorrisoaCrurva-02-483x1024.jpg\" alt=\"\" class=\"wp-image-1038\" srcset=\"https:\/\/www.quintaoficina.pt\/wp-content\/uploads\/2019\/11\/flyerSorrisoaCrurva-02-483x1024.jpg 483w, https:\/\/www.quintaoficina.pt\/wp-content\/uploads\/2019\/11\/flyerSorrisoaCrurva-02-142x300.jpg 142w, https:\/\/www.quintaoficina.pt\/wp-content\/uploads\/2019\/11\/flyerSorrisoaCrurva-02.jpg 585w\" sizes=\"auto, (max-width: 483px) 100vw, 483px\" \/><\/figure>\n<\/figure>\n\n\n\n<p class=\"has-text-align-left\"><br><br><br><strong>EXPRESS\u00c3O DRAM\u00c1TICA E TEATRO<\/strong>:<\/p>\n\n\n\n<figure class=\"wp-block-embed is-type-video is-provider-youtube wp-block-embed-youtube wp-embed-aspect-16-9 wp-has-aspect-ratio\"><div class=\"wp-block-embed__wrapper\">\n<iframe loading=\"lazy\" title=\"Oficina de Express\u00e3o Dram\u00e1tica e Artes Circenses\" width=\"525\" height=\"295\" src=\"https:\/\/www.youtube.com\/embed\/UIHb5Cy6Yxo?start=1&#038;feature=oembed\" frameborder=\"0\" allow=\"accelerometer; autoplay; clipboard-write; encrypted-media; gyroscope; picture-in-picture; web-share\" referrerpolicy=\"strict-origin-when-cross-origin\" allowfullscreen><\/iframe>\n<\/div><figcaption class=\"wp-element-caption\">Esta forma\u00e7\u00e3o, orientada pela 5\u00aaOficina, foi promovida pela ADRIMAG na programa\u00e7\u00e3o do evento Lendas Mil, financiado pelo Norte2020, Patrim\u00f3nio Cultural \u2013 Programa\u00e7\u00e3o Cultural em Rede.<\/figcaption><\/figure>\n\n\n\n<p><br><br><\/p>\n\n\n\n<figure class=\"wp-block-gallery has-nested-images columns-default is-cropped wp-block-gallery-3 is-layout-flex wp-block-gallery-is-layout-flex\">\n<figure class=\"wp-block-image size-large\"><img loading=\"lazy\" decoding=\"async\" width=\"483\" height=\"1024\" data-id=\"529\" src=\"https:\/\/www.quintaoficina.pt\/wp-content\/uploads\/2019\/10\/flyerVERAOTEATRO-01-483x1024.jpg\" alt=\"\" class=\"wp-image-529\" srcset=\"https:\/\/www.quintaoficina.pt\/wp-content\/uploads\/2019\/10\/flyerVERAOTEATRO-01-483x1024.jpg 483w, https:\/\/www.quintaoficina.pt\/wp-content\/uploads\/2019\/10\/flyerVERAOTEATRO-01-141x300.jpg 141w, https:\/\/www.quintaoficina.pt\/wp-content\/uploads\/2019\/10\/flyerVERAOTEATRO-01-768x1629.jpg 768w, https:\/\/www.quintaoficina.pt\/wp-content\/uploads\/2019\/10\/flyerVERAOTEATRO-01.jpg 1169w\" sizes=\"auto, (max-width: 483px) 100vw, 483px\" \/><\/figure>\n\n\n\n<figure class=\"wp-block-image size-large\"><img loading=\"lazy\" decoding=\"async\" width=\"483\" height=\"1024\" data-id=\"530\" src=\"https:\/\/www.quintaoficina.pt\/wp-content\/uploads\/2019\/10\/flyerVERAOTEATRO-02-483x1024.jpg\" alt=\"\" class=\"wp-image-530\" srcset=\"https:\/\/www.quintaoficina.pt\/wp-content\/uploads\/2019\/10\/flyerVERAOTEATRO-02-483x1024.jpg 483w, https:\/\/www.quintaoficina.pt\/wp-content\/uploads\/2019\/10\/flyerVERAOTEATRO-02-141x300.jpg 141w, https:\/\/www.quintaoficina.pt\/wp-content\/uploads\/2019\/10\/flyerVERAOTEATRO-02-768x1629.jpg 768w, https:\/\/www.quintaoficina.pt\/wp-content\/uploads\/2019\/10\/flyerVERAOTEATRO-02.jpg 1169w\" sizes=\"auto, (max-width: 483px) 100vw, 483px\" \/><\/figure>\n<\/figure>\n\n\n\n<p class=\"has-text-align-center\"><br><strong>CONVERSAS \u00c0 SOMBRA<\/strong>:<\/p>\n\n\n<div class=\"wp-block-image\">\n<figure class=\"aligncenter size-large\"><img loading=\"lazy\" decoding=\"async\" width=\"1024\" height=\"1024\" src=\"https:\/\/www.quintaoficina.pt\/wp-content\/uploads\/2021\/05\/Logo-CONVERSAS5aO-08-1-1024x1024.jpg\" alt=\"\" class=\"wp-image-1743\" srcset=\"https:\/\/www.quintaoficina.pt\/wp-content\/uploads\/2021\/05\/Logo-CONVERSAS5aO-08-1-1024x1024.jpg 1024w, https:\/\/www.quintaoficina.pt\/wp-content\/uploads\/2021\/05\/Logo-CONVERSAS5aO-08-1-300x300.jpg 300w, https:\/\/www.quintaoficina.pt\/wp-content\/uploads\/2021\/05\/Logo-CONVERSAS5aO-08-1-150x150.jpg 150w, https:\/\/www.quintaoficina.pt\/wp-content\/uploads\/2021\/05\/Logo-CONVERSAS5aO-08-1-768x768.jpg 768w, https:\/\/www.quintaoficina.pt\/wp-content\/uploads\/2021\/05\/Logo-CONVERSAS5aO-08-1-1536x1536.jpg 1536w, https:\/\/www.quintaoficina.pt\/wp-content\/uploads\/2021\/05\/Logo-CONVERSAS5aO-08-1-2048x2048.jpg 2048w, https:\/\/www.quintaoficina.pt\/wp-content\/uploads\/2021\/05\/Logo-CONVERSAS5aO-08-1-100x100.jpg 100w\" sizes=\"auto, (max-width: 767px) 89vw, (max-width: 1000px) 54vw, (max-width: 1071px) 543px, 580px\" \/><\/figure>\n<\/div>\n\n\n<p>Esta forma\u00e7\u00e3o, completamente informal, tem como objectivo principal facilitar, aos participantes destas <strong><em>tert\u00falias<\/em><\/strong>, a troca de experi\u00eancias e de diferentes perspectivas perante as tem\u00e1ticas mais pertinentes da actualidade.<\/p>\n\n\n\n<p><\/p>\n\n\n\n<figure class=\"wp-block-gallery has-nested-images columns-default wp-block-gallery-4 is-layout-flex wp-block-gallery-is-layout-flex\">\n<figure class=\"wp-block-image size-large\"><img loading=\"lazy\" decoding=\"async\" width=\"1024\" height=\"769\" data-id=\"2135\" src=\"https:\/\/www.quintaoficina.pt\/wp-content\/uploads\/2021\/11\/195384532_300286855099499_3210237425416419713_n-1024x769.jpg\" alt=\"\" class=\"wp-image-2135\" srcset=\"https:\/\/www.quintaoficina.pt\/wp-content\/uploads\/2021\/11\/195384532_300286855099499_3210237425416419713_n-1024x769.jpg 1024w, https:\/\/www.quintaoficina.pt\/wp-content\/uploads\/2021\/11\/195384532_300286855099499_3210237425416419713_n-300x225.jpg 300w, https:\/\/www.quintaoficina.pt\/wp-content\/uploads\/2021\/11\/195384532_300286855099499_3210237425416419713_n-768x576.jpg 768w, https:\/\/www.quintaoficina.pt\/wp-content\/uploads\/2021\/11\/195384532_300286855099499_3210237425416419713_n.jpg 1275w\" sizes=\"auto, (max-width: 767px) 89vw, (max-width: 1000px) 54vw, (max-width: 1071px) 543px, 580px\" \/><\/figure>\n\n\n\n<figure class=\"wp-block-image size-large\"><img loading=\"lazy\" decoding=\"async\" width=\"1024\" height=\"769\" data-id=\"2136\" src=\"https:\/\/www.quintaoficina.pt\/wp-content\/uploads\/2021\/11\/194546514_536553531062726_7296513721363330711_n-1024x769.jpg\" alt=\"\" class=\"wp-image-2136\" srcset=\"https:\/\/www.quintaoficina.pt\/wp-content\/uploads\/2021\/11\/194546514_536553531062726_7296513721363330711_n-1024x769.jpg 1024w, https:\/\/www.quintaoficina.pt\/wp-content\/uploads\/2021\/11\/194546514_536553531062726_7296513721363330711_n-300x225.jpg 300w, https:\/\/www.quintaoficina.pt\/wp-content\/uploads\/2021\/11\/194546514_536553531062726_7296513721363330711_n-768x576.jpg 768w, https:\/\/www.quintaoficina.pt\/wp-content\/uploads\/2021\/11\/194546514_536553531062726_7296513721363330711_n.jpg 1275w\" sizes=\"auto, (max-width: 767px) 89vw, (max-width: 1000px) 54vw, (max-width: 1071px) 543px, 580px\" \/><\/figure>\n\n\n\n<figure class=\"wp-block-image size-large\"><img loading=\"lazy\" decoding=\"async\" width=\"1024\" height=\"769\" data-id=\"2137\" src=\"https:\/\/www.quintaoficina.pt\/wp-content\/uploads\/2021\/11\/193459655_337838081098516_5664572265229681461_n-1024x769.jpg\" alt=\"\" class=\"wp-image-2137\" srcset=\"https:\/\/www.quintaoficina.pt\/wp-content\/uploads\/2021\/11\/193459655_337838081098516_5664572265229681461_n-1024x769.jpg 1024w, https:\/\/www.quintaoficina.pt\/wp-content\/uploads\/2021\/11\/193459655_337838081098516_5664572265229681461_n-300x225.jpg 300w, https:\/\/www.quintaoficina.pt\/wp-content\/uploads\/2021\/11\/193459655_337838081098516_5664572265229681461_n-768x576.jpg 768w, https:\/\/www.quintaoficina.pt\/wp-content\/uploads\/2021\/11\/193459655_337838081098516_5664572265229681461_n.jpg 1275w\" sizes=\"auto, (max-width: 767px) 89vw, (max-width: 1000px) 54vw, (max-width: 1071px) 543px, 580px\" \/><\/figure>\n<\/figure>\n\n\n\n<p><br><br><strong>WORKSHOP DE SEMENTEIRAS<\/strong>:<\/p>\n\n\n\n<p>Esta forma\u00e7\u00e3o tem como objectivo principal a germina\u00e7\u00e3o das \u201c<em>\u00c1RVORES DE JANEIRO<\/em>\u201d do ano seguinte \u2013 a decorrer na 5\u00aaO e escolas de Viseu, durante a Primavera&#8230;<\/p>\n\n\n\n<figure class=\"wp-block-image size-large\"><img loading=\"lazy\" decoding=\"async\" width=\"1024\" height=\"863\" src=\"https:\/\/www.quintaoficina.pt\/wp-content\/uploads\/2022\/06\/IMG_5406-1024x863.jpg\" alt=\"\" class=\"wp-image-2462\" srcset=\"https:\/\/www.quintaoficina.pt\/wp-content\/uploads\/2022\/06\/IMG_5406-1024x863.jpg 1024w, https:\/\/www.quintaoficina.pt\/wp-content\/uploads\/2022\/06\/IMG_5406-300x253.jpg 300w, https:\/\/www.quintaoficina.pt\/wp-content\/uploads\/2022\/06\/IMG_5406-768x647.jpg 768w, https:\/\/www.quintaoficina.pt\/wp-content\/uploads\/2022\/06\/IMG_5406-1536x1294.jpg 1536w, https:\/\/www.quintaoficina.pt\/wp-content\/uploads\/2022\/06\/IMG_5406-2048x1726.jpg 2048w\" sizes=\"auto, (max-width: 767px) 89vw, (max-width: 1000px) 54vw, (max-width: 1071px) 543px, 580px\" \/><\/figure>\n\n\n\n<p>+<strong>infos<\/strong> contactar pelo email: <em>aquintaoficina@gmail.com<\/em><\/p>\n","protected":false},"excerpt":{"rendered":"<p>WORKSHOPS DISPON\u00cdVEIS: > Express\u00e3o Dram\u00e1tica a Corporal;> Clown;> Artes Circenses;> Com\u00e9dia de Improviso;> Escrita Criativa;> Express\u00e3o Musical;> Cenografia, Figurinos e Adere\u00e7os;> Comunica\u00e7\u00e3o Gr\u00e1fica. CRIATIVIDADE E NARRATIVAS: TEAM BUILDING E COACHING PARA EMPRESAS: EXPRESS\u00c3O DRAM\u00c1TICA E TEATRO: CONVERSAS \u00c0 SOMBRA: Esta forma\u00e7\u00e3o, completamente informal, tem como objectivo principal facilitar, aos participantes destas tert\u00falias, a troca de &hellip; <\/p>\n<p class=\"link-more\"><a href=\"https:\/\/www.quintaoficina.pt\/index.php\/disponiveis\/\" class=\"more-link\">Continuar a ler <span class=\"screen-reader-text\">&#8220;Dispon\u00edveis&#8221;<\/span><\/a><\/p>\n","protected":false},"author":1,"featured_media":0,"parent":0,"menu_order":0,"comment_status":"closed","ping_status":"closed","template":"template-full-width.php","meta":{"footnotes":""},"class_list":["post-1363","page","type-page","status-publish","hentry"],"_links":{"self":[{"href":"https:\/\/www.quintaoficina.pt\/index.php\/wp-json\/wp\/v2\/pages\/1363","targetHints":{"allow":["GET"]}}],"collection":[{"href":"https:\/\/www.quintaoficina.pt\/index.php\/wp-json\/wp\/v2\/pages"}],"about":[{"href":"https:\/\/www.quintaoficina.pt\/index.php\/wp-json\/wp\/v2\/types\/page"}],"author":[{"embeddable":true,"href":"https:\/\/www.quintaoficina.pt\/index.php\/wp-json\/wp\/v2\/users\/1"}],"replies":[{"embeddable":true,"href":"https:\/\/www.quintaoficina.pt\/index.php\/wp-json\/wp\/v2\/comments?post=1363"}],"version-history":[{"count":107,"href":"https:\/\/www.quintaoficina.pt\/index.php\/wp-json\/wp\/v2\/pages\/1363\/revisions"}],"predecessor-version":[{"id":4300,"href":"https:\/\/www.quintaoficina.pt\/index.php\/wp-json\/wp\/v2\/pages\/1363\/revisions\/4300"}],"wp:attachment":[{"href":"https:\/\/www.quintaoficina.pt\/index.php\/wp-json\/wp\/v2\/media?parent=1363"}],"curies":[{"name":"wp","href":"https:\/\/api.w.org\/{rel}","templated":true}]}}