{"id":1365,"date":"2020-07-31T13:08:58","date_gmt":"2020-07-31T13:08:58","guid":{"rendered":"http:\/\/www.quintaoficina.pt\/?page_id=1365"},"modified":"2021-01-26T21:22:57","modified_gmt":"2021-01-26T21:22:57","slug":"2019-2","status":"publish","type":"page","link":"https:\/\/www.quintaoficina.pt\/index.php\/2019-2\/","title":{"rendered":"2019"},"content":{"rendered":"\n<p>[ Fundada a 18 de Abril de 2019 ]<\/p>\n\n\n\n<h2 class=\"wp-block-heading\">&#8220;CRIATIVIDADE E NARRATIVAS&#8221; [ Forma\u00e7\u00e3o ]<\/h2>\n\n\n\n<p><strong>IV PIC-TIC &#8211; Programa\u00e7\u00e3o, Inova\u00e7\u00e3o e Criatividade 2019:<\/strong><\/p>\n\n\n\n<p>18 de Maio &#8211; (Universidade de Aveiro) AE Infante D. Henrique, Viseu &#8211; 20 Pax<\/p>\n\n\n\n<h2 class=\"wp-block-heading\">&#8220;CONTENT\u00cdSSIMO&#8221; [ Espect\u00e1culo ]<\/h2>\n\n\n\n<p><strong>Festival Educarte Viseu 2019<\/strong>:<\/p>\n\n\n\n<p>11 Junho &#8211; J.I. S\u00e3o Salvador &#8211; 25 Pax<\/p>\n\n\n\n<p>11 Junho &#8211; AVISPT 21 &#8211; 27 Pax<\/p>\n\n\n\n<p>12 Junho &#8211; JI Vildemoinhos &#8211; 56 Pax<\/p>\n\n\n\n<p>12 Junho &#8211; JI Casal de Mund\u00e3o e JI de Sanguinhedo &#8211; 28 Pax<\/p>\n\n\n\n<p>13 de Junho&nbsp; &#8211; Escola Arnaldo Malho &#8211; 60 Pax<\/p>\n\n\n\n<p>13 de Junho&nbsp; &#8211; JI Vildemoinhos &#8211; 44 Pax<\/p>\n\n\n\n<p>14 de Junho&nbsp; &#8211; Infantinhos Qta Bosque &#8211; 29 Pax<\/p>\n\n\n\n<p>14 de Junho &#8211; Escola Arnaldo Malho &#8211; 60 Pax <\/p>\n\n\n\n<p>16 de Junho&nbsp; &#8211; P\u00fablico Geral &#8211; 75 Pax<\/p>\n\n\n\n<p><strong>Penalva do Castelo<\/strong>:<\/p>\n\n\n\n<p>9 de Julho &#8211; C\u00e2mara Municipal &#8211; 160 Pax<\/p>\n\n\n\n<p><strong>Centro de Artes Contempor\u00e2nea de Viseu:<\/strong><\/p>\n\n\n\n<p>22 de Setembro &#8211; P\u00fablico Geral &#8211; 42 Pax<\/p>\n\n\n\n<p class=\"has-text-align-left\"><strong>Festival Outono Quente &#8211; Viseu<\/strong>:<\/p>\n\n\n\n<p>8 de Outubro &#8211; Sess\u00e3o para Escolas &#8211; 127 Pax<\/p>\n\n\n\n<p>8 de Outubro &#8211; Sess\u00e3o para Escolas &#8211; 103 Pax<\/p>\n\n\n\n<p><strong>Funda\u00e7\u00e3o Joaquim dos Santos &#8211; Viseu<\/strong>:<\/p>\n\n\n\n<p>12 de Novembro de &#8211; Pr\u00e9-Escolar &#8211; 69 Pax<\/p>\n\n\n\n<p><strong>Viseu Natal:<\/strong><\/p>\n\n\n\n<p>28 de Dezembro &#8211; Mercado 2 de Maio &#8211; 160 Pax<\/p>\n\n\n\n<h2 class=\"wp-block-heading\">&#8220;VER\u00c3O TEATRO&#8221; [ Forma\u00e7\u00e3o ]<\/h2>\n\n\n\n<p>10 de Julho &#8211; Col\u00e9gio da Via-Sacra &#8211; 40 Pax<\/p>\n\n\n\n<p>11 de Julho &#8211; Col\u00e9gio da Via Sacra &#8211; 43 Pax<\/p>\n\n\n\n<h2 class=\"wp-block-heading\">&#8220;SORRISO, A CURVA SEM ACIDENTES&#8221; [ Forma\u00e7\u00e3o ]<\/h2>\n\n\n\n<p><strong>I Confer\u00eancia RH da Regi\u00e3o Centro:<\/strong><\/p>\n\n\n\n<p>15 de Novembro &#8211; AIRV &#8211; 220 Pax<\/p>\n\n\n\n<p><strong>Goucam, Viseu :<\/strong><\/p>\n\n\n\n<p>14 de Dezembro &#8211; Hotel Principe Perfeito- 210 Pax<\/p>\n\n\n\n<p><strong>AIRV &#8211; Ass. Empresarial da Regi\u00e3o de Viseu:<\/strong><\/p>\n\n\n\n<p>16 de Dezembro &#8211; Hotel Gr\u00e3o Vasco &#8211; 25 Pax<\/p>\n\n\n\n<p><strong>LABESFAL &#8211; Tondela:<\/strong><\/p>\n\n\n\n<p>14 de Fevereiro &#8211; Santiago de Besteiros &#8211; 47 Pax<\/p>\n\n\n\n<h2 class=\"wp-block-heading\">&#8220;O DUENDE DESEMPREGADO&#8221; [ Anima\u00e7\u00e3o ]<\/h2>\n\n\n\n<p><strong>S\u00e1t\u00e3o:<\/strong><\/p>\n\n\n\n<p>13 de Dezembro &#8211; JI de Mioma &#8211; 70 Pax<\/p>\n\n\n\n<p>16 de Dezembro &#8211; Agrup. Escolas do S\u00e1t\u00e3o &#8211; 115 Pax<\/p>\n\n\n\n<p><strong>Castelo de Penalva:<\/strong><\/p>\n\n\n\n<p>15 de Dezembro &#8211; Junta de Freguesia &#8211;  65 Pax<\/p>\n\n\n\n<p><strong>Viseu:<\/strong><\/p>\n\n\n\n<p>17 de Dezembro &#8211; J.I Sta Casa da Miseric\u00f3rdia &#8211; 90 Pax<\/p>\n\n\n\n<p>17 de Dezembro &#8211; Escola Rolando Oliveira &#8211; 300 Pax<\/p>\n\n\n\n<p>21 de Dezembro &#8211; Mercado 2 Maio (manh\u00e3) &#8211; 50 Pax<\/p>\n\n\n\n<p>21 de Dezembro &#8211; Mercado 2 Maio (tarde) &#8211; 60 Pax<\/p>\n\n\n\n<p>23 de Dezembro &#8211;  Lar de S\u00e3o Marinho (Coutos de Viseu) &#8211; 123 Pax<\/p>\n\n\n\n<p><strong>Vila Nova de Paiva:<\/strong><\/p>\n\n\n\n<p>20 de Dezembro &#8211; Audit\u00f3rio Carlos Paredes &#8211; 250 Pax<\/p>\n\n\n\n<p><strong>Pindelo dos Milagres:<\/strong><\/p>\n\n\n\n<p>22 de Dezembro &#8211; Milagre Metaleiro (JF) &#8211; 115 Pax<\/p>\n","protected":false},"excerpt":{"rendered":"<p>[ Fundada a 18 de Abril de 2019 ] &#8220;CRIATIVIDADE E NARRATIVAS&#8221; [ Forma\u00e7\u00e3o ] IV PIC-TIC &#8211; Programa\u00e7\u00e3o, Inova\u00e7\u00e3o e Criatividade 2019: 18 de Maio &#8211; (Universidade de Aveiro) AE Infante D. Henrique, Viseu &#8211; 20 Pax &#8220;CONTENT\u00cdSSIMO&#8221; [ Espect\u00e1culo ] Festival Educarte Viseu 2019: 11 Junho &#8211; J.I. S\u00e3o Salvador &#8211; 25 Pax &hellip; <\/p>\n<p class=\"link-more\"><a href=\"https:\/\/www.quintaoficina.pt\/index.php\/2019-2\/\" class=\"more-link\">Continuar a ler <span class=\"screen-reader-text\">&#8220;2019&#8221;<\/span><\/a><\/p>\n","protected":false},"author":1,"featured_media":0,"parent":0,"menu_order":0,"comment_status":"closed","ping_status":"closed","template":"template-full-width.php","meta":{"footnotes":""},"class_list":["post-1365","page","type-page","status-publish","hentry"],"_links":{"self":[{"href":"https:\/\/www.quintaoficina.pt\/index.php\/wp-json\/wp\/v2\/pages\/1365","targetHints":{"allow":["GET"]}}],"collection":[{"href":"https:\/\/www.quintaoficina.pt\/index.php\/wp-json\/wp\/v2\/pages"}],"about":[{"href":"https:\/\/www.quintaoficina.pt\/index.php\/wp-json\/wp\/v2\/types\/page"}],"author":[{"embeddable":true,"href":"https:\/\/www.quintaoficina.pt\/index.php\/wp-json\/wp\/v2\/users\/1"}],"replies":[{"embeddable":true,"href":"https:\/\/www.quintaoficina.pt\/index.php\/wp-json\/wp\/v2\/comments?post=1365"}],"version-history":[{"count":8,"href":"https:\/\/www.quintaoficina.pt\/index.php\/wp-json\/wp\/v2\/pages\/1365\/revisions"}],"predecessor-version":[{"id":1677,"href":"https:\/\/www.quintaoficina.pt\/index.php\/wp-json\/wp\/v2\/pages\/1365\/revisions\/1677"}],"wp:attachment":[{"href":"https:\/\/www.quintaoficina.pt\/index.php\/wp-json\/wp\/v2\/media?parent=1365"}],"curies":[{"name":"wp","href":"https:\/\/api.w.org\/{rel}","templated":true}]}}