{"id":1397,"date":"2020-08-07T10:38:51","date_gmt":"2020-08-07T10:38:51","guid":{"rendered":"http:\/\/www.quintaoficina.pt\/?page_id=1397"},"modified":"2020-10-20T18:46:12","modified_gmt":"2020-10-20T18:46:12","slug":"criatividade-e-narrativas","status":"publish","type":"page","link":"https:\/\/www.quintaoficina.pt\/index.php\/criatividade-e-narrativas\/","title":{"rendered":"CRIATIVIDADE E NARRATIVAS"},"content":{"rendered":"\n<figure class=\"wp-block-gallery columns-2 is-cropped wp-block-gallery-1 is-layout-flex wp-block-gallery-is-layout-flex\"><ul class=\"blocks-gallery-grid\"><li class=\"blocks-gallery-item\"><figure><img loading=\"lazy\" decoding=\"async\" width=\"483\" height=\"1024\" src=\"https:\/\/www.quintaoficina.pt\/wp-content\/uploads\/2019\/10\/flyerCRIATIVNARRATIVAS-01-483x1024.jpg\" alt=\"\" data-id=\"525\" data-full-url=\"https:\/\/www.quintaoficina.pt\/wp-content\/uploads\/2019\/10\/flyerCRIATIVNARRATIVAS-01.jpg\" data-link=\"https:\/\/www.quintaoficina.pt\/index.php\/atividades\/formacao\/flyercriativnarrativas-01\/\" class=\"wp-image-525\" srcset=\"https:\/\/www.quintaoficina.pt\/wp-content\/uploads\/2019\/10\/flyerCRIATIVNARRATIVAS-01-483x1024.jpg 483w, https:\/\/www.quintaoficina.pt\/wp-content\/uploads\/2019\/10\/flyerCRIATIVNARRATIVAS-01-141x300.jpg 141w, https:\/\/www.quintaoficina.pt\/wp-content\/uploads\/2019\/10\/flyerCRIATIVNARRATIVAS-01-768x1629.jpg 768w, https:\/\/www.quintaoficina.pt\/wp-content\/uploads\/2019\/10\/flyerCRIATIVNARRATIVAS-01.jpg 1169w\" sizes=\"auto, (max-width: 483px) 100vw, 483px\" \/><\/figure><\/li><li class=\"blocks-gallery-item\"><figure><img loading=\"lazy\" decoding=\"async\" width=\"483\" height=\"1024\" src=\"https:\/\/www.quintaoficina.pt\/wp-content\/uploads\/2019\/10\/flyerCRIATIVNARRATIVAS-02-483x1024.jpg\" alt=\"\" data-id=\"526\" data-full-url=\"https:\/\/www.quintaoficina.pt\/wp-content\/uploads\/2019\/10\/flyerCRIATIVNARRATIVAS-02.jpg\" data-link=\"https:\/\/www.quintaoficina.pt\/index.php\/atividades\/formacao\/flyercriativnarrativas-02\/\" class=\"wp-image-526\" srcset=\"https:\/\/www.quintaoficina.pt\/wp-content\/uploads\/2019\/10\/flyerCRIATIVNARRATIVAS-02-483x1024.jpg 483w, https:\/\/www.quintaoficina.pt\/wp-content\/uploads\/2019\/10\/flyerCRIATIVNARRATIVAS-02-141x300.jpg 141w, https:\/\/www.quintaoficina.pt\/wp-content\/uploads\/2019\/10\/flyerCRIATIVNARRATIVAS-02-768x1629.jpg 768w, https:\/\/www.quintaoficina.pt\/wp-content\/uploads\/2019\/10\/flyerCRIATIVNARRATIVAS-02.jpg 1169w\" sizes=\"auto, (max-width: 483px) 100vw, 483px\" \/><\/figure><\/li><\/ul><\/figure>\n\n\n\n<p><strong>IV PIC-TIC \u2013 Programa\u00e7\u00e3o, Inova\u00e7\u00e3o e Criatividade 2019:<\/strong> 18 de Maio 2019 \u2013 AE Infante D. Henrique, Viseu \u2013 20 Pax<\/p>\n\n\n\n<div class=\"wp-block-image\"><figure class=\"aligncenter size-large\"><img loading=\"lazy\" decoding=\"async\" width=\"724\" height=\"1024\" src=\"https:\/\/www.quintaoficina.pt\/wp-content\/uploads\/2020\/10\/cartaz-pic-tic-2019-724x1024.jpg\" alt=\"\" class=\"wp-image-1542\" srcset=\"https:\/\/www.quintaoficina.pt\/wp-content\/uploads\/2020\/10\/cartaz-pic-tic-2019-724x1024.jpg 724w, https:\/\/www.quintaoficina.pt\/wp-content\/uploads\/2020\/10\/cartaz-pic-tic-2019-212x300.jpg 212w, https:\/\/www.quintaoficina.pt\/wp-content\/uploads\/2020\/10\/cartaz-pic-tic-2019-768x1086.jpg 768w, https:\/\/www.quintaoficina.pt\/wp-content\/uploads\/2020\/10\/cartaz-pic-tic-2019-1086x1536.jpg 1086w, https:\/\/www.quintaoficina.pt\/wp-content\/uploads\/2020\/10\/cartaz-pic-tic-2019-1448x2048.jpg 1448w, https:\/\/www.quintaoficina.pt\/wp-content\/uploads\/2020\/10\/cartaz-pic-tic-2019-scaled.jpg 1810w\" sizes=\"auto, (max-width: 724px) 100vw, 724px\" \/><\/figure><\/div>\n","protected":false},"excerpt":{"rendered":"<p>IV PIC-TIC \u2013 Programa\u00e7\u00e3o, Inova\u00e7\u00e3o e Criatividade 2019: 18 de Maio 2019 \u2013 AE Infante D. Henrique, Viseu \u2013 20 Pax<\/p>\n","protected":false},"author":1,"featured_media":0,"parent":0,"menu_order":0,"comment_status":"closed","ping_status":"closed","template":"template-full-width.php","meta":{"footnotes":""},"class_list":["post-1397","page","type-page","status-publish","hentry"],"_links":{"self":[{"href":"https:\/\/www.quintaoficina.pt\/index.php\/wp-json\/wp\/v2\/pages\/1397","targetHints":{"allow":["GET"]}}],"collection":[{"href":"https:\/\/www.quintaoficina.pt\/index.php\/wp-json\/wp\/v2\/pages"}],"about":[{"href":"https:\/\/www.quintaoficina.pt\/index.php\/wp-json\/wp\/v2\/types\/page"}],"author":[{"embeddable":true,"href":"https:\/\/www.quintaoficina.pt\/index.php\/wp-json\/wp\/v2\/users\/1"}],"replies":[{"embeddable":true,"href":"https:\/\/www.quintaoficina.pt\/index.php\/wp-json\/wp\/v2\/comments?post=1397"}],"version-history":[{"count":4,"href":"https:\/\/www.quintaoficina.pt\/index.php\/wp-json\/wp\/v2\/pages\/1397\/revisions"}],"predecessor-version":[{"id":1543,"href":"https:\/\/www.quintaoficina.pt\/index.php\/wp-json\/wp\/v2\/pages\/1397\/revisions\/1543"}],"wp:attachment":[{"href":"https:\/\/www.quintaoficina.pt\/index.php\/wp-json\/wp\/v2\/media?parent=1397"}],"curies":[{"name":"wp","href":"https:\/\/api.w.org\/{rel}","templated":true}]}}