{"id":1565,"date":"2020-11-01T12:54:51","date_gmt":"2020-11-01T12:54:51","guid":{"rendered":"http:\/\/www.quintaoficina.pt\/?page_id=1565"},"modified":"2020-11-05T16:15:36","modified_gmt":"2020-11-05T16:15:36","slug":"concerto-drive-in","status":"publish","type":"page","link":"https:\/\/www.quintaoficina.pt\/index.php\/concerto-drive-in\/","title":{"rendered":"CONCERTO DRIVE-IN"},"content":{"rendered":"\n<h2 class=\"wp-block-heading\"><strong>CONCERTO DE GAITAS E BUZINAS PARA DRIVE-IN<\/strong><\/h2>\n\n\n\n<p>Cria\u00e7\u00e3o e interpreta\u00e7\u00e3o: <strong>Ricardo Augusto<\/strong><\/p>\n\n\n\n<p>Conce\u00e7\u00e3o e implementa\u00e7\u00e3o: <strong>Rui P\u00eava<\/strong><\/p>\n\n\n\n<p>Produ\u00e7\u00e3o: <strong>Associa\u00e7\u00e3o Quinta Oficina<\/strong><\/p>\n\n\n\n<p><\/p>\n\n\n\n<figure class=\"wp-block-video aligncenter\"><video controls src=\"blob:https%3A\/\/www.quintaoficina.pt\/62a22a4b-1d09-42a0-a42d-a1c1f03280aa\"><\/video><\/figure>\n\n\n\n<p>SINOPSE:<\/p>\n\n\n\n<p>A realidade estimulou a criatividade dos nossos m\u00fasicos e eis que surge este &#8220;concerto&#8221;, esta anima\u00e7\u00e3o musical de participa\u00e7\u00e3o e intera\u00e7\u00e3o com o p\u00fablico confinado na sua viatura. Faz-se m\u00fasica, barulho, m\u00fasica e mais algum barulho, mas \u00e9 daquele barulhinho que at\u00e9 da gosto, pois o resultado sinf\u00f3nico \u00e9 comicamente surpreendente e ficar\u00e1 para a hist\u00f3ria automobil\u00edstica!<\/p>\n\n\n\n<div class=\"wp-block-image\"><figure class=\"aligncenter size-large\"><img loading=\"lazy\" decoding=\"async\" width=\"1024\" height=\"683\" src=\"https:\/\/www.quintaoficina.pt\/wp-content\/uploads\/2020\/11\/MG_4475_2-1024x683.jpg\" alt=\"\" class=\"wp-image-1569\" srcset=\"https:\/\/www.quintaoficina.pt\/wp-content\/uploads\/2020\/11\/MG_4475_2-1024x683.jpg 1024w, https:\/\/www.quintaoficina.pt\/wp-content\/uploads\/2020\/11\/MG_4475_2-300x200.jpg 300w, https:\/\/www.quintaoficina.pt\/wp-content\/uploads\/2020\/11\/MG_4475_2-768x512.jpg 768w, https:\/\/www.quintaoficina.pt\/wp-content\/uploads\/2020\/11\/MG_4475_2-1536x1024.jpg 1536w, https:\/\/www.quintaoficina.pt\/wp-content\/uploads\/2020\/11\/MG_4475_2-2048x1365.jpg 2048w\" sizes=\"auto, (max-width: 767px) 89vw, (max-width: 1000px) 54vw, (max-width: 1071px) 543px, 580px\" \/><\/figure><\/div>\n\n\n\n<figure class=\"wp-block-image size-large\"><img loading=\"lazy\" decoding=\"async\" width=\"1024\" height=\"683\" src=\"https:\/\/www.quintaoficina.pt\/wp-content\/uploads\/2020\/11\/IMG_4484_2-1024x683.jpg\" alt=\"\" class=\"wp-image-1570\" srcset=\"https:\/\/www.quintaoficina.pt\/wp-content\/uploads\/2020\/11\/IMG_4484_2-1024x683.jpg 1024w, https:\/\/www.quintaoficina.pt\/wp-content\/uploads\/2020\/11\/IMG_4484_2-300x200.jpg 300w, https:\/\/www.quintaoficina.pt\/wp-content\/uploads\/2020\/11\/IMG_4484_2-768x512.jpg 768w, https:\/\/www.quintaoficina.pt\/wp-content\/uploads\/2020\/11\/IMG_4484_2-1536x1024.jpg 1536w, https:\/\/www.quintaoficina.pt\/wp-content\/uploads\/2020\/11\/IMG_4484_2-2048x1365.jpg 2048w\" sizes=\"auto, (max-width: 767px) 89vw, (max-width: 1000px) 54vw, (max-width: 1071px) 543px, 580px\" \/><\/figure>\n","protected":false},"excerpt":{"rendered":"<p>CONCERTO DE GAITAS E BUZINAS PARA DRIVE-IN Cria\u00e7\u00e3o e interpreta\u00e7\u00e3o: Ricardo Augusto Conce\u00e7\u00e3o e implementa\u00e7\u00e3o: Rui P\u00eava Produ\u00e7\u00e3o: Associa\u00e7\u00e3o Quinta Oficina SINOPSE: A realidade estimulou a criatividade dos nossos m\u00fasicos e eis que surge este &#8220;concerto&#8221;, esta anima\u00e7\u00e3o musical de participa\u00e7\u00e3o e intera\u00e7\u00e3o com o p\u00fablico confinado na sua viatura. Faz-se m\u00fasica, barulho, m\u00fasica e &hellip; <\/p>\n<p class=\"link-more\"><a href=\"https:\/\/www.quintaoficina.pt\/index.php\/concerto-drive-in\/\" class=\"more-link\">Continuar a ler <span class=\"screen-reader-text\">&#8220;CONCERTO DRIVE-IN&#8221;<\/span><\/a><\/p>\n","protected":false},"author":1,"featured_media":0,"parent":0,"menu_order":0,"comment_status":"closed","ping_status":"closed","template":"template-full-width.php","meta":{"footnotes":""},"class_list":["post-1565","page","type-page","status-publish","hentry"],"_links":{"self":[{"href":"https:\/\/www.quintaoficina.pt\/index.php\/wp-json\/wp\/v2\/pages\/1565","targetHints":{"allow":["GET"]}}],"collection":[{"href":"https:\/\/www.quintaoficina.pt\/index.php\/wp-json\/wp\/v2\/pages"}],"about":[{"href":"https:\/\/www.quintaoficina.pt\/index.php\/wp-json\/wp\/v2\/types\/page"}],"author":[{"embeddable":true,"href":"https:\/\/www.quintaoficina.pt\/index.php\/wp-json\/wp\/v2\/users\/1"}],"replies":[{"embeddable":true,"href":"https:\/\/www.quintaoficina.pt\/index.php\/wp-json\/wp\/v2\/comments?post=1565"}],"version-history":[{"count":8,"href":"https:\/\/www.quintaoficina.pt\/index.php\/wp-json\/wp\/v2\/pages\/1565\/revisions"}],"predecessor-version":[{"id":1578,"href":"https:\/\/www.quintaoficina.pt\/index.php\/wp-json\/wp\/v2\/pages\/1565\/revisions\/1578"}],"wp:attachment":[{"href":"https:\/\/www.quintaoficina.pt\/index.php\/wp-json\/wp\/v2\/media?parent=1565"}],"curies":[{"name":"wp","href":"https:\/\/api.w.org\/{rel}","templated":true}]}}