{"id":1773,"date":"2021-06-13T12:18:42","date_gmt":"2021-06-13T12:18:42","guid":{"rendered":"http:\/\/www.quintaoficina.pt\/?page_id=1773"},"modified":"2022-06-13T22:34:59","modified_gmt":"2022-06-13T22:34:59","slug":"lavadouro","status":"publish","type":"page","link":"https:\/\/www.quintaoficina.pt\/index.php\/lavadouro\/","title":{"rendered":"2\u00ba-Lavadouro"},"content":{"rendered":"\n<h2 class=\"wp-block-heading\"><strong>II CONCURSO DE RE-DESIGN DE MOBILI\u00c1RIO URBANO EM MEIO RURAL &#8211; LAVADOURO<\/strong><\/h2>\n\n\n\n<figure class=\"wp-block-image size-large\"><img decoding=\"async\" src=\"https:\/\/www.quintaoficina.pt\/wp-content\/uploads\/2021\/06\/Captura-de-ecr\u00e3-2021-06-14-\u00e0s-14.35.33-1.png\" alt=\"\" class=\"wp-image-1801\"\/><\/figure>\n\n\n\n<figure class=\"wp-block-gallery columns-1 is-cropped wp-block-gallery-1 is-layout-flex wp-block-gallery-is-layout-flex\"><ul class=\"blocks-gallery-grid\"><li class=\"blocks-gallery-item\"><figure><img loading=\"lazy\" decoding=\"async\" width=\"1024\" height=\"730\" src=\"https:\/\/www.quintaoficina.pt\/wp-content\/uploads\/2022\/05\/IMG-5255_baixa-1024x730.jpg\" alt=\"\" data-id=\"2422\" data-full-url=\"https:\/\/www.quintaoficina.pt\/wp-content\/uploads\/2022\/05\/IMG-5255_baixa-scaled.jpg\" data-link=\"https:\/\/www.quintaoficina.pt\/index.php\/lavadouro\/img-5255_baixa\/\" class=\"wp-image-2422\" srcset=\"https:\/\/www.quintaoficina.pt\/wp-content\/uploads\/2022\/05\/IMG-5255_baixa-1024x730.jpg 1024w, https:\/\/www.quintaoficina.pt\/wp-content\/uploads\/2022\/05\/IMG-5255_baixa-300x214.jpg 300w, https:\/\/www.quintaoficina.pt\/wp-content\/uploads\/2022\/05\/IMG-5255_baixa-768x547.jpg 768w, https:\/\/www.quintaoficina.pt\/wp-content\/uploads\/2022\/05\/IMG-5255_baixa-1536x1094.jpg 1536w, https:\/\/www.quintaoficina.pt\/wp-content\/uploads\/2022\/05\/IMG-5255_baixa-2048x1459.jpg 2048w\" sizes=\"auto, (max-width: 767px) 89vw, (max-width: 1000px) 54vw, (max-width: 1071px) 543px, 580px\" \/><\/figure><\/li><li class=\"blocks-gallery-item\"><figure><img loading=\"lazy\" decoding=\"async\" width=\"684\" height=\"1024\" src=\"https:\/\/www.quintaoficina.pt\/wp-content\/uploads\/2022\/03\/20220227-QuintaOficina_Re-design2_0437_baixa-684x1024.jpg\" alt=\"\" data-id=\"2380\" data-full-url=\"https:\/\/www.quintaoficina.pt\/wp-content\/uploads\/2022\/03\/20220227-QuintaOficina_Re-design2_0437_baixa-scaled.jpg\" data-link=\"https:\/\/www.quintaoficina.pt\/index.php\/street-art\/20220227-quintaoficina_re-design2_0437_baixa\/\" class=\"wp-image-2380\" srcset=\"https:\/\/www.quintaoficina.pt\/wp-content\/uploads\/2022\/03\/20220227-QuintaOficina_Re-design2_0437_baixa-684x1024.jpg 684w, https:\/\/www.quintaoficina.pt\/wp-content\/uploads\/2022\/03\/20220227-QuintaOficina_Re-design2_0437_baixa-200x300.jpg 200w, https:\/\/www.quintaoficina.pt\/wp-content\/uploads\/2022\/03\/20220227-QuintaOficina_Re-design2_0437_baixa-768x1151.jpg 768w, https:\/\/www.quintaoficina.pt\/wp-content\/uploads\/2022\/03\/20220227-QuintaOficina_Re-design2_0437_baixa-1025x1536.jpg 1025w, https:\/\/www.quintaoficina.pt\/wp-content\/uploads\/2022\/03\/20220227-QuintaOficina_Re-design2_0437_baixa-1367x2048.jpg 1367w, https:\/\/www.quintaoficina.pt\/wp-content\/uploads\/2022\/03\/20220227-QuintaOficina_Re-design2_0437_baixa-scaled.jpg 1709w\" sizes=\"auto, (max-width: 684px) 100vw, 684px\" \/><\/figure><\/li><li class=\"blocks-gallery-item\"><figure><img loading=\"lazy\" decoding=\"async\" width=\"1024\" height=\"505\" src=\"https:\/\/www.quintaoficina.pt\/wp-content\/uploads\/2022\/03\/Vista-aeria-1024x505.jpg\" alt=\"\" data-id=\"2361\" data-full-url=\"https:\/\/www.quintaoficina.pt\/wp-content\/uploads\/2022\/03\/Vista-aeria-scaled.jpg\" data-link=\"https:\/\/www.quintaoficina.pt\/index.php\/exposicao\/vista-aeria\/\" class=\"wp-image-2361\" srcset=\"https:\/\/www.quintaoficina.pt\/wp-content\/uploads\/2022\/03\/Vista-aeria-1024x505.jpg 1024w, https:\/\/www.quintaoficina.pt\/wp-content\/uploads\/2022\/03\/Vista-aeria-300x148.jpg 300w, https:\/\/www.quintaoficina.pt\/wp-content\/uploads\/2022\/03\/Vista-aeria-768x378.jpg 768w, https:\/\/www.quintaoficina.pt\/wp-content\/uploads\/2022\/03\/Vista-aeria-1536x757.jpg 1536w, https:\/\/www.quintaoficina.pt\/wp-content\/uploads\/2022\/03\/Vista-aeria-2048x1009.jpg 2048w\" sizes=\"auto, (max-width: 767px) 89vw, (max-width: 1000px) 54vw, (max-width: 1071px) 543px, 580px\" \/><\/figure><\/li><\/ul><\/figure>\n\n\n\n<p class=\"has-text-align-left has-black-color has-text-color has-medium-font-size\">Recebemos 16 projetos candidatos, num universo de 20 artistas participantes. Parab\u00e9ns a todos!<br>Aqui ficam os resultados:<\/p>\n\n\n\n<figure class=\"wp-block-table is-style-stripes\"><table><tbody><tr><td><strong>A cor do Lavadouro<\/strong> de <em>Ana Ver\u00f3nica<\/em> &#8211; <strong>1\u00ba<\/strong><\/td><td><strong>42<\/strong><\/td><\/tr><tr><td><strong>A Natureza da Tradi\u00e7\u00e3o<\/strong> de <em>Juliana Ferreira<\/em> &#8211; <strong>2\u00ba<\/strong><\/td><td><strong>34,5<\/strong><\/td><\/tr><tr><td><strong>A Trama formid\u00e1vel<\/strong> de<em> Rita Herm\u00ednio<\/em> &#8211; <strong>3\u00ba<\/strong><\/td><td><strong>34<\/strong><\/td><\/tr><tr><td>Lavadouro de Conv\u00edvio<\/td><td>33,5<\/td><\/tr><tr><td>O Lugar do Lavadouro<\/td><td>31<\/td><\/tr><tr><td>Olhares da Agua<\/td><td>28,5<\/td><\/tr><tr><td>Lavar um passado para um novo futuro<\/td><td>27,5<\/td><\/tr><tr><td>Recuperar \u00e9 viver<\/td><td>27,5<\/td><\/tr><tr><td>Linha do D\u00e3o<\/td><td>27<\/td><\/tr><tr><td>O vento que se faz ver<\/td><td>21,5<\/td><\/tr><tr><td>Encontros \u00e0 sombra<\/td><td>20,5<\/td><\/tr><tr><td>Recicla Lavadouro<\/td><td>20,5<\/td><\/tr><tr><td>Quem me lava o cora\u00e7\u00e3o<\/td><td>16<\/td><\/tr><tr><td>Tubagem<\/td><td>14<\/td><\/tr><tr><td>Lavad\u00b4ouro<\/td><td>10<\/td><\/tr><tr><td>Projecto Juliiiiiii<\/td><td>9<\/td><\/tr><\/tbody><\/table><figcaption>As vota\u00e7\u00f5es foram atribu\u00eddas de 0 a 10 valores, pelos 5 elementos do J\u00fari indicados no Regulamento do Concurso: Liliana Velho, Raquel Balsa, Eva Louren\u00e7o, Jo\u00e3o Ramos e Fernando Almeida. <\/figcaption><\/figure>\n\n\n\n<div class=\"wp-block-image\"><figure class=\"aligncenter size-large\"><img loading=\"lazy\" decoding=\"async\" width=\"1024\" height=\"181\" src=\"https:\/\/www.quintaoficina.pt\/wp-content\/uploads\/2022\/05\/FaixaCandidaturas_8500x1500mm_baixa-1024x181.jpg\" alt=\"\" class=\"wp-image-2423\" srcset=\"https:\/\/www.quintaoficina.pt\/wp-content\/uploads\/2022\/05\/FaixaCandidaturas_8500x1500mm_baixa-1024x181.jpg 1024w, https:\/\/www.quintaoficina.pt\/wp-content\/uploads\/2022\/05\/FaixaCandidaturas_8500x1500mm_baixa-300x53.jpg 300w, https:\/\/www.quintaoficina.pt\/wp-content\/uploads\/2022\/05\/FaixaCandidaturas_8500x1500mm_baixa-768x136.jpg 768w, https:\/\/www.quintaoficina.pt\/wp-content\/uploads\/2022\/05\/FaixaCandidaturas_8500x1500mm_baixa-1536x271.jpg 1536w, https:\/\/www.quintaoficina.pt\/wp-content\/uploads\/2022\/05\/FaixaCandidaturas_8500x1500mm_baixa-2048x361.jpg 2048w\" sizes=\"auto, (max-width: 767px) 89vw, (max-width: 1000px) 54vw, (max-width: 1071px) 543px, 580px\" \/><\/figure><\/div>\n\n\n\n<p>Visitem os trabalhos de remodela\u00e7\u00e3o do Lavadouro, assim como o resultado dos workshops como a comunidade (gratuitos), orientados pelos 3 vencedores.<\/p>\n\n\n\n<div class=\"wp-block-image\"><figure class=\"alignleft size-large\"><img loading=\"lazy\" decoding=\"async\" width=\"1019\" height=\"1024\" src=\"https:\/\/www.quintaoficina.pt\/wp-content\/uploads\/2021\/06\/cartazLAVADOUROimagens-02-1019x1024.jpg\" alt=\"\" class=\"wp-image-1816\" srcset=\"https:\/\/www.quintaoficina.pt\/wp-content\/uploads\/2021\/06\/cartazLAVADOUROimagens-02-1019x1024.jpg 1019w, https:\/\/www.quintaoficina.pt\/wp-content\/uploads\/2021\/06\/cartazLAVADOUROimagens-02-298x300.jpg 298w, https:\/\/www.quintaoficina.pt\/wp-content\/uploads\/2021\/06\/cartazLAVADOUROimagens-02-150x150.jpg 150w, https:\/\/www.quintaoficina.pt\/wp-content\/uploads\/2021\/06\/cartazLAVADOUROimagens-02-768x772.jpg 768w, https:\/\/www.quintaoficina.pt\/wp-content\/uploads\/2021\/06\/cartazLAVADOUROimagens-02-1528x1536.jpg 1528w, https:\/\/www.quintaoficina.pt\/wp-content\/uploads\/2021\/06\/cartazLAVADOUROimagens-02-2038x2048.jpg 2038w, https:\/\/www.quintaoficina.pt\/wp-content\/uploads\/2021\/06\/cartazLAVADOUROimagens-02-100x100.jpg 100w\" sizes=\"auto, (max-width: 767px) 89vw, (max-width: 1000px) 54vw, (max-width: 1071px) 543px, 580px\" \/><\/figure><\/div>\n\n\n\n<p class=\"has-text-align-left\">Este concurso consiste na interven\u00e7\u00e3o art\u00edstica, no Lavadouro existente na Rua da Fonte Velha, no Mosteirinho dos Coutos de Viseu. <\/p>\n\n\n\n<p>GPS: 40.648918, -7.999069<\/p>\n\n\n\n<div class=\"wp-block-group\"><div class=\"wp-block-group__inner-container is-layout-flow wp-block-group-is-layout-flow\">\n<p><strong>Destina-se a: <\/strong><\/p>\n\n\n\n<ul class=\"wp-block-list\"><li>Artistas, amadores ou profissionais, nacionais ou estrangeiros, individualmente ou em grupo com mais de 18 anos. <\/li><li>\u201cGrupos escolares\u201d com idades inferiores a 18 anos, acompanhados por um adulto respons\u00e1vel pela candidatura.<\/li><\/ul>\n\n\n\n<div class=\"wp-block-group\"><div class=\"wp-block-group__inner-container is-layout-flow wp-block-group-is-layout-flow\">\n<p><strong>Pr\u00e9mios:<\/strong><\/p>\n\n\n\n<ul class=\"wp-block-list\" id=\"block-da71e67b-2a0c-48df-8fe7-d44de90dedd6\"><li>O artista autor do projeto vencedor do PRIMEIRO PR\u00c9MIO receber\u00e1 a quantia de 3.000\u20ac; materiais\/ferramentas\/equipamentos no valor de 1.000\u20ac e uma semana de resid\u00eancia art\u00edstica com estadia e alimenta\u00e7\u00e3o.<\/li><li>O projeto vencedor do SEGUNDO PR\u00c9MIO receber\u00e1 1000\u20ac.<\/li><li>O projeto vencedor do TERCEIRO PR\u00c9MIO receber\u00e1 500\u20ac.<\/li><\/ul>\n<\/div><\/div>\n\n\n\n<p>A divulga\u00e7\u00e3o dos resultados ser\u00e1 efetuada no dia 1 de Setembro de 2021, no site www.quintaoficina.pt e no facebook.com\/quintaoficina.<\/p>\n\n\n\n<p><strong><em>Estas informa\u00e7\u00f5es n\u00e3o dispensam a consulta do Regulamento e o envio de candidaturas pressup\u00f5e concord\u00e2ncia com todos os seus artigos.<\/em><\/strong><\/p>\n<\/div><\/div>\n\n\n\n<div class=\"wp-block-file\"><a href=\"https:\/\/www.quintaoficina.pt\/wp-content\/uploads\/2021\/06\/RegulamentoCONCURSOlavadouro-1-1.pdf\">Regulamento do Concurso<\/a><a href=\"https:\/\/www.quintaoficina.pt\/wp-content\/uploads\/2021\/06\/RegulamentoCONCURSOlavadouro-1-1.pdf\" class=\"wp-block-file__button\" download>Descarregar<\/a><\/div>\n\n\n\n<figure class=\"wp-block-image size-large\"><img loading=\"lazy\" decoding=\"async\" width=\"1024\" height=\"172\" src=\"https:\/\/www.quintaoficina.pt\/wp-content\/uploads\/2021\/06\/cartazLAVADOUROimagens-03-1024x172.jpg\" alt=\"\" class=\"wp-image-1817\" srcset=\"https:\/\/www.quintaoficina.pt\/wp-content\/uploads\/2021\/06\/cartazLAVADOUROimagens-03-1024x172.jpg 1024w, https:\/\/www.quintaoficina.pt\/wp-content\/uploads\/2021\/06\/cartazLAVADOUROimagens-03-300x51.jpg 300w, https:\/\/www.quintaoficina.pt\/wp-content\/uploads\/2021\/06\/cartazLAVADOUROimagens-03-768x129.jpg 768w, https:\/\/www.quintaoficina.pt\/wp-content\/uploads\/2021\/06\/cartazLAVADOUROimagens-03-1536x259.jpg 1536w, https:\/\/www.quintaoficina.pt\/wp-content\/uploads\/2021\/06\/cartazLAVADOUROimagens-03-2048x345.jpg 2048w\" sizes=\"auto, (max-width: 767px) 89vw, (max-width: 1000px) 54vw, (max-width: 1071px) 543px, 580px\" \/><\/figure>\n\n\n\n<div class=\"wp-block-group\"><div class=\"wp-block-group__inner-container is-layout-flow wp-block-group-is-layout-flow\">\n<div class=\"wp-block-group\"><div class=\"wp-block-group__inner-container is-layout-flow wp-block-group-is-layout-flow\">\n<p><\/p>\n<\/div><\/div>\n\n\n\n<p class=\"has-text-align-center\">Todos os pedidos de esclarecimento dever\u00e3o ser colocados por escrito, atrav\u00e9s do<br>email: aquintaoficina@gmail.com e ser\u00e3o respondidos pela mesma via.<\/p>\n<\/div><\/div>\n\n\n\n<p><\/p>\n","protected":false},"excerpt":{"rendered":"<p>II CONCURSO DE RE-DESIGN DE MOBILI\u00c1RIO URBANO EM MEIO RURAL &#8211; LAVADOURO Recebemos 16 projetos candidatos, num universo de 20 artistas participantes. Parab\u00e9ns a todos!Aqui ficam os resultados: A cor do Lavadouro de Ana Ver\u00f3nica &#8211; 1\u00ba 42 A Natureza da Tradi\u00e7\u00e3o de Juliana Ferreira &#8211; 2\u00ba 34,5 A Trama formid\u00e1vel de Rita Herm\u00ednio &#8211; &hellip; <\/p>\n<p class=\"link-more\"><a href=\"https:\/\/www.quintaoficina.pt\/index.php\/lavadouro\/\" class=\"more-link\">Continuar a ler <span class=\"screen-reader-text\">&#8220;2\u00ba-Lavadouro&#8221;<\/span><\/a><\/p>\n","protected":false},"author":1,"featured_media":0,"parent":0,"menu_order":0,"comment_status":"closed","ping_status":"closed","template":"template-full-width.php","meta":{"footnotes":""},"class_list":["post-1773","page","type-page","status-publish","hentry"],"_links":{"self":[{"href":"https:\/\/www.quintaoficina.pt\/index.php\/wp-json\/wp\/v2\/pages\/1773","targetHints":{"allow":["GET"]}}],"collection":[{"href":"https:\/\/www.quintaoficina.pt\/index.php\/wp-json\/wp\/v2\/pages"}],"about":[{"href":"https:\/\/www.quintaoficina.pt\/index.php\/wp-json\/wp\/v2\/types\/page"}],"author":[{"embeddable":true,"href":"https:\/\/www.quintaoficina.pt\/index.php\/wp-json\/wp\/v2\/users\/1"}],"replies":[{"embeddable":true,"href":"https:\/\/www.quintaoficina.pt\/index.php\/wp-json\/wp\/v2\/comments?post=1773"}],"version-history":[{"count":30,"href":"https:\/\/www.quintaoficina.pt\/index.php\/wp-json\/wp\/v2\/pages\/1773\/revisions"}],"predecessor-version":[{"id":2449,"href":"https:\/\/www.quintaoficina.pt\/index.php\/wp-json\/wp\/v2\/pages\/1773\/revisions\/2449"}],"wp:attachment":[{"href":"https:\/\/www.quintaoficina.pt\/index.php\/wp-json\/wp\/v2\/media?parent=1773"}],"curies":[{"name":"wp","href":"https:\/\/api.w.org\/{rel}","templated":true}]}}