{"id":1868,"date":"2021-08-14T14:34:51","date_gmt":"2021-08-14T14:34:51","guid":{"rendered":"http:\/\/www.quintaoficina.pt\/?page_id=1868"},"modified":"2024-10-28T15:22:35","modified_gmt":"2024-10-28T15:22:35","slug":"sementes","status":"publish","type":"page","link":"https:\/\/www.quintaoficina.pt\/index.php\/sementes\/","title":{"rendered":"Sementes"},"content":{"rendered":"<div class=\"wp-block-image\">\n<figure class=\"aligncenter size-full is-resized\"><img loading=\"lazy\" decoding=\"async\" width=\"2560\" height=\"571\" src=\"https:\/\/www.quintaoficina.pt\/wp-content\/uploads\/2021\/08\/SEMENTES_ILUSTRACAO-scaled.jpg\" alt=\"\" class=\"wp-image-1885\" style=\"width:713px;height:158px\" srcset=\"https:\/\/www.quintaoficina.pt\/wp-content\/uploads\/2021\/08\/SEMENTES_ILUSTRACAO-scaled.jpg 2560w, https:\/\/www.quintaoficina.pt\/wp-content\/uploads\/2021\/08\/SEMENTES_ILUSTRACAO-300x67.jpg 300w, https:\/\/www.quintaoficina.pt\/wp-content\/uploads\/2021\/08\/SEMENTES_ILUSTRACAO-1024x229.jpg 1024w, https:\/\/www.quintaoficina.pt\/wp-content\/uploads\/2021\/08\/SEMENTES_ILUSTRACAO-768x171.jpg 768w, https:\/\/www.quintaoficina.pt\/wp-content\/uploads\/2021\/08\/SEMENTES_ILUSTRACAO-1536x343.jpg 1536w, https:\/\/www.quintaoficina.pt\/wp-content\/uploads\/2021\/08\/SEMENTES_ILUSTRACAO-2048x457.jpg 2048w\" sizes=\"auto, (max-width: 767px) 89vw, (max-width: 1000px) 54vw, (max-width: 1071px) 543px, 580px\" \/><\/figure>\n<\/div>\n\n\n<p>&#8220;<strong><em>As Ideias s\u00e3o como as Sementes<\/em><\/strong>&#8221; <br>(Pe\u00e7a de Teatro com M\u00fasica ao vivo. M6. 45\u2019\u2019)<\/p>\n\n\n\n<figure class=\"wp-block-gallery has-nested-images columns-2 is-cropped wp-block-gallery-1 is-layout-flex wp-block-gallery-is-layout-flex\">\n<figure class=\"wp-block-image size-large\"><img loading=\"lazy\" decoding=\"async\" width=\"1024\" height=\"683\" data-id=\"4547\" src=\"https:\/\/www.quintaoficina.pt\/wp-content\/uploads\/2024\/10\/Grafonola1-1024x683.jpeg\" alt=\"\" class=\"wp-image-4547\" srcset=\"https:\/\/www.quintaoficina.pt\/wp-content\/uploads\/2024\/10\/Grafonola1-1024x683.jpeg 1024w, https:\/\/www.quintaoficina.pt\/wp-content\/uploads\/2024\/10\/Grafonola1-300x200.jpeg 300w, https:\/\/www.quintaoficina.pt\/wp-content\/uploads\/2024\/10\/Grafonola1-768x512.jpeg 768w, https:\/\/www.quintaoficina.pt\/wp-content\/uploads\/2024\/10\/Grafonola1-1536x1024.jpeg 1536w, https:\/\/www.quintaoficina.pt\/wp-content\/uploads\/2024\/10\/Grafonola1.jpeg 2048w\" sizes=\"auto, (max-width: 767px) 89vw, (max-width: 1000px) 54vw, (max-width: 1071px) 543px, 580px\" \/><\/figure>\n\n\n\n<figure class=\"wp-block-image size-large\"><img loading=\"lazy\" decoding=\"async\" width=\"1024\" height=\"683\" data-id=\"4548\" src=\"https:\/\/www.quintaoficina.pt\/wp-content\/uploads\/2024\/10\/Grafonola2-1024x683.jpeg\" alt=\"\" class=\"wp-image-4548\" srcset=\"https:\/\/www.quintaoficina.pt\/wp-content\/uploads\/2024\/10\/Grafonola2-1024x683.jpeg 1024w, https:\/\/www.quintaoficina.pt\/wp-content\/uploads\/2024\/10\/Grafonola2-300x200.jpeg 300w, https:\/\/www.quintaoficina.pt\/wp-content\/uploads\/2024\/10\/Grafonola2-768x512.jpeg 768w, https:\/\/www.quintaoficina.pt\/wp-content\/uploads\/2024\/10\/Grafonola2-1536x1024.jpeg 1536w, https:\/\/www.quintaoficina.pt\/wp-content\/uploads\/2024\/10\/Grafonola2.jpeg 2048w\" sizes=\"auto, (max-width: 767px) 89vw, (max-width: 1000px) 54vw, (max-width: 1071px) 543px, 580px\" \/><\/figure>\n\n\n\n<figure class=\"wp-block-image size-large\"><img loading=\"lazy\" decoding=\"async\" width=\"1024\" height=\"683\" data-id=\"4550\" src=\"https:\/\/www.quintaoficina.pt\/wp-content\/uploads\/2024\/10\/Grafonola4-1024x683.jpeg\" alt=\"\" class=\"wp-image-4550\" srcset=\"https:\/\/www.quintaoficina.pt\/wp-content\/uploads\/2024\/10\/Grafonola4-1024x683.jpeg 1024w, https:\/\/www.quintaoficina.pt\/wp-content\/uploads\/2024\/10\/Grafonola4-300x200.jpeg 300w, https:\/\/www.quintaoficina.pt\/wp-content\/uploads\/2024\/10\/Grafonola4-768x512.jpeg 768w, https:\/\/www.quintaoficina.pt\/wp-content\/uploads\/2024\/10\/Grafonola4-1536x1024.jpeg 1536w, https:\/\/www.quintaoficina.pt\/wp-content\/uploads\/2024\/10\/Grafonola4.jpeg 2048w\" sizes=\"auto, (max-width: 767px) 89vw, (max-width: 1000px) 54vw, (max-width: 1071px) 543px, 580px\" \/><\/figure>\n\n\n\n<figure class=\"wp-block-image size-large\"><img loading=\"lazy\" decoding=\"async\" width=\"1024\" height=\"683\" data-id=\"4551\" src=\"https:\/\/www.quintaoficina.pt\/wp-content\/uploads\/2024\/10\/Grafonola6-1024x683.jpeg\" alt=\"\" class=\"wp-image-4551\" srcset=\"https:\/\/www.quintaoficina.pt\/wp-content\/uploads\/2024\/10\/Grafonola6-1024x683.jpeg 1024w, https:\/\/www.quintaoficina.pt\/wp-content\/uploads\/2024\/10\/Grafonola6-300x200.jpeg 300w, https:\/\/www.quintaoficina.pt\/wp-content\/uploads\/2024\/10\/Grafonola6-768x512.jpeg 768w, https:\/\/www.quintaoficina.pt\/wp-content\/uploads\/2024\/10\/Grafonola6-1536x1024.jpeg 1536w, https:\/\/www.quintaoficina.pt\/wp-content\/uploads\/2024\/10\/Grafonola6.jpeg 2048w\" sizes=\"auto, (max-width: 767px) 89vw, (max-width: 1000px) 54vw, (max-width: 1071px) 543px, 580px\" \/><\/figure>\n\n\n\n<figure class=\"wp-block-image size-large\"><img loading=\"lazy\" decoding=\"async\" width=\"1024\" height=\"683\" data-id=\"4552\" src=\"https:\/\/www.quintaoficina.pt\/wp-content\/uploads\/2024\/10\/Grafonola3-1024x683.jpeg\" alt=\"\" class=\"wp-image-4552\" srcset=\"https:\/\/www.quintaoficina.pt\/wp-content\/uploads\/2024\/10\/Grafonola3-1024x683.jpeg 1024w, https:\/\/www.quintaoficina.pt\/wp-content\/uploads\/2024\/10\/Grafonola3-300x200.jpeg 300w, https:\/\/www.quintaoficina.pt\/wp-content\/uploads\/2024\/10\/Grafonola3-768x512.jpeg 768w, https:\/\/www.quintaoficina.pt\/wp-content\/uploads\/2024\/10\/Grafonola3-1536x1024.jpeg 1536w, https:\/\/www.quintaoficina.pt\/wp-content\/uploads\/2024\/10\/Grafonola3.jpeg 2048w\" sizes=\"auto, (max-width: 767px) 89vw, (max-width: 1000px) 54vw, (max-width: 1071px) 543px, 580px\" \/><\/figure>\n\n\n\n<figure class=\"wp-block-image size-large\"><img loading=\"lazy\" decoding=\"async\" width=\"1024\" height=\"683\" data-id=\"4553\" src=\"https:\/\/www.quintaoficina.pt\/wp-content\/uploads\/2024\/10\/Grafonola5-1024x683.jpeg\" alt=\"\" class=\"wp-image-4553\" srcset=\"https:\/\/www.quintaoficina.pt\/wp-content\/uploads\/2024\/10\/Grafonola5-1024x683.jpeg 1024w, https:\/\/www.quintaoficina.pt\/wp-content\/uploads\/2024\/10\/Grafonola5-300x200.jpeg 300w, https:\/\/www.quintaoficina.pt\/wp-content\/uploads\/2024\/10\/Grafonola5-768x512.jpeg 768w, https:\/\/www.quintaoficina.pt\/wp-content\/uploads\/2024\/10\/Grafonola5-1536x1024.jpeg 1536w, https:\/\/www.quintaoficina.pt\/wp-content\/uploads\/2024\/10\/Grafonola5.jpeg 2048w\" sizes=\"auto, (max-width: 767px) 89vw, (max-width: 1000px) 54vw, (max-width: 1071px) 543px, 580px\" \/><\/figure>\n\n\n\n<figure class=\"wp-block-image size-large\"><img loading=\"lazy\" decoding=\"async\" width=\"1024\" height=\"683\" data-id=\"4554\" src=\"https:\/\/www.quintaoficina.pt\/wp-content\/uploads\/2024\/10\/Grafonola7-1024x683.jpeg\" alt=\"\" class=\"wp-image-4554\" srcset=\"https:\/\/www.quintaoficina.pt\/wp-content\/uploads\/2024\/10\/Grafonola7-1024x683.jpeg 1024w, https:\/\/www.quintaoficina.pt\/wp-content\/uploads\/2024\/10\/Grafonola7-300x200.jpeg 300w, https:\/\/www.quintaoficina.pt\/wp-content\/uploads\/2024\/10\/Grafonola7-768x512.jpeg 768w, https:\/\/www.quintaoficina.pt\/wp-content\/uploads\/2024\/10\/Grafonola7-1536x1024.jpeg 1536w, https:\/\/www.quintaoficina.pt\/wp-content\/uploads\/2024\/10\/Grafonola7.jpeg 2048w\" sizes=\"auto, (max-width: 767px) 89vw, (max-width: 1000px) 54vw, (max-width: 1071px) 543px, 580px\" \/><\/figure>\n\n\n\n<figure class=\"wp-block-image size-large\"><img loading=\"lazy\" decoding=\"async\" width=\"1024\" height=\"683\" data-id=\"4555\" src=\"https:\/\/www.quintaoficina.pt\/wp-content\/uploads\/2024\/10\/Grafonola8-1024x683.jpeg\" alt=\"\" class=\"wp-image-4555\" srcset=\"https:\/\/www.quintaoficina.pt\/wp-content\/uploads\/2024\/10\/Grafonola8-1024x683.jpeg 1024w, https:\/\/www.quintaoficina.pt\/wp-content\/uploads\/2024\/10\/Grafonola8-300x200.jpeg 300w, https:\/\/www.quintaoficina.pt\/wp-content\/uploads\/2024\/10\/Grafonola8-768x512.jpeg 768w, https:\/\/www.quintaoficina.pt\/wp-content\/uploads\/2024\/10\/Grafonola8-1536x1024.jpeg 1536w, https:\/\/www.quintaoficina.pt\/wp-content\/uploads\/2024\/10\/Grafonola8.jpeg 2048w\" sizes=\"auto, (max-width: 767px) 89vw, (max-width: 1000px) 54vw, (max-width: 1071px) 543px, 580px\" \/><\/figure>\n<figcaption class=\"blocks-gallery-caption wp-element-caption\"> Fotos \u00a9 Grafonola &#8211; CCI &#8211; \u00cdlhavo&#8217;24<\/figcaption><\/figure>\n\n\n\n<p><br>SINOPSE:<br><em>N\u00e3o te sentes, confortavelmente, a assistir a esta inquietante aventura, arrega\u00e7a as mangas e envolve-te nesta miss\u00e3o que tamb\u00e9m \u00e9 tua. A personagem desta hist\u00f3ria \u00e9 desafiada pela sua av\u00f3, numa graciosa met\u00e1fora sobre esta grande fam\u00edlia chamada Natureza. Vamos ajud\u00e1-lo nesta viagem e descobrir a melhor maneira de fazer esta ideia germinar nos cora\u00e7\u00f5es, pois h\u00e1 ainda oportunidades para vivermos num Mundo Melhor.<\/em><\/p>\n\n\n\n<figure class=\"wp-block-embed is-type-video is-provider-youtube wp-block-embed-youtube wp-embed-aspect-16-9 wp-has-aspect-ratio\"><div class=\"wp-block-embed__wrapper\">\n<iframe loading=\"lazy\" title=\"&quot;AS IDEIAS S\u00c3O COMO AS SEMENTES&quot;\" width=\"525\" height=\"295\" src=\"https:\/\/www.youtube.com\/embed\/xY5PhHv-qHA?feature=oembed\" frameborder=\"0\" allow=\"accelerometer; autoplay; clipboard-write; encrypted-media; gyroscope; picture-in-picture; web-share\" referrerpolicy=\"strict-origin-when-cross-origin\" allowfullscreen><\/iframe>\n<\/div><figcaption class=\"wp-element-caption\">Teaser da estreia a 14\/11\/2021<\/figcaption><\/figure>\n\n\n\n<p>FICHA T\u00c9CNICA:<br>Interpreta\u00e7\u00e3o: <strong>Paulo Neves<\/strong> e <strong>Z\u00e9 Pedro Ramos<\/strong><br>M\u00fasica original: <strong>Paulo Neves<\/strong><br>Cria\u00e7\u00e3o, Texto e Dramaturgia:<strong> Z\u00e9 Pedro Ramos<\/strong><br>Luz e Som: <strong>Rui P\u00eava<\/strong><br>Cenografia: <strong>Daniel Matos<\/strong><br>Figurinos e Adere\u00e7os: <strong>Ana Paula<\/strong><br>Ilustra\u00e7\u00f5es: <strong>Ana Ver\u00f3nica<\/strong><br>Fotografia: <strong>Andrea Couceiro<\/strong><br>V\u00eddeo: <strong>Paulo Matos<\/strong> e <strong>Lu\u00eds Almeida<\/strong><br>Colabora\u00e7\u00e3o: <strong>Carla Fernandes<\/strong> e <strong>Filipa Marques<\/strong><br>Apoio: <strong>C\u00e2mara Municipal de Viseu<\/strong> | <strong>Quinta da Cruz<\/strong> | <strong>d&#8217;Orfeu AC<\/strong><br>Financiamento: <strong>ViseuCultura2021<\/strong><\/p>\n\n\n\n<figure class=\"wp-block-gallery has-nested-images columns-2 wp-block-gallery-2 is-layout-flex wp-block-gallery-is-layout-flex\">\n<figure class=\"wp-block-image size-large\"><img loading=\"lazy\" decoding=\"async\" width=\"1024\" height=\"683\" data-id=\"4558\" src=\"https:\/\/www.quintaoficina.pt\/wp-content\/uploads\/2024\/10\/IMG_8797-copiar-1024x683.jpg\" alt=\"\" class=\"wp-image-4558\" srcset=\"https:\/\/www.quintaoficina.pt\/wp-content\/uploads\/2024\/10\/IMG_8797-copiar-1024x683.jpg 1024w, https:\/\/www.quintaoficina.pt\/wp-content\/uploads\/2024\/10\/IMG_8797-copiar-300x200.jpg 300w, https:\/\/www.quintaoficina.pt\/wp-content\/uploads\/2024\/10\/IMG_8797-copiar-768x512.jpg 768w\" sizes=\"auto, (max-width: 767px) 89vw, (max-width: 1000px) 54vw, (max-width: 1071px) 543px, 580px\" \/><\/figure>\n\n\n\n<figure class=\"wp-block-image size-large\"><img decoding=\"async\" data-id=\"4561\" src=\"https:\/\/www.quintaoficina.pt\/wp-content\/uploads\/2024\/10\/IMG_8829-copiar.jpg\" alt=\"\" class=\"wp-image-4561\"\/><\/figure>\n\n\n\n<figure class=\"wp-block-image size-large\"><img loading=\"lazy\" decoding=\"async\" width=\"683\" height=\"1024\" data-id=\"4560\" src=\"https:\/\/www.quintaoficina.pt\/wp-content\/uploads\/2024\/10\/IMG_8986-copiar-683x1024.jpg\" alt=\"\" class=\"wp-image-4560\" srcset=\"https:\/\/www.quintaoficina.pt\/wp-content\/uploads\/2024\/10\/IMG_8986-copiar-683x1024.jpg 683w, https:\/\/www.quintaoficina.pt\/wp-content\/uploads\/2024\/10\/IMG_8986-copiar-200x300.jpg 200w, https:\/\/www.quintaoficina.pt\/wp-content\/uploads\/2024\/10\/IMG_8986-copiar-768x1152.jpg 768w, https:\/\/www.quintaoficina.pt\/wp-content\/uploads\/2024\/10\/IMG_8986-copiar-scaled.jpg 1707w\" sizes=\"auto, (max-width: 683px) 100vw, 683px\" \/><\/figure>\n\n\n\n<figure class=\"wp-block-image size-large\"><img loading=\"lazy\" decoding=\"async\" width=\"683\" height=\"1024\" data-id=\"4559\" src=\"https:\/\/www.quintaoficina.pt\/wp-content\/uploads\/2024\/10\/IMG_9169-copiar-683x1024.jpg\" alt=\"\" class=\"wp-image-4559\" srcset=\"https:\/\/www.quintaoficina.pt\/wp-content\/uploads\/2024\/10\/IMG_9169-copiar-683x1024.jpg 683w, https:\/\/www.quintaoficina.pt\/wp-content\/uploads\/2024\/10\/IMG_9169-copiar-200x300.jpg 200w, https:\/\/www.quintaoficina.pt\/wp-content\/uploads\/2024\/10\/IMG_9169-copiar-768x1152.jpg 768w, https:\/\/www.quintaoficina.pt\/wp-content\/uploads\/2024\/10\/IMG_9169-copiar-scaled.jpg 1707w\" sizes=\"auto, (max-width: 683px) 100vw, 683px\" \/><\/figure>\n\n\n\n<figure class=\"wp-block-image size-large\"><img decoding=\"async\" data-id=\"4563\" src=\"https:\/\/www.quintaoficina.pt\/wp-content\/uploads\/2024\/10\/IMG_9157-copiar.jpg\" alt=\"\" class=\"wp-image-4563\"\/><\/figure>\n\n\n\n<figure class=\"wp-block-image size-large\"><img decoding=\"async\" data-id=\"4565\" src=\"https:\/\/www.quintaoficina.pt\/wp-content\/uploads\/2024\/10\/IMG_9189-copiar.jpg\" alt=\"\" class=\"wp-image-4565\"\/><\/figure>\n\n\n\n<figure class=\"wp-block-image size-large\"><img loading=\"lazy\" decoding=\"async\" width=\"683\" height=\"1024\" data-id=\"4567\" src=\"https:\/\/www.quintaoficina.pt\/wp-content\/uploads\/2024\/10\/IMG_9123-copiar-683x1024.jpg\" alt=\"\" class=\"wp-image-4567\" srcset=\"https:\/\/www.quintaoficina.pt\/wp-content\/uploads\/2024\/10\/IMG_9123-copiar-683x1024.jpg 683w, https:\/\/www.quintaoficina.pt\/wp-content\/uploads\/2024\/10\/IMG_9123-copiar-200x300.jpg 200w, https:\/\/www.quintaoficina.pt\/wp-content\/uploads\/2024\/10\/IMG_9123-copiar-768x1152.jpg 768w, https:\/\/www.quintaoficina.pt\/wp-content\/uploads\/2024\/10\/IMG_9123-copiar-1024x1536.jpg 1024w, https:\/\/www.quintaoficina.pt\/wp-content\/uploads\/2024\/10\/IMG_9123-copiar-1365x2048.jpg 1365w, https:\/\/www.quintaoficina.pt\/wp-content\/uploads\/2024\/10\/IMG_9123-copiar-scaled.jpg 1707w\" sizes=\"auto, (max-width: 683px) 100vw, 683px\" \/><\/figure>\n\n\n\n<figure class=\"wp-block-image size-large\"><img decoding=\"async\" data-id=\"4564\" src=\"https:\/\/www.quintaoficina.pt\/wp-content\/uploads\/2024\/10\/IMG_9009-copiar.jpg\" alt=\"\" class=\"wp-image-4564\"\/><\/figure>\n\n\n\n<figure class=\"wp-block-image size-large\"><img decoding=\"async\" data-id=\"4562\" src=\"https:\/\/www.quintaoficina.pt\/wp-content\/uploads\/2024\/10\/IMG_9146-copiar.jpg\" alt=\"\" class=\"wp-image-4562\"\/><\/figure>\n\n\n\n<figure class=\"wp-block-image size-large\"><img decoding=\"async\" data-id=\"4566\" src=\"https:\/\/www.quintaoficina.pt\/wp-content\/uploads\/2024\/10\/IMG_9209-copiar.jpg\" alt=\"\" class=\"wp-image-4566\"\/><\/figure>\n<figcaption class=\"blocks-gallery-caption wp-element-caption\">Fotos \u00a9 In\u00eas Senos<\/figcaption><\/figure>\n\n\n\n<p>Uma viagem em busca de uma ideia perdida, uma ideia daquelas que, se germinarem, podem fazer mudar o destino do nosso planeta, para o tal mundo melhor.<br>Esta \u00e9 uma \u201ccom\u00e9dia rom\u00e2ntica\u201d, descontra\u00edda, muito informal e interactiva-espica\u00e7ante, onde o p\u00fablico \u00e9 convidado a acompanhar esta procura por respostas \u00e0s quest\u00f5es mais desafiantes que se colocam aos dias de hoje, para que os dias do amanh\u00e3 sejam para todos mais felizes, saud\u00e1veis e sustent\u00e1veis. <br>H\u00e1 ideias que germinam e h\u00e1 sementes que s\u00e3o loucas, estapaf\u00fardias, ou pelo menos muito esquisitas. H\u00e1 ideias que voam e h\u00e1 sementes luminosas, brilhantes, geniais. Temos muito a aprender com as sementes. <br>A criatividade, a express\u00e3o, a fantasia, a imagina\u00e7\u00e3o e as emo\u00e7\u00f5es, s\u00e3o alguns dos super-poderes que todos n\u00f3s possu\u00edmos, desenvolvemos e partilhamos ao longo da vida, lan\u00e7ando-os como sementes \u00e0 terra, uma terra que esperamos f\u00e9rtil. <br>Esta \u201cviagem teatral\u201d que nos \u00e9 apresentada por um actor e um m\u00fasico, foi criada\/produzida pela Associa\u00e7\u00e3o Quinta Oficina e financiada pelo Munic\u00edpio de Viseu, no programa Criar da linha de apoios do ViseuCULTURA2021.<\/p>\n\n\n\n<figure class=\"wp-block-gallery has-nested-images columns-1 wp-block-gallery-3 is-layout-flex wp-block-gallery-is-layout-flex\">\n<figure class=\"wp-block-image size-large\"><img loading=\"lazy\" decoding=\"async\" width=\"1024\" height=\"683\" data-id=\"2098\" src=\"https:\/\/www.quintaoficina.pt\/wp-content\/uploads\/2021\/11\/9J6A0035-copia-1024x683.jpg\" alt=\"\" class=\"wp-image-2098\" srcset=\"https:\/\/www.quintaoficina.pt\/wp-content\/uploads\/2021\/11\/9J6A0035-copia-1024x683.jpg 1024w, https:\/\/www.quintaoficina.pt\/wp-content\/uploads\/2021\/11\/9J6A0035-copia-300x200.jpg 300w, https:\/\/www.quintaoficina.pt\/wp-content\/uploads\/2021\/11\/9J6A0035-copia-768x512.jpg 768w, https:\/\/www.quintaoficina.pt\/wp-content\/uploads\/2021\/11\/9J6A0035-copia-1536x1024.jpg 1536w, https:\/\/www.quintaoficina.pt\/wp-content\/uploads\/2021\/11\/9J6A0035-copia-2048x1365.jpg 2048w\" sizes=\"auto, (max-width: 767px) 89vw, (max-width: 1000px) 54vw, (max-width: 1071px) 543px, 580px\" \/><\/figure>\n\n\n\n<figure class=\"wp-block-image size-large\"><img loading=\"lazy\" decoding=\"async\" width=\"1024\" height=\"683\" data-id=\"2099\" src=\"https:\/\/www.quintaoficina.pt\/wp-content\/uploads\/2021\/11\/9J6A0030-copia-1024x683.jpg\" alt=\"\" class=\"wp-image-2099\" srcset=\"https:\/\/www.quintaoficina.pt\/wp-content\/uploads\/2021\/11\/9J6A0030-copia-1024x683.jpg 1024w, https:\/\/www.quintaoficina.pt\/wp-content\/uploads\/2021\/11\/9J6A0030-copia-300x200.jpg 300w, https:\/\/www.quintaoficina.pt\/wp-content\/uploads\/2021\/11\/9J6A0030-copia-768x512.jpg 768w, https:\/\/www.quintaoficina.pt\/wp-content\/uploads\/2021\/11\/9J6A0030-copia-1536x1024.jpg 1536w, https:\/\/www.quintaoficina.pt\/wp-content\/uploads\/2021\/11\/9J6A0030-copia-2048x1365.jpg 2048w\" sizes=\"auto, (max-width: 767px) 89vw, (max-width: 1000px) 54vw, (max-width: 1071px) 543px, 580px\" \/><\/figure>\n\n\n\n<figure class=\"wp-block-image size-large\"><img loading=\"lazy\" decoding=\"async\" width=\"1024\" height=\"683\" data-id=\"2100\" src=\"https:\/\/www.quintaoficina.pt\/wp-content\/uploads\/2021\/11\/9J6A0025-copia-1024x683.jpg\" alt=\"\" class=\"wp-image-2100\" srcset=\"https:\/\/www.quintaoficina.pt\/wp-content\/uploads\/2021\/11\/9J6A0025-copia-1024x683.jpg 1024w, https:\/\/www.quintaoficina.pt\/wp-content\/uploads\/2021\/11\/9J6A0025-copia-300x200.jpg 300w, https:\/\/www.quintaoficina.pt\/wp-content\/uploads\/2021\/11\/9J6A0025-copia-768x512.jpg 768w, https:\/\/www.quintaoficina.pt\/wp-content\/uploads\/2021\/11\/9J6A0025-copia-1536x1024.jpg 1536w, https:\/\/www.quintaoficina.pt\/wp-content\/uploads\/2021\/11\/9J6A0025-copia-2048x1365.jpg 2048w\" sizes=\"auto, (max-width: 767px) 89vw, (max-width: 1000px) 54vw, (max-width: 1071px) 543px, 580px\" \/><\/figure>\n\n\n\n<figure class=\"wp-block-image size-large\"><img loading=\"lazy\" decoding=\"async\" width=\"1024\" height=\"683\" data-id=\"2101\" src=\"https:\/\/www.quintaoficina.pt\/wp-content\/uploads\/2021\/11\/9J6A0353-copia-1024x683.jpg\" alt=\"\" class=\"wp-image-2101\" srcset=\"https:\/\/www.quintaoficina.pt\/wp-content\/uploads\/2021\/11\/9J6A0353-copia-1024x683.jpg 1024w, https:\/\/www.quintaoficina.pt\/wp-content\/uploads\/2021\/11\/9J6A0353-copia-300x200.jpg 300w, https:\/\/www.quintaoficina.pt\/wp-content\/uploads\/2021\/11\/9J6A0353-copia-768x512.jpg 768w, https:\/\/www.quintaoficina.pt\/wp-content\/uploads\/2021\/11\/9J6A0353-copia-1536x1024.jpg 1536w, https:\/\/www.quintaoficina.pt\/wp-content\/uploads\/2021\/11\/9J6A0353-copia-2048x1365.jpg 2048w\" sizes=\"auto, (max-width: 767px) 89vw, (max-width: 1000px) 54vw, (max-width: 1071px) 543px, 580px\" \/><\/figure>\n\n\n\n<figure class=\"wp-block-image size-large\"><img loading=\"lazy\" decoding=\"async\" width=\"1024\" height=\"683\" data-id=\"2102\" src=\"https:\/\/www.quintaoficina.pt\/wp-content\/uploads\/2021\/11\/IMG_0112-copia-1024x683.jpg\" alt=\"\" class=\"wp-image-2102\" srcset=\"https:\/\/www.quintaoficina.pt\/wp-content\/uploads\/2021\/11\/IMG_0112-copia-1024x683.jpg 1024w, https:\/\/www.quintaoficina.pt\/wp-content\/uploads\/2021\/11\/IMG_0112-copia-300x200.jpg 300w, https:\/\/www.quintaoficina.pt\/wp-content\/uploads\/2021\/11\/IMG_0112-copia-768x512.jpg 768w, https:\/\/www.quintaoficina.pt\/wp-content\/uploads\/2021\/11\/IMG_0112-copia-1536x1024.jpg 1536w, https:\/\/www.quintaoficina.pt\/wp-content\/uploads\/2021\/11\/IMG_0112-copia-2048x1365.jpg 2048w\" sizes=\"auto, (max-width: 767px) 89vw, (max-width: 1000px) 54vw, (max-width: 1071px) 543px, 580px\" \/><\/figure>\n<\/figure>\n\n\n\n<p class=\"has-text-align-left has-small-font-size\">Estreou a 14 de Novembro de 2021 \u00e0s 17h. na Quinta da Cruz &#8211; Centro de Arte Contempor\u00e2nea de Viseu<\/p>\n\n\n\n<figure class=\"wp-block-image size-large\"><img loading=\"lazy\" decoding=\"async\" width=\"1024\" height=\"683\" src=\"https:\/\/www.quintaoficina.pt\/wp-content\/uploads\/2021\/11\/9J6A0144-copia-1024x683.jpg\" alt=\"\" class=\"wp-image-2083\" srcset=\"https:\/\/www.quintaoficina.pt\/wp-content\/uploads\/2021\/11\/9J6A0144-copia-1024x683.jpg 1024w, https:\/\/www.quintaoficina.pt\/wp-content\/uploads\/2021\/11\/9J6A0144-copia-300x200.jpg 300w, https:\/\/www.quintaoficina.pt\/wp-content\/uploads\/2021\/11\/9J6A0144-copia-768x512.jpg 768w, https:\/\/www.quintaoficina.pt\/wp-content\/uploads\/2021\/11\/9J6A0144-copia-1536x1024.jpg 1536w, https:\/\/www.quintaoficina.pt\/wp-content\/uploads\/2021\/11\/9J6A0144-copia-2048x1365.jpg 2048w\" sizes=\"auto, (max-width: 767px) 89vw, (max-width: 1000px) 54vw, (max-width: 1071px) 543px, 580px\" \/><\/figure>\n\n\n\n<p class=\"has-text-align-left has-small-font-size\"><br><em>Atividade integrante do evento:&nbsp;<\/em><strong><em>(Agri)Cultura \u2013 \u00c9 Horta de Trocar Hist\u00f3rias<\/em><\/strong><em>, que foi apresentada depois de duas outras atividades: uma sess\u00e3o de <a rel=\"noreferrer noopener\" href=\"https:\/\/www.quintaoficina.pt\/index.php\/trocadores-de-historias\/\" target=\"_blank\">TROCADORES DE HIST\u00d3RIAS<\/a>&nbsp;e um <a href=\"https:\/\/www.quintaoficina.pt\/index.php\/culinaria\/\" target=\"_blank\" rel=\"noreferrer noopener\">WORKSHOP DE CULIN\u00c1RIA<\/a> com a Chefe <strong>Carolina Salgado<\/strong>.<\/em><\/p>\n\n\n<div class=\"wp-block-image\">\n<figure class=\"alignleft size-large is-resized\"><img loading=\"lazy\" decoding=\"async\" width=\"1024\" height=\"207\" src=\"https:\/\/www.quintaoficina.pt\/wp-content\/uploads\/2021\/08\/CMV-Viseu-Cultura-Brand-Hor-Cor-Projetos-Pos-1-1024x207.png\" alt=\"\" class=\"wp-image-1902\" style=\"width:424px;height:85px\" srcset=\"https:\/\/www.quintaoficina.pt\/wp-content\/uploads\/2021\/08\/CMV-Viseu-Cultura-Brand-Hor-Cor-Projetos-Pos-1-1024x207.png 1024w, https:\/\/www.quintaoficina.pt\/wp-content\/uploads\/2021\/08\/CMV-Viseu-Cultura-Brand-Hor-Cor-Projetos-Pos-1-300x61.png 300w, https:\/\/www.quintaoficina.pt\/wp-content\/uploads\/2021\/08\/CMV-Viseu-Cultura-Brand-Hor-Cor-Projetos-Pos-1-768x155.png 768w, https:\/\/www.quintaoficina.pt\/wp-content\/uploads\/2021\/08\/CMV-Viseu-Cultura-Brand-Hor-Cor-Projetos-Pos-1-1536x310.png 1536w, https:\/\/www.quintaoficina.pt\/wp-content\/uploads\/2021\/08\/CMV-Viseu-Cultura-Brand-Hor-Cor-Projetos-Pos-1-2048x414.png 2048w\" sizes=\"auto, (max-width: 767px) 89vw, (max-width: 1000px) 54vw, (max-width: 1071px) 543px, 580px\" \/><\/figure>\n<\/div>","protected":false},"excerpt":{"rendered":"<p>&#8220;As Ideias s\u00e3o como as Sementes&#8221; (Pe\u00e7a de Teatro com M\u00fasica ao vivo. M6. 45\u2019\u2019) SINOPSE:N\u00e3o te sentes, confortavelmente, a assistir a esta inquietante aventura, arrega\u00e7a as mangas e envolve-te nesta miss\u00e3o que tamb\u00e9m \u00e9 tua. A personagem desta hist\u00f3ria \u00e9 desafiada pela sua av\u00f3, numa graciosa met\u00e1fora sobre esta grande fam\u00edlia chamada Natureza. Vamos &hellip; <\/p>\n<p class=\"link-more\"><a href=\"https:\/\/www.quintaoficina.pt\/index.php\/sementes\/\" class=\"more-link\">Continuar a ler <span class=\"screen-reader-text\">&#8220;Sementes&#8221;<\/span><\/a><\/p>\n","protected":false},"author":1,"featured_media":0,"parent":0,"menu_order":0,"comment_status":"closed","ping_status":"closed","template":"template-full-width.php","meta":{"footnotes":""},"class_list":["post-1868","page","type-page","status-publish","hentry"],"_links":{"self":[{"href":"https:\/\/www.quintaoficina.pt\/index.php\/wp-json\/wp\/v2\/pages\/1868","targetHints":{"allow":["GET"]}}],"collection":[{"href":"https:\/\/www.quintaoficina.pt\/index.php\/wp-json\/wp\/v2\/pages"}],"about":[{"href":"https:\/\/www.quintaoficina.pt\/index.php\/wp-json\/wp\/v2\/types\/page"}],"author":[{"embeddable":true,"href":"https:\/\/www.quintaoficina.pt\/index.php\/wp-json\/wp\/v2\/users\/1"}],"replies":[{"embeddable":true,"href":"https:\/\/www.quintaoficina.pt\/index.php\/wp-json\/wp\/v2\/comments?post=1868"}],"version-history":[{"count":40,"href":"https:\/\/www.quintaoficina.pt\/index.php\/wp-json\/wp\/v2\/pages\/1868\/revisions"}],"predecessor-version":[{"id":4568,"href":"https:\/\/www.quintaoficina.pt\/index.php\/wp-json\/wp\/v2\/pages\/1868\/revisions\/4568"}],"wp:attachment":[{"href":"https:\/\/www.quintaoficina.pt\/index.php\/wp-json\/wp\/v2\/media?parent=1868"}],"curies":[{"name":"wp","href":"https:\/\/api.w.org\/{rel}","templated":true}]}}