{"id":1872,"date":"2021-08-14T20:32:49","date_gmt":"2021-08-14T20:32:49","guid":{"rendered":"http:\/\/www.quintaoficina.pt\/?page_id=1872"},"modified":"2025-07-19T23:26:27","modified_gmt":"2025-07-19T22:26:27","slug":"trocadores-de-historias","status":"publish","type":"page","link":"https:\/\/www.quintaoficina.pt\/index.php\/trocadores-de-historias\/","title":{"rendered":"Trocadores de Hist\u00f3rias"},"content":{"rendered":"\n<figure class=\"wp-block-gallery has-nested-images columns-1 is-cropped wp-block-gallery-1 is-layout-flex wp-block-gallery-is-layout-flex\">\n<figure class=\"wp-block-image size-large\"><img loading=\"lazy\" decoding=\"async\" width=\"1024\" height=\"682\" data-id=\"4987\" src=\"https:\/\/www.quintaoficina.pt\/wp-content\/uploads\/2025\/07\/Site3-1024x682.jpeg\" alt=\"\" class=\"wp-image-4987\" srcset=\"https:\/\/www.quintaoficina.pt\/wp-content\/uploads\/2025\/07\/Site3-1024x682.jpeg 1024w, https:\/\/www.quintaoficina.pt\/wp-content\/uploads\/2025\/07\/Site3-300x200.jpeg 300w, https:\/\/www.quintaoficina.pt\/wp-content\/uploads\/2025\/07\/Site3-768x512.jpeg 768w, https:\/\/www.quintaoficina.pt\/wp-content\/uploads\/2025\/07\/Site3.jpeg 1280w\" sizes=\"auto, (max-width: 767px) 89vw, (max-width: 1000px) 54vw, (max-width: 1071px) 543px, 580px\" \/><\/figure>\n\n\n\n<figure class=\"wp-block-image size-large\"><img loading=\"lazy\" decoding=\"async\" width=\"1707\" height=\"2560\" data-id=\"4990\" src=\"https:\/\/www.quintaoficina.pt\/wp-content\/uploads\/2025\/07\/Site5-scaled.jpeg\" alt=\"\" class=\"wp-image-4990\" srcset=\"https:\/\/www.quintaoficina.pt\/wp-content\/uploads\/2025\/07\/Site5-scaled.jpeg 1707w, https:\/\/www.quintaoficina.pt\/wp-content\/uploads\/2025\/07\/Site5-200x300.jpeg 200w\" sizes=\"auto, (max-width: 767px) 89vw, (max-width: 1000px) 54vw, (max-width: 1071px) 543px, 580px\" \/><\/figure>\n<\/figure>\n\n\n\n<p>&#8220;Isso j\u00e1 n\u00e3o \u00e9 do meu tempo&#8221;&#8230; &#8221; Isso \u00e9 outra hist\u00f3ria&#8221;&#8230; Pois \u00e9, mas estes <em>Trocadores de Hist\u00f3rias<\/em>, guardam um canto,&nbsp;cheio de contos, que n\u00e3o se v\u00eaem, n\u00e3o se tocam. S\u00e3o do tempo em que as hist\u00f3rias n\u00e3o tinham onde poisar as letras. Vinham de bocas que entravam pelo ouvido,&nbsp;bocas cheias de ideias que se plantavam e se criavam at\u00e9 sa\u00edrem da nossa boca para outros ouvidos. <br>Est\u00e1s a ouvir? \u00c9 a tua vez&#8230;<\/p>\n\n\n\n<figure class=\"wp-block-gallery has-nested-images columns-default is-cropped wp-block-gallery-2 is-layout-flex wp-block-gallery-is-layout-flex\">\n<figure class=\"wp-block-image size-large\"><img loading=\"lazy\" decoding=\"async\" width=\"768\" height=\"1024\" data-id=\"4013\" src=\"https:\/\/www.quintaoficina.pt\/wp-content\/uploads\/2023\/11\/WhatsApp-Image-2023-11-15-at-18.11.14-768x1024.jpeg\" alt=\"\" class=\"wp-image-4013\" srcset=\"https:\/\/www.quintaoficina.pt\/wp-content\/uploads\/2023\/11\/WhatsApp-Image-2023-11-15-at-18.11.14-768x1024.jpeg 768w, https:\/\/www.quintaoficina.pt\/wp-content\/uploads\/2023\/11\/WhatsApp-Image-2023-11-15-at-18.11.14-225x300.jpeg 225w, https:\/\/www.quintaoficina.pt\/wp-content\/uploads\/2023\/11\/WhatsApp-Image-2023-11-15-at-18.11.14-1152x1536.jpeg 1152w, https:\/\/www.quintaoficina.pt\/wp-content\/uploads\/2023\/11\/WhatsApp-Image-2023-11-15-at-18.11.14.jpeg 1500w\" sizes=\"auto, (max-width: 767px) 89vw, (max-width: 1000px) 54vw, (max-width: 1071px) 543px, 580px\" \/><figcaption class=\"wp-element-caption\"><em><strong>Z\u00e9 Pedro Ramos<\/strong> e o seu insepar\u00e1vel, intr\u00ednseco, heter\u00f3nimo, ou hom\u00f3nimo e&nbsp;sin\u00f3nimo&nbsp;palha\u00e7o, ir\u00e3o (re)contar (de maneira muito pouco convencional) contos ancestrais, universais e de tradi\u00e7\u00e3o oral. Estes Trocadores Hist\u00f3rias da 5\u00aaOficina, valorizam o tempo e o espa\u00e7o, o &#8220;aqui e o agora&#8221; de quem ali estiver, pela troca do seu tempo de vida, numa partilha \u00fanica e irrepet\u00edvel. Se n\u00e3o for pelas palavras, olhares ser\u00e3o com certezas&#8230; Se n\u00e3o for pelo gesto, mil palavras n\u00e3o ser\u00e3o com certeza&#8230; Se n\u00e3o for um grande show, uma viagem ser\u00e1 com muuuita certeza!&nbsp;<\/em><\/figcaption><\/figure>\n<\/figure>\n\n\n\n<p>Brevemente mais informa\u00e7\u00f5es sobre os v\u00e1rios &#8220;Trocadores&#8221; e as suas hist\u00f3rias&#8230;<br>&#8211; <strong>Ricardo Augusto<\/strong> (com m\u00fasica ao vivo);<br>&#8211; <strong>Daniela Fernandes<\/strong> (com formas animadas);<br>&#8211; <strong>Rui P\u00eava<\/strong> (o poder do livro e da leitura);<br>&#8211; <strong>Z\u00e9 Pedro Ramos<\/strong> (pela dramatiza\u00e7\u00e3o corporal)<br>S\u00e3o diferentes artistas, que nas suas especificidades (uns mais palha\u00e7os, outros m\u00fasicos, uns com livros, outros com objetos, outros com o improviso) oferecem as hist\u00f3rias numa &#8220;<strong>troca apalavrada<\/strong>&#8221; sempre renovada, onde as palavras se fundem com os olhares, no <em>aqui e agora<\/em>&#8230;<\/p>\n\n\n\n<figure class=\"wp-block-gallery has-nested-images columns-2 is-cropped wp-block-gallery-3 is-layout-flex wp-block-gallery-is-layout-flex\">\n<figure class=\"wp-block-image size-large\"><img loading=\"lazy\" decoding=\"async\" width=\"900\" height=\"592\" data-id=\"4672\" src=\"https:\/\/www.quintaoficina.pt\/wp-content\/uploads\/2025\/02\/tondela3.jpg\" alt=\"\" class=\"wp-image-4672\" srcset=\"https:\/\/www.quintaoficina.pt\/wp-content\/uploads\/2025\/02\/tondela3.jpg 900w, https:\/\/www.quintaoficina.pt\/wp-content\/uploads\/2025\/02\/tondela3-300x197.jpg 300w, https:\/\/www.quintaoficina.pt\/wp-content\/uploads\/2025\/02\/tondela3-768x505.jpg 768w\" sizes=\"auto, (max-width: 767px) 89vw, (max-width: 1000px) 54vw, (max-width: 1071px) 543px, 580px\" \/><\/figure>\n\n\n\n<figure class=\"wp-block-image size-large\"><img loading=\"lazy\" decoding=\"async\" width=\"1024\" height=\"975\" data-id=\"4674\" src=\"https:\/\/www.quintaoficina.pt\/wp-content\/uploads\/2025\/02\/tondela2-1024x975.jpg\" alt=\"\" class=\"wp-image-4674\" srcset=\"https:\/\/www.quintaoficina.pt\/wp-content\/uploads\/2025\/02\/tondela2-1024x975.jpg 1024w, https:\/\/www.quintaoficina.pt\/wp-content\/uploads\/2025\/02\/tondela2-300x286.jpg 300w, https:\/\/www.quintaoficina.pt\/wp-content\/uploads\/2025\/02\/tondela2-768x731.jpg 768w, https:\/\/www.quintaoficina.pt\/wp-content\/uploads\/2025\/02\/tondela2.jpg 1536w\" sizes=\"auto, (max-width: 767px) 89vw, (max-width: 1000px) 54vw, (max-width: 1071px) 543px, 580px\" \/><\/figure>\n\n\n\n<figure class=\"wp-block-image size-large\"><img loading=\"lazy\" decoding=\"async\" width=\"1024\" height=\"502\" data-id=\"4673\" src=\"https:\/\/www.quintaoficina.pt\/wp-content\/uploads\/2025\/02\/tondela1-1024x502.jpg\" alt=\"\" class=\"wp-image-4673\" srcset=\"https:\/\/www.quintaoficina.pt\/wp-content\/uploads\/2025\/02\/tondela1-1024x502.jpg 1024w, https:\/\/www.quintaoficina.pt\/wp-content\/uploads\/2025\/02\/tondela1-300x147.jpg 300w, https:\/\/www.quintaoficina.pt\/wp-content\/uploads\/2025\/02\/tondela1-768x377.jpg 768w, https:\/\/www.quintaoficina.pt\/wp-content\/uploads\/2025\/02\/tondela1.jpg 1248w\" sizes=\"auto, (max-width: 767px) 89vw, (max-width: 1000px) 54vw, (max-width: 1071px) 543px, 580px\" \/><\/figure>\n<\/figure>\n\n\n\n<p class=\"has-text-align-center\"><strong>+ <\/strong>informa\u00e7\u00f5es:<br>963218860 (chamada para a rede m\u00f3vel nacional)<br><strong><em>tiomanel@quintaoficina.pt<\/em><\/strong><br><strong><em><br><\/em><\/strong><br><br><br><br><br><br><br><strong>OUTRAS EXPERI\u00caNCIAS PASSADAS:<br><\/strong><br><br><em>Em 2021, na Quinta da Cruz (Centro de Arte Contempor\u00e2nea de Viseu), acontecia pela primeira vez na hist\u00f3ria da 5\u00aaOficina, uma iniciativa dedicada \u00e0 narra\u00e7\u00e3o de hist\u00f3rias:<\/em><\/p>\n\n\n<div class=\"wp-block-image\">\n<figure class=\"aligncenter size-large\"><img loading=\"lazy\" decoding=\"async\" width=\"1024\" height=\"551\" src=\"https:\/\/www.quintaoficina.pt\/wp-content\/uploads\/2021\/08\/LOGO-AgriCultura-TROCADORES-1024x551.jpg\" alt=\"\" class=\"wp-image-1876\" srcset=\"https:\/\/www.quintaoficina.pt\/wp-content\/uploads\/2021\/08\/LOGO-AgriCultura-TROCADORES-1024x551.jpg 1024w, https:\/\/www.quintaoficina.pt\/wp-content\/uploads\/2021\/08\/LOGO-AgriCultura-TROCADORES-300x161.jpg 300w, https:\/\/www.quintaoficina.pt\/wp-content\/uploads\/2021\/08\/LOGO-AgriCultura-TROCADORES-768x413.jpg 768w, https:\/\/www.quintaoficina.pt\/wp-content\/uploads\/2021\/08\/LOGO-AgriCultura-TROCADORES-1536x826.jpg 1536w, https:\/\/www.quintaoficina.pt\/wp-content\/uploads\/2021\/08\/LOGO-AgriCultura-TROCADORES-2048x1101.jpg 2048w\" sizes=\"auto, (max-width: 767px) 89vw, (max-width: 1000px) 54vw, (max-width: 1071px) 543px, 580px\" \/><\/figure>\n<\/div>\n\n\n<p class=\"has-text-align-center\">M\u00e3es, pais, av\u00f3s, tios, ou padrinhos, juntos com as suas crian\u00e7as<br><strong>para ler, contar e trocar as suas hist\u00f3rias preferidas.<\/strong><\/p>\n\n\n\n<p class=\"has-text-align-center\"><br>Sess\u00f5es de &#8220;<em>contadores&#8221; de hist\u00f3rias<\/em> dirigidas ao p\u00fablico familiar (M\/3), a <strong>TODOS<\/strong> os que queiram participar com as hist\u00f3rias que trar\u00e3o de casa para &#8220;<strong>TROCAR<\/strong>&#8220;, ou simplesmente virem assistir. Este encontro ser\u00e1 dinamizado pelas m\u00e3es Carla Fernandes e Filipa Marques e o espa\u00e7o estar\u00e1 rodeado de livros e \u201chortali\u00e7as\u201d disponibilizadas para o Grupo \u201c<em>\u00c9 Horta de Trocar<\/em>\u201d.<\/p>\n\n\n\n<figure class=\"wp-block-gallery aligncenter has-nested-images columns-1 wp-block-gallery-4 is-layout-flex wp-block-gallery-is-layout-flex\">\n<figure class=\"wp-block-image size-large\"><img loading=\"lazy\" decoding=\"async\" width=\"1024\" height=\"683\" data-id=\"2089\" src=\"https:\/\/www.quintaoficina.pt\/wp-content\/uploads\/2021\/11\/IMG_9991-copia-1024x683.jpg\" alt=\"\" class=\"wp-image-2089\" srcset=\"https:\/\/www.quintaoficina.pt\/wp-content\/uploads\/2021\/11\/IMG_9991-copia-1024x683.jpg 1024w, https:\/\/www.quintaoficina.pt\/wp-content\/uploads\/2021\/11\/IMG_9991-copia-300x200.jpg 300w, https:\/\/www.quintaoficina.pt\/wp-content\/uploads\/2021\/11\/IMG_9991-copia-768x512.jpg 768w, https:\/\/www.quintaoficina.pt\/wp-content\/uploads\/2021\/11\/IMG_9991-copia-1536x1024.jpg 1536w, https:\/\/www.quintaoficina.pt\/wp-content\/uploads\/2021\/11\/IMG_9991-copia-2048x1365.jpg 2048w\" sizes=\"auto, (max-width: 767px) 89vw, (max-width: 1000px) 54vw, (max-width: 1071px) 543px, 580px\" \/><\/figure>\n\n\n\n<figure class=\"wp-block-image size-large\"><img loading=\"lazy\" decoding=\"async\" width=\"1024\" height=\"683\" data-id=\"2091\" src=\"https:\/\/www.quintaoficina.pt\/wp-content\/uploads\/2021\/11\/9J6A9912-copia-1024x683.jpg\" alt=\"\" class=\"wp-image-2091\" srcset=\"https:\/\/www.quintaoficina.pt\/wp-content\/uploads\/2021\/11\/9J6A9912-copia-1024x683.jpg 1024w, https:\/\/www.quintaoficina.pt\/wp-content\/uploads\/2021\/11\/9J6A9912-copia-300x200.jpg 300w, https:\/\/www.quintaoficina.pt\/wp-content\/uploads\/2021\/11\/9J6A9912-copia-768x512.jpg 768w, https:\/\/www.quintaoficina.pt\/wp-content\/uploads\/2021\/11\/9J6A9912-copia-1536x1024.jpg 1536w, https:\/\/www.quintaoficina.pt\/wp-content\/uploads\/2021\/11\/9J6A9912-copia-2048x1365.jpg 2048w\" sizes=\"auto, (max-width: 767px) 89vw, (max-width: 1000px) 54vw, (max-width: 1071px) 543px, 580px\" \/><\/figure>\n\n\n\n<figure class=\"wp-block-image size-large\"><img loading=\"lazy\" decoding=\"async\" width=\"1024\" height=\"683\" data-id=\"2087\" src=\"https:\/\/www.quintaoficina.pt\/wp-content\/uploads\/2021\/11\/9J6A9935-copia-1024x683.jpg\" alt=\"\" class=\"wp-image-2087\" srcset=\"https:\/\/www.quintaoficina.pt\/wp-content\/uploads\/2021\/11\/9J6A9935-copia-1024x683.jpg 1024w, https:\/\/www.quintaoficina.pt\/wp-content\/uploads\/2021\/11\/9J6A9935-copia-300x200.jpg 300w, https:\/\/www.quintaoficina.pt\/wp-content\/uploads\/2021\/11\/9J6A9935-copia-768x512.jpg 768w, https:\/\/www.quintaoficina.pt\/wp-content\/uploads\/2021\/11\/9J6A9935-copia-1536x1024.jpg 1536w, https:\/\/www.quintaoficina.pt\/wp-content\/uploads\/2021\/11\/9J6A9935-copia-2048x1365.jpg 2048w\" sizes=\"auto, (max-width: 767px) 89vw, (max-width: 1000px) 54vw, (max-width: 1071px) 543px, 580px\" \/><\/figure>\n\n\n\n<figure class=\"wp-block-image size-large\"><img loading=\"lazy\" decoding=\"async\" width=\"731\" height=\"1024\" data-id=\"2088\" src=\"https:\/\/www.quintaoficina.pt\/wp-content\/uploads\/2021\/11\/IMG_9931-copia-731x1024.jpg\" alt=\"\" class=\"wp-image-2088\" srcset=\"https:\/\/www.quintaoficina.pt\/wp-content\/uploads\/2021\/11\/IMG_9931-copia-731x1024.jpg 731w, https:\/\/www.quintaoficina.pt\/wp-content\/uploads\/2021\/11\/IMG_9931-copia-214x300.jpg 214w, https:\/\/www.quintaoficina.pt\/wp-content\/uploads\/2021\/11\/IMG_9931-copia-768x1075.jpg 768w, https:\/\/www.quintaoficina.pt\/wp-content\/uploads\/2021\/11\/IMG_9931-copia-1097x1536.jpg 1097w, https:\/\/www.quintaoficina.pt\/wp-content\/uploads\/2021\/11\/IMG_9931-copia-1463x2048.jpg 1463w, https:\/\/www.quintaoficina.pt\/wp-content\/uploads\/2021\/11\/IMG_9931-copia-scaled.jpg 1829w\" sizes=\"auto, (max-width: 731px) 100vw, 731px\" \/><\/figure>\n\n\n\n<figure class=\"wp-block-image size-large\"><img loading=\"lazy\" decoding=\"async\" width=\"1024\" height=\"683\" data-id=\"2090\" src=\"https:\/\/www.quintaoficina.pt\/wp-content\/uploads\/2021\/11\/IMG_9971-copia-1024x683.jpg\" alt=\"\" class=\"wp-image-2090\" srcset=\"https:\/\/www.quintaoficina.pt\/wp-content\/uploads\/2021\/11\/IMG_9971-copia-1024x683.jpg 1024w, https:\/\/www.quintaoficina.pt\/wp-content\/uploads\/2021\/11\/IMG_9971-copia-300x200.jpg 300w, https:\/\/www.quintaoficina.pt\/wp-content\/uploads\/2021\/11\/IMG_9971-copia-768x512.jpg 768w, https:\/\/www.quintaoficina.pt\/wp-content\/uploads\/2021\/11\/IMG_9971-copia-1536x1024.jpg 1536w, https:\/\/www.quintaoficina.pt\/wp-content\/uploads\/2021\/11\/IMG_9971-copia-2048x1365.jpg 2048w\" sizes=\"auto, (max-width: 767px) 89vw, (max-width: 1000px) 54vw, (max-width: 1071px) 543px, 580px\" \/><\/figure>\n<figcaption class=\"blocks-gallery-caption wp-element-caption\"><br>Estreou no dia 14 de Novembro de 2021, \u00e0s 15h,<br>na Quinta da Cruz &#8211; Centro de Arte Contempor\u00e2nea de Viseu<\/figcaption><\/figure>\n\n\n\n<p class=\"has-text-align-center\"><br><strong>ENCONTRA-SE DISPON\u00cdVEL PARA NOVAS SESS\u00d5ES<\/strong><\/p>\n\n\n\n<p class=\"has-text-align-center has-small-font-size\">Atividade integrante do evento: <strong><em>(Agri)Cultura &#8211; \u00c9 Horta de Trocar Hist\u00f3rias<\/em><\/strong>, que foi seguida de duas outras atividades: \u00e0s 16h o <a href=\"https:\/\/www.quintaoficina.pt\/index.php\/culinaria\/\" target=\"_blank\" rel=\"noreferrer noopener\">WORKSHOP DE CULIN\u00c1RIA<\/a> com a Chefe <strong>Carolina Salgado<\/strong> e \u00e0s 17h a estreia do espet\u00e1culo teatral com m\u00fasica ao vivo &#8220;<a rel=\"noreferrer noopener\" href=\"https:\/\/www.quintaoficina.pt\/index.php\/sementes\/\" target=\"_blank\">AS IDEIAS S\u00c3O COMO AS SEMENTES<\/a>&#8220;<\/p>\n\n\n\n<p class=\"has-text-align-center has-small-font-size\"><strong>Entrada Gr\u00e1tis<\/strong><\/p>\n\n\n<div class=\"wp-block-image\">\n<figure class=\"aligncenter size-large is-resized\"><img loading=\"lazy\" decoding=\"async\" width=\"1024\" height=\"207\" src=\"https:\/\/www.quintaoficina.pt\/wp-content\/uploads\/2021\/08\/CMV-Viseu-Cultura-Brand-Hor-Cor-Projetos-Pos-1024x207.png\" alt=\"\" class=\"wp-image-1900\" style=\"width:384px;height:77px\" srcset=\"https:\/\/www.quintaoficina.pt\/wp-content\/uploads\/2021\/08\/CMV-Viseu-Cultura-Brand-Hor-Cor-Projetos-Pos-1024x207.png 1024w, https:\/\/www.quintaoficina.pt\/wp-content\/uploads\/2021\/08\/CMV-Viseu-Cultura-Brand-Hor-Cor-Projetos-Pos-300x61.png 300w, https:\/\/www.quintaoficina.pt\/wp-content\/uploads\/2021\/08\/CMV-Viseu-Cultura-Brand-Hor-Cor-Projetos-Pos-768x155.png 768w, https:\/\/www.quintaoficina.pt\/wp-content\/uploads\/2021\/08\/CMV-Viseu-Cultura-Brand-Hor-Cor-Projetos-Pos-1536x310.png 1536w, https:\/\/www.quintaoficina.pt\/wp-content\/uploads\/2021\/08\/CMV-Viseu-Cultura-Brand-Hor-Cor-Projetos-Pos-2048x414.png 2048w\" sizes=\"auto, (max-width: 767px) 89vw, (max-width: 1000px) 54vw, (max-width: 1071px) 543px, 580px\" \/><\/figure>\n<\/div>\n\n\n<p><\/p>\n","protected":false},"excerpt":{"rendered":"<p>&#8220;Isso j\u00e1 n\u00e3o \u00e9 do meu tempo&#8221;&#8230; &#8221; Isso \u00e9 outra hist\u00f3ria&#8221;&#8230; Pois \u00e9, mas estes Trocadores de Hist\u00f3rias, guardam um canto,&nbsp;cheio de contos, que n\u00e3o se v\u00eaem, n\u00e3o se tocam. S\u00e3o do tempo em que as hist\u00f3rias n\u00e3o tinham onde poisar as letras. Vinham de bocas que entravam pelo ouvido,&nbsp;bocas cheias de ideias que &hellip; <\/p>\n<p class=\"link-more\"><a href=\"https:\/\/www.quintaoficina.pt\/index.php\/trocadores-de-historias\/\" class=\"more-link\">Continuar a ler <span class=\"screen-reader-text\">&#8220;Trocadores de Hist\u00f3rias&#8221;<\/span><\/a><\/p>\n","protected":false},"author":1,"featured_media":0,"parent":0,"menu_order":0,"comment_status":"closed","ping_status":"closed","template":"template-full-width.php","meta":{"footnotes":""},"class_list":["post-1872","page","type-page","status-publish","hentry"],"_links":{"self":[{"href":"https:\/\/www.quintaoficina.pt\/index.php\/wp-json\/wp\/v2\/pages\/1872","targetHints":{"allow":["GET"]}}],"collection":[{"href":"https:\/\/www.quintaoficina.pt\/index.php\/wp-json\/wp\/v2\/pages"}],"about":[{"href":"https:\/\/www.quintaoficina.pt\/index.php\/wp-json\/wp\/v2\/types\/page"}],"author":[{"embeddable":true,"href":"https:\/\/www.quintaoficina.pt\/index.php\/wp-json\/wp\/v2\/users\/1"}],"replies":[{"embeddable":true,"href":"https:\/\/www.quintaoficina.pt\/index.php\/wp-json\/wp\/v2\/comments?post=1872"}],"version-history":[{"count":42,"href":"https:\/\/www.quintaoficina.pt\/index.php\/wp-json\/wp\/v2\/pages\/1872\/revisions"}],"predecessor-version":[{"id":4992,"href":"https:\/\/www.quintaoficina.pt\/index.php\/wp-json\/wp\/v2\/pages\/1872\/revisions\/4992"}],"wp:attachment":[{"href":"https:\/\/www.quintaoficina.pt\/index.php\/wp-json\/wp\/v2\/media?parent=1872"}],"curies":[{"name":"wp","href":"https:\/\/api.w.org\/{rel}","templated":true}]}}