{"id":2009,"date":"2021-10-31T09:36:41","date_gmt":"2021-10-31T09:36:41","guid":{"rendered":"http:\/\/www.quintaoficina.pt\/?page_id=2009"},"modified":"2022-10-23T21:44:18","modified_gmt":"2022-10-23T20:44:18","slug":"a-sereia-do-douro","status":"publish","type":"page","link":"https:\/\/www.quintaoficina.pt\/index.php\/a-sereia-do-douro\/","title":{"rendered":"A SEREIA DO DOURO"},"content":{"rendered":"\n<h2 class=\"wp-block-heading\">&#8220;<strong><em>A Sereia do Douro e a Menina das Socas de Couro<\/em><\/strong>&#8220;<\/h2>\n\n\n\n<figure class=\"wp-block-embed is-type-video is-provider-youtube wp-block-embed-youtube wp-embed-aspect-16-9 wp-has-aspect-ratio\"><div class=\"wp-block-embed__wrapper\">\n<iframe loading=\"lazy\" title=\"A Seria do Douro e a Menina das Socas de Couro\" width=\"525\" height=\"295\" src=\"https:\/\/www.youtube.com\/embed\/Xd9ONqTmAyQ?feature=oembed\" frameborder=\"0\" allow=\"accelerometer; autoplay; clipboard-write; encrypted-media; gyroscope; picture-in-picture; web-share\" referrerpolicy=\"strict-origin-when-cross-origin\" allowfullscreen><\/iframe>\n<\/div><\/figure>\n\n\n\n<p>Espect\u00e1culo criado com base nas mem\u00f3rias de inf\u00e2ncia de um pequeno grupo de senhoras de Mid\u00f5es, freguesia de Gondarem, em Castelo de Paiva e desenvolvido em 5 oficinas de cria\u00e7\u00e3o e express\u00e3o dram\u00e1tica. A apresenta\u00e7\u00e3o aconteceu no dia 23 e 24 de Outubro de 2021, com participa\u00e7\u00e3o dos Kamuf Folk Band.<\/p>\n\n\n\n<figure class=\"wp-block-gallery has-nested-images columns-default is-cropped wp-block-gallery-1 is-layout-flex wp-block-gallery-is-layout-flex\">\n<figure class=\"wp-block-image size-large\"><img loading=\"lazy\" decoding=\"async\" width=\"1024\" height=\"683\" data-id=\"2021\" src=\"https:\/\/www.quintaoficina.pt\/wp-content\/uploads\/2021\/10\/249669710_173287598333844_4875825208695909570_n-1024x683.jpeg\" alt=\"\" class=\"wp-image-2021\" srcset=\"https:\/\/www.quintaoficina.pt\/wp-content\/uploads\/2021\/10\/249669710_173287598333844_4875825208695909570_n-1024x683.jpeg 1024w, https:\/\/www.quintaoficina.pt\/wp-content\/uploads\/2021\/10\/249669710_173287598333844_4875825208695909570_n-300x200.jpeg 300w, https:\/\/www.quintaoficina.pt\/wp-content\/uploads\/2021\/10\/249669710_173287598333844_4875825208695909570_n-768x512.jpeg 768w, https:\/\/www.quintaoficina.pt\/wp-content\/uploads\/2021\/10\/249669710_173287598333844_4875825208695909570_n-1536x1024.jpeg 1536w, https:\/\/www.quintaoficina.pt\/wp-content\/uploads\/2021\/10\/249669710_173287598333844_4875825208695909570_n.jpeg 1920w\" sizes=\"auto, (max-width: 767px) 89vw, (max-width: 1000px) 54vw, (max-width: 1071px) 543px, 580px\" \/><\/figure>\n\n\n\n<figure class=\"wp-block-image size-large\"><img loading=\"lazy\" decoding=\"async\" width=\"683\" height=\"1024\" data-id=\"2024\" src=\"https:\/\/www.quintaoficina.pt\/wp-content\/uploads\/2021\/10\/248340088_173289618333642_5245328573779949012_n-683x1024.jpeg\" alt=\"\" class=\"wp-image-2024\" srcset=\"https:\/\/www.quintaoficina.pt\/wp-content\/uploads\/2021\/10\/248340088_173289618333642_5245328573779949012_n-683x1024.jpeg 683w, https:\/\/www.quintaoficina.pt\/wp-content\/uploads\/2021\/10\/248340088_173289618333642_5245328573779949012_n-200x300.jpeg 200w, https:\/\/www.quintaoficina.pt\/wp-content\/uploads\/2021\/10\/248340088_173289618333642_5245328573779949012_n-768x1152.jpeg 768w, https:\/\/www.quintaoficina.pt\/wp-content\/uploads\/2021\/10\/248340088_173289618333642_5245328573779949012_n-1024x1536.jpeg 1024w, https:\/\/www.quintaoficina.pt\/wp-content\/uploads\/2021\/10\/248340088_173289618333642_5245328573779949012_n.jpeg 1280w\" sizes=\"auto, (max-width: 683px) 100vw, 683px\" \/><\/figure>\n\n\n\n<figure class=\"wp-block-image size-large\"><img loading=\"lazy\" decoding=\"async\" width=\"1024\" height=\"683\" data-id=\"2025\" src=\"https:\/\/www.quintaoficina.pt\/wp-content\/uploads\/2021\/10\/248344236_173289885000282_6838302203374557335_n-1024x683.jpeg\" alt=\"\" class=\"wp-image-2025\" srcset=\"https:\/\/www.quintaoficina.pt\/wp-content\/uploads\/2021\/10\/248344236_173289885000282_6838302203374557335_n-1024x683.jpeg 1024w, https:\/\/www.quintaoficina.pt\/wp-content\/uploads\/2021\/10\/248344236_173289885000282_6838302203374557335_n-300x200.jpeg 300w, https:\/\/www.quintaoficina.pt\/wp-content\/uploads\/2021\/10\/248344236_173289885000282_6838302203374557335_n-768x512.jpeg 768w, https:\/\/www.quintaoficina.pt\/wp-content\/uploads\/2021\/10\/248344236_173289885000282_6838302203374557335_n-1536x1024.jpeg 1536w, https:\/\/www.quintaoficina.pt\/wp-content\/uploads\/2021\/10\/248344236_173289885000282_6838302203374557335_n.jpeg 1920w\" sizes=\"auto, (max-width: 767px) 89vw, (max-width: 1000px) 54vw, (max-width: 1071px) 543px, 580px\" \/><\/figure>\n\n\n\n<figure class=\"wp-block-image size-large\"><img loading=\"lazy\" decoding=\"async\" width=\"683\" height=\"1024\" data-id=\"2026\" src=\"https:\/\/www.quintaoficina.pt\/wp-content\/uploads\/2021\/10\/248366974_173287731667164_1555105308098470600_n-683x1024.jpeg\" alt=\"\" class=\"wp-image-2026\" srcset=\"https:\/\/www.quintaoficina.pt\/wp-content\/uploads\/2021\/10\/248366974_173287731667164_1555105308098470600_n-683x1024.jpeg 683w, https:\/\/www.quintaoficina.pt\/wp-content\/uploads\/2021\/10\/248366974_173287731667164_1555105308098470600_n-200x300.jpeg 200w, https:\/\/www.quintaoficina.pt\/wp-content\/uploads\/2021\/10\/248366974_173287731667164_1555105308098470600_n-768x1152.jpeg 768w, https:\/\/www.quintaoficina.pt\/wp-content\/uploads\/2021\/10\/248366974_173287731667164_1555105308098470600_n-1024x1536.jpeg 1024w, https:\/\/www.quintaoficina.pt\/wp-content\/uploads\/2021\/10\/248366974_173287731667164_1555105308098470600_n.jpeg 1280w\" sizes=\"auto, (max-width: 683px) 100vw, 683px\" \/><\/figure>\n\n\n\n<figure class=\"wp-block-image size-large\"><img loading=\"lazy\" decoding=\"async\" width=\"1024\" height=\"683\" data-id=\"2027\" src=\"https:\/\/www.quintaoficina.pt\/wp-content\/uploads\/2021\/10\/248396722_173288218333782_944195759684007230_n-1024x683.jpeg\" alt=\"\" class=\"wp-image-2027\" srcset=\"https:\/\/www.quintaoficina.pt\/wp-content\/uploads\/2021\/10\/248396722_173288218333782_944195759684007230_n-1024x683.jpeg 1024w, https:\/\/www.quintaoficina.pt\/wp-content\/uploads\/2021\/10\/248396722_173288218333782_944195759684007230_n-300x200.jpeg 300w, https:\/\/www.quintaoficina.pt\/wp-content\/uploads\/2021\/10\/248396722_173288218333782_944195759684007230_n-768x512.jpeg 768w, https:\/\/www.quintaoficina.pt\/wp-content\/uploads\/2021\/10\/248396722_173288218333782_944195759684007230_n-1536x1024.jpeg 1536w, https:\/\/www.quintaoficina.pt\/wp-content\/uploads\/2021\/10\/248396722_173288218333782_944195759684007230_n.jpeg 1920w\" sizes=\"auto, (max-width: 767px) 89vw, (max-width: 1000px) 54vw, (max-width: 1071px) 543px, 580px\" \/><\/figure>\n\n\n\n<figure class=\"wp-block-image size-large\"><img loading=\"lazy\" decoding=\"async\" width=\"683\" height=\"1024\" data-id=\"2028\" src=\"https:\/\/www.quintaoficina.pt\/wp-content\/uploads\/2021\/10\/248418986_173289588333645_8001000231647729640_n-683x1024.jpeg\" alt=\"\" class=\"wp-image-2028\" srcset=\"https:\/\/www.quintaoficina.pt\/wp-content\/uploads\/2021\/10\/248418986_173289588333645_8001000231647729640_n-683x1024.jpeg 683w, https:\/\/www.quintaoficina.pt\/wp-content\/uploads\/2021\/10\/248418986_173289588333645_8001000231647729640_n-200x300.jpeg 200w, https:\/\/www.quintaoficina.pt\/wp-content\/uploads\/2021\/10\/248418986_173289588333645_8001000231647729640_n-768x1152.jpeg 768w, https:\/\/www.quintaoficina.pt\/wp-content\/uploads\/2021\/10\/248418986_173289588333645_8001000231647729640_n-1024x1536.jpeg 1024w, https:\/\/www.quintaoficina.pt\/wp-content\/uploads\/2021\/10\/248418986_173289588333645_8001000231647729640_n.jpeg 1280w\" sizes=\"auto, (max-width: 683px) 100vw, 683px\" \/><\/figure>\n\n\n\n<figure class=\"wp-block-image size-large\"><img loading=\"lazy\" decoding=\"async\" width=\"1024\" height=\"683\" data-id=\"2029\" src=\"https:\/\/www.quintaoficina.pt\/wp-content\/uploads\/2021\/10\/248428889_173288801667057_3627332712294642949_n-1024x683.jpeg\" alt=\"\" class=\"wp-image-2029\" srcset=\"https:\/\/www.quintaoficina.pt\/wp-content\/uploads\/2021\/10\/248428889_173288801667057_3627332712294642949_n-1024x683.jpeg 1024w, https:\/\/www.quintaoficina.pt\/wp-content\/uploads\/2021\/10\/248428889_173288801667057_3627332712294642949_n-300x200.jpeg 300w, https:\/\/www.quintaoficina.pt\/wp-content\/uploads\/2021\/10\/248428889_173288801667057_3627332712294642949_n-768x512.jpeg 768w, https:\/\/www.quintaoficina.pt\/wp-content\/uploads\/2021\/10\/248428889_173288801667057_3627332712294642949_n-1536x1024.jpeg 1536w, https:\/\/www.quintaoficina.pt\/wp-content\/uploads\/2021\/10\/248428889_173288801667057_3627332712294642949_n.jpeg 1920w\" sizes=\"auto, (max-width: 767px) 89vw, (max-width: 1000px) 54vw, (max-width: 1071px) 543px, 580px\" \/><\/figure>\n\n\n\n<figure class=\"wp-block-image size-large\"><img loading=\"lazy\" decoding=\"async\" width=\"1024\" height=\"683\" data-id=\"2030\" src=\"https:\/\/www.quintaoficina.pt\/wp-content\/uploads\/2021\/10\/248479870_173286541667283_6383037027653238443_n-1024x683.jpeg\" alt=\"\" class=\"wp-image-2030\" srcset=\"https:\/\/www.quintaoficina.pt\/wp-content\/uploads\/2021\/10\/248479870_173286541667283_6383037027653238443_n-1024x683.jpeg 1024w, https:\/\/www.quintaoficina.pt\/wp-content\/uploads\/2021\/10\/248479870_173286541667283_6383037027653238443_n-300x200.jpeg 300w, https:\/\/www.quintaoficina.pt\/wp-content\/uploads\/2021\/10\/248479870_173286541667283_6383037027653238443_n-768x512.jpeg 768w, https:\/\/www.quintaoficina.pt\/wp-content\/uploads\/2021\/10\/248479870_173286541667283_6383037027653238443_n-1536x1024.jpeg 1536w, https:\/\/www.quintaoficina.pt\/wp-content\/uploads\/2021\/10\/248479870_173286541667283_6383037027653238443_n.jpeg 1920w\" sizes=\"auto, (max-width: 767px) 89vw, (max-width: 1000px) 54vw, (max-width: 1071px) 543px, 580px\" \/><\/figure>\n\n\n\n<figure class=\"wp-block-image size-large\"><img loading=\"lazy\" decoding=\"async\" width=\"683\" height=\"1024\" data-id=\"2031\" src=\"https:\/\/www.quintaoficina.pt\/wp-content\/uploads\/2021\/10\/248596323_173287841667153_1223294963688124013_n-683x1024.jpeg\" alt=\"\" class=\"wp-image-2031\" srcset=\"https:\/\/www.quintaoficina.pt\/wp-content\/uploads\/2021\/10\/248596323_173287841667153_1223294963688124013_n-683x1024.jpeg 683w, https:\/\/www.quintaoficina.pt\/wp-content\/uploads\/2021\/10\/248596323_173287841667153_1223294963688124013_n-200x300.jpeg 200w, https:\/\/www.quintaoficina.pt\/wp-content\/uploads\/2021\/10\/248596323_173287841667153_1223294963688124013_n-768x1152.jpeg 768w, https:\/\/www.quintaoficina.pt\/wp-content\/uploads\/2021\/10\/248596323_173287841667153_1223294963688124013_n-1024x1536.jpeg 1024w, https:\/\/www.quintaoficina.pt\/wp-content\/uploads\/2021\/10\/248596323_173287841667153_1223294963688124013_n.jpeg 1280w\" sizes=\"auto, (max-width: 683px) 100vw, 683px\" \/><\/figure>\n\n\n\n<figure class=\"wp-block-image size-large\"><img loading=\"lazy\" decoding=\"async\" width=\"1024\" height=\"683\" data-id=\"2032\" src=\"https:\/\/www.quintaoficina.pt\/wp-content\/uploads\/2021\/10\/248642149_173289518333652_8036692993922593038_n-1024x683.jpeg\" alt=\"\" class=\"wp-image-2032\" srcset=\"https:\/\/www.quintaoficina.pt\/wp-content\/uploads\/2021\/10\/248642149_173289518333652_8036692993922593038_n-1024x683.jpeg 1024w, https:\/\/www.quintaoficina.pt\/wp-content\/uploads\/2021\/10\/248642149_173289518333652_8036692993922593038_n-300x200.jpeg 300w, https:\/\/www.quintaoficina.pt\/wp-content\/uploads\/2021\/10\/248642149_173289518333652_8036692993922593038_n-768x512.jpeg 768w, https:\/\/www.quintaoficina.pt\/wp-content\/uploads\/2021\/10\/248642149_173289518333652_8036692993922593038_n-1536x1024.jpeg 1536w, https:\/\/www.quintaoficina.pt\/wp-content\/uploads\/2021\/10\/248642149_173289518333652_8036692993922593038_n.jpeg 1920w\" sizes=\"auto, (max-width: 767px) 89vw, (max-width: 1000px) 54vw, (max-width: 1071px) 543px, 580px\" \/><\/figure>\n\n\n\n<figure class=\"wp-block-image size-large\"><img loading=\"lazy\" decoding=\"async\" width=\"1024\" height=\"683\" data-id=\"2033\" src=\"https:\/\/www.quintaoficina.pt\/wp-content\/uploads\/2021\/10\/248689247_173289651666972_8611257482223698211_n-1024x683.jpeg\" alt=\"\" class=\"wp-image-2033\" srcset=\"https:\/\/www.quintaoficina.pt\/wp-content\/uploads\/2021\/10\/248689247_173289651666972_8611257482223698211_n-1024x683.jpeg 1024w, https:\/\/www.quintaoficina.pt\/wp-content\/uploads\/2021\/10\/248689247_173289651666972_8611257482223698211_n-300x200.jpeg 300w, https:\/\/www.quintaoficina.pt\/wp-content\/uploads\/2021\/10\/248689247_173289651666972_8611257482223698211_n-768x512.jpeg 768w, https:\/\/www.quintaoficina.pt\/wp-content\/uploads\/2021\/10\/248689247_173289651666972_8611257482223698211_n-1536x1024.jpeg 1536w, https:\/\/www.quintaoficina.pt\/wp-content\/uploads\/2021\/10\/248689247_173289651666972_8611257482223698211_n.jpeg 1920w\" sizes=\"auto, (max-width: 767px) 89vw, (max-width: 1000px) 54vw, (max-width: 1071px) 543px, 580px\" \/><\/figure>\n\n\n\n<figure class=\"wp-block-image size-large\"><img loading=\"lazy\" decoding=\"async\" width=\"1024\" height=\"683\" data-id=\"2034\" src=\"https:\/\/www.quintaoficina.pt\/wp-content\/uploads\/2021\/10\/248795423_173289391666998_5022962819692875398_n-1024x683.jpeg\" alt=\"\" class=\"wp-image-2034\" srcset=\"https:\/\/www.quintaoficina.pt\/wp-content\/uploads\/2021\/10\/248795423_173289391666998_5022962819692875398_n-1024x683.jpeg 1024w, https:\/\/www.quintaoficina.pt\/wp-content\/uploads\/2021\/10\/248795423_173289391666998_5022962819692875398_n-300x200.jpeg 300w, https:\/\/www.quintaoficina.pt\/wp-content\/uploads\/2021\/10\/248795423_173289391666998_5022962819692875398_n-768x512.jpeg 768w, https:\/\/www.quintaoficina.pt\/wp-content\/uploads\/2021\/10\/248795423_173289391666998_5022962819692875398_n-1536x1024.jpeg 1536w, https:\/\/www.quintaoficina.pt\/wp-content\/uploads\/2021\/10\/248795423_173289391666998_5022962819692875398_n.jpeg 1920w\" sizes=\"auto, (max-width: 767px) 89vw, (max-width: 1000px) 54vw, (max-width: 1071px) 543px, 580px\" \/><\/figure>\n\n\n\n<figure class=\"wp-block-image size-large\"><img loading=\"lazy\" decoding=\"async\" width=\"1024\" height=\"683\" data-id=\"2035\" src=\"https:\/\/www.quintaoficina.pt\/wp-content\/uploads\/2021\/10\/248945669_173289745000296_1778454493939063329_n-1024x683.jpeg\" alt=\"\" class=\"wp-image-2035\" srcset=\"https:\/\/www.quintaoficina.pt\/wp-content\/uploads\/2021\/10\/248945669_173289745000296_1778454493939063329_n-1024x683.jpeg 1024w, https:\/\/www.quintaoficina.pt\/wp-content\/uploads\/2021\/10\/248945669_173289745000296_1778454493939063329_n-300x200.jpeg 300w, https:\/\/www.quintaoficina.pt\/wp-content\/uploads\/2021\/10\/248945669_173289745000296_1778454493939063329_n-768x512.jpeg 768w, https:\/\/www.quintaoficina.pt\/wp-content\/uploads\/2021\/10\/248945669_173289745000296_1778454493939063329_n-1536x1024.jpeg 1536w, https:\/\/www.quintaoficina.pt\/wp-content\/uploads\/2021\/10\/248945669_173289745000296_1778454493939063329_n.jpeg 1920w\" sizes=\"auto, (max-width: 767px) 89vw, (max-width: 1000px) 54vw, (max-width: 1071px) 543px, 580px\" \/><\/figure>\n\n\n\n<figure class=\"wp-block-image size-large\"><img loading=\"lazy\" decoding=\"async\" width=\"1024\" height=\"683\" data-id=\"2036\" src=\"https:\/\/www.quintaoficina.pt\/wp-content\/uploads\/2021\/10\/248945678_173289255000345_4356663207531909114_n-1024x683.jpeg\" alt=\"\" class=\"wp-image-2036\" srcset=\"https:\/\/www.quintaoficina.pt\/wp-content\/uploads\/2021\/10\/248945678_173289255000345_4356663207531909114_n-1024x683.jpeg 1024w, https:\/\/www.quintaoficina.pt\/wp-content\/uploads\/2021\/10\/248945678_173289255000345_4356663207531909114_n-300x200.jpeg 300w, https:\/\/www.quintaoficina.pt\/wp-content\/uploads\/2021\/10\/248945678_173289255000345_4356663207531909114_n-768x512.jpeg 768w, https:\/\/www.quintaoficina.pt\/wp-content\/uploads\/2021\/10\/248945678_173289255000345_4356663207531909114_n-1536x1024.jpeg 1536w, https:\/\/www.quintaoficina.pt\/wp-content\/uploads\/2021\/10\/248945678_173289255000345_4356663207531909114_n.jpeg 1920w\" sizes=\"auto, (max-width: 767px) 89vw, (max-width: 1000px) 54vw, (max-width: 1071px) 543px, 580px\" \/><\/figure>\n\n\n\n<figure class=\"wp-block-image size-large\"><img loading=\"lazy\" decoding=\"async\" width=\"1024\" height=\"683\" data-id=\"2037\" src=\"https:\/\/www.quintaoficina.pt\/wp-content\/uploads\/2021\/10\/249184488_173289928333611_8831957208811466738_n-1024x683.jpeg\" alt=\"\" class=\"wp-image-2037\" srcset=\"https:\/\/www.quintaoficina.pt\/wp-content\/uploads\/2021\/10\/249184488_173289928333611_8831957208811466738_n-1024x683.jpeg 1024w, https:\/\/www.quintaoficina.pt\/wp-content\/uploads\/2021\/10\/249184488_173289928333611_8831957208811466738_n-300x200.jpeg 300w, https:\/\/www.quintaoficina.pt\/wp-content\/uploads\/2021\/10\/249184488_173289928333611_8831957208811466738_n-768x512.jpeg 768w, https:\/\/www.quintaoficina.pt\/wp-content\/uploads\/2021\/10\/249184488_173289928333611_8831957208811466738_n-1536x1024.jpeg 1536w, https:\/\/www.quintaoficina.pt\/wp-content\/uploads\/2021\/10\/249184488_173289928333611_8831957208811466738_n.jpeg 1920w\" sizes=\"auto, (max-width: 767px) 89vw, (max-width: 1000px) 54vw, (max-width: 1071px) 543px, 580px\" \/><\/figure>\n\n\n\n<figure class=\"wp-block-image size-large\"><img loading=\"lazy\" decoding=\"async\" width=\"1024\" height=\"683\" data-id=\"2038\" src=\"https:\/\/www.quintaoficina.pt\/wp-content\/uploads\/2021\/10\/249334028_173286851667252_3159431575799460321_n-1024x683.jpeg\" alt=\"\" class=\"wp-image-2038\" srcset=\"https:\/\/www.quintaoficina.pt\/wp-content\/uploads\/2021\/10\/249334028_173286851667252_3159431575799460321_n-1024x683.jpeg 1024w, https:\/\/www.quintaoficina.pt\/wp-content\/uploads\/2021\/10\/249334028_173286851667252_3159431575799460321_n-300x200.jpeg 300w, https:\/\/www.quintaoficina.pt\/wp-content\/uploads\/2021\/10\/249334028_173286851667252_3159431575799460321_n-768x512.jpeg 768w, https:\/\/www.quintaoficina.pt\/wp-content\/uploads\/2021\/10\/249334028_173286851667252_3159431575799460321_n-1536x1024.jpeg 1536w, https:\/\/www.quintaoficina.pt\/wp-content\/uploads\/2021\/10\/249334028_173286851667252_3159431575799460321_n.jpeg 1920w\" sizes=\"auto, (max-width: 767px) 89vw, (max-width: 1000px) 54vw, (max-width: 1071px) 543px, 580px\" \/><\/figure>\n\n\n\n<figure class=\"wp-block-image size-large\"><img loading=\"lazy\" decoding=\"async\" width=\"1024\" height=\"768\" data-id=\"2040\" src=\"https:\/\/www.quintaoficina.pt\/wp-content\/uploads\/2021\/10\/247324382_10227552683225255_6343572261979463755_n-1-1024x768.jpeg\" alt=\"\" class=\"wp-image-2040\" srcset=\"https:\/\/www.quintaoficina.pt\/wp-content\/uploads\/2021\/10\/247324382_10227552683225255_6343572261979463755_n-1-1024x768.jpeg 1024w, https:\/\/www.quintaoficina.pt\/wp-content\/uploads\/2021\/10\/247324382_10227552683225255_6343572261979463755_n-1-300x225.jpeg 300w, https:\/\/www.quintaoficina.pt\/wp-content\/uploads\/2021\/10\/247324382_10227552683225255_6343572261979463755_n-1-768x576.jpeg 768w, https:\/\/www.quintaoficina.pt\/wp-content\/uploads\/2021\/10\/247324382_10227552683225255_6343572261979463755_n-1-1536x1152.jpeg 1536w, https:\/\/www.quintaoficina.pt\/wp-content\/uploads\/2021\/10\/247324382_10227552683225255_6343572261979463755_n-1.jpeg 2048w\" sizes=\"auto, (max-width: 767px) 89vw, (max-width: 1000px) 54vw, (max-width: 1071px) 543px, 580px\" \/><\/figure>\n\n\n\n<figure class=\"wp-block-image size-large\"><img loading=\"lazy\" decoding=\"async\" width=\"1024\" height=\"1024\" data-id=\"2039\" src=\"https:\/\/www.quintaoficina.pt\/wp-content\/uploads\/2021\/10\/245790946_10227552682225230_8279275990329820941_n-1-1024x1024.jpeg\" alt=\"\" class=\"wp-image-2039\" srcset=\"https:\/\/www.quintaoficina.pt\/wp-content\/uploads\/2021\/10\/245790946_10227552682225230_8279275990329820941_n-1-1024x1024.jpeg 1024w, https:\/\/www.quintaoficina.pt\/wp-content\/uploads\/2021\/10\/245790946_10227552682225230_8279275990329820941_n-1-300x300.jpeg 300w, https:\/\/www.quintaoficina.pt\/wp-content\/uploads\/2021\/10\/245790946_10227552682225230_8279275990329820941_n-1-150x150.jpeg 150w, https:\/\/www.quintaoficina.pt\/wp-content\/uploads\/2021\/10\/245790946_10227552682225230_8279275990329820941_n-1-768x768.jpeg 768w, https:\/\/www.quintaoficina.pt\/wp-content\/uploads\/2021\/10\/245790946_10227552682225230_8279275990329820941_n-1-1536x1536.jpeg 1536w, https:\/\/www.quintaoficina.pt\/wp-content\/uploads\/2021\/10\/245790946_10227552682225230_8279275990329820941_n-1-100x100.jpeg 100w, https:\/\/www.quintaoficina.pt\/wp-content\/uploads\/2021\/10\/245790946_10227552682225230_8279275990329820941_n-1.jpeg 2048w\" sizes=\"auto, (max-width: 767px) 89vw, (max-width: 1000px) 54vw, (max-width: 1071px) 543px, 580px\" \/><\/figure>\n<\/figure>\n\n\n\n<p>Este espet\u00e1culo, promovido pela ADRIMAG em parceria com a Academia de M\u00fasica de Castelo de Paiva, insere-se no programa do evento Lendas Mil, financiado pelo Norte2020, Patrim\u00f3nio Cultural &#8211; Programa\u00e7\u00e3o Cultural em Rede.<\/p>\n\n\n\n<p>Ficha T\u00e9cnica:<br>Interpreta\u00e7\u00e3o: <strong>Comunidade de Mid\u00f5es<\/strong><br>Participa\u00e7\u00e3o especial: <strong>Daniel Matos<\/strong><br>M\u00fasica: <strong>Kamuf Folk Band<\/strong><br>Cria\u00e7\u00e3o: <strong>Quinta Oficina<\/strong><br>Dire\u00e7\u00e3o e Encena\u00e7\u00e3o &#8211; <strong>Z\u00e9 Pedro Ramos<\/strong><br>Desenho de Luz &#8211; <strong>Rui P\u00eava<\/strong><br>Opera\u00e7\u00e3o de Som &#8211; <strong>Paulo<\/strong> <strong>Matos<\/strong><br>Produ\u00e7\u00e3o &#8211; <strong>Filipa Est\u00eav\u00e3o <\/strong>(<strong><em>ATASA<\/em><\/strong>)<\/p>\n\n\n\n<figure class=\"wp-block-embed is-type-video is-provider-youtube wp-block-embed-youtube wp-embed-aspect-16-9 wp-has-aspect-ratio\"><div class=\"wp-block-embed__wrapper\">\n<iframe loading=\"lazy\" title=\"Oficina de Express\u00e3o Dram\u00e1tica e Artes Circenses\" width=\"525\" height=\"295\" src=\"https:\/\/www.youtube.com\/embed\/UIHb5Cy6Yxo?feature=oembed\" frameborder=\"0\" allow=\"accelerometer; autoplay; clipboard-write; encrypted-media; gyroscope; picture-in-picture; web-share\" referrerpolicy=\"strict-origin-when-cross-origin\" allowfullscreen><\/iframe>\n<\/div><\/figure>\n","protected":false},"excerpt":{"rendered":"<p>&#8220;A Sereia do Douro e a Menina das Socas de Couro&#8220; Espect\u00e1culo criado com base nas mem\u00f3rias de inf\u00e2ncia de um pequeno grupo de senhoras de Mid\u00f5es, freguesia de Gondarem, em Castelo de Paiva e desenvolvido em 5 oficinas de cria\u00e7\u00e3o e express\u00e3o dram\u00e1tica. A apresenta\u00e7\u00e3o aconteceu no dia 23 e 24 de Outubro de &hellip; <\/p>\n<p class=\"link-more\"><a href=\"https:\/\/www.quintaoficina.pt\/index.php\/a-sereia-do-douro\/\" class=\"more-link\">Continuar a ler <span class=\"screen-reader-text\">&#8220;A SEREIA DO DOURO&#8221;<\/span><\/a><\/p>\n","protected":false},"author":1,"featured_media":0,"parent":0,"menu_order":0,"comment_status":"closed","ping_status":"closed","template":"template-full-width.php","meta":{"footnotes":""},"class_list":["post-2009","page","type-page","status-publish","hentry"],"_links":{"self":[{"href":"https:\/\/www.quintaoficina.pt\/index.php\/wp-json\/wp\/v2\/pages\/2009","targetHints":{"allow":["GET"]}}],"collection":[{"href":"https:\/\/www.quintaoficina.pt\/index.php\/wp-json\/wp\/v2\/pages"}],"about":[{"href":"https:\/\/www.quintaoficina.pt\/index.php\/wp-json\/wp\/v2\/types\/page"}],"author":[{"embeddable":true,"href":"https:\/\/www.quintaoficina.pt\/index.php\/wp-json\/wp\/v2\/users\/1"}],"replies":[{"embeddable":true,"href":"https:\/\/www.quintaoficina.pt\/index.php\/wp-json\/wp\/v2\/comments?post=2009"}],"version-history":[{"count":6,"href":"https:\/\/www.quintaoficina.pt\/index.php\/wp-json\/wp\/v2\/pages\/2009\/revisions"}],"predecessor-version":[{"id":2686,"href":"https:\/\/www.quintaoficina.pt\/index.php\/wp-json\/wp\/v2\/pages\/2009\/revisions\/2686"}],"wp:attachment":[{"href":"https:\/\/www.quintaoficina.pt\/index.php\/wp-json\/wp\/v2\/media?parent=2009"}],"curies":[{"name":"wp","href":"https:\/\/api.w.org\/{rel}","templated":true}]}}