{"id":2015,"date":"2021-10-31T09:52:02","date_gmt":"2021-10-31T09:52:02","guid":{"rendered":"http:\/\/www.quintaoficina.pt\/?page_id=2015"},"modified":"2024-12-14T01:18:15","modified_gmt":"2024-12-14T01:18:15","slug":"caixinha-de-musica","status":"publish","type":"page","link":"https:\/\/www.quintaoficina.pt\/index.php\/caixinha-de-musica\/","title":{"rendered":"CAIXINHA DE M\u00daSICA"},"content":{"rendered":"\n<figure class=\"wp-block-image size-large\"><img loading=\"lazy\" decoding=\"async\" width=\"1024\" height=\"684\" src=\"https:\/\/www.quintaoficina.pt\/wp-content\/uploads\/2022\/10\/LogoCAIXINHAcenario-02-1024x684.jpg\" alt=\"\" class=\"wp-image-2642\" srcset=\"https:\/\/www.quintaoficina.pt\/wp-content\/uploads\/2022\/10\/LogoCAIXINHAcenario-02-1024x684.jpg 1024w, https:\/\/www.quintaoficina.pt\/wp-content\/uploads\/2022\/10\/LogoCAIXINHAcenario-02-300x201.jpg 300w, https:\/\/www.quintaoficina.pt\/wp-content\/uploads\/2022\/10\/LogoCAIXINHAcenario-02-768x513.jpg 768w, https:\/\/www.quintaoficina.pt\/wp-content\/uploads\/2022\/10\/LogoCAIXINHAcenario-02.jpg 1200w\" sizes=\"auto, (max-width: 767px) 89vw, (max-width: 1000px) 54vw, (max-width: 1071px) 543px, 580px\" \/><\/figure>\n\n\n\n<p><strong><em>A CAIXINHA DE M\u00daSICA<\/em><\/strong><br><strong>O Jardineiro<\/strong> foi a personagem (bailarina) de estreia, mas esta poder\u00e1 ser alterada consoante o p\u00fablico e o contexto de apresenta\u00e7\u00e3o desta <strong>COM\u00c9DIA DE IMPROVISO TEATRAL E MUSICAL<\/strong>.<\/p>\n\n\n\n<figure class=\"wp-block-embed is-type-video is-provider-youtube wp-block-embed-youtube wp-embed-aspect-16-9 wp-has-aspect-ratio\"><div class=\"wp-block-embed__wrapper\">\n<iframe loading=\"lazy\" title=\"A Caixinha de M\u00fasica e o Bailarino Jardineiro\" width=\"525\" height=\"295\" src=\"https:\/\/www.youtube.com\/embed\/UF1-Kal8b8c?feature=oembed\" frameborder=\"0\" allow=\"accelerometer; autoplay; clipboard-write; encrypted-media; gyroscope; picture-in-picture; web-share\" referrerpolicy=\"strict-origin-when-cross-origin\" allowfullscreen><\/iframe>\n<\/div><figcaption class=\"wp-element-caption\">Apresentado no \u00e2mbito do programa &#8220;No fio da palavra&#8221;, integrado na atividade &#8220;D&#8217;Ouvir e Chorar por mais&#8221;, promovido pela Associa\u00e7\u00e3o Mochos no Telhado, Viseu 2022<br>FOTOGRAFIA\/V\u00cdDEO de FILIPA \u00c1VILA ANTUNES<\/figcaption><\/figure>\n\n\n\n<figure class=\"wp-block-gallery has-nested-images columns-default is-cropped wp-block-gallery-1 is-layout-flex wp-block-gallery-is-layout-flex\">\n<figure class=\"wp-block-image size-large\"><img loading=\"lazy\" decoding=\"async\" width=\"1024\" height=\"684\" data-id=\"2648\" src=\"https:\/\/www.quintaoficina.pt\/wp-content\/uploads\/2022\/10\/no-fio-da-palavra-Setembro-2-1024x684.jpg\" alt=\"\" class=\"wp-image-2648\" srcset=\"https:\/\/www.quintaoficina.pt\/wp-content\/uploads\/2022\/10\/no-fio-da-palavra-Setembro-2-1024x684.jpg 1024w, https:\/\/www.quintaoficina.pt\/wp-content\/uploads\/2022\/10\/no-fio-da-palavra-Setembro-2-300x200.jpg 300w, https:\/\/www.quintaoficina.pt\/wp-content\/uploads\/2022\/10\/no-fio-da-palavra-Setembro-2-768x513.jpg 768w, https:\/\/www.quintaoficina.pt\/wp-content\/uploads\/2022\/10\/no-fio-da-palavra-Setembro-2-1536x1026.jpg 1536w, https:\/\/www.quintaoficina.pt\/wp-content\/uploads\/2022\/10\/no-fio-da-palavra-Setembro-2.jpg 2000w\" sizes=\"auto, (max-width: 767px) 89vw, (max-width: 1000px) 54vw, (max-width: 1071px) 543px, 580px\" \/><\/figure>\n\n\n\n<figure class=\"wp-block-image size-large\"><img loading=\"lazy\" decoding=\"async\" width=\"1024\" height=\"684\" data-id=\"2645\" src=\"https:\/\/www.quintaoficina.pt\/wp-content\/uploads\/2022\/10\/no-fio-da-palavra-Setembro-25-1024x684.jpg\" alt=\"\" class=\"wp-image-2645\" srcset=\"https:\/\/www.quintaoficina.pt\/wp-content\/uploads\/2022\/10\/no-fio-da-palavra-Setembro-25-1024x684.jpg 1024w, https:\/\/www.quintaoficina.pt\/wp-content\/uploads\/2022\/10\/no-fio-da-palavra-Setembro-25-300x200.jpg 300w, https:\/\/www.quintaoficina.pt\/wp-content\/uploads\/2022\/10\/no-fio-da-palavra-Setembro-25-768x513.jpg 768w, https:\/\/www.quintaoficina.pt\/wp-content\/uploads\/2022\/10\/no-fio-da-palavra-Setembro-25-1536x1026.jpg 1536w, https:\/\/www.quintaoficina.pt\/wp-content\/uploads\/2022\/10\/no-fio-da-palavra-Setembro-25.jpg 2000w\" sizes=\"auto, (max-width: 767px) 89vw, (max-width: 1000px) 54vw, (max-width: 1071px) 543px, 580px\" \/><\/figure>\n\n\n\n<figure class=\"wp-block-image size-large\"><img loading=\"lazy\" decoding=\"async\" width=\"1024\" height=\"684\" data-id=\"2644\" src=\"https:\/\/www.quintaoficina.pt\/wp-content\/uploads\/2022\/10\/no-fio-da-palavra-Setembro-28-1024x684.jpg\" alt=\"\" class=\"wp-image-2644\" srcset=\"https:\/\/www.quintaoficina.pt\/wp-content\/uploads\/2022\/10\/no-fio-da-palavra-Setembro-28-1024x684.jpg 1024w, https:\/\/www.quintaoficina.pt\/wp-content\/uploads\/2022\/10\/no-fio-da-palavra-Setembro-28-300x200.jpg 300w, https:\/\/www.quintaoficina.pt\/wp-content\/uploads\/2022\/10\/no-fio-da-palavra-Setembro-28-768x513.jpg 768w, https:\/\/www.quintaoficina.pt\/wp-content\/uploads\/2022\/10\/no-fio-da-palavra-Setembro-28-1536x1026.jpg 1536w, https:\/\/www.quintaoficina.pt\/wp-content\/uploads\/2022\/10\/no-fio-da-palavra-Setembro-28.jpg 2000w\" sizes=\"auto, (max-width: 767px) 89vw, (max-width: 1000px) 54vw, (max-width: 1071px) 543px, 580px\" \/><\/figure>\n\n\n\n<figure class=\"wp-block-image size-large\"><img loading=\"lazy\" decoding=\"async\" width=\"1024\" height=\"684\" data-id=\"2649\" src=\"https:\/\/www.quintaoficina.pt\/wp-content\/uploads\/2022\/10\/no-fio-da-palavra-Setembro-29-1024x684.jpg\" alt=\"\" class=\"wp-image-2649\" srcset=\"https:\/\/www.quintaoficina.pt\/wp-content\/uploads\/2022\/10\/no-fio-da-palavra-Setembro-29-1024x684.jpg 1024w, https:\/\/www.quintaoficina.pt\/wp-content\/uploads\/2022\/10\/no-fio-da-palavra-Setembro-29-300x200.jpg 300w, https:\/\/www.quintaoficina.pt\/wp-content\/uploads\/2022\/10\/no-fio-da-palavra-Setembro-29-768x513.jpg 768w, https:\/\/www.quintaoficina.pt\/wp-content\/uploads\/2022\/10\/no-fio-da-palavra-Setembro-29-1536x1026.jpg 1536w, https:\/\/www.quintaoficina.pt\/wp-content\/uploads\/2022\/10\/no-fio-da-palavra-Setembro-29.jpg 2000w\" sizes=\"auto, (max-width: 767px) 89vw, (max-width: 1000px) 54vw, (max-width: 1071px) 543px, 580px\" \/><\/figure>\n\n\n\n<figure class=\"wp-block-image size-large\"><img loading=\"lazy\" decoding=\"async\" width=\"1024\" height=\"684\" data-id=\"2647\" src=\"https:\/\/www.quintaoficina.pt\/wp-content\/uploads\/2022\/10\/no-fio-da-palavra-Setembro-16-1024x684.jpg\" alt=\"\" class=\"wp-image-2647\" srcset=\"https:\/\/www.quintaoficina.pt\/wp-content\/uploads\/2022\/10\/no-fio-da-palavra-Setembro-16-1024x684.jpg 1024w, https:\/\/www.quintaoficina.pt\/wp-content\/uploads\/2022\/10\/no-fio-da-palavra-Setembro-16-300x200.jpg 300w, https:\/\/www.quintaoficina.pt\/wp-content\/uploads\/2022\/10\/no-fio-da-palavra-Setembro-16-768x513.jpg 768w, https:\/\/www.quintaoficina.pt\/wp-content\/uploads\/2022\/10\/no-fio-da-palavra-Setembro-16-1536x1026.jpg 1536w, https:\/\/www.quintaoficina.pt\/wp-content\/uploads\/2022\/10\/no-fio-da-palavra-Setembro-16.jpg 2000w\" sizes=\"auto, (max-width: 767px) 89vw, (max-width: 1000px) 54vw, (max-width: 1071px) 543px, 580px\" \/><\/figure>\n\n\n\n<figure class=\"wp-block-image size-large\"><img loading=\"lazy\" decoding=\"async\" width=\"1024\" height=\"684\" data-id=\"2646\" src=\"https:\/\/www.quintaoficina.pt\/wp-content\/uploads\/2022\/10\/no-fio-da-palavra-Setembro-26-1024x684.jpg\" alt=\"\" class=\"wp-image-2646\" srcset=\"https:\/\/www.quintaoficina.pt\/wp-content\/uploads\/2022\/10\/no-fio-da-palavra-Setembro-26-1024x684.jpg 1024w, https:\/\/www.quintaoficina.pt\/wp-content\/uploads\/2022\/10\/no-fio-da-palavra-Setembro-26-300x200.jpg 300w, https:\/\/www.quintaoficina.pt\/wp-content\/uploads\/2022\/10\/no-fio-da-palavra-Setembro-26-768x513.jpg 768w, https:\/\/www.quintaoficina.pt\/wp-content\/uploads\/2022\/10\/no-fio-da-palavra-Setembro-26-1536x1026.jpg 1536w, https:\/\/www.quintaoficina.pt\/wp-content\/uploads\/2022\/10\/no-fio-da-palavra-Setembro-26.jpg 2000w\" sizes=\"auto, (max-width: 767px) 89vw, (max-width: 1000px) 54vw, (max-width: 1071px) 543px, 580px\" \/><\/figure>\n<\/figure>\n\n\n\n<p>SINOPSE:<br>Uma caixa(inha) gigante com gavetas misteriosas que guardam \u201cj\u00f3ias musicais e hist\u00f3rias infinitas\u201d. A bailarina que l\u00e1 deveria estar, foi dan\u00e7ar para outro lado, o m\u00fasico ficou sozinho, mas h\u00e1 sempre um amigo (palha\u00e7o) por perto. Um deles \u00e9 o  jardineiro, que ficou no seu lugar e com a promessa de bem usar a \u201ccorda\u201d que lhe derem. O p\u00fablico escolhe, eles improvisam, mas fica aqui\u00a0j\u00e1\u00a0um conselho: N\u00e3o lhes d\u00eaem muita corda!!!<\/p>\n\n\n\n<figure class=\"wp-block-embed is-type-video is-provider-youtube wp-block-embed-youtube wp-embed-aspect-16-9 wp-has-aspect-ratio\"><div class=\"wp-block-embed__wrapper\">\n<iframe loading=\"lazy\" title=\"A Caixinha de M\u00fasica e o Bailarino Mineiro\" width=\"525\" height=\"295\" src=\"https:\/\/www.youtube.com\/embed\/NXFlyDVtS1c?feature=oembed\" frameborder=\"0\" allow=\"accelerometer; autoplay; clipboard-write; encrypted-media; gyroscope; picture-in-picture; web-share\" referrerpolicy=\"strict-origin-when-cross-origin\" allowfullscreen><\/iframe>\n<\/div><figcaption class=\"wp-element-caption\"><strong><em>A CAIXINHA DE M\u00daSICA E O BAILARINO MINEIRO<\/em><\/strong><br>Minas do Pej\u00e3o &#8211; Castelo de Paiva &#8211; 2022. Espect\u00e1culo promovido pela ADRIMAG em parceria com a ATASA<\/figcaption><\/figure>\n\n\n\n<figure class=\"wp-block-gallery has-nested-images columns-2 wp-block-gallery-2 is-layout-flex wp-block-gallery-is-layout-flex\">\n<figure class=\"wp-block-image size-large\"><img loading=\"lazy\" decoding=\"async\" width=\"1772\" height=\"1181\" data-id=\"2651\" src=\"https:\/\/www.quintaoficina.pt\/wp-content\/uploads\/2022\/10\/IMG_0154.jpg\" alt=\"\" class=\"wp-image-2651\" srcset=\"https:\/\/www.quintaoficina.pt\/wp-content\/uploads\/2022\/10\/IMG_0154.jpg 1772w, https:\/\/www.quintaoficina.pt\/wp-content\/uploads\/2022\/10\/IMG_0154-300x200.jpg 300w, https:\/\/www.quintaoficina.pt\/wp-content\/uploads\/2022\/10\/IMG_0154-1024x682.jpg 1024w, https:\/\/www.quintaoficina.pt\/wp-content\/uploads\/2022\/10\/IMG_0154-768x512.jpg 768w, https:\/\/www.quintaoficina.pt\/wp-content\/uploads\/2022\/10\/IMG_0154-1536x1024.jpg 1536w\" sizes=\"auto, (max-width: 767px) 89vw, (max-width: 1000px) 54vw, (max-width: 1071px) 543px, 580px\" \/><\/figure>\n\n\n\n<figure class=\"wp-block-image size-large\"><img loading=\"lazy\" decoding=\"async\" width=\"1772\" height=\"1181\" data-id=\"2652\" src=\"https:\/\/www.quintaoficina.pt\/wp-content\/uploads\/2022\/10\/IMG_0212.jpg\" alt=\"\" class=\"wp-image-2652\" srcset=\"https:\/\/www.quintaoficina.pt\/wp-content\/uploads\/2022\/10\/IMG_0212.jpg 1772w, https:\/\/www.quintaoficina.pt\/wp-content\/uploads\/2022\/10\/IMG_0212-300x200.jpg 300w, https:\/\/www.quintaoficina.pt\/wp-content\/uploads\/2022\/10\/IMG_0212-1024x682.jpg 1024w, https:\/\/www.quintaoficina.pt\/wp-content\/uploads\/2022\/10\/IMG_0212-768x512.jpg 768w, https:\/\/www.quintaoficina.pt\/wp-content\/uploads\/2022\/10\/IMG_0212-1536x1024.jpg 1536w\" sizes=\"auto, (max-width: 767px) 89vw, (max-width: 1000px) 54vw, (max-width: 1071px) 543px, 580px\" \/><\/figure>\n\n\n\n<figure class=\"wp-block-image size-large\"><img loading=\"lazy\" decoding=\"async\" width=\"1181\" height=\"1772\" data-id=\"2653\" src=\"https:\/\/www.quintaoficina.pt\/wp-content\/uploads\/2022\/10\/IMG_0231.jpg\" alt=\"\" class=\"wp-image-2653\" srcset=\"https:\/\/www.quintaoficina.pt\/wp-content\/uploads\/2022\/10\/IMG_0231.jpg 1181w, https:\/\/www.quintaoficina.pt\/wp-content\/uploads\/2022\/10\/IMG_0231-200x300.jpg 200w, https:\/\/www.quintaoficina.pt\/wp-content\/uploads\/2022\/10\/IMG_0231-682x1024.jpg 682w, https:\/\/www.quintaoficina.pt\/wp-content\/uploads\/2022\/10\/IMG_0231-768x1152.jpg 768w, https:\/\/www.quintaoficina.pt\/wp-content\/uploads\/2022\/10\/IMG_0231-1024x1536.jpg 1024w\" sizes=\"auto, (max-width: 767px) 89vw, (max-width: 1000px) 54vw, (max-width: 1071px) 543px, 580px\" \/><\/figure>\n\n\n\n<figure class=\"wp-block-image size-large\"><img loading=\"lazy\" decoding=\"async\" width=\"1181\" height=\"1772\" data-id=\"2654\" src=\"https:\/\/www.quintaoficina.pt\/wp-content\/uploads\/2022\/10\/IMG_0306.jpg\" alt=\"\" class=\"wp-image-2654\" srcset=\"https:\/\/www.quintaoficina.pt\/wp-content\/uploads\/2022\/10\/IMG_0306.jpg 1181w, https:\/\/www.quintaoficina.pt\/wp-content\/uploads\/2022\/10\/IMG_0306-200x300.jpg 200w, https:\/\/www.quintaoficina.pt\/wp-content\/uploads\/2022\/10\/IMG_0306-682x1024.jpg 682w, https:\/\/www.quintaoficina.pt\/wp-content\/uploads\/2022\/10\/IMG_0306-768x1152.jpg 768w, https:\/\/www.quintaoficina.pt\/wp-content\/uploads\/2022\/10\/IMG_0306-1024x1536.jpg 1024w\" sizes=\"auto, (max-width: 767px) 89vw, (max-width: 1000px) 54vw, (max-width: 1071px) 543px, 580px\" \/><\/figure>\n\n\n\n<figure class=\"wp-block-image size-large\"><img loading=\"lazy\" decoding=\"async\" width=\"1772\" height=\"1181\" data-id=\"2655\" src=\"https:\/\/www.quintaoficina.pt\/wp-content\/uploads\/2022\/10\/IMG_0343.jpg\" alt=\"\" class=\"wp-image-2655\" srcset=\"https:\/\/www.quintaoficina.pt\/wp-content\/uploads\/2022\/10\/IMG_0343.jpg 1772w, https:\/\/www.quintaoficina.pt\/wp-content\/uploads\/2022\/10\/IMG_0343-300x200.jpg 300w, https:\/\/www.quintaoficina.pt\/wp-content\/uploads\/2022\/10\/IMG_0343-1024x682.jpg 1024w, https:\/\/www.quintaoficina.pt\/wp-content\/uploads\/2022\/10\/IMG_0343-768x512.jpg 768w, https:\/\/www.quintaoficina.pt\/wp-content\/uploads\/2022\/10\/IMG_0343-1536x1024.jpg 1536w\" sizes=\"auto, (max-width: 767px) 89vw, (max-width: 1000px) 54vw, (max-width: 1071px) 543px, 580px\" \/><\/figure>\n<\/figure>\n\n\n\n<p>Este espet\u00e1culo, consiste numa &#8220;r\u00e9plica gigante&#8221; das caixinhas de m\u00fasica (de corda), onde tradicionalmente dan\u00e7a uma pequena bailarina. Nesta caixinha dan\u00e7ar\u00e1 um&#8230; um &#8220;palha\u00e7o desengon\u00e7ado&#8221;, que s\u00f3 se mexe ao som da m\u00fasica acionada pelo rodar da(s) chave(s) com as \u201cpalavras-chave\u201d que a hist\u00f3ria precisa para avan\u00e7ar\u2026 A hist\u00f3ria come\u00e7a dan\u00e7ada em diferentes e surpreendentes estilos musicais e para isso as pessoas acionam o dispositivo que ir\u00e1 fazer acordar tamb\u00e9m o m\u00fasico (equipado com diferentes instrumentos) que, ao come\u00e7ar a tocar, far\u00e1 despertar este nosso &#8220;Bailarino Eleganto-Desengon\u00e7ado&#8221;. A HIST\u00d3RIA come\u00e7ou, mas a maquineta est\u00e1 sempre a parar, s\u00f3 funciona com as tais &#8220;PALAVRAS-CHAVE&#8221; e onde \u00e9 que elas est\u00e3o? Quem sabe quais s\u00e3o? Este \u00e9 o &#8220;jogo&#8221; que acompanha toda a hist\u00f3ria deste &#8220;bailarino&#8221;, levando o p\u00fablico a &#8220;entrar na viagem&#8221; e participar no desenrolar desta com\u00e9dia musical.<\/p>\n\n\n\n<p>Cria\u00e7\u00e3o e interpreta\u00e7\u00e3o: <strong>Ricardo Augusto<\/strong> e <strong>Z\u00e9 Pedro Ramos<\/strong> \/ <strong>Daniel Matos<\/strong><br>Cenografia: <strong>Mara Maravilha<\/strong> e <strong>Daniel Matos<\/strong><br>Fotografia e Opera\u00e7\u00e3o de Som: <strong>Rui P\u00eava<\/strong><\/p>\n\n\n\n<p>Espet\u00e1culo Teatral\/Musical.<br>P\u00fablico Geral &#8211; Todas as idades &#8211; M3<br>Dura\u00e7\u00e3o: Aprox. 45minutos.<br>Espa\u00e7o c\u00e9nico (Caixinha): Min. 4x4m. + Plateia frontal ou em semi-c\u00edrculo.<\/p>\n\n\n\n<figure class=\"wp-block-gallery has-nested-images columns-default is-cropped wp-block-gallery-3 is-layout-flex wp-block-gallery-is-layout-flex\">\n<figure class=\"wp-block-image size-large\"><img loading=\"lazy\" decoding=\"async\" width=\"1024\" height=\"768\" data-id=\"2176\" src=\"https:\/\/www.quintaoficina.pt\/wp-content\/uploads\/2021\/12\/WhatsApp-Image-2021-12-13-at-16.18.10.jpeg\" alt=\"\" class=\"wp-image-2176\" srcset=\"https:\/\/www.quintaoficina.pt\/wp-content\/uploads\/2021\/12\/WhatsApp-Image-2021-12-13-at-16.18.10.jpeg 1024w, https:\/\/www.quintaoficina.pt\/wp-content\/uploads\/2021\/12\/WhatsApp-Image-2021-12-13-at-16.18.10-300x225.jpeg 300w, https:\/\/www.quintaoficina.pt\/wp-content\/uploads\/2021\/12\/WhatsApp-Image-2021-12-13-at-16.18.10-768x576.jpeg 768w\" sizes=\"auto, (max-width: 767px) 89vw, (max-width: 1000px) 54vw, (max-width: 1071px) 543px, 580px\" \/><\/figure>\n\n\n\n<figure class=\"wp-block-image size-large\"><img loading=\"lazy\" decoding=\"async\" width=\"1024\" height=\"768\" data-id=\"2177\" src=\"https:\/\/www.quintaoficina.pt\/wp-content\/uploads\/2021\/12\/WhatsApp-Image-2021-12-13-at-16.18.11.jpeg\" alt=\"\" class=\"wp-image-2177\" srcset=\"https:\/\/www.quintaoficina.pt\/wp-content\/uploads\/2021\/12\/WhatsApp-Image-2021-12-13-at-16.18.11.jpeg 1024w, https:\/\/www.quintaoficina.pt\/wp-content\/uploads\/2021\/12\/WhatsApp-Image-2021-12-13-at-16.18.11-300x225.jpeg 300w, https:\/\/www.quintaoficina.pt\/wp-content\/uploads\/2021\/12\/WhatsApp-Image-2021-12-13-at-16.18.11-768x576.jpeg 768w\" sizes=\"auto, (max-width: 767px) 89vw, (max-width: 1000px) 54vw, (max-width: 1071px) 543px, 580px\" \/><\/figure>\n<figcaption class=\"blocks-gallery-caption wp-element-caption\"><strong><em>A CAIXINHA DE M\u00daSICA E O BAILARINO MALABARISTA<\/em><\/strong><br>Com a interpreta\u00e7\u00e3o do Daniel Matos, em Matosinhos, Dezembro de 2021<\/figcaption><\/figure>\n\n\n\n<div class=\"wp-block-group\"><div class=\"wp-block-group__inner-container is-layout-flow wp-block-group-is-layout-flow\">\n<div class=\"wp-block-group\"><div class=\"wp-block-group__inner-container is-layout-flow wp-block-group-is-layout-flow\">\n<figure class=\"wp-block-gallery has-nested-images columns-2 wp-block-gallery-4 is-layout-flex wp-block-gallery-is-layout-flex\">\n<figure class=\"wp-block-image size-large\"><img loading=\"lazy\" decoding=\"async\" width=\"1024\" height=\"683\" data-id=\"2073\" src=\"https:\/\/www.quintaoficina.pt\/wp-content\/uploads\/2021\/11\/MG_5336baixa-1024x683.jpg\" alt=\"\" class=\"wp-image-2073\" srcset=\"https:\/\/www.quintaoficina.pt\/wp-content\/uploads\/2021\/11\/MG_5336baixa-1024x683.jpg 1024w, https:\/\/www.quintaoficina.pt\/wp-content\/uploads\/2021\/11\/MG_5336baixa-300x200.jpg 300w, https:\/\/www.quintaoficina.pt\/wp-content\/uploads\/2021\/11\/MG_5336baixa-768x512.jpg 768w, https:\/\/www.quintaoficina.pt\/wp-content\/uploads\/2021\/11\/MG_5336baixa-1536x1024.jpg 1536w, https:\/\/www.quintaoficina.pt\/wp-content\/uploads\/2021\/11\/MG_5336baixa-2048x1365.jpg 2048w\" sizes=\"auto, (max-width: 767px) 89vw, (max-width: 1000px) 54vw, (max-width: 1071px) 543px, 580px\" \/><\/figure>\n\n\n\n<figure class=\"wp-block-image size-large\"><img loading=\"lazy\" decoding=\"async\" width=\"1024\" height=\"683\" data-id=\"2071\" src=\"https:\/\/www.quintaoficina.pt\/wp-content\/uploads\/2021\/11\/MG_5308baixa-1024x683.jpg\" alt=\"\" class=\"wp-image-2071\" srcset=\"https:\/\/www.quintaoficina.pt\/wp-content\/uploads\/2021\/11\/MG_5308baixa-1024x683.jpg 1024w, https:\/\/www.quintaoficina.pt\/wp-content\/uploads\/2021\/11\/MG_5308baixa-300x200.jpg 300w, https:\/\/www.quintaoficina.pt\/wp-content\/uploads\/2021\/11\/MG_5308baixa-768x512.jpg 768w, https:\/\/www.quintaoficina.pt\/wp-content\/uploads\/2021\/11\/MG_5308baixa-1536x1024.jpg 1536w, https:\/\/www.quintaoficina.pt\/wp-content\/uploads\/2021\/11\/MG_5308baixa-2048x1365.jpg 2048w\" sizes=\"auto, (max-width: 767px) 89vw, (max-width: 1000px) 54vw, (max-width: 1071px) 543px, 580px\" \/><\/figure>\n\n\n\n<figure class=\"wp-block-image size-large\"><img loading=\"lazy\" decoding=\"async\" width=\"683\" height=\"1024\" data-id=\"2070\" src=\"https:\/\/www.quintaoficina.pt\/wp-content\/uploads\/2021\/11\/MG_5299bixa-683x1024.jpg\" alt=\"\" class=\"wp-image-2070\" srcset=\"https:\/\/www.quintaoficina.pt\/wp-content\/uploads\/2021\/11\/MG_5299bixa-683x1024.jpg 683w, https:\/\/www.quintaoficina.pt\/wp-content\/uploads\/2021\/11\/MG_5299bixa-200x300.jpg 200w, https:\/\/www.quintaoficina.pt\/wp-content\/uploads\/2021\/11\/MG_5299bixa-768x1152.jpg 768w, https:\/\/www.quintaoficina.pt\/wp-content\/uploads\/2021\/11\/MG_5299bixa-1024x1536.jpg 1024w, https:\/\/www.quintaoficina.pt\/wp-content\/uploads\/2021\/11\/MG_5299bixa-1365x2048.jpg 1365w, https:\/\/www.quintaoficina.pt\/wp-content\/uploads\/2021\/11\/MG_5299bixa-scaled.jpg 1707w\" sizes=\"auto, (max-width: 683px) 100vw, 683px\" \/><\/figure>\n\n\n\n<figure class=\"wp-block-image size-large\"><img loading=\"lazy\" decoding=\"async\" width=\"683\" height=\"1024\" data-id=\"2066\" src=\"https:\/\/www.quintaoficina.pt\/wp-content\/uploads\/2021\/11\/MG_5281baixa-683x1024.jpg\" alt=\"\" class=\"wp-image-2066\" srcset=\"https:\/\/www.quintaoficina.pt\/wp-content\/uploads\/2021\/11\/MG_5281baixa-683x1024.jpg 683w, https:\/\/www.quintaoficina.pt\/wp-content\/uploads\/2021\/11\/MG_5281baixa-200x300.jpg 200w, https:\/\/www.quintaoficina.pt\/wp-content\/uploads\/2021\/11\/MG_5281baixa-768x1152.jpg 768w, https:\/\/www.quintaoficina.pt\/wp-content\/uploads\/2021\/11\/MG_5281baixa-1024x1536.jpg 1024w, https:\/\/www.quintaoficina.pt\/wp-content\/uploads\/2021\/11\/MG_5281baixa-1365x2048.jpg 1365w, https:\/\/www.quintaoficina.pt\/wp-content\/uploads\/2021\/11\/MG_5281baixa-scaled.jpg 1707w\" sizes=\"auto, (max-width: 683px) 100vw, 683px\" \/><\/figure>\n\n\n\n<figure class=\"wp-block-image size-large\"><img loading=\"lazy\" decoding=\"async\" width=\"1024\" height=\"683\" data-id=\"2064\" src=\"https:\/\/www.quintaoficina.pt\/wp-content\/uploads\/2021\/11\/MG_5277baixa-1024x683.jpg\" alt=\"\" class=\"wp-image-2064\" srcset=\"https:\/\/www.quintaoficina.pt\/wp-content\/uploads\/2021\/11\/MG_5277baixa-1024x683.jpg 1024w, https:\/\/www.quintaoficina.pt\/wp-content\/uploads\/2021\/11\/MG_5277baixa-300x200.jpg 300w, https:\/\/www.quintaoficina.pt\/wp-content\/uploads\/2021\/11\/MG_5277baixa-768x512.jpg 768w, https:\/\/www.quintaoficina.pt\/wp-content\/uploads\/2021\/11\/MG_5277baixa-1536x1024.jpg 1536w, https:\/\/www.quintaoficina.pt\/wp-content\/uploads\/2021\/11\/MG_5277baixa-2048x1365.jpg 2048w\" sizes=\"auto, (max-width: 767px) 89vw, (max-width: 1000px) 54vw, (max-width: 1071px) 543px, 580px\" \/><\/figure>\n\n\n\n<figure class=\"wp-block-image size-large\"><img loading=\"lazy\" decoding=\"async\" width=\"1024\" height=\"683\" data-id=\"2063\" src=\"https:\/\/www.quintaoficina.pt\/wp-content\/uploads\/2021\/11\/MG_5272baixa-1024x683.jpg\" alt=\"\" class=\"wp-image-2063\" srcset=\"https:\/\/www.quintaoficina.pt\/wp-content\/uploads\/2021\/11\/MG_5272baixa-1024x683.jpg 1024w, https:\/\/www.quintaoficina.pt\/wp-content\/uploads\/2021\/11\/MG_5272baixa-300x200.jpg 300w, https:\/\/www.quintaoficina.pt\/wp-content\/uploads\/2021\/11\/MG_5272baixa-768x512.jpg 768w, https:\/\/www.quintaoficina.pt\/wp-content\/uploads\/2021\/11\/MG_5272baixa-1536x1024.jpg 1536w, https:\/\/www.quintaoficina.pt\/wp-content\/uploads\/2021\/11\/MG_5272baixa-2048x1365.jpg 2048w\" sizes=\"auto, (max-width: 767px) 89vw, (max-width: 1000px) 54vw, (max-width: 1071px) 543px, 580px\" \/><\/figure>\n<\/figure>\n<\/div><\/div>\n<\/div><\/div>\n","protected":false},"excerpt":{"rendered":"<p>A CAIXINHA DE M\u00daSICAO Jardineiro foi a personagem (bailarina) de estreia, mas esta poder\u00e1 ser alterada consoante o p\u00fablico e o contexto de apresenta\u00e7\u00e3o desta COM\u00c9DIA DE IMPROVISO TEATRAL E MUSICAL. SINOPSE:Uma caixa(inha) gigante com gavetas misteriosas que guardam \u201cj\u00f3ias musicais e hist\u00f3rias infinitas\u201d. A bailarina que l\u00e1 deveria estar, foi dan\u00e7ar para outro lado, &hellip; <\/p>\n<p class=\"link-more\"><a href=\"https:\/\/www.quintaoficina.pt\/index.php\/caixinha-de-musica\/\" class=\"more-link\">Continuar a ler <span class=\"screen-reader-text\">&#8220;CAIXINHA DE M\u00daSICA&#8221;<\/span><\/a><\/p>\n","protected":false},"author":1,"featured_media":0,"parent":0,"menu_order":0,"comment_status":"closed","ping_status":"closed","template":"template-full-width.php","meta":{"footnotes":""},"class_list":["post-2015","page","type-page","status-publish","hentry"],"_links":{"self":[{"href":"https:\/\/www.quintaoficina.pt\/index.php\/wp-json\/wp\/v2\/pages\/2015","targetHints":{"allow":["GET"]}}],"collection":[{"href":"https:\/\/www.quintaoficina.pt\/index.php\/wp-json\/wp\/v2\/pages"}],"about":[{"href":"https:\/\/www.quintaoficina.pt\/index.php\/wp-json\/wp\/v2\/types\/page"}],"author":[{"embeddable":true,"href":"https:\/\/www.quintaoficina.pt\/index.php\/wp-json\/wp\/v2\/users\/1"}],"replies":[{"embeddable":true,"href":"https:\/\/www.quintaoficina.pt\/index.php\/wp-json\/wp\/v2\/comments?post=2015"}],"version-history":[{"count":22,"href":"https:\/\/www.quintaoficina.pt\/index.php\/wp-json\/wp\/v2\/pages\/2015\/revisions"}],"predecessor-version":[{"id":4604,"href":"https:\/\/www.quintaoficina.pt\/index.php\/wp-json\/wp\/v2\/pages\/2015\/revisions\/4604"}],"wp:attachment":[{"href":"https:\/\/www.quintaoficina.pt\/index.php\/wp-json\/wp\/v2\/media?parent=2015"}],"curies":[{"name":"wp","href":"https:\/\/api.w.org\/{rel}","templated":true}]}}