{"id":2775,"date":"2022-11-28T13:53:42","date_gmt":"2022-11-28T13:53:42","guid":{"rendered":"https:\/\/www.quintaoficina.pt\/?page_id=2775"},"modified":"2023-03-25T22:59:07","modified_gmt":"2023-03-25T22:59:07","slug":"clown","status":"publish","type":"page","link":"https:\/\/www.quintaoficina.pt\/index.php\/clown\/","title":{"rendered":"CLOWN"},"content":{"rendered":"\n<p>\u201c<strong>CLOWN E COM\u00c9DIA VISUAL<\/strong><em>\u201d<\/em><br>H\u00e9lder Gamboa e Emanuel Vicente, estiveram em resid\u00eancia na 5\u00aaOficina, mas para o p\u00fablico geral (maiores de 6 anos) foi no dia\u00a029 de Janeiro 2023, \u00e0s 15h, na Junta de Freguesia dos Coutos de Viseu<\/p>\n\n\n\n<figure class=\"wp-block-image size-large\"><img loading=\"lazy\" decoding=\"async\" width=\"1024\" height=\"652\" src=\"https:\/\/www.quintaoficina.pt\/wp-content\/uploads\/2023\/03\/DSC00094-copy-1-1024x652.jpg\" alt=\"\" class=\"wp-image-3265\" srcset=\"https:\/\/www.quintaoficina.pt\/wp-content\/uploads\/2023\/03\/DSC00094-copy-1-1024x652.jpg 1024w, https:\/\/www.quintaoficina.pt\/wp-content\/uploads\/2023\/03\/DSC00094-copy-1-300x191.jpg 300w, https:\/\/www.quintaoficina.pt\/wp-content\/uploads\/2023\/03\/DSC00094-copy-1-768x489.jpg 768w, https:\/\/www.quintaoficina.pt\/wp-content\/uploads\/2023\/03\/DSC00094-copy-1-1536x979.jpg 1536w, https:\/\/www.quintaoficina.pt\/wp-content\/uploads\/2023\/03\/DSC00094-copy-1-2048x1305.jpg 2048w\" sizes=\"auto, (max-width: 767px) 89vw, (max-width: 1000px) 54vw, (max-width: 1071px) 543px, 580px\" \/><figcaption class=\"wp-element-caption\">Participaram 47 pessoas de todas as idades!<\/figcaption><\/figure>\n\n\n\n<p><\/p>\n\n\n\n<figure class=\"wp-block-gallery has-nested-images columns-2 is-cropped wp-block-gallery-1 is-layout-flex wp-block-gallery-is-layout-flex\">\n<figure class=\"wp-block-image size-large\"><img loading=\"lazy\" decoding=\"async\" width=\"1024\" height=\"683\" data-id=\"3122\" src=\"https:\/\/www.quintaoficina.pt\/wp-content\/uploads\/2023\/02\/DSC00054-1024x683.jpg\" alt=\"\" class=\"wp-image-3122\" srcset=\"https:\/\/www.quintaoficina.pt\/wp-content\/uploads\/2023\/02\/DSC00054-1024x683.jpg 1024w, https:\/\/www.quintaoficina.pt\/wp-content\/uploads\/2023\/02\/DSC00054-300x200.jpg 300w, https:\/\/www.quintaoficina.pt\/wp-content\/uploads\/2023\/02\/DSC00054-768x512.jpg 768w, https:\/\/www.quintaoficina.pt\/wp-content\/uploads\/2023\/02\/DSC00054-1536x1024.jpg 1536w, https:\/\/www.quintaoficina.pt\/wp-content\/uploads\/2023\/02\/DSC00054-2048x1365.jpg 2048w\" sizes=\"auto, (max-width: 767px) 89vw, (max-width: 1000px) 54vw, (max-width: 1071px) 543px, 580px\" \/><\/figure>\n\n\n\n<figure class=\"wp-block-image size-large\"><img loading=\"lazy\" decoding=\"async\" width=\"1024\" height=\"683\" data-id=\"3120\" src=\"https:\/\/www.quintaoficina.pt\/wp-content\/uploads\/2023\/02\/DSC09471-2-1024x683.jpg\" alt=\"\" class=\"wp-image-3120\" srcset=\"https:\/\/www.quintaoficina.pt\/wp-content\/uploads\/2023\/02\/DSC09471-2-1024x683.jpg 1024w, https:\/\/www.quintaoficina.pt\/wp-content\/uploads\/2023\/02\/DSC09471-2-300x200.jpg 300w, https:\/\/www.quintaoficina.pt\/wp-content\/uploads\/2023\/02\/DSC09471-2-768x512.jpg 768w, https:\/\/www.quintaoficina.pt\/wp-content\/uploads\/2023\/02\/DSC09471-2-1536x1024.jpg 1536w, https:\/\/www.quintaoficina.pt\/wp-content\/uploads\/2023\/02\/DSC09471-2-2048x1365.jpg 2048w\" sizes=\"auto, (max-width: 767px) 89vw, (max-width: 1000px) 54vw, (max-width: 1071px) 543px, 580px\" \/><\/figure>\n\n\n\n<figure class=\"wp-block-image size-large\"><img loading=\"lazy\" decoding=\"async\" width=\"1024\" height=\"683\" data-id=\"3121\" src=\"https:\/\/www.quintaoficina.pt\/wp-content\/uploads\/2023\/02\/DSC09585-1024x683.jpg\" alt=\"\" class=\"wp-image-3121\" srcset=\"https:\/\/www.quintaoficina.pt\/wp-content\/uploads\/2023\/02\/DSC09585-1024x683.jpg 1024w, https:\/\/www.quintaoficina.pt\/wp-content\/uploads\/2023\/02\/DSC09585-300x200.jpg 300w, https:\/\/www.quintaoficina.pt\/wp-content\/uploads\/2023\/02\/DSC09585-768x512.jpg 768w, https:\/\/www.quintaoficina.pt\/wp-content\/uploads\/2023\/02\/DSC09585-1536x1024.jpg 1536w, https:\/\/www.quintaoficina.pt\/wp-content\/uploads\/2023\/02\/DSC09585-2048x1365.jpg 2048w\" sizes=\"auto, (max-width: 767px) 89vw, (max-width: 1000px) 54vw, (max-width: 1071px) 543px, 580px\" \/><\/figure>\n\n\n\n<figure class=\"wp-block-image size-large\"><img loading=\"lazy\" decoding=\"async\" width=\"1024\" height=\"683\" data-id=\"3127\" src=\"https:\/\/www.quintaoficina.pt\/wp-content\/uploads\/2023\/02\/DSC09747-1024x683.jpg\" alt=\"\" class=\"wp-image-3127\" srcset=\"https:\/\/www.quintaoficina.pt\/wp-content\/uploads\/2023\/02\/DSC09747-1024x683.jpg 1024w, https:\/\/www.quintaoficina.pt\/wp-content\/uploads\/2023\/02\/DSC09747-300x200.jpg 300w, https:\/\/www.quintaoficina.pt\/wp-content\/uploads\/2023\/02\/DSC09747-768x512.jpg 768w, https:\/\/www.quintaoficina.pt\/wp-content\/uploads\/2023\/02\/DSC09747-1536x1024.jpg 1536w, https:\/\/www.quintaoficina.pt\/wp-content\/uploads\/2023\/02\/DSC09747-2048x1365.jpg 2048w\" sizes=\"auto, (max-width: 767px) 89vw, (max-width: 1000px) 54vw, (max-width: 1071px) 543px, 580px\" \/><\/figure>\n\n\n\n<figure class=\"wp-block-image size-large\"><img loading=\"lazy\" decoding=\"async\" width=\"1024\" height=\"683\" data-id=\"3124\" src=\"https:\/\/www.quintaoficina.pt\/wp-content\/uploads\/2023\/02\/DSC09681-1024x683.jpg\" alt=\"\" class=\"wp-image-3124\" srcset=\"https:\/\/www.quintaoficina.pt\/wp-content\/uploads\/2023\/02\/DSC09681-1024x683.jpg 1024w, https:\/\/www.quintaoficina.pt\/wp-content\/uploads\/2023\/02\/DSC09681-300x200.jpg 300w, https:\/\/www.quintaoficina.pt\/wp-content\/uploads\/2023\/02\/DSC09681-768x512.jpg 768w, https:\/\/www.quintaoficina.pt\/wp-content\/uploads\/2023\/02\/DSC09681-1536x1024.jpg 1536w, https:\/\/www.quintaoficina.pt\/wp-content\/uploads\/2023\/02\/DSC09681-2048x1365.jpg 2048w\" sizes=\"auto, (max-width: 767px) 89vw, (max-width: 1000px) 54vw, (max-width: 1071px) 543px, 580px\" \/><\/figure>\n\n\n\n<figure class=\"wp-block-image size-large\"><img loading=\"lazy\" decoding=\"async\" width=\"1024\" height=\"683\" data-id=\"3129\" src=\"https:\/\/www.quintaoficina.pt\/wp-content\/uploads\/2023\/02\/DSC09985-1024x683.jpg\" alt=\"\" class=\"wp-image-3129\" srcset=\"https:\/\/www.quintaoficina.pt\/wp-content\/uploads\/2023\/02\/DSC09985-1024x683.jpg 1024w, https:\/\/www.quintaoficina.pt\/wp-content\/uploads\/2023\/02\/DSC09985-300x200.jpg 300w, https:\/\/www.quintaoficina.pt\/wp-content\/uploads\/2023\/02\/DSC09985-768x512.jpg 768w, https:\/\/www.quintaoficina.pt\/wp-content\/uploads\/2023\/02\/DSC09985-1536x1024.jpg 1536w, https:\/\/www.quintaoficina.pt\/wp-content\/uploads\/2023\/02\/DSC09985-2048x1365.jpg 2048w\" sizes=\"auto, (max-width: 767px) 89vw, (max-width: 1000px) 54vw, (max-width: 1071px) 543px, 580px\" \/><\/figure>\n\n\n\n<figure class=\"wp-block-image size-large\"><img loading=\"lazy\" decoding=\"async\" width=\"1024\" height=\"683\" data-id=\"3128\" src=\"https:\/\/www.quintaoficina.pt\/wp-content\/uploads\/2023\/02\/DSC09898-1024x683.jpg\" alt=\"\" class=\"wp-image-3128\" srcset=\"https:\/\/www.quintaoficina.pt\/wp-content\/uploads\/2023\/02\/DSC09898-1024x683.jpg 1024w, https:\/\/www.quintaoficina.pt\/wp-content\/uploads\/2023\/02\/DSC09898-300x200.jpg 300w, https:\/\/www.quintaoficina.pt\/wp-content\/uploads\/2023\/02\/DSC09898-768x512.jpg 768w, https:\/\/www.quintaoficina.pt\/wp-content\/uploads\/2023\/02\/DSC09898-1536x1024.jpg 1536w, https:\/\/www.quintaoficina.pt\/wp-content\/uploads\/2023\/02\/DSC09898-2048x1365.jpg 2048w\" sizes=\"auto, (max-width: 767px) 89vw, (max-width: 1000px) 54vw, (max-width: 1071px) 543px, 580px\" \/><\/figure>\n\n\n\n<figure class=\"wp-block-image size-large\"><img loading=\"lazy\" decoding=\"async\" width=\"1024\" height=\"683\" data-id=\"3130\" src=\"https:\/\/www.quintaoficina.pt\/wp-content\/uploads\/2023\/02\/DSC09990-1024x683.jpg\" alt=\"\" class=\"wp-image-3130\" srcset=\"https:\/\/www.quintaoficina.pt\/wp-content\/uploads\/2023\/02\/DSC09990-1024x683.jpg 1024w, https:\/\/www.quintaoficina.pt\/wp-content\/uploads\/2023\/02\/DSC09990-300x200.jpg 300w, https:\/\/www.quintaoficina.pt\/wp-content\/uploads\/2023\/02\/DSC09990-768x512.jpg 768w, https:\/\/www.quintaoficina.pt\/wp-content\/uploads\/2023\/02\/DSC09990-1536x1024.jpg 1536w, https:\/\/www.quintaoficina.pt\/wp-content\/uploads\/2023\/02\/DSC09990-2048x1365.jpg 2048w\" sizes=\"auto, (max-width: 767px) 89vw, (max-width: 1000px) 54vw, (max-width: 1071px) 543px, 580px\" \/><\/figure>\n\n\n\n<figure class=\"wp-block-image size-large\"><img loading=\"lazy\" decoding=\"async\" width=\"1024\" height=\"683\" data-id=\"3123\" src=\"https:\/\/www.quintaoficina.pt\/wp-content\/uploads\/2023\/02\/DSC09663-1024x683.jpg\" alt=\"\" class=\"wp-image-3123\" srcset=\"https:\/\/www.quintaoficina.pt\/wp-content\/uploads\/2023\/02\/DSC09663-1024x683.jpg 1024w, https:\/\/www.quintaoficina.pt\/wp-content\/uploads\/2023\/02\/DSC09663-300x200.jpg 300w, https:\/\/www.quintaoficina.pt\/wp-content\/uploads\/2023\/02\/DSC09663-768x512.jpg 768w, https:\/\/www.quintaoficina.pt\/wp-content\/uploads\/2023\/02\/DSC09663-1536x1024.jpg 1536w, https:\/\/www.quintaoficina.pt\/wp-content\/uploads\/2023\/02\/DSC09663-2048x1365.jpg 2048w\" sizes=\"auto, (max-width: 767px) 89vw, (max-width: 1000px) 54vw, (max-width: 1071px) 543px, 580px\" \/><\/figure>\n\n\n\n<figure class=\"wp-block-image size-large\"><img loading=\"lazy\" decoding=\"async\" width=\"1024\" height=\"683\" data-id=\"3126\" src=\"https:\/\/www.quintaoficina.pt\/wp-content\/uploads\/2023\/02\/DSC09710-1024x683.jpg\" alt=\"\" class=\"wp-image-3126\" srcset=\"https:\/\/www.quintaoficina.pt\/wp-content\/uploads\/2023\/02\/DSC09710-1024x683.jpg 1024w, https:\/\/www.quintaoficina.pt\/wp-content\/uploads\/2023\/02\/DSC09710-300x200.jpg 300w, https:\/\/www.quintaoficina.pt\/wp-content\/uploads\/2023\/02\/DSC09710-768x512.jpg 768w, https:\/\/www.quintaoficina.pt\/wp-content\/uploads\/2023\/02\/DSC09710-1536x1024.jpg 1536w, https:\/\/www.quintaoficina.pt\/wp-content\/uploads\/2023\/02\/DSC09710-2048x1365.jpg 2048w\" sizes=\"auto, (max-width: 767px) 89vw, (max-width: 1000px) 54vw, (max-width: 1071px) 543px, 580px\" \/><\/figure>\n<figcaption class=\"blocks-gallery-caption wp-element-caption\">FOTOGRAFIAS \u00a9 LU\u00cdS ALMEIDA<\/figcaption><\/figure>\n\n\n\n<p>GRATUITO, MEDIANTE INSCRI\u00c7\u00c3O!<br>&gt;&gt; <strong>INSCRI\u00c7\u00d5ES<\/strong>: <span style=\"text-decoration: underline;\">emanuelvicente@tenda.pt<\/span><\/p>\n\n\n\n<p><strong>Passar de ti, para o teu clown, ter dois num s\u00f3. O teu corpo \u00e9 o teu visual, mas o teu clown est\u00e1 \u00e0 espera de ser acordado. Momentos de corpo e sorrisos, atrav\u00e9s de algumas t\u00e9cnicas da arte de sorrir.<\/strong><\/p>\n\n\n\n<figure class=\"wp-block-image size-large\"><img loading=\"lazy\" decoding=\"async\" width=\"724\" height=\"1024\" src=\"https:\/\/www.quintaoficina.pt\/wp-content\/uploads\/2023\/01\/CartazClownManuHelder-01-724x1024.jpg\" alt=\"\" class=\"wp-image-2979\" srcset=\"https:\/\/www.quintaoficina.pt\/wp-content\/uploads\/2023\/01\/CartazClownManuHelder-01-724x1024.jpg 724w, https:\/\/www.quintaoficina.pt\/wp-content\/uploads\/2023\/01\/CartazClownManuHelder-01-212x300.jpg 212w, https:\/\/www.quintaoficina.pt\/wp-content\/uploads\/2023\/01\/CartazClownManuHelder-01-768x1086.jpg 768w, https:\/\/www.quintaoficina.pt\/wp-content\/uploads\/2023\/01\/CartazClownManuHelder-01-1086x1536.jpg 1086w, https:\/\/www.quintaoficina.pt\/wp-content\/uploads\/2023\/01\/CartazClownManuHelder-01-1448x2048.jpg 1448w, https:\/\/www.quintaoficina.pt\/wp-content\/uploads\/2023\/01\/CartazClownManuHelder-01-scaled.jpg 1810w\" sizes=\"auto, (max-width: 724px) 100vw, 724px\" \/><\/figure>\n\n\n\n<p style=\"font-size:14px\"><em>&#8220;O palha\u00e7o \u00e9 um ser de grande sorte, porque v\u00ea o mundo de forma simples, bela, divertida e entusiasmante. Para ele tudo \u00e9 sempre novo, tudo \u00e9 positivo e mesmo aquilo que corre de forma inesperadamente menos boa, torna-se um desafio, uma oportunidade para novos caminhos de genu\u00edno improviso\u2026 esta \u00e9 a sua praia!<\/em>&#8221; (in <a rel=\"noreferrer noopener\" href=\"https:\/\/www.quintaoficina.pt\/index.php\/escola-do-errar\/\" target=\"_blank\"><strong>Escola do Errar e Desaprender<\/strong><\/a> da 5\u00aaOficina)<br><br><\/p>\n\n\n\n<p><br><strong>H\u00c9LDER GAMBOA<\/strong>:<br>(palha\u00e7o, ator, encenador, e diretor art\u00edstico da Tenda Produ\u00e7\u00f5es &#8211; Lisboa)<br><em>H\u00e9lder Gamboa, anda c\u00e1 neste meio desde 94 do s\u00e9culo passado, logo depois dos dinossauros desaparecerem da face da terra. J\u00e1 apalha\u00e7ou por v\u00e1rios pa\u00edses na Europa e nas Am\u00e9ricas. Formador, para despentear os c\u00e9rebros dos alunos de v\u00e1rias idades e continua com o sonho de ser feliz, todos os dias.<\/em><\/p>\n\n\n\n<p><strong>EMANUEL VICENTE<\/strong>:<br>(palha\u00e7o, ator, professor e animador cultural)<br><em>Emanuel Alexandre Teixeira Vicente que, na bela cidade dos estudantes, faz o secund\u00e1rio em Anima\u00e7\u00e3o Socio Cultural, licenciando-se mais tarde em Anima\u00e7\u00e3o Cultural, na cidade jardim Viseu, na ESEV-IPV. Conclu\u00eddo o curso, inicia a sua atividade profissional num Lar de Idosos, em Nelas, como animador cultural. Atualmente, e de h\u00e1 14 anos a esta parte, exerce fun\u00e7\u00f5es no Agrupamento de Escolas Professor Agostinho da Silva, em Casal de Cambra, Sintra, como Animador Cultural. Aqui desenvolve um projeto europeu denominado Territ\u00f3rio Educativo de Interven\u00e7\u00e3o Priorit\u00e1ria. D\u00e1 ainda forma\u00e7\u00e3o a cursos profissionais de Anima\u00e7\u00e3o Sociocultural e leciona express\u00e3o art\u00edstica e performances a curso vocacionais no Instituto de Desenvolvimento Social, em Carnide, Lisboa. Realiza ainda como animador de todo o tipo de evento e com algumas participa\u00e7\u00f5es como ator e contrarregra em teatro. O grande amor que nutre pela anima\u00e7\u00e3o e pelas t\u00e1buas levam-no ainda \u00e0 produ\u00e7\u00e3o art\u00edstica e anima\u00e7\u00e3o, bem como a conceber e organizar todo o tipo de espet\u00e1culos. \u00c9 parte integrante do corpo diretivo da Tenda Produ\u00e7\u00f5es, com a qual levou j\u00e1 \u00e0 cena diversos espet\u00e1culos, amadores e profissionais. Juntamente com outros palha\u00e7os criou de um projeto solid\u00e1rio A Visita de palha\u00e7os em lares de idosos, v\u00e1rias participa\u00e7\u00f5es em festivais de artes de rua nacionais e internacionais, usando o seu nome art\u00edstico Palha\u00e7o Manu, desenvolve trabalhos com varias personagens em v\u00e1rios eventos, romarias, festivais e festas.<\/em><br><\/p>\n\n\n\n<p><br>LINK para trajecto de VISEU &gt;&gt;&gt; QUINTA OFICINA:<br><a rel=\"noreferrer noopener\" href=\"https:\/\/goo.gl\/maps\/XavGPo9917dWu2JS9\" target=\"_blank\">https:\/\/goo.gl\/maps\/XavGPo9917dWu2JS9https:\/\/goo.gl\/maps\/XavGPo9917dWu2JS9<\/a><\/p>\n\n\n\n<p>Largo das Figueiras n1, Tarva \u2013 Mosteirinho. 3510-584 Coutos de Viseu<\/p>\n\n\n\n<p><br><br>Uma atividade inserida no MOST&#8217;22 &#8211; Programa\u00e7\u00e3o internacional de media\u00e7\u00e3o art\u00edstica em meio rural. Uma iniciativa apoiada pelo Munic\u00edpio de Viseu e financiada pelo EixoCultura<\/p>\n\n\n\n<figure class=\"wp-block-image size-large\"><img loading=\"lazy\" decoding=\"async\" width=\"1024\" height=\"211\" src=\"https:\/\/www.quintaoficina.pt\/wp-content\/uploads\/2023\/01\/Captura-de-ecra-2023-01-22-as-01.04.25-1024x211.png\" alt=\"\" class=\"wp-image-3011\" srcset=\"https:\/\/www.quintaoficina.pt\/wp-content\/uploads\/2023\/01\/Captura-de-ecra-2023-01-22-as-01.04.25-1024x211.png 1024w, https:\/\/www.quintaoficina.pt\/wp-content\/uploads\/2023\/01\/Captura-de-ecra-2023-01-22-as-01.04.25-300x62.png 300w, https:\/\/www.quintaoficina.pt\/wp-content\/uploads\/2023\/01\/Captura-de-ecra-2023-01-22-as-01.04.25-768x158.png 768w, https:\/\/www.quintaoficina.pt\/wp-content\/uploads\/2023\/01\/Captura-de-ecra-2023-01-22-as-01.04.25-1536x316.png 1536w, https:\/\/www.quintaoficina.pt\/wp-content\/uploads\/2023\/01\/Captura-de-ecra-2023-01-22-as-01.04.25-2048x422.png 2048w\" sizes=\"auto, (max-width: 767px) 89vw, (max-width: 1000px) 54vw, (max-width: 1071px) 543px, 580px\" \/><\/figure>\n","protected":false},"excerpt":{"rendered":"<p>\u201cCLOWN E COM\u00c9DIA VISUAL\u201dH\u00e9lder Gamboa e Emanuel Vicente, estiveram em resid\u00eancia na 5\u00aaOficina, mas para o p\u00fablico geral (maiores de 6 anos) foi no dia\u00a029 de Janeiro 2023, \u00e0s 15h, na Junta de Freguesia dos Coutos de Viseu GRATUITO, MEDIANTE INSCRI\u00c7\u00c3O!&gt;&gt; INSCRI\u00c7\u00d5ES: emanuelvicente@tenda.pt Passar de ti, para o teu clown, ter dois num s\u00f3. O &hellip; <\/p>\n<p class=\"link-more\"><a href=\"https:\/\/www.quintaoficina.pt\/index.php\/clown\/\" class=\"more-link\">Continuar a ler <span class=\"screen-reader-text\">&#8220;CLOWN&#8221;<\/span><\/a><\/p>\n","protected":false},"author":1,"featured_media":0,"parent":0,"menu_order":0,"comment_status":"closed","ping_status":"closed","template":"template-full-width.php","meta":{"footnotes":""},"class_list":["post-2775","page","type-page","status-publish","hentry"],"_links":{"self":[{"href":"https:\/\/www.quintaoficina.pt\/index.php\/wp-json\/wp\/v2\/pages\/2775","targetHints":{"allow":["GET"]}}],"collection":[{"href":"https:\/\/www.quintaoficina.pt\/index.php\/wp-json\/wp\/v2\/pages"}],"about":[{"href":"https:\/\/www.quintaoficina.pt\/index.php\/wp-json\/wp\/v2\/types\/page"}],"author":[{"embeddable":true,"href":"https:\/\/www.quintaoficina.pt\/index.php\/wp-json\/wp\/v2\/users\/1"}],"replies":[{"embeddable":true,"href":"https:\/\/www.quintaoficina.pt\/index.php\/wp-json\/wp\/v2\/comments?post=2775"}],"version-history":[{"count":25,"href":"https:\/\/www.quintaoficina.pt\/index.php\/wp-json\/wp\/v2\/pages\/2775\/revisions"}],"predecessor-version":[{"id":3293,"href":"https:\/\/www.quintaoficina.pt\/index.php\/wp-json\/wp\/v2\/pages\/2775\/revisions\/3293"}],"wp:attachment":[{"href":"https:\/\/www.quintaoficina.pt\/index.php\/wp-json\/wp\/v2\/media?parent=2775"}],"curies":[{"name":"wp","href":"https:\/\/api.w.org\/{rel}","templated":true}]}}