{"id":2907,"date":"2022-12-16T10:57:18","date_gmt":"2022-12-16T10:57:18","guid":{"rendered":"https:\/\/www.quintaoficina.pt\/?page_id=2907"},"modified":"2024-10-30T15:46:39","modified_gmt":"2024-10-30T15:46:39","slug":"2023-2","status":"publish","type":"page","link":"https:\/\/www.quintaoficina.pt\/index.php\/2023-2\/","title":{"rendered":"2023"},"content":{"rendered":"\n<h2 class=\"wp-block-heading\">\u201c\u00c1RVORES DE JANEIRO\u201d [ Iniciativa Comunit\u00e1ria ]<\/h2>\n\n\n\n<p>1 a 31 de Janeiro &#8211;&nbsp;<strong>Qta da Cruz \u2013 Centro de Arte Contempor\u00e2nea de Viseu<\/strong>&nbsp;\u2013 30 Pax<\/p>\n\n\n\n<h2 class=\"wp-block-heading\">\u201cPASSEIO INTERPRETATIVO E PLANTA\u00c7\u00c3O DE \u00c1RVORES\u201d [ Forma\u00e7\u00e3o ]<\/h2>\n\n\n\n<p>15 de Janeiro &#8211;&nbsp;com <strong>Gabriel Silva<\/strong>&nbsp;\u2013 24 Pax<\/p>\n\n\n\n<h2 class=\"wp-block-heading\">\u201cO PALHA\u00c7O QUE MISTURA CORES\u201d [ Forma\u00e7\u00e3o ]<\/h2>\n\n\n\n<p>18 de Janeiro &#8211;&nbsp;com o <strong>Projeto Resina<\/strong>&nbsp;(\u2013 Escolas EB. na Casa da Cultura de Oleiros &#8211; 30 Pax<\/p>\n\n\n\n<h2 class=\"wp-block-heading\">\u201cCLOWN\u201d [ Forma\u00e7\u00e3o ]<\/h2>\n\n\n\n<p>27 de Janeiro &#8211;&nbsp;<strong>APPDACDM (EVF) de Viseu<\/strong>&nbsp;\u2013 16 Pax<br>8, 15, 22 e 29 de Setembro &#8211; <strong>Bairros da Balsa e Paradinha<\/strong>, Viseu &#8211; 12 Pax<\/p>\n\n\n\n<h2 class=\"wp-block-heading\">&#8220;RESID\u00caNCIAS ART\u00cdSTICAS&#8221; [ Cria\u00e7\u00e3o\/Forma\u00e7\u00e3o ]<\/h2>\n\n\n\n<p>27, 28 e 29 de Janeiro &#8211; (<em>Clown<\/em>) com <strong>Emanuel Vicente<\/strong> e <strong>H\u00e9lder Gamboa<\/strong> &#8211; Ass. Coutoense &#8211; 14 Pax<br>11 e 12 de Fevereiro &#8211; (<em>Teatro\/m\u00fasica<\/em>) com&nbsp;<strong>BitOcas Fernandes<\/strong>&nbsp;\u2013 Mosteirinho &#8211; 3 Pax<br>24, 25 e 26 de Fevereiro &#8211; (<em>Criatividade e design<\/em>) com <strong>Alexandre Kenji Kumagai<\/strong> &#8211; J. Freguesia dos Coutos de Viseu &#8211; 2 Pax<br>11 e 12 de Mar\u00e7o &#8211; (<em>Ervas comest\u00edveis<\/em>) com <strong>Ab\u00edlio Marques<\/strong> &#8211; Mosteirinho &#8211; 20 Pax<br>9 a 13 de Agosto &#8211; (<em>Duche Solar<\/em>) com <strong>Marisa Fernandes e Carlos Duarte<\/strong>, Mosteirinho &#8211; 2 Pax<br>9 a 15 de Outubro &#8211; (<em>WC Seco<\/em>) Com <strong>Jo\u00e3o Raposo e Igor Matos<\/strong> &#8211; 2 Pax<br>11 e 12 de Novembro e 2 e 3 de Dezembro (<em>Conserva\u00e7\u00e3o e Restauro de ferro forjado<\/em>) com o <strong>Jo\u00e3o Almeida, o Frederico Martins<\/strong> e com a orienta\u00e7\u00e3o do <strong>Mestre Z\u00e9 Lu\u00eds Loureiro<\/strong> &#8211; 3 Pax<\/p>\n\n\n\n<h2 class=\"wp-block-heading\">\u201cCLOWN E COM\u00c9DIA VISUAL\u201d [ Forma\u00e7\u00e3o ]<\/h2>\n\n\n\n<p>29 de Janeiro &#8211;&nbsp;com <strong>Emanuel Vicente<\/strong> e <strong>H\u00e9lder Gamboa<\/strong>&nbsp;\u2013 Junta de Freguesia do Couto de Cima &#8211; 47 Pax<\/p>\n\n\n\n<h2 class=\"wp-block-heading\">\u201cGIN\u00c1SIO MUSICAL\u201d [ Forma\u00e7\u00e3o ]<\/h2>\n\n\n\n<p>12 de Janeiro &#8211;&nbsp;com <strong>BitOcas Fernandes<\/strong>&nbsp;\u2013 Mosteirinho &#8211; 38 Pax<\/p>\n\n\n\n<h2 class=\"wp-block-heading\">\u201cCRIATIVIDADE E DESIGN\u201d [ Forma\u00e7\u00e3o ]<\/h2>\n\n\n\n<p>26 de Fevereiro-&nbsp;com <strong>Alex. Kenji Kumagai<\/strong>&nbsp;\u2013 Junta de Freguesia do Couto de Cima &#8211; 16 Pax<\/p>\n\n\n\n<h2 class=\"wp-block-heading\">\u201cCOMER ERVAS DANINHAS\u201d [ Forma\u00e7\u00e3o ]<\/h2>\n\n\n\n<p>12 de Mar\u00e7o &#8211;&nbsp;com <strong>Ab\u00edlio Marques<\/strong>&nbsp;\u2013 Mosteirinho &#8211; 20 Pax<\/p>\n\n\n\n<h2 class=\"wp-block-heading\">\u201cECOCONSCI\u00caNCIA DOM\u00c9STICA\u201d [ Forma\u00e7\u00e3o ]<\/h2>\n\n\n\n<p>19 de Mar\u00e7o &#8211;&nbsp;com <strong>Freya van Dien<\/strong>&nbsp;\u2013 Mosteirinho &#8211; 18 Pax<\/p>\n\n\n\n<h2 class=\"wp-block-heading\">\u201cINTRODU\u00c7\u00c3O AO MALABARISMO\u201d [ Forma\u00e7\u00e3o ]<\/h2>\n\n\n\n<p>20 de Mar\u00e7o &#8211;&nbsp;com <strong>Daniel Matos<\/strong>&nbsp;\u2013 Esc.Sec. de Nelas &#8211; 8 Pax<br>30 de Setembro &#8211; com <strong>Daniel M<\/strong>.&nbsp;\u2013 Festival Trip23, Viseu &#8211; 30 Pax<br>29 de Dezembro &#8211; (3 sess\u00f5es) com <strong>Daniel M<\/strong>, <strong>Ricardo A<\/strong>. e <strong>Alexandre Marques<\/strong>, na C.E. de Nelas &#8211; 30 Pax<\/p>\n\n\n\n<h2 class=\"wp-block-heading\">\u201cA CAIXINHA DE M\u00daSICA\u201d [ Espect\u00e1culo ]<\/h2>\n\n\n\n<p>30 de Mar\u00e7o &#8211; 10h. Audit\u00f3rio Carlos Paredes, <strong>Pr\u00e9-Escola<\/strong>r de Vila Nova de Paiva &#8211; 92 Pax<br>30 de Mar\u00e7o &#8211; 14h. Audit\u00f3rio Carlos Paredes, <strong>1\u00baC\u00edclo<\/strong> de Vila Nova de Paiva &#8211; 126 Pax<\/p>\n\n\n\n<h2 class=\"wp-block-heading\">\u201cESTENDAL FOTOGR\u00c1FICO\u201d [ Exposi\u00e7\u00e3o ]<\/h2>\n\n\n\n<p>31 de Mar\u00e7o &#8211; <strong><em>Exposi\u00e7\u00e3o coletiva<\/em><\/strong>\u201d \u2013 Mosteirinho, Coutos de Viseu &#8211; Visitantes n\u00e3o contabiliz\u00e1veis<\/p>\n\n\n\n<h2 class=\"wp-block-heading\">\u201cCONTENT\u00cdSSIMO\u201d [ Espect\u00e1culo ]<\/h2>\n\n\n\n<p>31 de Mar\u00e7o &#8211; <strong>ACROF<\/strong> &#8211; Centro Escolar de Oliveira de Frades &#8211; 340 Pax<br>2 de Abril &#8211; <strong>ACROF<\/strong> &#8211; Jardim Municipal de Oliveira de Frades &#8211; 60 Pax<br>30 de Junho \u2013 Escola B\u00e1sica e Jardim de Inf\u00e2ncia de <strong>Barbeita<\/strong>, Viseu &#8211; 145 Pax<br>22 de Julho &#8211; Escuteiros e comunidade de <strong>Bodiosa<\/strong>, no Mosteirinho, Viseu &#8211; 135 Pax<br>20 de Agosto &#8211; AGORA, Cultura &#8211; <strong>Cidade do Porto<\/strong>, Jardim do C\u00e1lem &#8211; 60 Pax<br>1 de Outubro &#8211; <strong>Bodiosa<\/strong>, Festas de S. Miguel, Viseu &#8211; 150 Pax<br>18 de Dezembro &#8211; Mercado Municipal de <strong>Mangualde<\/strong> &#8211; 80 Pax<\/p>\n\n\n\n<h2 class=\"wp-block-heading\">\u201cDEP\u00d3SITO\/CISTERNA\u201d [ Iniciativa Comunit\u00e1ria ]<\/h2>\n\n\n\n<p>1 de Abril &#8211; Interven\u00e7\u00e3o\/ReDesign da autoria de <strong>Cl\u00e1udia Font\u00e3o<\/strong> &#8211; \u201c<strong><em>MOST22<\/em><\/strong>\u201d \u2013 Mosteirinho, Coutos de Viseu &#8211; Visitantes n\u00e3o contabiliz\u00e1veis<\/p>\n\n\n\n<h2 class=\"wp-block-heading\">\u201cHIST\u00d3RIAS A PEDAIS\u201d [ Espect\u00e1culo ]<\/h2>\n\n\n\n<p>20 e 21 de Maio &#8211; <strong>Festival i<\/strong>, d&#8217;Orfeu, \u00c1gueda &#8211; 2 sess\u00f5es &#8211; 38 Pax<br>1 de Junho &#8211; Pr\u00e9-escolar, <strong>Associa\u00e7\u00e3o Coutoense<\/strong>, Viseu &#8211; 18 Pax <br>23 de Dezembro &#8211; Programa\u00e7\u00e3o Municipal de <strong>Vouzela<\/strong> (Vila Natal) &#8211; 26 Pax<\/p>\n\n\n\n<h2 class=\"wp-block-heading\">\u201cTERT\u00daLIA\u201d [ Iniciativa Comunit\u00e1ria ]<\/h2>\n\n\n\n<p>24 de Maio &#8211; \u201c<strong>Quartas de conversa<\/strong>&#8221; &#8211; ESAM, Viseu &#8211; 30 Pax<br>25 de Maio &#8211; &#8220;<strong>Jornadas de Anima\u00e7\u00e3o<\/strong>&#8221; E. P. Tondela &#8211; 28 Pax<\/p>\n\n\n\n<h2 class=\"wp-block-heading\">\u201cO CADERNO DE DARWIN\u201d [ Forma\u00e7\u00e3o ]<\/h2>\n\n\n\n<p>30 de Maio a 4 Junho &#8211; ESTREIA \u2013 Workshop, <strong>Festival Educarte23<\/strong> \u2013 Qta Cruz, Viseu &#8211; 7 sess\u00f5es &#8211; 138 Pax<\/p>\n\n\n\n<h2 class=\"wp-block-heading\">\u201cPALHA\u00c7UV\u00c1TOMB\u00ca\u201d [ Anima\u00e7\u00e3o ]<\/h2>\n\n\n\n<p>3 de Junho &#8211; <strong>Real Vida Seguros<\/strong> &#8211; Quinta do Pa\u00fal, Leiria &#8211; Participantes n\u00e3o contabiliz\u00e1veis <\/p>\n\n\n\n<h2 class=\"wp-block-heading\">\u201cFORAL MANUELINO\u201d [ Iniciativa Comunit\u00e1ria ]<\/h2>\n\n\n\n<p>18 de Junho &#8211; &#8220;<strong>Festividades do Foral Manuelino<\/strong>&#8221; &#8211; Couto de Baixo, Viseu &#8211; Participantes n\u00e3o contabiliz\u00e1veis <\/p>\n\n\n\n<h2 class=\"wp-block-heading\">\u201cFESTA DA PASSAGEM DE ANO\u201d [ Iniciativa Comunit\u00e1ria ]<\/h2>\n\n\n\n<p>21 de Junho &#8211; &#8220;<strong>Solst\u00edcio<\/strong>&#8220;, Vinil e lan\u00e7amento do MOST&#8217;23 &#8211; Mosteirinho &#8211; 50 Pax<\/p>\n\n\n\n<h2 class=\"wp-block-heading\">\u201cYoga\u201d [ Forma\u00e7\u00e3o ]<\/h2>\n\n\n\n<p>21 de Junho &#8211; com <strong>Joana Magalh\u00e3es<\/strong> &#8211; Mosteirinho &#8211; 10 Pax<\/p>\n\n\n\n<h2 class=\"wp-block-heading\">\u201cGUARDA-CHUVA TRANSFORMADO\u201d [ Forma\u00e7\u00e3o ]<\/h2>\n\n\n\n<p>25 de Junho \u2013 Workshop de &#8220;Costura&#8221;, com <strong>Celina Quaresma<\/strong> &#8211; Mosteirinho &#8211; 13 Pax<\/p>\n\n\n\n<h2 class=\"wp-block-heading\">\u201cO EXPLORADOR FLORENTINO\u201d [ Anima\u00e7\u00e3o ]<\/h2>\n\n\n\n<p>28 de Junho \u2013 Escola EB1 de <strong>Torredeita<\/strong> &#8211; Mosteirinho &#8211; 60 Pax<br>30 de Junho&nbsp;\u2013 Escola EB1 de Lamas, <strong>Castro Daire<\/strong> &#8211; 34 Pax<br>09 de Julho \u2013&nbsp;com <strong>Rui P\u00eava<\/strong> \u2013 Caminhada de Aguiar da Beira &#8211; Participantes n\u00e3o contabiliz\u00e1veis<br>19 de Julho \u2013&nbsp;<strong>Casa do Povo de Abraveses<\/strong> &#8211; Floresta da 5\u00aaOficina, Mosteirinho &#8211; 15 Pax<br>23 de Julho \u2013 <strong>Escuteiros de Bodiosa<\/strong>, Mosteirinho, Coutos de Viseu &#8211; 14 Pax<br>30 de Julho \u2013&nbsp;<strong>Parque da Cidade, Aquilino Ribeiro, <\/strong>&#8220;Ver\u00e3o no Parque&#8221; &#8211; 25 Pax<\/p>\n\n\n\n<h2 class=\"wp-block-heading\">\u201cGIN\u00c1SIO MUSICAL #2\u201d [ Forma\u00e7\u00e3o ]<\/h2>\n\n\n\n<p>9 de Julho \u2013 Workshop com <strong>BitOcas Fernandes<\/strong> \u2013 Mosteirinho &#8211; 38 Pax<\/p>\n\n\n\n<h2 class=\"wp-block-heading\">\u201cESCOLA DO ERRAR E DESAPRENDER\u201d [ Forma\u00e7\u00e3o ]<\/h2>\n\n\n\n<p>30 de Julho \u2013 Sess\u00e3o experimental com <strong>Corina Ollett<\/strong> \u2013 Mosteirinho &#8211; 8 Pax<br>29 de Outubro \u2013 &#8220;Aula&#8221; aberta, com <strong>Emanuela Schirripa<\/strong> &#8211; 6 Pax<br>26 de Novembro \u2013 &#8220;Aula&#8221; aberta, com <strong>Vanessa Chrystie Perdig\u00e3o<\/strong> &#8211; 6 Pax<\/p>\n\n\n\n<h2 class=\"wp-block-heading\">\u201cAS TORMENTAS DO VASCO NA CAMA\u201d [ Espect\u00e1culo ]<\/h2>\n\n\n\n<p>2 de Agosto &#8211; ESTREIA &#8211; <strong>Nogueira de C\u00f4ta<\/strong>, Viseu &#8211; 160 Pax<br>5 de Agosto &#8211; Festival <strong>Tradidan\u00e7as<\/strong>, Carvalhais de S. P. do Sul &#8211; 200 Pax<br>6 de Agosto &#8211; Formato desfile &#8211; Fest. <strong>Tradidan\u00e7as<\/strong>, S. P. do Sul &#8211; Participantes n\u00e3o contabiliz\u00e1veis<br>10 de Dezembro &#8211; C. A. Cultural de <strong>Mort\u00e1gua<\/strong> &#8211; 92 Pax<\/p>\n\n\n\n<h2 class=\"wp-block-heading\">\u201cO JOGO TEATRAL DE COOPERA\u00c7\u00c3O TRIBAL\u201d [ Forma\u00e7\u00e3o ]<\/h2>\n\n\n\n<p>4 de Agosto &#8211; com <strong>Emanuel Vicente<\/strong>, Festival Tradidan\u00e7as, Carvalhais de S. P. do Sul &#8211; 20 Pax<\/p>\n\n\n\n<h2 class=\"wp-block-heading\">\u201cCRIA\u00c7\u00c3O E MANIPULA\u00c7\u00c3O DE MONSTROS\u201d [ Forma\u00e7\u00e3o ]<\/h2>\n\n\n\n<p>5 de Agosto &#8211; Festival <strong>Tradidan\u00e7as<\/strong>, Carvalhais de S. P. do Sul &#8211; 25 Pax<\/p>\n\n\n\n<h2 class=\"wp-block-heading\">\u201cVOZ E CANTO NO DUCHE SOLAR\u201d [ Forma\u00e7\u00e3o ]<\/h2>\n\n\n\n<p>13 de Agosto &#8211; com <strong>Laura Rui<\/strong>, Mosteirinho &#8211; 9 Pax<\/p>\n\n\n\n<h2 class=\"wp-block-heading\">\u201cREGENERA\u00c7\u00c3O SOCIAL\u201d [ Forma\u00e7\u00e3o ]<\/h2>\n\n\n\n<p>27 de Agosto &#8211; com <strong>Filipa Pimentel<\/strong>, Mosteirinho &#8211; 18 Pax<\/p>\n\n\n\n<h2 class=\"wp-block-heading\">\u201cVISITA GUIADA AO C\u00c9U\u201d [ Iniciativa comunit\u00e1ria ]<\/h2>\n\n\n\n<p>9 de Setembro &#8211; com o astrof\u00edsico <strong>Ant\u00f3nio Cardoso<\/strong>, Mosteirinho &#8211; 7 Pax<\/p>\n\n\n\n<h2 class=\"wp-block-heading\">\u201cRECONSTRU\u00c7\u00d5ES NATURAIS\u201d [ Forma\u00e7\u00e3o ]<\/h2>\n\n\n\n<p>24 de Setembro<strong>&nbsp;<\/strong>&#8211;<strong>&nbsp;<\/strong> com <strong>Ana Ver\u00f3nica<\/strong>, Mosteirinho &#8211; 19 Pax<\/p>\n\n\n\n<h2 class=\"wp-block-heading\">\u201cAMIGURUMI\u201d [ Forma\u00e7\u00e3o ]<\/h2>\n\n\n\n<p>8 e 22 de Outubro &#8211; (2 sess\u00f5es) com <strong>Iara Matos<\/strong>, Mosteirinho &#8211; 9 Pax<\/p>\n\n\n\n<h2 class=\"wp-block-heading\">\u201cWC-SECO E SUA COMPOSTAGEM\u201d [ Forma\u00e7\u00e3o ]<\/h2>\n\n\n\n<p>15 de Outubro, com <strong>Jo\u00e3o Raposo<\/strong> da MicroVida, no Mosteirinho &#8211; 23 Pax<\/p>\n\n\n\n<h2 class=\"wp-block-heading\">\u201cCONSERVA\u00c7\u00c3O E RESTAURO DE FERRO FORJADO\u201d [ Forma\u00e7\u00e3o ]<\/h2>\n\n\n\n<p>11 e 12 de Novembro e 2 e 3 de Dezembro, (4 sess\u00f5es) com o <strong>Mestre Z\u00e9 Lu\u00eds Loureiro<\/strong>, no Mosteirinho &#8211; 18 Pax<\/p>\n\n\n\n<h2 class=\"wp-block-heading\">\u201cO DUENDE DESEMPREGADO\u201d [ Anima\u00e7\u00e3o ]<\/h2>\n\n\n\n<p>11 de Dezembro &#8211; (2 sess\u00f5es) Escola B\u00e1sica <strong>Jo\u00e3o de Barros<\/strong>, Viseu &#8211; 290 Pax<br>12 de Dezembro &#8211; Escola B1 <strong>Vila Nova de Campo<\/strong> &#8211; 80 Pax<br>12 de Dezembro &#8211; <strong>Centro Cultural do Campo<\/strong> &#8211; 40 Pax<br>13 de Dezembro &#8211; Jardim de Inf\u00e2ncia do <strong>S\u00e1t\u00e3o<\/strong> &#8211; 130 Pax<br>14 de Dezembro &#8211; (4 sess\u00f5es) Audit\u00f3rio Paroquial de <strong>Mangualde<\/strong> &#8211; 1.300 Pax<br>15 de Dezembro &#8211; (2 sess\u00f5es) <strong>Arte de Crescer<\/strong>, Viseu &#8211; 82 Pax<br>15 de Dezembro &#8211; Escola de <strong>Massorim<\/strong>, Viseu &#8211; 290 Pax<br>17 de Dezembro &#8211; Pavilh\u00e3o da Freguesia de <strong>Santiago de Besteiros<\/strong> &#8211; 155 Pax<br>20 de Dezembro &#8211; Programa\u00e7\u00e3o Municipal de <strong>Portim\u00e3o<\/strong> &#8211; 150 Pax<br>23 de Dezembro &#8211; Programa\u00e7\u00e3o Municipal de <strong>Mort\u00e1gua<\/strong> &#8211; Participantes n\u00e3o contabiliz\u00e1veis<br>28 de Dezembro &#8211; Biblioteca Municipal de <strong>Viseu<\/strong> &#8211;  113 Pax<\/p>\n","protected":false},"excerpt":{"rendered":"<p>\u201c\u00c1RVORES DE JANEIRO\u201d [ Iniciativa Comunit\u00e1ria ] 1 a 31 de Janeiro &#8211;&nbsp;Qta da Cruz \u2013 Centro de Arte Contempor\u00e2nea de Viseu&nbsp;\u2013 30 Pax \u201cPASSEIO INTERPRETATIVO E PLANTA\u00c7\u00c3O DE \u00c1RVORES\u201d [ Forma\u00e7\u00e3o ] 15 de Janeiro &#8211;&nbsp;com Gabriel Silva&nbsp;\u2013 24 Pax \u201cO PALHA\u00c7O QUE MISTURA CORES\u201d [ Forma\u00e7\u00e3o ] 18 de Janeiro &#8211;&nbsp;com o Projeto &hellip; <\/p>\n<p class=\"link-more\"><a href=\"https:\/\/www.quintaoficina.pt\/index.php\/2023-2\/\" class=\"more-link\">Continuar a ler <span class=\"screen-reader-text\">&#8220;2023&#8221;<\/span><\/a><\/p>\n","protected":false},"author":1,"featured_media":0,"parent":0,"menu_order":0,"comment_status":"closed","ping_status":"closed","template":"template-full-width.php","meta":{"footnotes":""},"class_list":["post-2907","page","type-page","status-publish","hentry"],"_links":{"self":[{"href":"https:\/\/www.quintaoficina.pt\/index.php\/wp-json\/wp\/v2\/pages\/2907","targetHints":{"allow":["GET"]}}],"collection":[{"href":"https:\/\/www.quintaoficina.pt\/index.php\/wp-json\/wp\/v2\/pages"}],"about":[{"href":"https:\/\/www.quintaoficina.pt\/index.php\/wp-json\/wp\/v2\/types\/page"}],"author":[{"embeddable":true,"href":"https:\/\/www.quintaoficina.pt\/index.php\/wp-json\/wp\/v2\/users\/1"}],"replies":[{"embeddable":true,"href":"https:\/\/www.quintaoficina.pt\/index.php\/wp-json\/wp\/v2\/comments?post=2907"}],"version-history":[{"count":45,"href":"https:\/\/www.quintaoficina.pt\/index.php\/wp-json\/wp\/v2\/pages\/2907\/revisions"}],"predecessor-version":[{"id":4576,"href":"https:\/\/www.quintaoficina.pt\/index.php\/wp-json\/wp\/v2\/pages\/2907\/revisions\/4576"}],"wp:attachment":[{"href":"https:\/\/www.quintaoficina.pt\/index.php\/wp-json\/wp\/v2\/media?parent=2907"}],"curies":[{"name":"wp","href":"https:\/\/api.w.org\/{rel}","templated":true}]}}