{"id":3379,"date":"2023-05-28T12:59:05","date_gmt":"2023-05-28T11:59:05","guid":{"rendered":"https:\/\/www.quintaoficina.pt\/?page_id=3379"},"modified":"2023-10-12T21:02:59","modified_gmt":"2023-10-12T20:02:59","slug":"ginasio-musical-ii","status":"publish","type":"page","link":"https:\/\/www.quintaoficina.pt\/index.php\/atividades\/formacao\/ginasio-musical-ii\/","title":{"rendered":"Gin\u00e1sio Musical II"},"content":{"rendered":"\n<figure class=\"wp-block-gallery has-nested-images columns-2 wp-block-gallery-1 is-layout-flex wp-block-gallery-is-layout-flex\">\n<figure class=\"wp-block-image size-large\"><img loading=\"lazy\" decoding=\"async\" width=\"1024\" height=\"683\" data-id=\"3883\" src=\"https:\/\/www.quintaoficina.pt\/wp-content\/uploads\/2023\/10\/DSC04039-1024x683.jpg\" alt=\"\" class=\"wp-image-3883\" srcset=\"https:\/\/www.quintaoficina.pt\/wp-content\/uploads\/2023\/10\/DSC04039-1024x683.jpg 1024w, https:\/\/www.quintaoficina.pt\/wp-content\/uploads\/2023\/10\/DSC04039-300x200.jpg 300w, https:\/\/www.quintaoficina.pt\/wp-content\/uploads\/2023\/10\/DSC04039-768x512.jpg 768w, https:\/\/www.quintaoficina.pt\/wp-content\/uploads\/2023\/10\/DSC04039-1536x1024.jpg 1536w, https:\/\/www.quintaoficina.pt\/wp-content\/uploads\/2023\/10\/DSC04039-2048x1365.jpg 2048w\" sizes=\"auto, (max-width: 767px) 89vw, (max-width: 1000px) 54vw, (max-width: 1071px) 543px, 580px\" \/><\/figure>\n\n\n\n<figure class=\"wp-block-image size-large\"><img loading=\"lazy\" decoding=\"async\" width=\"1024\" height=\"683\" data-id=\"3884\" src=\"https:\/\/www.quintaoficina.pt\/wp-content\/uploads\/2023\/10\/DSC04090-1024x683.jpg\" alt=\"\" class=\"wp-image-3884\" srcset=\"https:\/\/www.quintaoficina.pt\/wp-content\/uploads\/2023\/10\/DSC04090-1024x683.jpg 1024w, https:\/\/www.quintaoficina.pt\/wp-content\/uploads\/2023\/10\/DSC04090-300x200.jpg 300w, https:\/\/www.quintaoficina.pt\/wp-content\/uploads\/2023\/10\/DSC04090-768x512.jpg 768w, https:\/\/www.quintaoficina.pt\/wp-content\/uploads\/2023\/10\/DSC04090-1536x1024.jpg 1536w, https:\/\/www.quintaoficina.pt\/wp-content\/uploads\/2023\/10\/DSC04090-2048x1365.jpg 2048w\" sizes=\"auto, (max-width: 767px) 89vw, (max-width: 1000px) 54vw, (max-width: 1071px) 543px, 580px\" \/><\/figure>\n\n\n\n<figure class=\"wp-block-image size-large\"><img loading=\"lazy\" decoding=\"async\" width=\"1024\" height=\"683\" data-id=\"3885\" src=\"https:\/\/www.quintaoficina.pt\/wp-content\/uploads\/2023\/10\/DSC04124-1024x683.jpg\" alt=\"\" class=\"wp-image-3885\" srcset=\"https:\/\/www.quintaoficina.pt\/wp-content\/uploads\/2023\/10\/DSC04124-1024x683.jpg 1024w, https:\/\/www.quintaoficina.pt\/wp-content\/uploads\/2023\/10\/DSC04124-300x200.jpg 300w, https:\/\/www.quintaoficina.pt\/wp-content\/uploads\/2023\/10\/DSC04124-768x512.jpg 768w, https:\/\/www.quintaoficina.pt\/wp-content\/uploads\/2023\/10\/DSC04124-1536x1024.jpg 1536w, https:\/\/www.quintaoficina.pt\/wp-content\/uploads\/2023\/10\/DSC04124-2048x1365.jpg 2048w\" sizes=\"auto, (max-width: 767px) 89vw, (max-width: 1000px) 54vw, (max-width: 1071px) 543px, 580px\" \/><\/figure>\n\n\n\n<figure class=\"wp-block-image size-large\"><img loading=\"lazy\" decoding=\"async\" width=\"1024\" height=\"683\" data-id=\"3886\" src=\"https:\/\/www.quintaoficina.pt\/wp-content\/uploads\/2023\/10\/DSC04147-1024x683.jpg\" alt=\"\" class=\"wp-image-3886\" srcset=\"https:\/\/www.quintaoficina.pt\/wp-content\/uploads\/2023\/10\/DSC04147-1024x683.jpg 1024w, https:\/\/www.quintaoficina.pt\/wp-content\/uploads\/2023\/10\/DSC04147-300x200.jpg 300w, https:\/\/www.quintaoficina.pt\/wp-content\/uploads\/2023\/10\/DSC04147-768x512.jpg 768w, https:\/\/www.quintaoficina.pt\/wp-content\/uploads\/2023\/10\/DSC04147-1536x1024.jpg 1536w, https:\/\/www.quintaoficina.pt\/wp-content\/uploads\/2023\/10\/DSC04147-2048x1365.jpg 2048w\" sizes=\"auto, (max-width: 767px) 89vw, (max-width: 1000px) 54vw, (max-width: 1071px) 543px, 580px\" \/><\/figure>\n<figcaption class=\"blocks-gallery-caption wp-element-caption\">Fotos \u00a9 Vlad Dulyansky<\/figcaption><\/figure>\n\n\n\n<p>09 de Julho no Mosteirinho.<br>&gt; <strong>\u00c0s 10h30<\/strong>, para profissionais &#8211; professores, educadores, animadores, l\u00edderes de grupos, performers (m\u00fasicos, atores, bailarinos, etc) e que tamb\u00e9m poder\u00e3o ir de tarde&#8230;<br>&gt; <strong>\u00c0s 15h<\/strong>, para p\u00fablico geral, curiosos, pastores&nbsp;e trauteadores&#8230;<br><strong>Dura\u00e7\u00e3o<\/strong>:&nbsp;2 horas<br>Quaaase gratuito: 1\u20ac, ou 1kg de fruta da \u00e9poca<br><strong>Inscri\u00e7\u00f5es<\/strong>: <a rel=\"noreferrer noopener\" href=\"mailto:vitoscar@gmail.com\" target=\"_blank\">vitoscar@gmail.com<\/a><\/p>\n\n\n\n<figure class=\"wp-block-image size-large\"><img loading=\"lazy\" decoding=\"async\" width=\"724\" height=\"1024\" src=\"https:\/\/www.quintaoficina.pt\/wp-content\/uploads\/2023\/06\/CartazBitOcasII_A4-02-724x1024.jpg\" alt=\"\" class=\"wp-image-3494\" srcset=\"https:\/\/www.quintaoficina.pt\/wp-content\/uploads\/2023\/06\/CartazBitOcasII_A4-02-724x1024.jpg 724w, https:\/\/www.quintaoficina.pt\/wp-content\/uploads\/2023\/06\/CartazBitOcasII_A4-02-212x300.jpg 212w, https:\/\/www.quintaoficina.pt\/wp-content\/uploads\/2023\/06\/CartazBitOcasII_A4-02-768x1086.jpg 768w, https:\/\/www.quintaoficina.pt\/wp-content\/uploads\/2023\/06\/CartazBitOcasII_A4-02-1086x1536.jpg 1086w, https:\/\/www.quintaoficina.pt\/wp-content\/uploads\/2023\/06\/CartazBitOcasII_A4-02-1448x2048.jpg 1448w, https:\/\/www.quintaoficina.pt\/wp-content\/uploads\/2023\/06\/CartazBitOcasII_A4-02-scaled.jpg 1810w\" sizes=\"auto, (max-width: 724px) 100vw, 724px\" \/><\/figure>\n\n\n\n<p><em><strong>Bitocas Fernandes<br><\/strong>Facilitador criativo, pedagogo e criador de contextos de aprendizagem em intera\u00e7\u00e3o l\u00fadica. M\u00fasico experimentalista, criador de jogos performativos e pesquisador sobre a improvisa\u00e7\u00e3o, o jogo, a inter-disciplinaridade e a criatividade.<\/em><\/p>\n\n\n\n<div data-wp-interactive=\"core\/file\" class=\"wp-block-file\"><object data-wp-bind--hidden=\"!state.hasPdfPreview\" hidden class=\"wp-block-file__embed\" data=\"https:\/\/www.quintaoficina.pt\/wp-content\/uploads\/2022\/12\/O-Jogo-Aberto-Apresentacao.pdf\" type=\"application\/pdf\" style=\"width:100%;height:600px\" aria-label=\"Incorpora\u00e7\u00e3o de &lt;br&gt;O-Jogo-Aberto-Apresentacao.\"><\/object><a id=\"wp-block-file--media-12eca7ce-ded8-42b2-8c74-547c932b29d9\" href=\"https:\/\/www.quintaoficina.pt\/wp-content\/uploads\/2022\/12\/O-Jogo-Aberto-Apresentacao.pdf\"><br>O-Jogo-Aberto-Apresentacao<\/a><a href=\"https:\/\/www.quintaoficina.pt\/wp-content\/uploads\/2022\/12\/O-Jogo-Aberto-Apresentacao.pdf\" class=\"wp-block-file__button wp-element-button\" download aria-describedby=\"wp-block-file--media-12eca7ce-ded8-42b2-8c74-547c932b29d9\">Descarregar<\/a><\/div>\n\n\n\n<p>Vitor \u00d3scar Seabra David Fernandes, nascido a 3 de Janeiro de 1968 em \u00c1gueda.<\/p>\n\n\n\n<div data-wp-interactive=\"core\/file\" class=\"wp-block-file\"><object data-wp-bind--hidden=\"!state.hasPdfPreview\" hidden class=\"wp-block-file__embed\" data=\"https:\/\/www.quintaoficina.pt\/wp-content\/uploads\/2023\/01\/Curriculum-Vitae-Bitocas-Fernandes.pdf\" type=\"application\/pdf\" style=\"width:100%;height:600px\" aria-label=\"Incorpora\u00e7\u00e3o de Curriculum-Vitae-Bitocas-Fernandes.\"><\/object><a id=\"wp-block-file--media-ec43efc5-c553-43f9-b3b4-30961fedbfbc\" href=\"https:\/\/www.quintaoficina.pt\/wp-content\/uploads\/2023\/01\/Curriculum-Vitae-Bitocas-Fernandes.pdf\">Curriculum-Vitae-Bitocas-Fernandes<\/a><a href=\"https:\/\/www.quintaoficina.pt\/wp-content\/uploads\/2023\/01\/Curriculum-Vitae-Bitocas-Fernandes.pdf\" class=\"wp-block-file__button wp-element-button\" download aria-describedby=\"wp-block-file--media-ec43efc5-c553-43f9-b3b4-30961fedbfbc\">Descarregar<\/a><\/div>\n\n\n\n<p><br><br><a href=\"https:\/\/bitocasfernandes.wordpress.com\/\"><a rel=\"noreferrer noopener\" href=\"https:\/\/bitocasfernandes.wordpress.com\/\" target=\"_blank\">https:\/\/bitocasfernandes.wordpress.com\/<\/a><\/a><br>http:\/\/facebook\/bitocas1<\/p>\n\n\n\n<p><br><\/p>\n\n\n\n<p><a rel=\"noreferrer noopener\" href=\"https:\/\/goo.gl\/maps\/aCL3nbqtgn42x8R36\" target=\"_blank\"><strong>LOCALIZA\u00c7\u00c3O<\/strong>&nbsp;GoogleMaps<\/a><em>&nbsp;<\/em><a rel=\"noreferrer noopener\" href=\"https:\/\/goo.gl\/maps\/aCL3nbqtgn42x8R36\" target=\"_blank\"><strong>AQUI<\/strong><\/a><br><em>https:\/\/goo.gl\/maps\/aCL3nbqtgn42x8R36<\/em><a rel=\"noreferrer noopener\" href=\"https:\/\/goo.gl\/maps\/aCL3nbqtgn42x8R36\" target=\"_blank\"><br><\/a><em>(ao chegar a este local, ter\u00e1 ainda de percorrer mais 250m)<\/em><br><em>BOA VIAGEM!!!<\/em><\/p>\n\n\n\n<p><br><br>Atividade inserida no MOST\u201923 \u2013 Programa\u00e7\u00e3o internacional de media\u00e7\u00e3o art\u00edstica em meio rural. Uma iniciativa apoiada pelo Munic\u00edpio de Viseu e financiada pelo EixoCultura<\/p>\n","protected":false},"excerpt":{"rendered":"<p>09 de Julho no Mosteirinho.&gt; \u00c0s 10h30, para profissionais &#8211; professores, educadores, animadores, l\u00edderes de grupos, performers (m\u00fasicos, atores, bailarinos, etc) e que tamb\u00e9m poder\u00e3o ir de tarde&#8230;&gt; \u00c0s 15h, para p\u00fablico geral, curiosos, pastores&nbsp;e trauteadores&#8230;Dura\u00e7\u00e3o:&nbsp;2 horasQuaaase gratuito: 1\u20ac, ou 1kg de fruta da \u00e9pocaInscri\u00e7\u00f5es: vitoscar@gmail.com Bitocas FernandesFacilitador criativo, pedagogo e criador de contextos de &hellip; <\/p>\n<p class=\"link-more\"><a href=\"https:\/\/www.quintaoficina.pt\/index.php\/atividades\/formacao\/ginasio-musical-ii\/\" class=\"more-link\">Continuar a ler <span class=\"screen-reader-text\">&#8220;Gin\u00e1sio Musical II&#8221;<\/span><\/a><\/p>\n","protected":false},"author":1,"featured_media":0,"parent":361,"menu_order":0,"comment_status":"closed","ping_status":"closed","template":"template-full-width.php","meta":{"footnotes":""},"class_list":["post-3379","page","type-page","status-publish","hentry"],"_links":{"self":[{"href":"https:\/\/www.quintaoficina.pt\/index.php\/wp-json\/wp\/v2\/pages\/3379","targetHints":{"allow":["GET"]}}],"collection":[{"href":"https:\/\/www.quintaoficina.pt\/index.php\/wp-json\/wp\/v2\/pages"}],"about":[{"href":"https:\/\/www.quintaoficina.pt\/index.php\/wp-json\/wp\/v2\/types\/page"}],"author":[{"embeddable":true,"href":"https:\/\/www.quintaoficina.pt\/index.php\/wp-json\/wp\/v2\/users\/1"}],"replies":[{"embeddable":true,"href":"https:\/\/www.quintaoficina.pt\/index.php\/wp-json\/wp\/v2\/comments?post=3379"}],"version-history":[{"count":11,"href":"https:\/\/www.quintaoficina.pt\/index.php\/wp-json\/wp\/v2\/pages\/3379\/revisions"}],"predecessor-version":[{"id":3887,"href":"https:\/\/www.quintaoficina.pt\/index.php\/wp-json\/wp\/v2\/pages\/3379\/revisions\/3887"}],"up":[{"embeddable":true,"href":"https:\/\/www.quintaoficina.pt\/index.php\/wp-json\/wp\/v2\/pages\/361"}],"wp:attachment":[{"href":"https:\/\/www.quintaoficina.pt\/index.php\/wp-json\/wp\/v2\/media?parent=3379"}],"curies":[{"name":"wp","href":"https:\/\/api.w.org\/{rel}","templated":true}]}}