{"id":3385,"date":"2023-05-28T13:09:27","date_gmt":"2023-05-28T12:09:27","guid":{"rendered":"https:\/\/www.quintaoficina.pt\/?page_id=3385"},"modified":"2025-02-17T22:47:24","modified_gmt":"2025-02-17T22:47:24","slug":"4o-biblioteca","status":"publish","type":"page","link":"https:\/\/www.quintaoficina.pt\/index.php\/concursos\/4o-biblioteca\/","title":{"rendered":"4\u00ba CONCURSO DE IDEIAS DE RE-DESIGN EM MEIO RURAL"},"content":{"rendered":"\n<p><strong><em>2023<\/em><\/strong><\/p>\n\n\n\n<p><em>4RD RE-DESIGN IDEA CONTEST IN RURAL AREAS<\/em><\/p>\n\n\n\n<figure class=\"wp-block-gallery has-nested-images columns-default wp-block-gallery-1 is-layout-flex wp-block-gallery-is-layout-flex\">\n<figure class=\"wp-block-image size-large\"><img loading=\"lazy\" decoding=\"async\" width=\"724\" height=\"1024\" data-id=\"3511\" src=\"https:\/\/www.quintaoficina.pt\/wp-content\/uploads\/2023\/07\/Cartaz4concursoBibliotecaA4-03-724x1024.jpg\" alt=\"\" class=\"wp-image-3511\" srcset=\"https:\/\/www.quintaoficina.pt\/wp-content\/uploads\/2023\/07\/Cartaz4concursoBibliotecaA4-03-724x1024.jpg 724w, https:\/\/www.quintaoficina.pt\/wp-content\/uploads\/2023\/07\/Cartaz4concursoBibliotecaA4-03-212x300.jpg 212w, https:\/\/www.quintaoficina.pt\/wp-content\/uploads\/2023\/07\/Cartaz4concursoBibliotecaA4-03-768x1086.jpg 768w, https:\/\/www.quintaoficina.pt\/wp-content\/uploads\/2023\/07\/Cartaz4concursoBibliotecaA4-03-1086x1536.jpg 1086w, https:\/\/www.quintaoficina.pt\/wp-content\/uploads\/2023\/07\/Cartaz4concursoBibliotecaA4-03-1448x2048.jpg 1448w, https:\/\/www.quintaoficina.pt\/wp-content\/uploads\/2023\/07\/Cartaz4concursoBibliotecaA4-03-scaled.jpg 1810w\" sizes=\"auto, (max-width: 724px) 100vw, 724px\" \/><\/figure>\n\n\n\n<figure class=\"wp-block-image size-large\"><img loading=\"lazy\" decoding=\"async\" width=\"724\" height=\"1024\" data-id=\"3566\" src=\"https:\/\/www.quintaoficina.pt\/wp-content\/uploads\/2023\/07\/Cartaz4concursoBiblioteca_ING-04-724x1024.jpg\" alt=\"\" class=\"wp-image-3566\" srcset=\"https:\/\/www.quintaoficina.pt\/wp-content\/uploads\/2023\/07\/Cartaz4concursoBiblioteca_ING-04-724x1024.jpg 724w, https:\/\/www.quintaoficina.pt\/wp-content\/uploads\/2023\/07\/Cartaz4concursoBiblioteca_ING-04-212x300.jpg 212w, https:\/\/www.quintaoficina.pt\/wp-content\/uploads\/2023\/07\/Cartaz4concursoBiblioteca_ING-04-768x1086.jpg 768w, https:\/\/www.quintaoficina.pt\/wp-content\/uploads\/2023\/07\/Cartaz4concursoBiblioteca_ING-04-1086x1536.jpg 1086w, https:\/\/www.quintaoficina.pt\/wp-content\/uploads\/2023\/07\/Cartaz4concursoBiblioteca_ING-04-1448x2048.jpg 1448w, https:\/\/www.quintaoficina.pt\/wp-content\/uploads\/2023\/07\/Cartaz4concursoBiblioteca_ING-04-scaled.jpg 1810w\" sizes=\"auto, (max-width: 724px) 100vw, 724px\" \/><\/figure>\n<\/figure>\n\n\n\n<p><strong><em>Carrinha-Biblioteca Comunit\u00e1ria<\/em><br><\/strong><em>Community Library Van<\/em> <\/p>\n\n\n\n<p>Ideia vencedora:<br><em>Winning idea:<\/em><\/p>\n\n\n\n<figure class=\"wp-block-gallery has-nested-images columns-1 wp-block-gallery-2 is-layout-flex wp-block-gallery-is-layout-flex\">\n<figure class=\"wp-block-image size-large\"><img loading=\"lazy\" decoding=\"async\" width=\"724\" height=\"1024\" data-id=\"4000\" src=\"https:\/\/www.quintaoficina.pt\/wp-content\/uploads\/2023\/11\/IdeiaVencedora_AnaLeao1-724x1024.jpg\" alt=\"\" class=\"wp-image-4000\" srcset=\"https:\/\/www.quintaoficina.pt\/wp-content\/uploads\/2023\/11\/IdeiaVencedora_AnaLeao1-724x1024.jpg 724w, https:\/\/www.quintaoficina.pt\/wp-content\/uploads\/2023\/11\/IdeiaVencedora_AnaLeao1-212x300.jpg 212w, https:\/\/www.quintaoficina.pt\/wp-content\/uploads\/2023\/11\/IdeiaVencedora_AnaLeao1-768x1086.jpg 768w, https:\/\/www.quintaoficina.pt\/wp-content\/uploads\/2023\/11\/IdeiaVencedora_AnaLeao1-1086x1536.jpg 1086w, https:\/\/www.quintaoficina.pt\/wp-content\/uploads\/2023\/11\/IdeiaVencedora_AnaLeao1.jpg 1240w\" sizes=\"auto, (max-width: 724px) 100vw, 724px\" \/><\/figure>\n\n\n\n<figure class=\"wp-block-image size-large\"><img loading=\"lazy\" decoding=\"async\" width=\"1024\" height=\"724\" data-id=\"4001\" src=\"https:\/\/www.quintaoficina.pt\/wp-content\/uploads\/2023\/11\/IdeiaVencedora_AnaLeao2-1024x724.jpg\" alt=\"\" class=\"wp-image-4001\" srcset=\"https:\/\/www.quintaoficina.pt\/wp-content\/uploads\/2023\/11\/IdeiaVencedora_AnaLeao2-1024x724.jpg 1024w, https:\/\/www.quintaoficina.pt\/wp-content\/uploads\/2023\/11\/IdeiaVencedora_AnaLeao2-300x212.jpg 300w, https:\/\/www.quintaoficina.pt\/wp-content\/uploads\/2023\/11\/IdeiaVencedora_AnaLeao2-768x543.jpg 768w, https:\/\/www.quintaoficina.pt\/wp-content\/uploads\/2023\/11\/IdeiaVencedora_AnaLeao2-1536x1086.jpg 1536w, https:\/\/www.quintaoficina.pt\/wp-content\/uploads\/2023\/11\/IdeiaVencedora_AnaLeao2.jpg 1754w\" sizes=\"auto, (max-width: 767px) 89vw, (max-width: 1000px) 54vw, (max-width: 1071px) 543px, 580px\" \/><\/figure>\n<figcaption class=\"blocks-gallery-caption wp-element-caption\">AUTORA \/ AUTHOR:<br><strong>ANA LE\u00c3O<\/strong><\/figcaption><\/figure>\n\n\n\n<p><strong><em>\u201cEra uma vez\u2026\u201d<\/em><\/strong><\/p>\n\n\n\n<p>Breve Mem\u00f3ria descritiva:<br>Todas as hist\u00f3rias come\u00e7am por \u201cEra uma vez\u2026\u201d e esta n\u00e3o \u00e9 exce\u00e7\u00e3o\u2026 A ideia que aqui se apresenta parte da premissa de que esta carrinha-biblioteca, atrav\u00e9s do seu exterior, dever\u00e1 ser suficientemente apelativa para cativar a aten\u00e7\u00e3o do mais desatento, a fim do mesmo se aproximar e ver o seu interior e consequentemente emergir no universo da leitura. Quando pensamos em livros, muitas vezes, lembramo-nos das hist\u00f3rias que nos leram em crian\u00e7a e que contaminaram o nosso imagin\u00e1rio, desde drag\u00f5es, duendes, castelos, v\u00e1rios seres mitol\u00f3gicos etc. at\u00e9 irmos crescendo e sermos habituados a livros com lombadas menos sugestivas daquilo que poder\u00e1 ser o seu interior, mas tamb\u00e9m, de livros que far\u00e3o para sempre parte de n\u00f3s e que nos cativaram desde crian\u00e7as, como \u00e9 o caso de O Principezinho e que em idade adulta ressurgem com um novo significado. Bem sabemos que n\u00e3o se deve julgar um livro pela capa, mas ser\u00e1 interessante pelo exterior desta biblioteca levarmos a comunidade a ser cativada para a mesma. A imagina\u00e7\u00e3o \u00e9 por essa raz\u00e3o o ponto fulcral para a materializa\u00e7\u00e3o desta ideia. Emergindo mais diretamente no seu conceito, como podemos perceber pelos desenhos, a carrinha manter-se-\u00e1 percet\u00edvel enquanto objeto, uma vez que, sobretudo na parte da frente as folhas deixar\u00e3o ler o seu volume quando intercetadas com a mesma, bem como os livros, ainda que sobressaindo um pouco do limite da carrinha mant\u00e9m percet\u00edvel a sua morfologia original. Esta ideia dever\u00e1 ser lida como um todo, em que cada al\u00e7ado tem consequ\u00eancia no seguinte. A parte de tr\u00e1s da carrinha, aproxima a imagina\u00e7\u00e3o do real, j\u00e1 que, na capa de um livro surge em perspetiva, ainda que no campo da imagina\u00e7\u00e3o, uma aproxima\u00e7\u00e3o ao que se passar\u00e1 no interior, transmitindo a mensagem de que se dermos asas \u00e0 imagina\u00e7\u00e3o podemos concretiz\u00e1-la. A carrinha \u00e9 em si mesma, tamb\u00e9m ela um livro colocado na prateleira deste terreno, os quil\u00f3metros que percorreu contam uma hist\u00f3ria que ter\u00e1 sequ\u00eancia neste seu novo contexto e que portanto escrever\u00e1 um novo cap\u00edtulo da sua hist\u00f3ria, que come\u00e7a como todas as outras com um \u201cEra uma vez&#8230;\u201d<br><em>Ana Le\u00e3o, Outubro 2023<\/em><\/p>\n\n\n\n<p class=\"has-small-font-size\"><strong>Sugest\u00e3o de Materiais:<\/strong><br>&#8211; Tinta met\u00e1lica (para pintar diretamente na carrinha);<br>&#8211; PVC (para as capas, lombadas e folhas dos livros poderem sobressair da carrinha, assim como para o castelo pop-up);<br>&#8211; Tinta acr\u00edlica (para pintar no PVC);<br>&#8211; Vinil de corte (pode revelar-se \u00fatil para alguns detalhes);<br>&#8211; Caneta Posca (para alguns pormenores);<br>&#8211; Espuma expansiva (para alguns fazer sali\u00eancias ao volume como por exemplo o drag\u00e3o e as m\u00e3os do duende).<\/p>\n\n\n\n<p><strong>Chamo-me Ana Raquel de Almeida Le\u00e3o<\/strong>, nasci a 8 de Maio de 1999 e sou natural de uma pequena, mas grande aldeia chamada Figueiredo de Alva, no concelho de S\u00e3o Pedro do Sul. Dividi assim a minha inf\u00e2ncia tamb\u00e9m com mais dois locais, Penamaior (Pa\u00e7os de Ferreira) e Viseu, onde mantenho resid\u00eancia h\u00e1 20 anos. Sou escuteira desde os 6 anos e acredito que esta forma de vida impulsionou desde cedo a minha criatividade que foi sendo, cada vez mais alimentada, quer no Col\u00e9gio da Via-Sacra onde descobri o gosto pela representa\u00e7\u00e3o, quer&nbsp;na&nbsp;Escola Secund\u00e1ria Viriato onde, mais tarde, estudei Artes Visuais e senti, finalmente, que \u00e0s artes pertencia. Encontro-me de momento a concluir o Mestrado Integrado na Faculdade de Arquitetura da Universidade do Porto, tendo realizado Erasmus em Sarago\u00e7a, Espanha, entre 2021-2022.<br>Estou convicta de que a Arte n\u00e3o tem fronteiras e por essa raz\u00e3o tamb\u00e9m eu n\u00e3o me consigo engavetar apenas num registo procurando, sempre que poss\u00edvel, explorar a minha criatividade nos mais diversos campos, como foi este&nbsp;o caso.<\/p>\n\n\n\n<p><br><strong>Parab\u00e9ns \u00e0 Ana Le\u00e3o<\/strong>, autora da ideia vencedora desta 4\u00aa edi\u00e7\u00e3o. Foram <strong>350 candidaturas<\/strong> com participa\u00e7\u00f5es oriundas de v\u00e1rias zonas do globo (<strong>Inglaterra<\/strong>, <strong>China<\/strong>, <strong>Su\u00ed\u00e7a<\/strong>, <strong>Catalunha<\/strong>, <strong>Brasil<\/strong> e <strong>Venezuela<\/strong>), mas sobretudo vindas de <strong>Lisboa<\/strong>, <strong>Porto<\/strong> e <strong>Viseu<\/strong>.<\/p>\n\n\n\n<p><br><strong>Elementos do J\u00fari 2023:<br><\/strong><em>Members of the Jury 2023:<\/em><br><em><br><\/em><strong><em>&#8211; Fernando Almeida <\/em><\/strong><em>&#8211; Presidente da Junta de Freguesia;<\/em><strong><em><br>&#8211; Sim\u00e3o Machado <\/em><\/strong><em>&#8211; Representante dos moradores locais;<\/em><br><strong><em>&#8211; Rui P\u00eava <\/em><\/strong><em>&#8211; Representante da 5\u00aaOficina;<\/em><br><strong><em>&#8211; Teresa E\u00e7a <\/em><\/strong><em>&#8211; Comit\u00e9 internacional e APECV;<\/em><strong><em><br>&#8211; Daniela Fernandes <\/em><\/strong><em>&#8211; Artista convidada.<\/em><br><br>&#8211; <em>Z\u00e9 Pedro Ramos<\/em> &#8211; Secretariado do concurso<\/p>\n\n\n\n<p class=\"has-medium-font-size\"><br><br><br><strong><em>INFORMA\u00c7\u00d5ES DE PROMO\u00c7\u00c3O DO CONCURSO<\/em><\/strong>:<br><em>INFORMATION PROMOTING THE COMPETITION:<\/em><\/p>\n\n\n\n<p>N\u00e3o se esperam&nbsp;projetos, <strong>apenas ideias<\/strong>, o que torna a participa\u00e7\u00e3o mais simples, f\u00e1cil e acess\u00edvel a todos.<\/p>\n\n\n\n<p class=\"has-cyan-bluish-gray-color has-text-color\">We don&#8217;t expect projects, just ideas which makes the participation simpler, easier and more accessible for everyone.<\/p>\n\n\n\n<figure class=\"wp-block-gallery has-nested-images columns-1 is-cropped wp-block-gallery-3 is-layout-flex wp-block-gallery-is-layout-flex\">\n<figure class=\"wp-block-image size-large\"><img loading=\"lazy\" decoding=\"async\" width=\"1024\" height=\"768\" data-id=\"3514\" src=\"https:\/\/www.quintaoficina.pt\/wp-content\/uploads\/2023\/07\/IMG-6818-1024x768.jpg\" alt=\"\" class=\"wp-image-3514\" srcset=\"https:\/\/www.quintaoficina.pt\/wp-content\/uploads\/2023\/07\/IMG-6818-1024x768.jpg 1024w, https:\/\/www.quintaoficina.pt\/wp-content\/uploads\/2023\/07\/IMG-6818-300x225.jpg 300w, https:\/\/www.quintaoficina.pt\/wp-content\/uploads\/2023\/07\/IMG-6818-768x576.jpg 768w, https:\/\/www.quintaoficina.pt\/wp-content\/uploads\/2023\/07\/IMG-6818-1536x1152.jpg 1536w, https:\/\/www.quintaoficina.pt\/wp-content\/uploads\/2023\/07\/IMG-6818-2048x1536.jpg 2048w\" sizes=\"auto, (max-width: 767px) 89vw, (max-width: 1000px) 54vw, (max-width: 1071px) 543px, 580px\" \/><\/figure>\n\n\n\n<figure class=\"wp-block-image size-large\"><img loading=\"lazy\" decoding=\"async\" width=\"1024\" height=\"768\" data-id=\"3513\" src=\"https:\/\/www.quintaoficina.pt\/wp-content\/uploads\/2023\/07\/IMG-6819-1024x768.jpg\" alt=\"\" class=\"wp-image-3513\" srcset=\"https:\/\/www.quintaoficina.pt\/wp-content\/uploads\/2023\/07\/IMG-6819-1024x768.jpg 1024w, https:\/\/www.quintaoficina.pt\/wp-content\/uploads\/2023\/07\/IMG-6819-300x225.jpg 300w, https:\/\/www.quintaoficina.pt\/wp-content\/uploads\/2023\/07\/IMG-6819-768x576.jpg 768w, https:\/\/www.quintaoficina.pt\/wp-content\/uploads\/2023\/07\/IMG-6819-1536x1152.jpg 1536w, https:\/\/www.quintaoficina.pt\/wp-content\/uploads\/2023\/07\/IMG-6819-2048x1536.jpg 2048w\" sizes=\"auto, (max-width: 767px) 89vw, (max-width: 1000px) 54vw, (max-width: 1071px) 543px, 580px\" \/><\/figure>\n<\/figure>\n\n\n\n<p>O concurso de ideias Re-Design&nbsp;(<em>carrinha-biblioteca<\/em>) em meio rural, \u00e9 uma iniciativa promovida pela Associa\u00e7\u00e3o Quinta Oficina, com a colabora\u00e7\u00e3o da Junta de Freguesia dos Coutos de Viseu e o apoio da C\u00e2mara Municipal de Viseu atrav\u00e9s do financiamento do Eixo Cultura. Este concurso consiste na promo\u00e7\u00e3o de uma interven\u00e7\u00e3o art\u00edstica\/t\u00e9cnica, numa <strong>carrinha-biblioteca<\/strong> <strong>comunit\u00e1ria<\/strong> em Mosteirinho dos Coutos, Viseu. Esta iniciativa insere-se na <strong><em>Programa\u00e7\u00e3o internacional de media\u00e7\u00e3o art\u00edstica em meio rural<\/em><\/strong>, \u201c<strong><em>MOST\u201923<\/em><\/strong>\u201d, que pretende estimular o cruzamento disciplinar das artes, dos artistas e da comunidade local, revitalizando o meio rural atrav\u00e9s da forma\u00e7\u00e3o, express\u00e3o e educa\u00e7\u00e3o pela arte. Nesta programa\u00e7\u00e3o inclui-se o presente <strong><em>concurso<\/em><\/strong>.<\/p>\n\n\n\n<p class=\"has-cyan-bluish-gray-color has-text-color\"><em>The Re-Design contest of ideas for urban furniture\/equipment (library van) in a rural environment is an initiative promoted by the Quinta Oficina Association, with the collaboration of the Parish Council of Coutos de Viseu and financed by the Viseu City Hall. This contest consists in the promotion of an artistic\/technical intervention in a <\/em><strong><em>community<\/em><\/strong><em> <\/em><strong><em>library van<\/em><\/strong><em>, in Mosteirinho dos Coutos, Viseu. This initiative is part of a <\/em><strong><em>International Artistic Mediation Program<\/em><\/strong><em>, <\/em><strong><em>&#8220;MOST&#8217;23&#8221;<\/em><\/strong><em>, which aims to stimulate the disciplinary intersection of arts, artists and the local community, revitalizing the rural environment through training, expression and education through art. This programme includes the present contest.<\/em><\/p>\n\n\n\n<figure class=\"wp-block-gallery has-nested-images columns-default is-cropped wp-block-gallery-4 is-layout-flex wp-block-gallery-is-layout-flex\">\n<figure class=\"wp-block-image size-large\"><img loading=\"lazy\" decoding=\"async\" width=\"1024\" height=\"766\" data-id=\"3792\" src=\"https:\/\/www.quintaoficina.pt\/wp-content\/uploads\/2023\/09\/Captura-de-ecra-2023-09-13-as-00.47.43-1024x766.png\" alt=\"\" class=\"wp-image-3792\" srcset=\"https:\/\/www.quintaoficina.pt\/wp-content\/uploads\/2023\/09\/Captura-de-ecra-2023-09-13-as-00.47.43-1024x766.png 1024w, https:\/\/www.quintaoficina.pt\/wp-content\/uploads\/2023\/09\/Captura-de-ecra-2023-09-13-as-00.47.43-300x224.png 300w, https:\/\/www.quintaoficina.pt\/wp-content\/uploads\/2023\/09\/Captura-de-ecra-2023-09-13-as-00.47.43-768x575.png 768w, https:\/\/www.quintaoficina.pt\/wp-content\/uploads\/2023\/09\/Captura-de-ecra-2023-09-13-as-00.47.43-1536x1149.png 1536w, https:\/\/www.quintaoficina.pt\/wp-content\/uploads\/2023\/09\/Captura-de-ecra-2023-09-13-as-00.47.43-2048x1532.png 2048w\" sizes=\"auto, (max-width: 767px) 89vw, (max-width: 1000px) 54vw, (max-width: 1071px) 543px, 580px\" \/><\/figure>\n\n\n\n<figure class=\"wp-block-image size-large\"><img loading=\"lazy\" decoding=\"async\" width=\"1024\" height=\"765\" data-id=\"3793\" src=\"https:\/\/www.quintaoficina.pt\/wp-content\/uploads\/2023\/09\/Captura-de-ecra-2023-09-13-as-00.48.06-1024x765.png\" alt=\"\" class=\"wp-image-3793\" srcset=\"https:\/\/www.quintaoficina.pt\/wp-content\/uploads\/2023\/09\/Captura-de-ecra-2023-09-13-as-00.48.06-1024x765.png 1024w, https:\/\/www.quintaoficina.pt\/wp-content\/uploads\/2023\/09\/Captura-de-ecra-2023-09-13-as-00.48.06-300x224.png 300w, https:\/\/www.quintaoficina.pt\/wp-content\/uploads\/2023\/09\/Captura-de-ecra-2023-09-13-as-00.48.06-768x574.png 768w, https:\/\/www.quintaoficina.pt\/wp-content\/uploads\/2023\/09\/Captura-de-ecra-2023-09-13-as-00.48.06-1536x1147.png 1536w, https:\/\/www.quintaoficina.pt\/wp-content\/uploads\/2023\/09\/Captura-de-ecra-2023-09-13-as-00.48.06-2048x1530.png 2048w\" sizes=\"auto, (max-width: 767px) 89vw, (max-width: 1000px) 54vw, (max-width: 1071px) 543px, 580px\" \/><\/figure>\n<figcaption class=\"blocks-gallery-caption wp-element-caption\"><strong>Espa\u00e7o onde estar\u00e1 &#8220;estacionada&#8221; a tua Biblioteca Comunit\u00e1ria<\/strong>.<br>(Ficar\u00e1 no patamar de baixo, de forma a que o acesso pela porta lateral se fa\u00e7a diretamente sem degraus)<\/figcaption><\/figure>\n\n\n\n<p><br><br><strong>ALGUMAS INFORMA\u00c7\u00d5ES \u00daTEIS:<\/strong><\/p>\n\n\n\n<p><strong>O concurso destina-se a todos<\/strong> os &#8220;artistas&#8221;, amadores ou profissionais, nacionais ou estrangeiros, individualmente ou em grupo. Caso os participantes (individuais ou em grupo), sejam menores de idade, devem ser representados por um adulto (respons\u00e1vel pela ideia e pela candidatura).<\/p>\n\n\n\n<p class=\"has-cyan-bluish-gray-color has-text-color\"><em>The contest is open to all &#8220;artists&#8221;, amateurs or professionals, national or foreign, individually or in groups. In case the participants (individual or in group), minors, they must be represented by an adult (responsible for the idea and the application).<\/em><\/p>\n\n\n\n<p>As ideias candidatas dever\u00e3o ser enviadas entre as 00:00 do dia 01 de julho, e as 23:59 horas do dia 31 de outubro de 2023. Enviados para o email <strong><em>tiomanel@quintaoficina.pt<\/em><\/strong><\/p>\n\n\n\n<p class=\"has-cyan-bluish-gray-color has-text-color\"><em>The candidate ideas must be sent between 00:00 on 01st July and 23:59 on 31th October 2023.<\/em> <em>Sent to the email <\/em><strong><em>tiomanel@quintaoficina.pt<\/em><\/strong><\/p>\n\n\n\n<p>A carrinha-biblioteca n\u00e3o circular\u00e1 na via p\u00fablica, estar\u00e1 sempre estacionada, pelo que s\u00e3o permitidas altera\u00e7\u00f5es nas suas dimens\u00f5es, assim como altera\u00e7\u00f5es ao seu aspeto e morfologia exterior.<\/p>\n\n\n\n<p class=\"has-cyan-bluish-gray-color has-text-color\"><em>The library van will not circulate on roads, it will always be parked, so changes in its dimensions are allowed, as well as changes to its appearance and exterior morphology.<\/em><\/p>\n\n\n\n<p>O autor da ideia vencedora receber\u00e1 a quantia de 1.000 \u20ac (mil euros)<\/p>\n\n\n\n<p class=\"has-cyan-bluish-gray-color has-text-color\"><em>The author of the winning idea will receive the sum of 1,000 euros<\/em><\/p>\n\n\n\n<p><br>CONSULTE O <strong>REGULAMENTO<\/strong> COMPLETO:<\/p>\n\n\n\n<div class=\"wp-block-file\"><a id=\"wp-block-file--media-e307cfff-ef3e-4073-af50-d194039bc14c\" href=\"https:\/\/www.quintaoficina.pt\/wp-content\/uploads\/2023\/07\/Regulamento4oConcursoReDesign.docx-2.pdf\" target=\"_blank\" rel=\"noreferrer noopener\">Regulamento4oConcursoReDesign.docx-2<\/a><a href=\"https:\/\/www.quintaoficina.pt\/wp-content\/uploads\/2023\/07\/Regulamento4oConcursoReDesign.docx-2.pdf\" class=\"wp-block-file__button wp-element-button\" download aria-describedby=\"wp-block-file--media-e307cfff-ef3e-4073-af50-d194039bc14c\">Descarregar<\/a><\/div>\n\n\n\n<p><br><\/p>\n\n\n\n<div data-wp-interactive=\"core\/file\" class=\"wp-block-file\"><object data-wp-bind--hidden=\"!state.hasPdfPreview\" hidden class=\"wp-block-file__embed\" data=\"https:\/\/www.quintaoficina.pt\/wp-content\/uploads\/2023\/09\/KITdesenhobiblioteca_PRINT.pdf\" type=\"application\/pdf\" style=\"width:100%;height:600px\" aria-label=\"Incorpora\u00e7\u00e3o de KITdesenhobiblioteca_PRINT.\"><\/object><a id=\"wp-block-file--media-19a40377-edd6-4253-aae8-b636d91e02ac\" href=\"https:\/\/www.quintaoficina.pt\/wp-content\/uploads\/2023\/09\/KITdesenhobiblioteca_PRINT.pdf\">KITdesenhobiblioteca_PRINT<\/a><a href=\"https:\/\/www.quintaoficina.pt\/wp-content\/uploads\/2023\/09\/KITdesenhobiblioteca_PRINT.pdf\" class=\"wp-block-file__button wp-element-button\" download aria-describedby=\"wp-block-file--media-19a40377-edd6-4253-aae8-b636d91e02ac\">Descarregar<\/a><\/div>\n\n\n\n<figure class=\"wp-block-gallery has-nested-images columns-1 wp-block-gallery-5 is-layout-flex wp-block-gallery-is-layout-flex\">\n<figure class=\"wp-block-image size-large\"><img loading=\"lazy\" decoding=\"async\" width=\"1024\" height=\"724\" data-id=\"3761\" src=\"https:\/\/www.quintaoficina.pt\/wp-content\/uploads\/2023\/09\/KITdesenhobiblioteca_PRINT_2-1024x724.jpg\" alt=\"\" class=\"wp-image-3761\" srcset=\"https:\/\/www.quintaoficina.pt\/wp-content\/uploads\/2023\/09\/KITdesenhobiblioteca_PRINT_2-1024x724.jpg 1024w, https:\/\/www.quintaoficina.pt\/wp-content\/uploads\/2023\/09\/KITdesenhobiblioteca_PRINT_2-300x212.jpg 300w, https:\/\/www.quintaoficina.pt\/wp-content\/uploads\/2023\/09\/KITdesenhobiblioteca_PRINT_2-768x543.jpg 768w, https:\/\/www.quintaoficina.pt\/wp-content\/uploads\/2023\/09\/KITdesenhobiblioteca_PRINT_2-1536x1086.jpg 1536w, https:\/\/www.quintaoficina.pt\/wp-content\/uploads\/2023\/09\/KITdesenhobiblioteca_PRINT_2-2048x1448.jpg 2048w\" sizes=\"auto, (max-width: 767px) 89vw, (max-width: 1000px) 54vw, (max-width: 1071px) 543px, 580px\" \/><\/figure>\n\n\n\n<figure class=\"wp-block-image size-large\"><img loading=\"lazy\" decoding=\"async\" width=\"1024\" height=\"724\" data-id=\"3762\" src=\"https:\/\/www.quintaoficina.pt\/wp-content\/uploads\/2023\/09\/KITdesenhobiblioteca_PRINT_3-1024x724.jpg\" alt=\"\" class=\"wp-image-3762\" srcset=\"https:\/\/www.quintaoficina.pt\/wp-content\/uploads\/2023\/09\/KITdesenhobiblioteca_PRINT_3-1024x724.jpg 1024w, https:\/\/www.quintaoficina.pt\/wp-content\/uploads\/2023\/09\/KITdesenhobiblioteca_PRINT_3-300x212.jpg 300w, https:\/\/www.quintaoficina.pt\/wp-content\/uploads\/2023\/09\/KITdesenhobiblioteca_PRINT_3-768x543.jpg 768w, https:\/\/www.quintaoficina.pt\/wp-content\/uploads\/2023\/09\/KITdesenhobiblioteca_PRINT_3-1536x1086.jpg 1536w, https:\/\/www.quintaoficina.pt\/wp-content\/uploads\/2023\/09\/KITdesenhobiblioteca_PRINT_3-2048x1448.jpg 2048w\" sizes=\"auto, (max-width: 767px) 89vw, (max-width: 1000px) 54vw, (max-width: 1071px) 543px, 580px\" \/><\/figure>\n\n\n\n<figure class=\"wp-block-image size-large\"><img loading=\"lazy\" decoding=\"async\" width=\"724\" height=\"1024\" data-id=\"3763\" src=\"https:\/\/www.quintaoficina.pt\/wp-content\/uploads\/2023\/09\/KITdesenhobiblioteca_PRINT_4-724x1024.jpg\" alt=\"\" class=\"wp-image-3763\" srcset=\"https:\/\/www.quintaoficina.pt\/wp-content\/uploads\/2023\/09\/KITdesenhobiblioteca_PRINT_4-724x1024.jpg 724w, https:\/\/www.quintaoficina.pt\/wp-content\/uploads\/2023\/09\/KITdesenhobiblioteca_PRINT_4-212x300.jpg 212w, https:\/\/www.quintaoficina.pt\/wp-content\/uploads\/2023\/09\/KITdesenhobiblioteca_PRINT_4-768x1086.jpg 768w, https:\/\/www.quintaoficina.pt\/wp-content\/uploads\/2023\/09\/KITdesenhobiblioteca_PRINT_4-1086x1536.jpg 1086w, https:\/\/www.quintaoficina.pt\/wp-content\/uploads\/2023\/09\/KITdesenhobiblioteca_PRINT_4-1448x2048.jpg 1448w, https:\/\/www.quintaoficina.pt\/wp-content\/uploads\/2023\/09\/KITdesenhobiblioteca_PRINT_4-scaled.jpg 1810w\" sizes=\"auto, (max-width: 724px) 100vw, 724px\" \/><\/figure>\n\n\n\n<figure class=\"wp-block-image size-large\"><img loading=\"lazy\" decoding=\"async\" width=\"724\" height=\"1024\" data-id=\"3764\" src=\"https:\/\/www.quintaoficina.pt\/wp-content\/uploads\/2023\/09\/KITdesenhobiblioteca_PRINT_5-724x1024.jpg\" alt=\"\" class=\"wp-image-3764\" srcset=\"https:\/\/www.quintaoficina.pt\/wp-content\/uploads\/2023\/09\/KITdesenhobiblioteca_PRINT_5-724x1024.jpg 724w, https:\/\/www.quintaoficina.pt\/wp-content\/uploads\/2023\/09\/KITdesenhobiblioteca_PRINT_5-212x300.jpg 212w, https:\/\/www.quintaoficina.pt\/wp-content\/uploads\/2023\/09\/KITdesenhobiblioteca_PRINT_5-768x1086.jpg 768w, https:\/\/www.quintaoficina.pt\/wp-content\/uploads\/2023\/09\/KITdesenhobiblioteca_PRINT_5-1086x1536.jpg 1086w, https:\/\/www.quintaoficina.pt\/wp-content\/uploads\/2023\/09\/KITdesenhobiblioteca_PRINT_5-1448x2048.jpg 1448w, https:\/\/www.quintaoficina.pt\/wp-content\/uploads\/2023\/09\/KITdesenhobiblioteca_PRINT_5-scaled.jpg 1810w\" sizes=\"auto, (max-width: 724px) 100vw, 724px\" \/><\/figure>\n<\/figure>\n","protected":false},"excerpt":{"rendered":"<p>2023 4RD RE-DESIGN IDEA CONTEST IN RURAL AREAS Carrinha-Biblioteca Comunit\u00e1riaCommunity Library Van Ideia vencedora:Winning idea: \u201cEra uma vez\u2026\u201d Breve Mem\u00f3ria descritiva:Todas as hist\u00f3rias come\u00e7am por \u201cEra uma vez\u2026\u201d e esta n\u00e3o \u00e9 exce\u00e7\u00e3o\u2026 A ideia que aqui se apresenta parte da premissa de que esta carrinha-biblioteca, atrav\u00e9s do seu exterior, dever\u00e1 ser suficientemente apelativa para &hellip; <\/p>\n<p class=\"link-more\"><a href=\"https:\/\/www.quintaoficina.pt\/index.php\/concursos\/4o-biblioteca\/\" class=\"more-link\">Continuar a ler <span class=\"screen-reader-text\">&#8220;4\u00ba CONCURSO DE IDEIAS DE RE-DESIGN EM MEIO RURAL&#8221;<\/span><\/a><\/p>\n","protected":false},"author":1,"featured_media":0,"parent":1135,"menu_order":0,"comment_status":"closed","ping_status":"closed","template":"template-full-width.php","meta":{"footnotes":""},"class_list":["post-3385","page","type-page","status-publish","hentry"],"_links":{"self":[{"href":"https:\/\/www.quintaoficina.pt\/index.php\/wp-json\/wp\/v2\/pages\/3385","targetHints":{"allow":["GET"]}}],"collection":[{"href":"https:\/\/www.quintaoficina.pt\/index.php\/wp-json\/wp\/v2\/pages"}],"about":[{"href":"https:\/\/www.quintaoficina.pt\/index.php\/wp-json\/wp\/v2\/types\/page"}],"author":[{"embeddable":true,"href":"https:\/\/www.quintaoficina.pt\/index.php\/wp-json\/wp\/v2\/users\/1"}],"replies":[{"embeddable":true,"href":"https:\/\/www.quintaoficina.pt\/index.php\/wp-json\/wp\/v2\/comments?post=3385"}],"version-history":[{"count":29,"href":"https:\/\/www.quintaoficina.pt\/index.php\/wp-json\/wp\/v2\/pages\/3385\/revisions"}],"predecessor-version":[{"id":4721,"href":"https:\/\/www.quintaoficina.pt\/index.php\/wp-json\/wp\/v2\/pages\/3385\/revisions\/4721"}],"up":[{"embeddable":true,"href":"https:\/\/www.quintaoficina.pt\/index.php\/wp-json\/wp\/v2\/pages\/1135"}],"wp:attachment":[{"href":"https:\/\/www.quintaoficina.pt\/index.php\/wp-json\/wp\/v2\/media?parent=3385"}],"curies":[{"name":"wp","href":"https:\/\/api.w.org\/{rel}","templated":true}]}}