{"id":3450,"date":"2023-06-19T14:46:00","date_gmt":"2023-06-19T13:46:00","guid":{"rendered":"https:\/\/www.quintaoficina.pt\/?page_id=3450"},"modified":"2023-10-28T11:32:16","modified_gmt":"2023-10-28T10:32:16","slug":"voz-e-canto","status":"publish","type":"page","link":"https:\/\/www.quintaoficina.pt\/index.php\/voz-e-canto\/","title":{"rendered":"VOZ E CANTO"},"content":{"rendered":"\n<p>Pela cantora <strong><em>LAURA RUI<\/em><\/strong> dia 13 de Agosto das <strong>15h \u00e0s 17h<\/strong>, com um mini-concerto do duo <strong>&#8220;Modulatus&#8221; \u00e0s 18h&#8230;<\/strong><\/p>\n\n\n\n<figure class=\"wp-block-gallery has-nested-images columns-1 wp-block-gallery-1 is-layout-flex wp-block-gallery-is-layout-flex\">\n<figure class=\"wp-block-image size-large\"><img loading=\"lazy\" decoding=\"async\" width=\"682\" height=\"1024\" data-id=\"3880\" src=\"https:\/\/www.quintaoficina.pt\/wp-content\/uploads\/2023\/10\/DSC00820_baixa-682x1024.jpg\" alt=\"\" class=\"wp-image-3880\" srcset=\"https:\/\/www.quintaoficina.pt\/wp-content\/uploads\/2023\/10\/DSC00820_baixa-682x1024.jpg 682w, https:\/\/www.quintaoficina.pt\/wp-content\/uploads\/2023\/10\/DSC00820_baixa-200x300.jpg 200w, https:\/\/www.quintaoficina.pt\/wp-content\/uploads\/2023\/10\/DSC00820_baixa-768x1152.jpg 768w, https:\/\/www.quintaoficina.pt\/wp-content\/uploads\/2023\/10\/DSC00820_baixa-1024x1536.jpg 1024w, https:\/\/www.quintaoficina.pt\/wp-content\/uploads\/2023\/10\/DSC00820_baixa.jpg 1181w\" sizes=\"auto, (max-width: 682px) 100vw, 682px\" \/><\/figure>\n\n\n\n<figure class=\"wp-block-image size-large\"><img loading=\"lazy\" decoding=\"async\" width=\"1024\" height=\"682\" data-id=\"3879\" src=\"https:\/\/www.quintaoficina.pt\/wp-content\/uploads\/2023\/10\/DSC00828_baixa-1024x682.jpg\" alt=\"\" class=\"wp-image-3879\" srcset=\"https:\/\/www.quintaoficina.pt\/wp-content\/uploads\/2023\/10\/DSC00828_baixa-1024x682.jpg 1024w, https:\/\/www.quintaoficina.pt\/wp-content\/uploads\/2023\/10\/DSC00828_baixa-300x200.jpg 300w, https:\/\/www.quintaoficina.pt\/wp-content\/uploads\/2023\/10\/DSC00828_baixa-768x512.jpg 768w, https:\/\/www.quintaoficina.pt\/wp-content\/uploads\/2023\/10\/DSC00828_baixa-1536x1024.jpg 1536w, https:\/\/www.quintaoficina.pt\/wp-content\/uploads\/2023\/10\/DSC00828_baixa.jpg 1772w\" sizes=\"auto, (max-width: 767px) 89vw, (max-width: 1000px) 54vw, (max-width: 1071px) 543px, 580px\" \/><\/figure>\n\n\n\n<figure class=\"wp-block-image size-large\"><img loading=\"lazy\" decoding=\"async\" width=\"1024\" height=\"680\" data-id=\"3959\" src=\"https:\/\/www.quintaoficina.pt\/wp-content\/uploads\/2023\/10\/Captura-de-ecra-2023-10-28-as-11.18.47-1-1024x680.png\" alt=\"\" class=\"wp-image-3959\" srcset=\"https:\/\/www.quintaoficina.pt\/wp-content\/uploads\/2023\/10\/Captura-de-ecra-2023-10-28-as-11.18.47-1-1024x680.png 1024w, https:\/\/www.quintaoficina.pt\/wp-content\/uploads\/2023\/10\/Captura-de-ecra-2023-10-28-as-11.18.47-1-300x199.png 300w, https:\/\/www.quintaoficina.pt\/wp-content\/uploads\/2023\/10\/Captura-de-ecra-2023-10-28-as-11.18.47-1-768x510.png 768w, https:\/\/www.quintaoficina.pt\/wp-content\/uploads\/2023\/10\/Captura-de-ecra-2023-10-28-as-11.18.47-1-1536x1021.png 1536w, https:\/\/www.quintaoficina.pt\/wp-content\/uploads\/2023\/10\/Captura-de-ecra-2023-10-28-as-11.18.47-1-2048x1361.png 2048w\" sizes=\"auto, (max-width: 767px) 89vw, (max-width: 1000px) 54vw, (max-width: 1071px) 543px, 580px\" \/><\/figure>\n<figcaption class=\"blocks-gallery-caption wp-element-caption\">Fotos \u00a9 Lu\u00eds Almeida<\/figcaption><\/figure>\n\n\n\n<figure class=\"wp-block-image size-large\"><img decoding=\"async\" src=\"https:\/\/www.quintaoficina.pt\/wp-content\/uploads\/2023\/07\/Cartaz_VozeCantoDucheSolar-02-724x1024.jpg\" alt=\"\" class=\"wp-image-3594\"\/><\/figure>\n\n\n\n<p>Sinopse:<br><em><strong>Cada um de n\u00f3s possui um instrumento \u00fanico que usa naturalmente desde da nascen\u00e7a: a voz. Os alunos ser\u00e3o encorajados a conhecer e analisar o seu corpo enquanto cantam. Ir\u00e3o conhecer os limites e as potencialidades da sua voz, perceber os diferentes sons que podem criar usando o seu aparelho vocal. Partindo da sensibilidade e criatividade de cada um, um jogo de improvisa\u00e7\u00e3o e canto em conjunto dar\u00e1 origem a um momento musical \u00fanico e irrepet\u00edvel. Esta oficina desenvolve a curiosidade sobre a voz e a m\u00fasica, desenvolvendo um trabalho intra e inter pessoal nos seus participantes.<\/strong><\/em><\/p>\n\n\n\n<p>P\u00fablico alvo: Maiores de 13 anos (com ou sem experi\u00eancia de canto)<br>Dura\u00e7\u00e3o: 3 horas<br>1\u20ac ou 1Kg de fruta da \u00e9poca<br>Informa\u00e7\u00f5es e <strong>inscri\u00e7\u00f5es obrigat\u00f3rias<\/strong> pelo endere\u00e7o: <em>tiomanel@quintaoficina.pt<\/em><br><br>No final do workshop, quem quiser, pode mostrar o que aprendeu, cantando para todos da forma mais descontra\u00edda que existe: no duche&#8230; Ser\u00e1 o &#8220;mini-palco&#8221; mais refrescante do mundo&#8230; mas \u00e9 s\u00f3 para quem quiser!<\/p>\n\n\n\n<p>\u00c0s 18h teremos um pequeno concerto deste grande duo transatl\u00e2ntico: MODULATOS PROJECT, com Iury Matias e Laura Rui. Entrada livre!<\/p>\n\n\n\n<figure class=\"wp-block-embed is-type-video is-provider-youtube wp-block-embed-youtube wp-embed-aspect-16-9 wp-has-aspect-ratio\"><div class=\"wp-block-embed__wrapper\">\nhttps:\/\/youtube.com\/playlist?list=OLAK5uy_lhmZgc6mZx_XnHzJWX8otxepNHdFs8I5I\n<\/div><\/figure>\n\n\n\n<p><br><br>A CRIA\u00c7\u00c3O E CONSTRU\u00c7\u00c3O DO DUCHE-SOLAR:<br>Este workshop de <strong><em>Voz e Canto<\/em><\/strong> (no duche-solar) ter\u00e1 em resid\u00eancia art\u00edstica, o trabalho de constru\u00e7\u00e3o do &#8220;mini-palco&#8221;: o duche-solar! Este artefacto ser\u00e1 elaborado pelo Duarte e pela Marisa. O <strong><em>Duarte Cunha<\/em><\/strong> \u00e9 de Lisboa, a <strong><em>Marisa Fernandes<\/em><\/strong> \u00e9 de Pombal mas cedo foi parar a Lisboa. Os dois conheceram-se na Escola Art\u00edstica Ant\u00f3nio Arroio, o para\u00edso dos que ambicionam viver das artes, ambos fizeram o curso de Design de Equipamento. O Duarte seguiu para Artes Gr\u00e1ficas onde trabalhou 20 anos. A Marisa foi para Design de Cena pelo Conservat\u00f3rio de Teatro e nos \u00faltimos 15 anos tem colaborado como cen\u00f3grafa, figurinista e aderecista em in\u00fameros projectos de teatro. Sonham e trabalham em conjunto, o Duarte \u00e9 um autodidata multifacetado&nbsp;que v\u00ea nas dificuldades os desafios mais emocionantes, a Marisa uma criativa fascinada com a vida que conta com o seu parceiro para a ajudar a materializar as suas ideias.<br>\u00c9 agora a vez do Duche-Solar.<\/p>\n\n\n\n<figure class=\"wp-block-image size-large\"><img loading=\"lazy\" decoding=\"async\" width=\"1024\" height=\"682\" src=\"https:\/\/www.quintaoficina.pt\/wp-content\/uploads\/2023\/07\/Captura-de-ecra-2023-07-18-as-23.32.18-1024x682.png\" alt=\"\" class=\"wp-image-3593\" srcset=\"https:\/\/www.quintaoficina.pt\/wp-content\/uploads\/2023\/07\/Captura-de-ecra-2023-07-18-as-23.32.18-1024x682.png 1024w, https:\/\/www.quintaoficina.pt\/wp-content\/uploads\/2023\/07\/Captura-de-ecra-2023-07-18-as-23.32.18-300x200.png 300w, https:\/\/www.quintaoficina.pt\/wp-content\/uploads\/2023\/07\/Captura-de-ecra-2023-07-18-as-23.32.18-768x511.png 768w, https:\/\/www.quintaoficina.pt\/wp-content\/uploads\/2023\/07\/Captura-de-ecra-2023-07-18-as-23.32.18-1536x1022.png 1536w, https:\/\/www.quintaoficina.pt\/wp-content\/uploads\/2023\/07\/Captura-de-ecra-2023-07-18-as-23.32.18-2048x1363.png 2048w\" sizes=\"auto, (max-width: 767px) 89vw, (max-width: 1000px) 54vw, (max-width: 1071px) 543px, 580px\" \/><\/figure>\n\n\n\n<p><\/p>\n\n\n\n<p><br><br><br><a rel=\"noreferrer noopener\" href=\"https:\/\/goo.gl\/maps\/aCL3nbqtgn42x8R36\" target=\"_blank\"><strong>LOCALIZA\u00c7\u00c3O<\/strong>&nbsp;GoogleMaps<\/a><em>&nbsp;<\/em><a rel=\"noreferrer noopener\" href=\"https:\/\/goo.gl\/maps\/aCL3nbqtgn42x8R36\" target=\"_blank\"><strong>AQUI<\/strong><\/a><br><em>https:\/\/goo.gl\/maps\/aCL3nbqtgn42x8R36<\/em><a rel=\"noreferrer noopener\" href=\"https:\/\/goo.gl\/maps\/aCL3nbqtgn42x8R36\" target=\"_blank\"><br><\/a><em>(ao chegar a este local, ter\u00e1 ainda de percorrer mais 250m)<\/em><br><em>BOA VIAGEM!!!<\/em><\/p>\n\n\n\n<p><br><br>Atividades inseridas no <strong>MOST\u201923<\/strong> \u2013 <strong><em>Programa\u00e7\u00e3o internacional de media\u00e7\u00e3o art\u00edstica em meio rural<\/em><\/strong>. Uma iniciativa apoiada pelo Munic\u00edpio de Viseu e financiada pelo EixoCultura2023<\/p>\n","protected":false},"excerpt":{"rendered":"<p>Pela cantora LAURA RUI dia 13 de Agosto das 15h \u00e0s 17h, com um mini-concerto do duo &#8220;Modulatus&#8221; \u00e0s 18h&#8230; Sinopse:Cada um de n\u00f3s possui um instrumento \u00fanico que usa naturalmente desde da nascen\u00e7a: a voz. Os alunos ser\u00e3o encorajados a conhecer e analisar o seu corpo enquanto cantam. Ir\u00e3o conhecer os limites e as &hellip; <\/p>\n<p class=\"link-more\"><a href=\"https:\/\/www.quintaoficina.pt\/index.php\/voz-e-canto\/\" class=\"more-link\">Continuar a ler <span class=\"screen-reader-text\">&#8220;VOZ E CANTO&#8221;<\/span><\/a><\/p>\n","protected":false},"author":1,"featured_media":0,"parent":0,"menu_order":0,"comment_status":"closed","ping_status":"closed","template":"template-full-width.php","meta":{"footnotes":""},"class_list":["post-3450","page","type-page","status-publish","hentry"],"_links":{"self":[{"href":"https:\/\/www.quintaoficina.pt\/index.php\/wp-json\/wp\/v2\/pages\/3450","targetHints":{"allow":["GET"]}}],"collection":[{"href":"https:\/\/www.quintaoficina.pt\/index.php\/wp-json\/wp\/v2\/pages"}],"about":[{"href":"https:\/\/www.quintaoficina.pt\/index.php\/wp-json\/wp\/v2\/types\/page"}],"author":[{"embeddable":true,"href":"https:\/\/www.quintaoficina.pt\/index.php\/wp-json\/wp\/v2\/users\/1"}],"replies":[{"embeddable":true,"href":"https:\/\/www.quintaoficina.pt\/index.php\/wp-json\/wp\/v2\/comments?post=3450"}],"version-history":[{"count":11,"href":"https:\/\/www.quintaoficina.pt\/index.php\/wp-json\/wp\/v2\/pages\/3450\/revisions"}],"predecessor-version":[{"id":3961,"href":"https:\/\/www.quintaoficina.pt\/index.php\/wp-json\/wp\/v2\/pages\/3450\/revisions\/3961"}],"wp:attachment":[{"href":"https:\/\/www.quintaoficina.pt\/index.php\/wp-json\/wp\/v2\/media?parent=3450"}],"curies":[{"name":"wp","href":"https:\/\/api.w.org\/{rel}","templated":true}]}}