{"id":3459,"date":"2023-06-19T14:48:44","date_gmt":"2023-06-19T13:48:44","guid":{"rendered":"https:\/\/www.quintaoficina.pt\/?page_id=3459"},"modified":"2024-06-30T08:35:49","modified_gmt":"2024-06-30T07:35:49","slug":"wc-seco-e-compostagem","status":"publish","type":"page","link":"https:\/\/www.quintaoficina.pt\/index.php\/wc-seco-e-compostagem\/","title":{"rendered":"WC SECO E A SUA COMPOSTAGEM"},"content":{"rendered":"\n<figure class=\"wp-block-gallery has-nested-images columns-2 is-cropped wp-block-gallery-1 is-layout-flex wp-block-gallery-is-layout-flex\">\n<figure class=\"wp-block-image size-large\"><img loading=\"lazy\" decoding=\"async\" width=\"1024\" height=\"812\" data-id=\"3916\" src=\"https:\/\/www.quintaoficina.pt\/wp-content\/uploads\/2023\/10\/Captura-de-ecra-2023-10-18-as-13.46.52-1024x812.png\" alt=\"\" class=\"wp-image-3916\" srcset=\"https:\/\/www.quintaoficina.pt\/wp-content\/uploads\/2023\/10\/Captura-de-ecra-2023-10-18-as-13.46.52-1024x812.png 1024w, https:\/\/www.quintaoficina.pt\/wp-content\/uploads\/2023\/10\/Captura-de-ecra-2023-10-18-as-13.46.52-300x238.png 300w, https:\/\/www.quintaoficina.pt\/wp-content\/uploads\/2023\/10\/Captura-de-ecra-2023-10-18-as-13.46.52-768x609.png 768w, https:\/\/www.quintaoficina.pt\/wp-content\/uploads\/2023\/10\/Captura-de-ecra-2023-10-18-as-13.46.52-1536x1218.png 1536w, https:\/\/www.quintaoficina.pt\/wp-content\/uploads\/2023\/10\/Captura-de-ecra-2023-10-18-as-13.46.52.png 1894w\" sizes=\"auto, (max-width: 767px) 89vw, (max-width: 1000px) 54vw, (max-width: 1071px) 543px, 580px\" \/><\/figure>\n\n\n\n<figure class=\"wp-block-image size-large\"><img loading=\"lazy\" decoding=\"async\" width=\"1024\" height=\"700\" data-id=\"3918\" src=\"https:\/\/www.quintaoficina.pt\/wp-content\/uploads\/2023\/10\/Captura-de-ecra-2023-10-18-as-13.47.48-1024x700.png\" alt=\"\" class=\"wp-image-3918\" srcset=\"https:\/\/www.quintaoficina.pt\/wp-content\/uploads\/2023\/10\/Captura-de-ecra-2023-10-18-as-13.47.48-1024x700.png 1024w, https:\/\/www.quintaoficina.pt\/wp-content\/uploads\/2023\/10\/Captura-de-ecra-2023-10-18-as-13.47.48-300x205.png 300w, https:\/\/www.quintaoficina.pt\/wp-content\/uploads\/2023\/10\/Captura-de-ecra-2023-10-18-as-13.47.48-768x525.png 768w, https:\/\/www.quintaoficina.pt\/wp-content\/uploads\/2023\/10\/Captura-de-ecra-2023-10-18-as-13.47.48-1536x1050.png 1536w, https:\/\/www.quintaoficina.pt\/wp-content\/uploads\/2023\/10\/Captura-de-ecra-2023-10-18-as-13.47.48-2048x1400.png 2048w\" sizes=\"auto, (max-width: 767px) 89vw, (max-width: 1000px) 54vw, (max-width: 1071px) 543px, 580px\" \/><\/figure>\n\n\n\n<figure class=\"wp-block-image size-large\"><img loading=\"lazy\" decoding=\"async\" width=\"681\" height=\"1024\" data-id=\"3962\" src=\"https:\/\/www.quintaoficina.pt\/wp-content\/uploads\/2023\/10\/Captura-de-ecra-2023-10-28-as-11.39.22-681x1024.png\" alt=\"\" class=\"wp-image-3962\" srcset=\"https:\/\/www.quintaoficina.pt\/wp-content\/uploads\/2023\/10\/Captura-de-ecra-2023-10-28-as-11.39.22-681x1024.png 681w, https:\/\/www.quintaoficina.pt\/wp-content\/uploads\/2023\/10\/Captura-de-ecra-2023-10-28-as-11.39.22-200x300.png 200w, https:\/\/www.quintaoficina.pt\/wp-content\/uploads\/2023\/10\/Captura-de-ecra-2023-10-28-as-11.39.22-768x1154.png 768w, https:\/\/www.quintaoficina.pt\/wp-content\/uploads\/2023\/10\/Captura-de-ecra-2023-10-28-as-11.39.22-1022x1536.png 1022w, https:\/\/www.quintaoficina.pt\/wp-content\/uploads\/2023\/10\/Captura-de-ecra-2023-10-28-as-11.39.22-1363x2048.png 1363w, https:\/\/www.quintaoficina.pt\/wp-content\/uploads\/2023\/10\/Captura-de-ecra-2023-10-28-as-11.39.22.png 1388w\" sizes=\"auto, (max-width: 681px) 100vw, 681px\" \/><\/figure>\n<\/figure>\n\n\n\n<p><strong>A partir do exemplo da Casa de Banho constru\u00edda para a Quinta Oficina, iremos abordar um leque variado de solu\u00e7\u00f5es de Saneamento Ecol\u00f3gico, tanto no contexto familiar como p\u00fablico (para festivais), sem deixar de analisar os princ\u00edpios b\u00e1sicos da compostagem e as vantagens da aplica\u00e7\u00e3o dos Microrganismos Eficazes.<\/strong><\/p>\n\n\n\n<figure class=\"wp-block-image size-large\"><img loading=\"lazy\" decoding=\"async\" width=\"724\" height=\"1024\" src=\"https:\/\/www.quintaoficina.pt\/wp-content\/uploads\/2023\/09\/Cartaz_WCseco-02-724x1024.jpg\" alt=\"\" class=\"wp-image-3832\" srcset=\"https:\/\/www.quintaoficina.pt\/wp-content\/uploads\/2023\/09\/Cartaz_WCseco-02-724x1024.jpg 724w, https:\/\/www.quintaoficina.pt\/wp-content\/uploads\/2023\/09\/Cartaz_WCseco-02-212x300.jpg 212w, https:\/\/www.quintaoficina.pt\/wp-content\/uploads\/2023\/09\/Cartaz_WCseco-02-768x1086.jpg 768w, https:\/\/www.quintaoficina.pt\/wp-content\/uploads\/2023\/09\/Cartaz_WCseco-02-1086x1536.jpg 1086w, https:\/\/www.quintaoficina.pt\/wp-content\/uploads\/2023\/09\/Cartaz_WCseco-02-1448x2048.jpg 1448w, https:\/\/www.quintaoficina.pt\/wp-content\/uploads\/2023\/09\/Cartaz_WCseco-02-scaled.jpg 1810w\" sizes=\"auto, (max-width: 724px) 100vw, 724px\" \/><\/figure>\n\n\n\n<p><em>Ir\u00e1 decorrer nos dias anteriores, um trabalho em &#8220;resid\u00eancia art\u00edstica&#8221; para a constru\u00e7\u00e3o do WC com o Jo\u00e3o Raposo e o <strong>Igor Matos<\/strong>, especialista em trabalhos de carpintaria!<\/em><br><br><strong>15 de Outubro<\/strong><br>Das 15h \u00e0s 17h<br><strong>Para maiores de 12 anos<\/strong><br>1\u20ac ou 1Kg de fruta da \u00e9poca<br><strong>+ informa\u00e7\u00f5es e inscri\u00e7\u00f5es pelo endere\u00e7o: <em>nihilibert@hotmail.com<\/em><\/strong><\/p>\n\n\n\n<p><strong>Jo\u00e3o Raposo<\/strong> co-fundador da MicroVida. Desde 2010 a trabalhar com a aplica\u00e7\u00e3o de Microrganismos Eficazes e no desenvolvimento de diferentes solu\u00e7\u00f5es para Saneamentos Ecol\u00f3gicos, com experi\u00eancia em Quintas e comunidades rurais, bem como em contexto de festivais, tais com o Boom, o Andan\u00e7as e, desde 2018, continuamente no Tradidan\u00e7as. <\/p>\n\n\n\n<p>Mais informa\u00e7\u00f5es sobre a Microvida:<br>https:\/\/mingamontemor.pt\/servicos\/microvida\/<\/p>\n\n\n\n<p>A <strong>MicroVida<\/strong> tamb\u00e9m tem experi\u00eancia na produ\u00e7\u00e3o de biofertilizantes a partir de mat\u00e9rias org\u00e2nicas em pilhas de compostagem, nomeadamente em parceria com a AEPGA, Palombar, Quinta Silveira Bio, Caminhos Cruzados, Boom e Tradidan\u00e7as.<\/p>\n\n\n\n<figure class=\"wp-block-gallery has-nested-images columns-2 wp-block-gallery-2 is-layout-flex wp-block-gallery-is-layout-flex\">\n<figure class=\"wp-block-image size-large\"><img loading=\"lazy\" decoding=\"async\" width=\"640\" height=\"480\" data-id=\"3838\" src=\"https:\/\/www.quintaoficina.pt\/wp-content\/uploads\/2023\/09\/DSC00675.jpg\" alt=\"\" class=\"wp-image-3838\" srcset=\"https:\/\/www.quintaoficina.pt\/wp-content\/uploads\/2023\/09\/DSC00675.jpg 640w, https:\/\/www.quintaoficina.pt\/wp-content\/uploads\/2023\/09\/DSC00675-300x225.jpg 300w\" sizes=\"auto, (max-width: 640px) 100vw, 640px\" \/><\/figure>\n\n\n\n<figure class=\"wp-block-image size-large\"><img loading=\"lazy\" decoding=\"async\" width=\"640\" height=\"480\" data-id=\"3839\" src=\"https:\/\/www.quintaoficina.pt\/wp-content\/uploads\/2023\/09\/DSC00682.jpg\" alt=\"\" class=\"wp-image-3839\" srcset=\"https:\/\/www.quintaoficina.pt\/wp-content\/uploads\/2023\/09\/DSC00682.jpg 640w, https:\/\/www.quintaoficina.pt\/wp-content\/uploads\/2023\/09\/DSC00682-300x225.jpg 300w\" sizes=\"auto, (max-width: 640px) 100vw, 640px\" \/><\/figure>\n\n\n\n<figure class=\"wp-block-image size-large\"><img loading=\"lazy\" decoding=\"async\" width=\"640\" height=\"480\" data-id=\"3840\" src=\"https:\/\/www.quintaoficina.pt\/wp-content\/uploads\/2023\/09\/DSC00684.jpg\" alt=\"\" class=\"wp-image-3840\" srcset=\"https:\/\/www.quintaoficina.pt\/wp-content\/uploads\/2023\/09\/DSC00684.jpg 640w, https:\/\/www.quintaoficina.pt\/wp-content\/uploads\/2023\/09\/DSC00684-300x225.jpg 300w\" sizes=\"auto, (max-width: 640px) 100vw, 640px\" \/><\/figure>\n\n\n\n<figure class=\"wp-block-image size-large\"><img loading=\"lazy\" decoding=\"async\" width=\"894\" height=\"694\" data-id=\"3837\" src=\"https:\/\/www.quintaoficina.pt\/wp-content\/uploads\/2023\/09\/1007a7422b126b5b5db7be2195f6c5b3-2038405469.jpg\" alt=\"\" class=\"wp-image-3837\" srcset=\"https:\/\/www.quintaoficina.pt\/wp-content\/uploads\/2023\/09\/1007a7422b126b5b5db7be2195f6c5b3-2038405469.jpg 894w, https:\/\/www.quintaoficina.pt\/wp-content\/uploads\/2023\/09\/1007a7422b126b5b5db7be2195f6c5b3-2038405469-300x233.jpg 300w, https:\/\/www.quintaoficina.pt\/wp-content\/uploads\/2023\/09\/1007a7422b126b5b5db7be2195f6c5b3-2038405469-768x596.jpg 768w\" sizes=\"auto, (max-width: 767px) 89vw, (max-width: 1000px) 54vw, (max-width: 1071px) 543px, 580px\" \/><\/figure>\n\n\n\n<figure class=\"wp-block-image size-large\"><img loading=\"lazy\" decoding=\"async\" width=\"500\" height=\"811\" data-id=\"3836\" src=\"https:\/\/www.quintaoficina.pt\/wp-content\/uploads\/2023\/09\/dB3-1059339503.jpg\" alt=\"\" class=\"wp-image-3836\" srcset=\"https:\/\/www.quintaoficina.pt\/wp-content\/uploads\/2023\/09\/dB3-1059339503.jpg 500w, https:\/\/www.quintaoficina.pt\/wp-content\/uploads\/2023\/09\/dB3-1059339503-185x300.jpg 185w\" sizes=\"auto, (max-width: 500px) 100vw, 500px\" \/><\/figure>\n\n\n\n<figure class=\"wp-block-image size-large\"><img loading=\"lazy\" decoding=\"async\" width=\"576\" height=\"1024\" data-id=\"3842\" src=\"https:\/\/www.quintaoficina.pt\/wp-content\/uploads\/2023\/09\/P_20190803_110957-576x1024.jpg\" alt=\"\" class=\"wp-image-3842\" srcset=\"https:\/\/www.quintaoficina.pt\/wp-content\/uploads\/2023\/09\/P_20190803_110957-576x1024.jpg 576w, https:\/\/www.quintaoficina.pt\/wp-content\/uploads\/2023\/09\/P_20190803_110957-169x300.jpg 169w, https:\/\/www.quintaoficina.pt\/wp-content\/uploads\/2023\/09\/P_20190803_110957-768x1365.jpg 768w, https:\/\/www.quintaoficina.pt\/wp-content\/uploads\/2023\/09\/P_20190803_110957-864x1536.jpg 864w, https:\/\/www.quintaoficina.pt\/wp-content\/uploads\/2023\/09\/P_20190803_110957-1152x2048.jpg 1152w, https:\/\/www.quintaoficina.pt\/wp-content\/uploads\/2023\/09\/P_20190803_110957-scaled.jpg 1440w\" sizes=\"auto, (max-width: 576px) 100vw, 576px\" \/><\/figure>\n\n\n\n<figure class=\"wp-block-image size-large\"><img loading=\"lazy\" decoding=\"async\" width=\"554\" height=\"141\" data-id=\"3834\" src=\"https:\/\/www.quintaoficina.pt\/wp-content\/uploads\/2023\/09\/compostrevolution-374254671.jpg\" alt=\"\" class=\"wp-image-3834\" srcset=\"https:\/\/www.quintaoficina.pt\/wp-content\/uploads\/2023\/09\/compostrevolution-374254671.jpg 554w, https:\/\/www.quintaoficina.pt\/wp-content\/uploads\/2023\/09\/compostrevolution-374254671-300x76.jpg 300w\" sizes=\"auto, (max-width: 554px) 100vw, 554px\" \/><\/figure>\n\n\n\n<figure class=\"wp-block-image size-large\"><img loading=\"lazy\" decoding=\"async\" width=\"474\" height=\"414\" data-id=\"3841\" src=\"https:\/\/www.quintaoficina.pt\/wp-content\/uploads\/2023\/09\/th-1480485362.jpg\" alt=\"\" class=\"wp-image-3841\" srcset=\"https:\/\/www.quintaoficina.pt\/wp-content\/uploads\/2023\/09\/th-1480485362.jpg 474w, https:\/\/www.quintaoficina.pt\/wp-content\/uploads\/2023\/09\/th-1480485362-300x262.jpg 300w\" sizes=\"auto, (max-width: 474px) 100vw, 474px\" \/><\/figure>\n<\/figure>\n\n\n\n<p><br><br>Esta atividade insere-se no projeto \u201cMOST\u201923 &#8211; Programa\u00e7\u00e3o Internacional de Media\u00e7\u00e3o Art\u00edstica em Meio Rural\u201d e \u00e9 apoiada pelo Munic\u00edpio de Viseu, atrav\u00e9s do programa Eixo Cultura.<\/p>\n","protected":false},"excerpt":{"rendered":"<p>A partir do exemplo da Casa de Banho constru\u00edda para a Quinta Oficina, iremos abordar um leque variado de solu\u00e7\u00f5es de Saneamento Ecol\u00f3gico, tanto no contexto familiar como p\u00fablico (para festivais), sem deixar de analisar os princ\u00edpios b\u00e1sicos da compostagem e as vantagens da aplica\u00e7\u00e3o dos Microrganismos Eficazes. Ir\u00e1 decorrer nos dias anteriores, um trabalho &hellip; <\/p>\n<p class=\"link-more\"><a href=\"https:\/\/www.quintaoficina.pt\/index.php\/wc-seco-e-compostagem\/\" class=\"more-link\">Continuar a ler <span class=\"screen-reader-text\">&#8220;WC SECO E A SUA COMPOSTAGEM&#8221;<\/span><\/a><\/p>\n","protected":false},"author":1,"featured_media":0,"parent":0,"menu_order":0,"comment_status":"closed","ping_status":"closed","template":"template-full-width.php","meta":{"footnotes":""},"class_list":["post-3459","page","type-page","status-publish","hentry"],"_links":{"self":[{"href":"https:\/\/www.quintaoficina.pt\/index.php\/wp-json\/wp\/v2\/pages\/3459","targetHints":{"allow":["GET"]}}],"collection":[{"href":"https:\/\/www.quintaoficina.pt\/index.php\/wp-json\/wp\/v2\/pages"}],"about":[{"href":"https:\/\/www.quintaoficina.pt\/index.php\/wp-json\/wp\/v2\/types\/page"}],"author":[{"embeddable":true,"href":"https:\/\/www.quintaoficina.pt\/index.php\/wp-json\/wp\/v2\/users\/1"}],"replies":[{"embeddable":true,"href":"https:\/\/www.quintaoficina.pt\/index.php\/wp-json\/wp\/v2\/comments?post=3459"}],"version-history":[{"count":9,"href":"https:\/\/www.quintaoficina.pt\/index.php\/wp-json\/wp\/v2\/pages\/3459\/revisions"}],"predecessor-version":[{"id":4376,"href":"https:\/\/www.quintaoficina.pt\/index.php\/wp-json\/wp\/v2\/pages\/3459\/revisions\/4376"}],"wp:attachment":[{"href":"https:\/\/www.quintaoficina.pt\/index.php\/wp-json\/wp\/v2\/media?parent=3459"}],"curies":[{"name":"wp","href":"https:\/\/api.w.org\/{rel}","templated":true}]}}