{"id":3462,"date":"2023-06-19T14:50:48","date_gmt":"2023-06-19T13:50:48","guid":{"rendered":"https:\/\/www.quintaoficina.pt\/?page_id=3462"},"modified":"2023-12-07T23:48:53","modified_gmt":"2023-12-07T23:48:53","slug":"conservacao-e-restauro","status":"publish","type":"page","link":"https:\/\/www.quintaoficina.pt\/index.php\/conservacao-e-restauro\/","title":{"rendered":"RESTAURO E CONSERVA\u00c7\u00c3O\u00a0"},"content":{"rendered":"\n<h2 class=\"wp-block-heading\">&#8220;<strong><em>Ferro Forjado<\/em><\/strong>&#8220;<br>com <strong><em>Z\u00e9 Lu\u00eds Loureiro<\/em><\/strong> &#8211; OFICINA DO Z\u00c9 FERREIRO.<\/h2>\n\n\n\n<figure class=\"wp-block-gallery has-nested-images columns-1 wp-block-gallery-1 is-layout-flex wp-block-gallery-is-layout-flex\">\n<figure class=\"wp-block-image size-large\"><img loading=\"lazy\" decoding=\"async\" width=\"1024\" height=\"1006\" data-id=\"3808\" src=\"https:\/\/www.quintaoficina.pt\/wp-content\/uploads\/2023\/09\/WhatsApp-Image-2023-09-19-at-11.14.34-1024x1006.png\" alt=\"\" class=\"wp-image-3808\" srcset=\"https:\/\/www.quintaoficina.pt\/wp-content\/uploads\/2023\/09\/WhatsApp-Image-2023-09-19-at-11.14.34-1024x1006.png 1024w, https:\/\/www.quintaoficina.pt\/wp-content\/uploads\/2023\/09\/WhatsApp-Image-2023-09-19-at-11.14.34-300x295.png 300w, https:\/\/www.quintaoficina.pt\/wp-content\/uploads\/2023\/09\/WhatsApp-Image-2023-09-19-at-11.14.34-768x754.png 768w, https:\/\/www.quintaoficina.pt\/wp-content\/uploads\/2023\/09\/WhatsApp-Image-2023-09-19-at-11.14.34.png 1303w\" sizes=\"auto, (max-width: 767px) 89vw, (max-width: 1000px) 54vw, (max-width: 1071px) 543px, 580px\" \/><\/figure>\n<\/figure>\n\n\n\n<figure class=\"wp-block-gallery has-nested-images columns-default is-cropped wp-block-gallery-2 is-layout-flex wp-block-gallery-is-layout-flex\">\n<figure class=\"wp-block-image size-large\"><img loading=\"lazy\" decoding=\"async\" width=\"724\" height=\"1024\" data-id=\"3937\" src=\"https:\/\/www.quintaoficina.pt\/wp-content\/uploads\/2023\/10\/Cartaz_FForjado-724x1024.jpg\" alt=\"\" class=\"wp-image-3937\" srcset=\"https:\/\/www.quintaoficina.pt\/wp-content\/uploads\/2023\/10\/Cartaz_FForjado-724x1024.jpg 724w, https:\/\/www.quintaoficina.pt\/wp-content\/uploads\/2023\/10\/Cartaz_FForjado-212x300.jpg 212w, https:\/\/www.quintaoficina.pt\/wp-content\/uploads\/2023\/10\/Cartaz_FForjado-768x1086.jpg 768w, https:\/\/www.quintaoficina.pt\/wp-content\/uploads\/2023\/10\/Cartaz_FForjado-1086x1536.jpg 1086w, https:\/\/www.quintaoficina.pt\/wp-content\/uploads\/2023\/10\/Cartaz_FForjado-1448x2048.jpg 1448w, https:\/\/www.quintaoficina.pt\/wp-content\/uploads\/2023\/10\/Cartaz_FForjado-scaled.jpg 1810w\" sizes=\"auto, (max-width: 724px) 100vw, 724px\" \/><\/figure>\n\n\n\n<figure class=\"wp-block-image size-large\"><img decoding=\"async\" data-id=\"4025\" src=\"https:\/\/www.quintaoficina.pt\/wp-content\/uploads\/2023\/12\/IMG_7519.heic\" alt=\"\" class=\"wp-image-4025\"\/><\/figure>\n<\/figure>\n\n\n\n<p>Este trabalho ter\u00e1 por base a recupera\u00e7\u00e3o de um antigo port\u00e3o do m\u00edtico &#8220;<strong><em>Mestre Malho<\/em><\/strong>&#8221; de Viseu <\/p>\n\n\n\n<figure class=\"wp-block-image size-large\"><img loading=\"lazy\" decoding=\"async\" width=\"1024\" height=\"531\" src=\"https:\/\/www.quintaoficina.pt\/wp-content\/uploads\/2023\/12\/Captura-de-ecra-2023-12-04-as-23.18.23-1024x531.png\" alt=\"\" class=\"wp-image-4033\" srcset=\"https:\/\/www.quintaoficina.pt\/wp-content\/uploads\/2023\/12\/Captura-de-ecra-2023-12-04-as-23.18.23-1024x531.png 1024w, https:\/\/www.quintaoficina.pt\/wp-content\/uploads\/2023\/12\/Captura-de-ecra-2023-12-04-as-23.18.23-300x156.png 300w, https:\/\/www.quintaoficina.pt\/wp-content\/uploads\/2023\/12\/Captura-de-ecra-2023-12-04-as-23.18.23-768x398.png 768w, https:\/\/www.quintaoficina.pt\/wp-content\/uploads\/2023\/12\/Captura-de-ecra-2023-12-04-as-23.18.23-1536x796.png 1536w, https:\/\/www.quintaoficina.pt\/wp-content\/uploads\/2023\/12\/Captura-de-ecra-2023-12-04-as-23.18.23-2048x1062.png 2048w\" sizes=\"auto, (max-width: 767px) 89vw, (max-width: 1000px) 54vw, (max-width: 1071px) 543px, 580px\" \/><\/figure>\n\n\n\n<p>&gt; Para maiores de 12 anos;<br>&gt; 15 vagas;<br>&gt; 1\u20ac, ou 1kg de fruta da \u00e9poca;<br>&gt; Inscri\u00e7\u00f5es obrigat\u00f3rias pelo endere\u00e7o de email: <em>tiomanel@quintaoficina.pt<\/em><\/p>\n\n\n\n<p>&gt; Dia 11 Novembro:<br>&#8211; Introdu\u00e7\u00e3o e hist\u00f3ria do Ferro Forjado;<br>&#8211; Materiais e t\u00e9cnicas antigas\/atuais;<br>&#8211; Limpeza do port\u00e3o.<\/p>\n\n\n\n<p>&gt; Dia 12 Novembro:<br>&#8211; Continua\u00e7\u00e3o da limpeza do port\u00e3o;<br>&#8211; Levantamento e desenho das pe\u00e7as a reproduzir;<br>&#8211; Introdu\u00e7\u00e3o aos trabalhos na Forja.<\/p>\n\n\n\n<p>&gt; Dia 2 de Dezembro:<br>&#8211; Conclus\u00e3o das pe\u00e7as na Forja;<br>&#8211; Aplica\u00e7\u00e3o das pe\u00e7as;<br>&#8211; Conserva\u00e7\u00e3o.<\/p>\n\n\n\n<p>&gt; Dia 3 de Dezembro:<br>&#8211; Finaliza\u00e7\u00e3o dos trabalhos;<br>&#8211; Tert\u00falia sobre conserva\u00e7\u00e3o do patrim\u00f3nio, com convidados da \u00e1rea.<\/p>\n\n\n\n<p>Com este desafio feito pela Quinta Oficina, espera-se nas voltas de um port\u00e3o forjado, cativar vontades e curiosidades, nas voltas de um of\u00edcio. Que neste nosso presente, parece j\u00e1 esquecido, ou, mem\u00f3ria j\u00e1 muito t\u00e9nue de uma actividade primeira, por isso principal, essencial, ao desenvolvimento e manuten\u00e7\u00e3o de comunidades passadas. Ferraria e Serralharia, faziam parte das actividades nobres desenvolvidas e transmitidas de gera\u00e7\u00e3o em gera\u00e7\u00e3o. No in\u00edcio, os primitivos, com um caracter m\u00edstico e m\u00e1gico at\u00e9, pelo poder da transforma\u00e7\u00e3o da mat\u00e9ria celeste, atrav\u00e9s do fogo e do seu dom\u00ednio. Estamos j\u00e1 longe desses tempos, mas se pensarmos e observarmos a actividade de Ferreiros e Serralheiros no seu trabalho na forja, n\u00e3o estamos assim t\u00e3o longe desse in\u00edcio de caracter\u00edsticas divinas. Com isto, espera-se apenas, em jeito de homenagem, provocar para a cria\u00e7\u00e3o e para a imagina\u00e7\u00e3o humana.<br><em><strong>jll <\/strong>2023<\/em><\/p>\n\n\n\n<figure class=\"wp-block-gallery has-nested-images columns-default is-cropped wp-block-gallery-3 is-layout-flex wp-block-gallery-is-layout-flex\">\n<figure class=\"wp-block-image size-large\"><img loading=\"lazy\" decoding=\"async\" width=\"1024\" height=\"768\" data-id=\"4027\" src=\"https:\/\/www.quintaoficina.pt\/wp-content\/uploads\/2023\/12\/WhatsApp-Image-2023-12-03-at-15.59.01.jpeg\" alt=\"\" class=\"wp-image-4027\" srcset=\"https:\/\/www.quintaoficina.pt\/wp-content\/uploads\/2023\/12\/WhatsApp-Image-2023-12-03-at-15.59.01.jpeg 1024w, https:\/\/www.quintaoficina.pt\/wp-content\/uploads\/2023\/12\/WhatsApp-Image-2023-12-03-at-15.59.01-300x225.jpeg 300w, https:\/\/www.quintaoficina.pt\/wp-content\/uploads\/2023\/12\/WhatsApp-Image-2023-12-03-at-15.59.01-768x576.jpeg 768w\" sizes=\"auto, (max-width: 767px) 89vw, (max-width: 1000px) 54vw, (max-width: 1071px) 543px, 580px\" \/><\/figure>\n<\/figure>\n\n\n\n<p>Um agradecimento especial \u00e0 fam\u00edlia Almeida Ferreira (Rua C\u00e2ndido dos Reis, n\u00ba58 Viseu) aos antigos propriet\u00e1rios do port\u00e3o (1040) do Mestre Malho e ao Dr Alberto Correia, autor do livro &#8220;O Poeta do Ferro&#8221;, pela participa\u00e7\u00e3o nesta agrad\u00e1vel tert\u00falia.<\/p>\n\n\n\n<figure class=\"wp-block-gallery has-nested-images columns-default is-cropped wp-block-gallery-4 is-layout-flex wp-block-gallery-is-layout-flex\">\n<figure class=\"wp-block-image size-large\"><img decoding=\"async\" data-id=\"4028\" src=\"https:\/\/www.quintaoficina.pt\/wp-content\/uploads\/2023\/12\/IMG_7466.heic\" alt=\"\" class=\"wp-image-4028\"\/><\/figure>\n\n\n\n<figure class=\"wp-block-image size-large\"><img loading=\"lazy\" decoding=\"async\" width=\"644\" height=\"1024\" data-id=\"4029\" src=\"https:\/\/www.quintaoficina.pt\/wp-content\/uploads\/2023\/12\/Captura-de-ecra-2023-12-04-as-23.09.00-644x1024.png\" alt=\"\" class=\"wp-image-4029\" srcset=\"https:\/\/www.quintaoficina.pt\/wp-content\/uploads\/2023\/12\/Captura-de-ecra-2023-12-04-as-23.09.00-644x1024.png 644w, https:\/\/www.quintaoficina.pt\/wp-content\/uploads\/2023\/12\/Captura-de-ecra-2023-12-04-as-23.09.00-189x300.png 189w, https:\/\/www.quintaoficina.pt\/wp-content\/uploads\/2023\/12\/Captura-de-ecra-2023-12-04-as-23.09.00-768x1221.png 768w, https:\/\/www.quintaoficina.pt\/wp-content\/uploads\/2023\/12\/Captura-de-ecra-2023-12-04-as-23.09.00-966x1536.png 966w, https:\/\/www.quintaoficina.pt\/wp-content\/uploads\/2023\/12\/Captura-de-ecra-2023-12-04-as-23.09.00.png 1240w\" sizes=\"auto, (max-width: 644px) 100vw, 644px\" \/><\/figure>\n\n\n\n<figure class=\"wp-block-image size-large\"><img loading=\"lazy\" decoding=\"async\" width=\"1024\" height=\"681\" data-id=\"4030\" src=\"https:\/\/www.quintaoficina.pt\/wp-content\/uploads\/2023\/12\/Captura-de-ecra-2023-12-04-as-23.07.19-1024x681.png\" alt=\"\" class=\"wp-image-4030\" srcset=\"https:\/\/www.quintaoficina.pt\/wp-content\/uploads\/2023\/12\/Captura-de-ecra-2023-12-04-as-23.07.19-1024x681.png 1024w, https:\/\/www.quintaoficina.pt\/wp-content\/uploads\/2023\/12\/Captura-de-ecra-2023-12-04-as-23.07.19-300x200.png 300w, https:\/\/www.quintaoficina.pt\/wp-content\/uploads\/2023\/12\/Captura-de-ecra-2023-12-04-as-23.07.19-768x511.png 768w, https:\/\/www.quintaoficina.pt\/wp-content\/uploads\/2023\/12\/Captura-de-ecra-2023-12-04-as-23.07.19-1536x1022.png 1536w, https:\/\/www.quintaoficina.pt\/wp-content\/uploads\/2023\/12\/Captura-de-ecra-2023-12-04-as-23.07.19-2048x1363.png 2048w\" sizes=\"auto, (max-width: 767px) 89vw, (max-width: 1000px) 54vw, (max-width: 1071px) 543px, 580px\" \/><\/figure>\n\n\n\n<figure class=\"wp-block-image size-large\"><img loading=\"lazy\" decoding=\"async\" width=\"1024\" height=\"681\" data-id=\"4032\" src=\"https:\/\/www.quintaoficina.pt\/wp-content\/uploads\/2023\/12\/Captura-de-ecra-2023-12-04-as-23.07.56-1024x681.png\" alt=\"\" class=\"wp-image-4032\" srcset=\"https:\/\/www.quintaoficina.pt\/wp-content\/uploads\/2023\/12\/Captura-de-ecra-2023-12-04-as-23.07.56-1024x681.png 1024w, https:\/\/www.quintaoficina.pt\/wp-content\/uploads\/2023\/12\/Captura-de-ecra-2023-12-04-as-23.07.56-300x199.png 300w, https:\/\/www.quintaoficina.pt\/wp-content\/uploads\/2023\/12\/Captura-de-ecra-2023-12-04-as-23.07.56-768x511.png 768w, https:\/\/www.quintaoficina.pt\/wp-content\/uploads\/2023\/12\/Captura-de-ecra-2023-12-04-as-23.07.56-1536x1021.png 1536w, https:\/\/www.quintaoficina.pt\/wp-content\/uploads\/2023\/12\/Captura-de-ecra-2023-12-04-as-23.07.56-2048x1362.png 2048w\" sizes=\"auto, (max-width: 767px) 89vw, (max-width: 1000px) 54vw, (max-width: 1071px) 543px, 580px\" \/><\/figure>\n\n\n\n<figure class=\"wp-block-image size-large\"><img loading=\"lazy\" decoding=\"async\" width=\"1024\" height=\"680\" data-id=\"4031\" src=\"https:\/\/www.quintaoficina.pt\/wp-content\/uploads\/2023\/12\/Captura-de-ecra-2023-12-04-as-23.05.23-1024x680.png\" alt=\"\" class=\"wp-image-4031\" srcset=\"https:\/\/www.quintaoficina.pt\/wp-content\/uploads\/2023\/12\/Captura-de-ecra-2023-12-04-as-23.05.23-1024x680.png 1024w, https:\/\/www.quintaoficina.pt\/wp-content\/uploads\/2023\/12\/Captura-de-ecra-2023-12-04-as-23.05.23-300x199.png 300w, https:\/\/www.quintaoficina.pt\/wp-content\/uploads\/2023\/12\/Captura-de-ecra-2023-12-04-as-23.05.23-768x510.png 768w, https:\/\/www.quintaoficina.pt\/wp-content\/uploads\/2023\/12\/Captura-de-ecra-2023-12-04-as-23.05.23-1536x1021.png 1536w, https:\/\/www.quintaoficina.pt\/wp-content\/uploads\/2023\/12\/Captura-de-ecra-2023-12-04-as-23.05.23-2048x1361.png 2048w\" sizes=\"auto, (max-width: 767px) 89vw, (max-width: 1000px) 54vw, (max-width: 1071px) 543px, 580px\" \/><\/figure>\n<\/figure>\n\n\n\n<h2 class=\"wp-block-heading\"><br><strong>MESTRE ARNALDO MALHO<\/strong><\/h2>\n\n\n\n<p>Se eu tivesse duas vidas,<br>Voltaria a ser ferreiro;<br>Para trabalhar no ferro,<br>Mais por gosto que dinheiro.<\/p>\n\n\n\n<p>Da sua inf\u00e2ncia pouco se sabe, mas sigamos o grande escritor Aquilino Ribeiro na sua obra \u201cArcas Encoiradas\u201d que a dada altura afirma \u201cArnaldo Malho, como salta aos olhos do entendimento, herdou um nome que era j\u00e1 uma auspicia\u00e7\u00e3o. De facto, come\u00e7ou de novinho a malhar o ferro. Come\u00e7ou de resto por onde come\u00e7avam antigamente os art\u00edfices, aprendendo o abced\u00e1rio do mester \u2026 . L\u00e1 reza o ditado: en forgeant on devient forgeron ou na par\u00e1frase portuguesa: filho de peixe sabe nadar, Malho aprendeu com o pai o rude e nobre of\u00edcio. Ainda pequeno celebravam-lhe j\u00e1 a mestria com que sabia arrancar ao fogo uma chave de broca sem necessidade de proceder \u00e0 perfura\u00e7\u00e3o\u2026\u201d.&nbsp; As suas obras encontram-se espalhadas, um pouco por toda a parte, desde a casa de familiares como o candeeiro que na actual Rua do Arco ilumina a entrada da sua porta at\u00e9 aos lustres do \u00e1trio do Governo Civil de Lisboa e da C\u00e2mara Municipal de Viseu. O Museu Gr\u00e3o &#8211; Vasco reconheceu-lhe o valor, e hoje podem ser admiradas nas suas salas, sa\u00eddas da sua oficina, pe\u00e7as como um gato de lareira, um cata &#8211; vento, um braseiro, uma lanterna com suporte, e ainda uma flor decorativa entre outras pe\u00e7as\u2026<\/p>\n\n\n\n<p><em>in&nbsp;Confraria Gr\u00e3o Vasco<\/em><br><\/p>\n\n\n\n<p><br><br><strong><em>Jos\u00e9 Lu\u00eds Loureiro.<\/em><\/strong><\/p>\n\n\n\n<p>Castro Daire. 1977. Artista pl\u00e1stico, gravador\/impressor, serralheiro e professor convidado do Departamento de Comunica\u00e7\u00e3o e Arte da ESEV-IPV (desde 2007), onde leciona atualmente nas \u00e1reas da Fotografia, Serigrafia, Artes Pl\u00e1sticas e Estudos de Composi\u00e7\u00e3o no curso de licenciatura de Artes Pl\u00e1sticas e Multim\u00e9dia. Desenvolve trabalho no \u00e2mbito da Serralharia Art\u00edstica; Escultura; Artes Gr\u00e1ficas \u2013 Serigrafia e Gravura; Pintura; Fotografia e Cenografia.<\/p>\n\n\n\n<figure class=\"wp-block-image size-full\"><img loading=\"lazy\" decoding=\"async\" width=\"1552\" height=\"123\" src=\"https:\/\/www.quintaoficina.pt\/wp-content\/uploads\/2023\/10\/logo-ze-ferreiro.jpg\" alt=\"\" class=\"wp-image-3940\" srcset=\"https:\/\/www.quintaoficina.pt\/wp-content\/uploads\/2023\/10\/logo-ze-ferreiro.jpg 1552w, https:\/\/www.quintaoficina.pt\/wp-content\/uploads\/2023\/10\/logo-ze-ferreiro-300x24.jpg 300w, https:\/\/www.quintaoficina.pt\/wp-content\/uploads\/2023\/10\/logo-ze-ferreiro-1024x81.jpg 1024w, https:\/\/www.quintaoficina.pt\/wp-content\/uploads\/2023\/10\/logo-ze-ferreiro-768x61.jpg 768w, https:\/\/www.quintaoficina.pt\/wp-content\/uploads\/2023\/10\/logo-ze-ferreiro-1536x122.jpg 1536w\" sizes=\"auto, (max-width: 767px) 89vw, (max-width: 1000px) 54vw, (max-width: 1071px) 543px, 580px\" \/><\/figure>\n\n\n\n<p>Oficina do Z\u00e9 ferreiro &#8211; oficina multidisciplinar que desenvolve trabalho nas \u00e1reas da serralharia art\u00edstica, escultura, artes gr\u00e1ficas \u2013 serigrafia e gravura, pintura, fotografia e cenografia. Dando no seu percurso, prioridade \u00e0 actividade manual e aos meios de produ\u00e7\u00e3o ditos tradicionais.<\/p>\n\n\n\n<p><br><br><\/p>\n\n\n\n<p><br>Esta atividade est\u00e1 inserida no projeto \u201cMOST23 &#8211; Programa\u00e7\u00e3o Internacional de Medi\u00e7\u00e3o Art\u00edstica em Meio Rural\u201d, uma iniciativa promovida pela 5\u00aaOficina, com o apoio financeiro do programa municipal Eixo Cultura, Viseu2023<\/p>\n","protected":false},"excerpt":{"rendered":"<p>&#8220;Ferro Forjado&#8220;com Z\u00e9 Lu\u00eds Loureiro &#8211; OFICINA DO Z\u00c9 FERREIRO. Este trabalho ter\u00e1 por base a recupera\u00e7\u00e3o de um antigo port\u00e3o do m\u00edtico &#8220;Mestre Malho&#8221; de Viseu &gt; Para maiores de 12 anos;&gt; 15 vagas;&gt; 1\u20ac, ou 1kg de fruta da \u00e9poca;&gt; Inscri\u00e7\u00f5es obrigat\u00f3rias pelo endere\u00e7o de email: tiomanel@quintaoficina.pt &gt; Dia 11 Novembro:&#8211; Introdu\u00e7\u00e3o e &hellip; <\/p>\n<p class=\"link-more\"><a href=\"https:\/\/www.quintaoficina.pt\/index.php\/conservacao-e-restauro\/\" class=\"more-link\">Continuar a ler <span class=\"screen-reader-text\">&#8220;RESTAURO E CONSERVA\u00c7\u00c3O\u00a0&#8220;<\/span><\/a><\/p>\n","protected":false},"author":1,"featured_media":0,"parent":0,"menu_order":0,"comment_status":"closed","ping_status":"closed","template":"template-full-width.php","meta":{"footnotes":""},"class_list":["post-3462","page","type-page","status-publish","hentry"],"_links":{"self":[{"href":"https:\/\/www.quintaoficina.pt\/index.php\/wp-json\/wp\/v2\/pages\/3462","targetHints":{"allow":["GET"]}}],"collection":[{"href":"https:\/\/www.quintaoficina.pt\/index.php\/wp-json\/wp\/v2\/pages"}],"about":[{"href":"https:\/\/www.quintaoficina.pt\/index.php\/wp-json\/wp\/v2\/types\/page"}],"author":[{"embeddable":true,"href":"https:\/\/www.quintaoficina.pt\/index.php\/wp-json\/wp\/v2\/users\/1"}],"replies":[{"embeddable":true,"href":"https:\/\/www.quintaoficina.pt\/index.php\/wp-json\/wp\/v2\/comments?post=3462"}],"version-history":[{"count":12,"href":"https:\/\/www.quintaoficina.pt\/index.php\/wp-json\/wp\/v2\/pages\/3462\/revisions"}],"predecessor-version":[{"id":4057,"href":"https:\/\/www.quintaoficina.pt\/index.php\/wp-json\/wp\/v2\/pages\/3462\/revisions\/4057"}],"wp:attachment":[{"href":"https:\/\/www.quintaoficina.pt\/index.php\/wp-json\/wp\/v2\/media?parent=3462"}],"curies":[{"name":"wp","href":"https:\/\/api.w.org\/{rel}","templated":true}]}}