{"id":4098,"date":"2024-04-24T09:31:21","date_gmt":"2024-04-24T08:31:21","guid":{"rendered":"https:\/\/www.quintaoficina.pt\/?page_id=4098"},"modified":"2025-02-13T22:24:21","modified_gmt":"2025-02-13T22:24:21","slug":"2024-2","status":"publish","type":"page","link":"https:\/\/www.quintaoficina.pt\/index.php\/2024-2\/","title":{"rendered":"2024"},"content":{"rendered":"\n<h2 class=\"wp-block-heading\">ESTENDAL FOTOGR\u00c1FICO &#8211; EXPOSI\u00c7\u00c3O COLETIVA<\/h2>\n\n\n\n<figure class=\"wp-block-gallery has-nested-images columns-default is-cropped wp-block-gallery-1 is-layout-flex wp-block-gallery-is-layout-flex\">\n<figure class=\"wp-block-image size-large\"><img loading=\"lazy\" decoding=\"async\" width=\"1024\" height=\"576\" data-id=\"4201\" src=\"https:\/\/www.quintaoficina.pt\/wp-content\/uploads\/2024\/05\/A077AC0A-E87B-4ED7-B8A9-0D057D5E744A-1024x576.jpg\" alt=\"\" class=\"wp-image-4201\" srcset=\"https:\/\/www.quintaoficina.pt\/wp-content\/uploads\/2024\/05\/A077AC0A-E87B-4ED7-B8A9-0D057D5E744A-1024x576.jpg 1024w, https:\/\/www.quintaoficina.pt\/wp-content\/uploads\/2024\/05\/A077AC0A-E87B-4ED7-B8A9-0D057D5E744A-300x169.jpg 300w, https:\/\/www.quintaoficina.pt\/wp-content\/uploads\/2024\/05\/A077AC0A-E87B-4ED7-B8A9-0D057D5E744A-768x432.jpg 768w, https:\/\/www.quintaoficina.pt\/wp-content\/uploads\/2024\/05\/A077AC0A-E87B-4ED7-B8A9-0D057D5E744A-1536x864.jpg 1536w, https:\/\/www.quintaoficina.pt\/wp-content\/uploads\/2024\/05\/A077AC0A-E87B-4ED7-B8A9-0D057D5E744A-2048x1152.jpg 2048w\" sizes=\"auto, (max-width: 767px) 89vw, (max-width: 1000px) 54vw, (max-width: 1071px) 543px, 580px\" \/><\/figure>\n\n\n\n<figure class=\"wp-block-image size-large\"><img decoding=\"async\" data-id=\"4203\" src=\"https:\/\/www.quintaoficina.pt\/wp-content\/uploads\/2024\/05\/IMG_9443.heic\" alt=\"\" class=\"wp-image-4203\"\/><\/figure>\n\n\n\n<figure class=\"wp-block-image size-large\"><img decoding=\"async\" data-id=\"4205\" src=\"https:\/\/www.quintaoficina.pt\/wp-content\/uploads\/2024\/05\/IMG_9446.heic\" alt=\"\" class=\"wp-image-4205\"\/><\/figure>\n\n\n\n<figure class=\"wp-block-image size-large\"><img decoding=\"async\" data-id=\"4204\" src=\"https:\/\/www.quintaoficina.pt\/wp-content\/uploads\/2024\/05\/IMG_9453.heic\" alt=\"\" class=\"wp-image-4204\"\/><\/figure>\n\n\n\n<figure class=\"wp-block-image size-large\"><img decoding=\"async\" data-id=\"4206\" src=\"https:\/\/www.quintaoficina.pt\/wp-content\/uploads\/2024\/05\/IMG_9455.heic\" alt=\"\" class=\"wp-image-4206\"\/><\/figure>\n\n\n\n<figure class=\"wp-block-image size-large\"><img decoding=\"async\" data-id=\"4202\" src=\"https:\/\/www.quintaoficina.pt\/wp-content\/uploads\/2024\/05\/IMG_9456.heic\" alt=\"\" class=\"wp-image-4202\"\/><\/figure>\n\n\n\n<figure class=\"wp-block-image size-large\"><img decoding=\"async\" data-id=\"4207\" src=\"https:\/\/www.quintaoficina.pt\/wp-content\/uploads\/2024\/05\/IMG_9457.heic\" alt=\"\" class=\"wp-image-4207\"\/><\/figure>\n<\/figure>\n\n\n\n<p>Est\u00e1 estendido o &#8220;<strong><em>Estendal Fotogr\u00e1fico &#8211; Exposi\u00e7\u00e3o Coletiva<\/em><\/strong>&#8220;. Na edi\u00e7\u00e3o deste Most23, temos esta vers\u00e3o itinerante e tempor\u00e1ria. Agora est\u00e1 &#8220;aqui&#8221;, mas ir\u00e3o encontrar estas fotos estendidas em qualquer parte! Come\u00e7amos por agradecer \u00e0 Zunzum a ced\u00eancia da Panela, assim como ao seu autor Z\u00e9 Lu\u00eds Loureiro, por este extraordin\u00e1rio &#8220;estendal&#8221;<\/p>\n\n\n\n<figure class=\"wp-block-image size-full\"><img loading=\"lazy\" decoding=\"async\" width=\"1018\" height=\"786\" src=\"https:\/\/www.quintaoficina.pt\/wp-content\/uploads\/2024\/05\/Captura-de-ecra-2024-05-17-as-17.38.18.png\" alt=\"\" class=\"wp-image-4210\" srcset=\"https:\/\/www.quintaoficina.pt\/wp-content\/uploads\/2024\/05\/Captura-de-ecra-2024-05-17-as-17.38.18.png 1018w, https:\/\/www.quintaoficina.pt\/wp-content\/uploads\/2024\/05\/Captura-de-ecra-2024-05-17-as-17.38.18-300x232.png 300w, https:\/\/www.quintaoficina.pt\/wp-content\/uploads\/2024\/05\/Captura-de-ecra-2024-05-17-as-17.38.18-768x593.png 768w\" sizes=\"auto, (max-width: 767px) 89vw, (max-width: 1000px) 54vw, (max-width: 1071px) 543px, 580px\" \/><\/figure>\n\n\n\n<p>Parab\u00e9ns aos fot\u00f3grafos participantes:<\/p>\n\n\n\n<p>Andr\u00e9 Ferreira<\/p>\n\n\n\n<p>Cristina Nogueira<\/p>\n\n\n\n<p><a><\/a>Filipa \u00c1vila<\/p>\n\n\n\n<p>Lu\u00eds Almeida<\/p>\n\n\n\n<p>Rui P\u00eava<\/p>\n\n\n\n<p>Vlad Dulyansky<\/p>\n\n\n\n<p class=\"has-small-font-size\"><strong>QUALQUER INFORMA\u00c7\u00c3O ADICIONAL, POR FAVOR, N\u00c3O HESITEM EM CONTACTAR: 963218860<\/strong><\/p>\n\n\n\n<p class=\"has-small-font-size\">Esta atividade insere-se no projeto da 5\u00aaOficina &#8211; \u201cMOST\u201923 &#8211; Programa\u00e7\u00e3o Internacional de Media\u00e7\u00e3o Art\u00edstica em Meio Rural\u201d e \u00e9 apoiada pelo Munic\u00edpio de Viseu, atrav\u00e9s do EixoCultura.<\/p>\n","protected":false},"excerpt":{"rendered":"<p>ESTENDAL FOTOGR\u00c1FICO &#8211; EXPOSI\u00c7\u00c3O COLETIVA Est\u00e1 estendido o &#8220;Estendal Fotogr\u00e1fico &#8211; Exposi\u00e7\u00e3o Coletiva&#8220;. Na edi\u00e7\u00e3o deste Most23, temos esta vers\u00e3o itinerante e tempor\u00e1ria. Agora est\u00e1 &#8220;aqui&#8221;, mas ir\u00e3o encontrar estas fotos estendidas em qualquer parte! Come\u00e7amos por agradecer \u00e0 Zunzum a ced\u00eancia da Panela, assim como ao seu autor Z\u00e9 Lu\u00eds Loureiro, por este extraordin\u00e1rio &hellip; <\/p>\n<p class=\"link-more\"><a href=\"https:\/\/www.quintaoficina.pt\/index.php\/2024-2\/\" class=\"more-link\">Continuar a ler <span class=\"screen-reader-text\">&#8220;2024&#8221;<\/span><\/a><\/p>\n","protected":false},"author":1,"featured_media":0,"parent":0,"menu_order":0,"comment_status":"closed","ping_status":"closed","template":"template-full-width.php","meta":{"footnotes":""},"class_list":["post-4098","page","type-page","status-publish","hentry"],"_links":{"self":[{"href":"https:\/\/www.quintaoficina.pt\/index.php\/wp-json\/wp\/v2\/pages\/4098","targetHints":{"allow":["GET"]}}],"collection":[{"href":"https:\/\/www.quintaoficina.pt\/index.php\/wp-json\/wp\/v2\/pages"}],"about":[{"href":"https:\/\/www.quintaoficina.pt\/index.php\/wp-json\/wp\/v2\/types\/page"}],"author":[{"embeddable":true,"href":"https:\/\/www.quintaoficina.pt\/index.php\/wp-json\/wp\/v2\/users\/1"}],"replies":[{"embeddable":true,"href":"https:\/\/www.quintaoficina.pt\/index.php\/wp-json\/wp\/v2\/comments?post=4098"}],"version-history":[{"count":6,"href":"https:\/\/www.quintaoficina.pt\/index.php\/wp-json\/wp\/v2\/pages\/4098\/revisions"}],"predecessor-version":[{"id":4683,"href":"https:\/\/www.quintaoficina.pt\/index.php\/wp-json\/wp\/v2\/pages\/4098\/revisions\/4683"}],"wp:attachment":[{"href":"https:\/\/www.quintaoficina.pt\/index.php\/wp-json\/wp\/v2\/media?parent=4098"}],"curies":[{"name":"wp","href":"https:\/\/api.w.org\/{rel}","templated":true}]}}