{"id":4105,"date":"2024-04-24T09:38:44","date_gmt":"2024-04-24T08:38:44","guid":{"rendered":"https:\/\/www.quintaoficina.pt\/?page_id=4105"},"modified":"2024-05-27T15:03:58","modified_gmt":"2024-05-27T14:03:58","slug":"calcada-a-portuguesa","status":"publish","type":"page","link":"https:\/\/www.quintaoficina.pt\/index.php\/disponiveis\/calcada-a-portuguesa\/","title":{"rendered":"Cal\u00e7ada (\u00e0) Portuguesa\u00a0"},"content":{"rendered":"\n<p class=\"has-text-align-center\">&gt;&gt;&nbsp;<strong><em>P\u00c1GINA EM CONSTRU\u00c7\u00c3O<\/em><\/strong>&nbsp;&lt;&lt;<\/p>\n\n\n\n<p>Todos os&nbsp;<strong><em>Workshops<\/em><\/strong>&nbsp;s\u00e3o de&nbsp;<strong>pr\u00e9-inscri\u00e7\u00e3o<\/strong>&nbsp;obrigat\u00f3ria.&nbsp;<strong>Pre\u00e7o:<\/strong>&nbsp;1kg de frutas\/legumes da \u00e9poca, ou 1h. de voluntariado numa causa \u00e0 escolha.<br><br>Informa\u00e7\u00f5es e pr\u00e9-inscri\u00e7\u00f5es:&nbsp;<em><strong>tiomanel@quintaoficina.pt<\/strong><\/em><\/p>\n\n\n\n<p class=\"has-small-font-size\"><em>Esta atividade est\u00e1 inserida no projeto da 5\u00aaOficina: \u201cMOST\u201924 \u2013 Programa\u00e7\u00e3o Internacional de Media\u00e7\u00e3o Cultural em Meio Rural\u201d, uma iniciativa apoiada pelo Munic\u00edpio de Viseu, atrav\u00e9s do EixoCultura.<\/em><\/p>\n","protected":false},"excerpt":{"rendered":"<p>&gt;&gt;&nbsp;P\u00c1GINA EM CONSTRU\u00c7\u00c3O&nbsp;&lt;&lt; Todos os&nbsp;Workshops&nbsp;s\u00e3o de&nbsp;pr\u00e9-inscri\u00e7\u00e3o&nbsp;obrigat\u00f3ria.&nbsp;Pre\u00e7o:&nbsp;1kg de frutas\/legumes da \u00e9poca, ou 1h. de voluntariado numa causa \u00e0 escolha. Informa\u00e7\u00f5es e pr\u00e9-inscri\u00e7\u00f5es:&nbsp;tiomanel@quintaoficina.pt Esta atividade est\u00e1 inserida no projeto da 5\u00aaOficina: \u201cMOST\u201924 \u2013 Programa\u00e7\u00e3o Internacional de Media\u00e7\u00e3o Cultural em Meio Rural\u201d, uma iniciativa apoiada pelo Munic\u00edpio de Viseu, atrav\u00e9s do EixoCultura.<\/p>\n","protected":false},"author":1,"featured_media":0,"parent":1363,"menu_order":0,"comment_status":"closed","ping_status":"closed","template":"template-full-width.php","meta":{"footnotes":""},"class_list":["post-4105","page","type-page","status-publish","hentry"],"_links":{"self":[{"href":"https:\/\/www.quintaoficina.pt\/index.php\/wp-json\/wp\/v2\/pages\/4105","targetHints":{"allow":["GET"]}}],"collection":[{"href":"https:\/\/www.quintaoficina.pt\/index.php\/wp-json\/wp\/v2\/pages"}],"about":[{"href":"https:\/\/www.quintaoficina.pt\/index.php\/wp-json\/wp\/v2\/types\/page"}],"author":[{"embeddable":true,"href":"https:\/\/www.quintaoficina.pt\/index.php\/wp-json\/wp\/v2\/users\/1"}],"replies":[{"embeddable":true,"href":"https:\/\/www.quintaoficina.pt\/index.php\/wp-json\/wp\/v2\/comments?post=4105"}],"version-history":[{"count":3,"href":"https:\/\/www.quintaoficina.pt\/index.php\/wp-json\/wp\/v2\/pages\/4105\/revisions"}],"predecessor-version":[{"id":4296,"href":"https:\/\/www.quintaoficina.pt\/index.php\/wp-json\/wp\/v2\/pages\/4105\/revisions\/4296"}],"up":[{"embeddable":true,"href":"https:\/\/www.quintaoficina.pt\/index.php\/wp-json\/wp\/v2\/pages\/1363"}],"wp:attachment":[{"href":"https:\/\/www.quintaoficina.pt\/index.php\/wp-json\/wp\/v2\/media?parent=4105"}],"curies":[{"name":"wp","href":"https:\/\/api.w.org\/{rel}","templated":true}]}}