{"id":4107,"date":"2024-04-24T09:39:33","date_gmt":"2024-04-24T08:39:33","guid":{"rendered":"https:\/\/www.quintaoficina.pt\/?page_id=4107"},"modified":"2025-02-17T23:03:50","modified_gmt":"2025-02-17T23:03:50","slug":"o-teu-clown","status":"publish","type":"page","link":"https:\/\/www.quintaoficina.pt\/index.php\/disponiveis\/o-teu-clown\/","title":{"rendered":"Palha\u00e7aria"},"content":{"rendered":"\n<p class=\"has-text-align-center\"><\/p>\n\n\n\n<p>Ao longo dos \u00faltimos 40 anos, Tom Roos fez uma pesquisa aprofundada sobre a arte do palha\u00e7o, durante os quais, juntamente com outros, desenvolveu o conceito de Clown Minimalista.<br>O <strong>Clown Minimalista<\/strong> \u00e9 uma c\u00f3pia de n\u00f3s pr\u00f3prios, mas mais aberto, mais ing\u00e9nuo, mais fr\u00e1gil, mais espont\u00e2neo. Ele est\u00e1 em contacto directo com o p\u00fablico, aqui e agora. O seu mundo pode ser redefinido a qualquer momento e a linha entre a realidade e a imagina\u00e7\u00e3o \u00e9 invis\u00edvel.<br><strong>Neste Laborat\u00f3rio, para descobrir o nosso palha\u00e7o, n\u00e3o vamos colocar um disfarce.<\/strong> Em vez disso, vamos retirar o nosso disfarce e as nossas m\u00e1scaras;&nbsp; vamos nos desfazer da armadura que aprendemos a usar durante a nossa educa\u00e7\u00e3o para nos&nbsp;tornarmos uma pessoa s\u00e9ria.<br>Aprenderemos a brincar em profundidade com o nosso corpo, deixaremos o impulso do movimento preceder a palavra, o impulso da ac\u00e7\u00e3o preceder o pensamento.<br>Como jogadores, vemos a n\u00f3s pr\u00f3prios como imagem em movimento. Com os nossos colegas jogadores procuramos uma sequ\u00eancia r\u00edtmica de imagens fortes, dirigindo-nos \u00e0 imagina\u00e7\u00e3o do nosso p\u00fablico. Por um lado, h\u00e1 exerc\u00edcios de liberta\u00e7\u00e3o, de aceita\u00e7\u00e3o, de elimina\u00e7\u00e3o da auto-censura, de generosidade, de dar um sim fundamental a si pr\u00f3prio, ao seu p\u00fablico e aos seus colegas jogadores. Por outro lado, exercitamos a precis\u00e3o, uma forma de desenhar claramente a nossa pe\u00e7a.<\/p>\n\n\n\n<figure class=\"wp-block-gallery has-nested-images columns-default is-cropped wp-block-gallery-1 is-layout-flex wp-block-gallery-is-layout-flex\">\n<figure class=\"wp-block-image size-full\"><img loading=\"lazy\" decoding=\"async\" width=\"786\" height=\"792\" data-id=\"4659\" src=\"https:\/\/www.quintaoficina.pt\/wp-content\/uploads\/2025\/02\/275426096_440338384554619_8047388703072103104_n.jpg\" alt=\"\" class=\"wp-image-4659\" srcset=\"https:\/\/www.quintaoficina.pt\/wp-content\/uploads\/2025\/02\/275426096_440338384554619_8047388703072103104_n.jpg 786w, https:\/\/www.quintaoficina.pt\/wp-content\/uploads\/2025\/02\/275426096_440338384554619_8047388703072103104_n-298x300.jpg 298w, https:\/\/www.quintaoficina.pt\/wp-content\/uploads\/2025\/02\/275426096_440338384554619_8047388703072103104_n-150x150.jpg 150w, https:\/\/www.quintaoficina.pt\/wp-content\/uploads\/2025\/02\/275426096_440338384554619_8047388703072103104_n-768x774.jpg 768w, https:\/\/www.quintaoficina.pt\/wp-content\/uploads\/2025\/02\/275426096_440338384554619_8047388703072103104_n-100x100.jpg 100w\" sizes=\"auto, (max-width: 767px) 89vw, (max-width: 1000px) 54vw, (max-width: 1071px) 543px, 580px\" \/><\/figure>\n\n\n\n<figure class=\"wp-block-image size-full\"><img loading=\"lazy\" decoding=\"async\" width=\"1414\" height=\"1708\" data-id=\"4661\" src=\"https:\/\/www.quintaoficina.pt\/wp-content\/uploads\/2025\/02\/Exercicio-545437-scaled-e1587499392647.jpg\" alt=\"\" class=\"wp-image-4661\" srcset=\"https:\/\/www.quintaoficina.pt\/wp-content\/uploads\/2025\/02\/Exercicio-545437-scaled-e1587499392647.jpg 1414w, https:\/\/www.quintaoficina.pt\/wp-content\/uploads\/2025\/02\/Exercicio-545437-scaled-e1587499392647-248x300.jpg 248w, https:\/\/www.quintaoficina.pt\/wp-content\/uploads\/2025\/02\/Exercicio-545437-scaled-e1587499392647-848x1024.jpg 848w, https:\/\/www.quintaoficina.pt\/wp-content\/uploads\/2025\/02\/Exercicio-545437-scaled-e1587499392647-768x928.jpg 768w, https:\/\/www.quintaoficina.pt\/wp-content\/uploads\/2025\/02\/Exercicio-545437-scaled-e1587499392647-1272x1536.jpg 1272w\" sizes=\"auto, (max-width: 767px) 89vw, (max-width: 1000px) 54vw, (max-width: 1071px) 543px, 580px\" \/><\/figure>\n\n\n\n<figure class=\"wp-block-image size-full\"><img loading=\"lazy\" decoding=\"async\" width=\"2560\" height=\"2560\" data-id=\"4663\" src=\"https:\/\/www.quintaoficina.pt\/wp-content\/uploads\/2025\/02\/Workshop-Tom-Roos-1-scaled.jpg\" alt=\"\" class=\"wp-image-4663\" srcset=\"https:\/\/www.quintaoficina.pt\/wp-content\/uploads\/2025\/02\/Workshop-Tom-Roos-1-scaled.jpg 2560w, https:\/\/www.quintaoficina.pt\/wp-content\/uploads\/2025\/02\/Workshop-Tom-Roos-1-300x300.jpg 300w, https:\/\/www.quintaoficina.pt\/wp-content\/uploads\/2025\/02\/Workshop-Tom-Roos-1-1024x1024.jpg 1024w, https:\/\/www.quintaoficina.pt\/wp-content\/uploads\/2025\/02\/Workshop-Tom-Roos-1-150x150.jpg 150w, https:\/\/www.quintaoficina.pt\/wp-content\/uploads\/2025\/02\/Workshop-Tom-Roos-1-768x768.jpg 768w, https:\/\/www.quintaoficina.pt\/wp-content\/uploads\/2025\/02\/Workshop-Tom-Roos-1-1536x1536.jpg 1536w, https:\/\/www.quintaoficina.pt\/wp-content\/uploads\/2025\/02\/Workshop-Tom-Roos-1-2048x2048.jpg 2048w, https:\/\/www.quintaoficina.pt\/wp-content\/uploads\/2025\/02\/Workshop-Tom-Roos-1-100x100.jpg 100w\" sizes=\"auto, (max-width: 767px) 89vw, (max-width: 1000px) 54vw, (max-width: 1071px) 543px, 580px\" \/><\/figure>\n\n\n\n<figure class=\"wp-block-image size-full\"><img loading=\"lazy\" decoding=\"async\" width=\"2560\" height=\"1707\" data-id=\"4660\" src=\"https:\/\/www.quintaoficina.pt\/wp-content\/uploads\/2025\/02\/Exercicio-3-scaled-1.jpg\" alt=\"\" class=\"wp-image-4660\" srcset=\"https:\/\/www.quintaoficina.pt\/wp-content\/uploads\/2025\/02\/Exercicio-3-scaled-1.jpg 2560w, https:\/\/www.quintaoficina.pt\/wp-content\/uploads\/2025\/02\/Exercicio-3-scaled-1-300x200.jpg 300w, https:\/\/www.quintaoficina.pt\/wp-content\/uploads\/2025\/02\/Exercicio-3-scaled-1-1024x683.jpg 1024w, https:\/\/www.quintaoficina.pt\/wp-content\/uploads\/2025\/02\/Exercicio-3-scaled-1-768x512.jpg 768w, https:\/\/www.quintaoficina.pt\/wp-content\/uploads\/2025\/02\/Exercicio-3-scaled-1-1536x1024.jpg 1536w, https:\/\/www.quintaoficina.pt\/wp-content\/uploads\/2025\/02\/Exercicio-3-scaled-1-2048x1366.jpg 2048w\" sizes=\"auto, (max-width: 767px) 89vw, (max-width: 1000px) 54vw, (max-width: 1071px) 543px, 580px\" \/><\/figure>\n\n\n\n<figure class=\"wp-block-image size-full\"><img loading=\"lazy\" decoding=\"async\" width=\"2235\" height=\"1611\" data-id=\"4662\" src=\"https:\/\/www.quintaoficina.pt\/wp-content\/uploads\/2025\/02\/TomRoss.jpg\" alt=\"\" class=\"wp-image-4662\" srcset=\"https:\/\/www.quintaoficina.pt\/wp-content\/uploads\/2025\/02\/TomRoss.jpg 2235w, https:\/\/www.quintaoficina.pt\/wp-content\/uploads\/2025\/02\/TomRoss-300x216.jpg 300w, https:\/\/www.quintaoficina.pt\/wp-content\/uploads\/2025\/02\/TomRoss-1024x738.jpg 1024w, https:\/\/www.quintaoficina.pt\/wp-content\/uploads\/2025\/02\/TomRoss-768x554.jpg 768w, https:\/\/www.quintaoficina.pt\/wp-content\/uploads\/2025\/02\/TomRoss-1536x1107.jpg 1536w, https:\/\/www.quintaoficina.pt\/wp-content\/uploads\/2025\/02\/TomRoss-2048x1476.jpg 2048w\" sizes=\"auto, (max-width: 767px) 89vw, (max-width: 1000px) 54vw, (max-width: 1071px) 543px, 580px\" \/><\/figure>\n<figcaption class=\"blocks-gallery-caption wp-element-caption\">FOTOS de <strong>Rafa Santos<\/strong><\/figcaption><\/figure>\n\n\n\n<p><a href=\"https:\/\/internationalclownlab.pt\">https:\/\/internationalclownlab.pt<\/a><br><a href=\"https:\/\/www.facebook.com\/internationalclownlab\">https:\/\/www.facebook.com\/internationalclownlab<\/a><\/p>\n\n\n\n<p><strong><em>TOM ROOS<\/em><\/strong> &#8211; Nasceu em 1954 na \u00c1frica do Sul. Em 1982, criou a empresa \u201cWurreWurre\u201d com Philippe De Maertelaere e o c\u00e3o Boost, um duo palha\u00e7o inteiramente dedicado \u00e0 promo\u00e7\u00e3o dos in\u00fateis. Depois actuou em teatros e festivais de todo o mundo. Tom Roos \u00e9 tamb\u00e9m professor de teatro (especializado em palha\u00e7os) e realizador na B\u00e9lgica e no estrangeiro. Depois de 2000, trabalha regularmente no Soweto, na \u00c1frica do Sul, com crian\u00e7as e adolescentes vindos dos guetos.<br>Desde 2000, Tom Roos, com o apoio da Comunidade Flamenga, trabalha regularmente no Soweto com o Centro Comunit\u00e1rio de Ipelegeng para criar espect\u00e1culos de rua e teatrais de alta qualidade com jovens do munic\u00edpio.<br>Al\u00e9m disso, trabalha internacionalmente como director, comediante, contador de hist\u00f3rias, palha\u00e7o e professor.<br>Desde 2014, Tom Roos \u00e9 co-fundador do CONTACTCLOWN IN DE ZORG, um grupo profissional de palha\u00e7os prestadores de cuidados para pessoas com dem\u00eancia e pessoas com defici\u00eancia mental.<br>Tom Roos \u00e9 tamb\u00e9m um membro activo da Clowns Without Borders Belgium, tendo realizado v\u00e1rias miss\u00f5es em centros de refugiados na B\u00e9lgica e no L\u00edbano.<\/p>\n\n\n\n<figure class=\"wp-block-image size-large\"><img loading=\"lazy\" decoding=\"async\" width=\"819\" height=\"1024\" src=\"https:\/\/www.quintaoficina.pt\/wp-content\/uploads\/2025\/02\/CartazTOM-819x1024.jpg\" alt=\"\" class=\"wp-image-4654\" srcset=\"https:\/\/www.quintaoficina.pt\/wp-content\/uploads\/2025\/02\/CartazTOM-819x1024.jpg 819w, https:\/\/www.quintaoficina.pt\/wp-content\/uploads\/2025\/02\/CartazTOM-240x300.jpg 240w, https:\/\/www.quintaoficina.pt\/wp-content\/uploads\/2025\/02\/CartazTOM-768x960.jpg 768w, https:\/\/www.quintaoficina.pt\/wp-content\/uploads\/2025\/02\/CartazTOM-1229x1536.jpg 1229w, https:\/\/www.quintaoficina.pt\/wp-content\/uploads\/2025\/02\/CartazTOM-1638x2048.jpg 1638w, https:\/\/www.quintaoficina.pt\/wp-content\/uploads\/2025\/02\/CartazTOM-scaled.jpg 2048w\" sizes=\"auto, (max-width: 767px) 89vw, (max-width: 1000px) 54vw, (max-width: 1071px) 543px, 580px\" \/><\/figure>\n\n\n\n<p><br><strong>WORKSHOP<\/strong>:<br>Domingo, dia 9, das 15h \u00e0s 17h.<br><strong>Para maiores de 6 anos.<\/strong><br><br><strong>RESID\u00caNCIA<\/strong>:<br>Sexta, dia 7, das 20h \u00e0s 22h.<br>S\u00e1bado, dia 8, das 9h \u00e0s 12h e das 14h \u00e0s 19h.<br>Domingo, dia 9 das 9h \u00e0s 12h.<br><strong>Para maiores de 16 anos.<\/strong><br><br>Trazer roupa e cal\u00e7ado confort\u00e1vel, \u00e1gua e caneca para ch\u00e1.<br>Todas as forma\u00e7\u00f5es s\u00e3o de<strong>\u00a0pr\u00e9-inscri\u00e7\u00e3o\u00a0obrigat\u00f3ria<\/strong>.<br>Pre\u00e7o:\u00a01kg de frutas\/legumes da \u00e9poca, ou 1h. de voluntariado numa causa \u00e0 escolha.<br><strong>Local<\/strong> &#8211; Sal\u00e3o da Junta de Freguesia do Couto de Cima &#8211; <a href=\"https:\/\/maps.app.goo.gl\/9BtzcWkVdGL1oeGRA\" target=\"_blank\" rel=\"noreferrer noopener\">Av. N.\u00aa Sr.\u00aa de Lurdes, n.\u00ba 45. 3510 &#8211; 602 Couto de Cima.<\/a><br><br>Informa\u00e7\u00f5es e pr\u00e9-inscri\u00e7\u00f5es:\u00a0<em><strong>tiomanel@quintaoficina.pt<\/strong><\/em><\/p>\n\n\n\n<p class=\"has-small-font-size\"><em>Esta atividade est\u00e1 inserida no projeto da 5\u00aaOficina: \u201cMOST\u201924 \u2013 Programa\u00e7\u00e3o Internacional de Media\u00e7\u00e3o Cultural em Meio Rural\u201d, uma iniciativa apoiada pelo Munic\u00edpio de Viseu, atrav\u00e9s do EixoCultura.<\/em><\/p>\n","protected":false},"excerpt":{"rendered":"<p>Ao longo dos \u00faltimos 40 anos, Tom Roos fez uma pesquisa aprofundada sobre a arte do palha\u00e7o, durante os quais, juntamente com outros, desenvolveu o conceito de Clown Minimalista.O Clown Minimalista \u00e9 uma c\u00f3pia de n\u00f3s pr\u00f3prios, mas mais aberto, mais ing\u00e9nuo, mais fr\u00e1gil, mais espont\u00e2neo. Ele est\u00e1 em contacto directo com o p\u00fablico, aqui &hellip; <\/p>\n<p class=\"link-more\"><a href=\"https:\/\/www.quintaoficina.pt\/index.php\/disponiveis\/o-teu-clown\/\" class=\"more-link\">Continuar a ler <span class=\"screen-reader-text\">&#8220;Palha\u00e7aria&#8221;<\/span><\/a><\/p>\n","protected":false},"author":1,"featured_media":0,"parent":1363,"menu_order":0,"comment_status":"closed","ping_status":"closed","template":"template-full-width.php","meta":{"footnotes":""},"class_list":["post-4107","page","type-page","status-publish","hentry"],"_links":{"self":[{"href":"https:\/\/www.quintaoficina.pt\/index.php\/wp-json\/wp\/v2\/pages\/4107","targetHints":{"allow":["GET"]}}],"collection":[{"href":"https:\/\/www.quintaoficina.pt\/index.php\/wp-json\/wp\/v2\/pages"}],"about":[{"href":"https:\/\/www.quintaoficina.pt\/index.php\/wp-json\/wp\/v2\/types\/page"}],"author":[{"embeddable":true,"href":"https:\/\/www.quintaoficina.pt\/index.php\/wp-json\/wp\/v2\/users\/1"}],"replies":[{"embeddable":true,"href":"https:\/\/www.quintaoficina.pt\/index.php\/wp-json\/wp\/v2\/comments?post=4107"}],"version-history":[{"count":9,"href":"https:\/\/www.quintaoficina.pt\/index.php\/wp-json\/wp\/v2\/pages\/4107\/revisions"}],"predecessor-version":[{"id":4728,"href":"https:\/\/www.quintaoficina.pt\/index.php\/wp-json\/wp\/v2\/pages\/4107\/revisions\/4728"}],"up":[{"embeddable":true,"href":"https:\/\/www.quintaoficina.pt\/index.php\/wp-json\/wp\/v2\/pages\/1363"}],"wp:attachment":[{"href":"https:\/\/www.quintaoficina.pt\/index.php\/wp-json\/wp\/v2\/media?parent=4107"}],"curies":[{"name":"wp","href":"https:\/\/api.w.org\/{rel}","templated":true}]}}