{"id":4109,"date":"2024-04-24T09:40:00","date_gmt":"2024-04-24T08:40:00","guid":{"rendered":"https:\/\/www.quintaoficina.pt\/?page_id=4109"},"modified":"2025-02-23T21:17:05","modified_gmt":"2025-02-23T21:17:05","slug":"pizzapazza","status":"publish","type":"page","link":"https:\/\/www.quintaoficina.pt\/index.php\/disponiveis\/pizzapazza\/","title":{"rendered":"PIZZA-PAZZA!"},"content":{"rendered":"\n<p>26 de Janeiro, das 15h \u00e0s 17h.<\/p>\n\n\n\n<p><strong>Pizza&nbsp;Pazza<\/strong>&nbsp;&#8211; significa &#8220;pizza estranha\/louca&#8221; em italiano!<br>\u00c9 um workshop sobre a re-interpreta\u00e7\u00e3o criativa das pizzas. Experimentaremos novas formas, com ingredientes e coberturas de origem local e criaremos alimentos coloridos e saborosos que iremos cozer  juntos no forno comunit\u00e1rio.<\/p>\n\n\n\n<figure class=\"wp-block-gallery has-nested-images columns-2 is-cropped wp-block-gallery-1 is-layout-flex wp-block-gallery-is-layout-flex\">\n<figure class=\"wp-block-image size-large\"><img loading=\"lazy\" decoding=\"async\" width=\"1024\" height=\"683\" data-id=\"4756\" src=\"https:\/\/www.quintaoficina.pt\/wp-content\/uploads\/2025\/02\/MG_9447-1024x683.jpg\" alt=\"\" class=\"wp-image-4756\" srcset=\"https:\/\/www.quintaoficina.pt\/wp-content\/uploads\/2025\/02\/MG_9447-1024x683.jpg 1024w, https:\/\/www.quintaoficina.pt\/wp-content\/uploads\/2025\/02\/MG_9447-300x200.jpg 300w, https:\/\/www.quintaoficina.pt\/wp-content\/uploads\/2025\/02\/MG_9447-768x512.jpg 768w, https:\/\/www.quintaoficina.pt\/wp-content\/uploads\/2025\/02\/MG_9447-1536x1024.jpg 1536w, https:\/\/www.quintaoficina.pt\/wp-content\/uploads\/2025\/02\/MG_9447-2048x1365.jpg 2048w\" sizes=\"auto, (max-width: 767px) 89vw, (max-width: 1000px) 54vw, (max-width: 1071px) 543px, 580px\" \/><\/figure>\n\n\n\n<figure class=\"wp-block-image size-large\"><img loading=\"lazy\" decoding=\"async\" width=\"1024\" height=\"683\" data-id=\"4755\" src=\"https:\/\/www.quintaoficina.pt\/wp-content\/uploads\/2025\/02\/MG_9471-1024x683.jpg\" alt=\"\" class=\"wp-image-4755\" srcset=\"https:\/\/www.quintaoficina.pt\/wp-content\/uploads\/2025\/02\/MG_9471-1024x683.jpg 1024w, https:\/\/www.quintaoficina.pt\/wp-content\/uploads\/2025\/02\/MG_9471-300x200.jpg 300w, https:\/\/www.quintaoficina.pt\/wp-content\/uploads\/2025\/02\/MG_9471-768x512.jpg 768w, https:\/\/www.quintaoficina.pt\/wp-content\/uploads\/2025\/02\/MG_9471-1536x1024.jpg 1536w, https:\/\/www.quintaoficina.pt\/wp-content\/uploads\/2025\/02\/MG_9471-2048x1365.jpg 2048w\" sizes=\"auto, (max-width: 767px) 89vw, (max-width: 1000px) 54vw, (max-width: 1071px) 543px, 580px\" \/><\/figure>\n\n\n\n<figure class=\"wp-block-image size-large\"><img loading=\"lazy\" decoding=\"async\" width=\"1024\" height=\"683\" data-id=\"4754\" src=\"https:\/\/www.quintaoficina.pt\/wp-content\/uploads\/2025\/02\/MG_9414-1024x683.jpg\" alt=\"\" class=\"wp-image-4754\" srcset=\"https:\/\/www.quintaoficina.pt\/wp-content\/uploads\/2025\/02\/MG_9414-1024x683.jpg 1024w, https:\/\/www.quintaoficina.pt\/wp-content\/uploads\/2025\/02\/MG_9414-300x200.jpg 300w, https:\/\/www.quintaoficina.pt\/wp-content\/uploads\/2025\/02\/MG_9414-768x512.jpg 768w, https:\/\/www.quintaoficina.pt\/wp-content\/uploads\/2025\/02\/MG_9414-1536x1024.jpg 1536w, https:\/\/www.quintaoficina.pt\/wp-content\/uploads\/2025\/02\/MG_9414-2048x1365.jpg 2048w\" sizes=\"auto, (max-width: 767px) 89vw, (max-width: 1000px) 54vw, (max-width: 1071px) 543px, 580px\" \/><\/figure>\n\n\n\n<figure class=\"wp-block-image size-large\"><img decoding=\"async\" data-id=\"4749\" src=\"https:\/\/www.quintaoficina.pt\/wp-content\/uploads\/2025\/02\/IMG_1141.heic\" alt=\"\" class=\"wp-image-4749\"\/><\/figure>\n\n\n\n<figure class=\"wp-block-image size-large\"><img loading=\"lazy\" decoding=\"async\" width=\"819\" height=\"1024\" data-id=\"4631\" src=\"https:\/\/www.quintaoficina.pt\/wp-content\/uploads\/2024\/12\/CartazPizzaPazza_insta-819x1024.jpg\" alt=\"\" class=\"wp-image-4631\" srcset=\"https:\/\/www.quintaoficina.pt\/wp-content\/uploads\/2024\/12\/CartazPizzaPazza_insta-819x1024.jpg 819w, https:\/\/www.quintaoficina.pt\/wp-content\/uploads\/2024\/12\/CartazPizzaPazza_insta-240x300.jpg 240w, https:\/\/www.quintaoficina.pt\/wp-content\/uploads\/2024\/12\/CartazPizzaPazza_insta-768x960.jpg 768w, https:\/\/www.quintaoficina.pt\/wp-content\/uploads\/2024\/12\/CartazPizzaPazza_insta-1229x1536.jpg 1229w, https:\/\/www.quintaoficina.pt\/wp-content\/uploads\/2024\/12\/CartazPizzaPazza_insta-1638x2048.jpg 1638w, https:\/\/www.quintaoficina.pt\/wp-content\/uploads\/2024\/12\/CartazPizzaPazza_insta-scaled.jpg 2048w\" sizes=\"auto, (max-width: 767px) 89vw, (max-width: 1000px) 54vw, (max-width: 1071px) 543px, 580px\" \/><\/figure>\n<\/figure>\n\n\n\n<p><em><strong>Teo Pra Mio<\/strong> \u00e9 italiano, designer, artista e educador apaixonado por teorias e pr\u00e1ticas feministas de aprendizagem e conviv\u00eancia. Juntamente com Flora&nbsp;Mammanagerem, criou o &#8220;Forno&nbsp;Vagabondo&#8221;, um forno social movido a&nbsp;lenha montado&nbsp;numa bicicleta que visita aldeias e cidades de It\u00e1lia, para criar comunidade em torno da pr\u00e1tica de cozer p\u00e3o.<\/em><\/p>\n\n\n\n<p><a href=\"https:\/\/www.facebook.com\/fornovagabondo\">https:\/\/www.facebook.com\/fornovagabondo<\/a><\/p>\n\n\n\n<figure class=\"wp-block-image size-large\"><img loading=\"lazy\" decoding=\"async\" width=\"766\" height=\"1024\" src=\"https:\/\/www.quintaoficina.pt\/wp-content\/uploads\/2025\/01\/196203421_308201464187280_5321325395524143196_n-766x1024.jpg\" alt=\"\" class=\"wp-image-4641\" srcset=\"https:\/\/www.quintaoficina.pt\/wp-content\/uploads\/2025\/01\/196203421_308201464187280_5321325395524143196_n-766x1024.jpg 766w, https:\/\/www.quintaoficina.pt\/wp-content\/uploads\/2025\/01\/196203421_308201464187280_5321325395524143196_n-224x300.jpg 224w, https:\/\/www.quintaoficina.pt\/wp-content\/uploads\/2025\/01\/196203421_308201464187280_5321325395524143196_n-768x1027.jpg 768w, https:\/\/www.quintaoficina.pt\/wp-content\/uploads\/2025\/01\/196203421_308201464187280_5321325395524143196_n.jpg 957w\" sizes=\"auto, (max-width: 706px) 89vw, (max-width: 767px) 82vw, 740px\" \/><\/figure>\n\n\n\n<p><a href=\"https:\/\/www.polisfonia.org\/about\/\">https:\/\/www.polisfonia.org\/about\/<\/a><br><a href=\"https:\/\/www.youtube.com\/watch?v=vCfG-OZdB8Y\">https:\/\/www.youtube.com\/watch?v=vCfG-OZdB8Y<\/a><\/p>\n\n\n\n<blockquote class=\"wp-block-quote is-layout-flow wp-block-quote-is-layout-flow\">\n<figure class=\"wp-block-gallery has-nested-images columns-default is-cropped wp-block-gallery-2 is-layout-flex wp-block-gallery-is-layout-flex\">\n<figure class=\"wp-block-image size-large\"><img loading=\"lazy\" decoding=\"async\" width=\"1024\" height=\"987\" data-id=\"4615\" src=\"https:\/\/www.quintaoficina.pt\/wp-content\/uploads\/2024\/12\/11-1024x987.jpg\" alt=\"\" class=\"wp-image-4615\" srcset=\"https:\/\/www.quintaoficina.pt\/wp-content\/uploads\/2024\/12\/11-1024x987.jpg 1024w, https:\/\/www.quintaoficina.pt\/wp-content\/uploads\/2024\/12\/11-300x289.jpg 300w, https:\/\/www.quintaoficina.pt\/wp-content\/uploads\/2024\/12\/11-768x740.jpg 768w, https:\/\/www.quintaoficina.pt\/wp-content\/uploads\/2024\/12\/11.jpg 1332w\" sizes=\"auto, (max-width: 767px) 89vw, (max-width: 1000px) 54vw, (max-width: 1071px) 543px, 580px\" \/><\/figure>\n\n\n\n<figure class=\"wp-block-image size-large\"><img loading=\"lazy\" decoding=\"async\" width=\"1338\" height=\"1320\" data-id=\"4618\" src=\"https:\/\/www.quintaoficina.pt\/wp-content\/uploads\/2024\/12\/10-1024x1010.jpg\" alt=\"\" class=\"wp-image-4618\" srcset=\"https:\/\/www.quintaoficina.pt\/wp-content\/uploads\/2024\/12\/10-1024x1010.jpg 1024w, https:\/\/www.quintaoficina.pt\/wp-content\/uploads\/2024\/12\/10-300x296.jpg 300w, https:\/\/www.quintaoficina.pt\/wp-content\/uploads\/2024\/12\/10-768x758.jpg 768w, https:\/\/www.quintaoficina.pt\/wp-content\/uploads\/2024\/12\/10-100x100.jpg 100w, https:\/\/www.quintaoficina.pt\/wp-content\/uploads\/2024\/12\/10.jpg 1338w\" sizes=\"auto, (max-width: 767px) 89vw, (max-width: 1000px) 54vw, (max-width: 1071px) 543px, 580px\" \/><\/figure>\n\n\n\n<figure class=\"wp-block-image size-large\"><img loading=\"lazy\" decoding=\"async\" width=\"1024\" height=\"992\" data-id=\"4614\" src=\"https:\/\/www.quintaoficina.pt\/wp-content\/uploads\/2024\/12\/12-1024x992.jpg\" alt=\"\" class=\"wp-image-4614\" srcset=\"https:\/\/www.quintaoficina.pt\/wp-content\/uploads\/2024\/12\/12-1024x992.jpg 1024w, https:\/\/www.quintaoficina.pt\/wp-content\/uploads\/2024\/12\/12-300x291.jpg 300w, https:\/\/www.quintaoficina.pt\/wp-content\/uploads\/2024\/12\/12-768x744.jpg 768w, https:\/\/www.quintaoficina.pt\/wp-content\/uploads\/2024\/12\/12.jpg 1332w\" sizes=\"auto, (max-width: 767px) 89vw, (max-width: 1000px) 54vw, (max-width: 1071px) 543px, 580px\" \/><\/figure>\n\n\n\n<figure class=\"wp-block-image size-large\"><img loading=\"lazy\" decoding=\"async\" width=\"1024\" height=\"980\" data-id=\"4621\" src=\"https:\/\/www.quintaoficina.pt\/wp-content\/uploads\/2024\/12\/09-1024x980.jpg\" alt=\"\" class=\"wp-image-4621\" srcset=\"https:\/\/www.quintaoficina.pt\/wp-content\/uploads\/2024\/12\/09-1024x980.jpg 1024w, https:\/\/www.quintaoficina.pt\/wp-content\/uploads\/2024\/12\/09-300x287.jpg 300w, https:\/\/www.quintaoficina.pt\/wp-content\/uploads\/2024\/12\/09-768x735.jpg 768w, https:\/\/www.quintaoficina.pt\/wp-content\/uploads\/2024\/12\/09.jpg 1336w\" sizes=\"auto, (max-width: 767px) 89vw, (max-width: 1000px) 54vw, (max-width: 1071px) 543px, 580px\" \/><\/figure>\n\n\n\n<figure class=\"wp-block-image size-large\"><img loading=\"lazy\" decoding=\"async\" width=\"1024\" height=\"986\" data-id=\"4620\" src=\"https:\/\/www.quintaoficina.pt\/wp-content\/uploads\/2024\/12\/08-1024x986.jpg\" alt=\"\" class=\"wp-image-4620\" srcset=\"https:\/\/www.quintaoficina.pt\/wp-content\/uploads\/2024\/12\/08-1024x986.jpg 1024w, https:\/\/www.quintaoficina.pt\/wp-content\/uploads\/2024\/12\/08-300x289.jpg 300w, https:\/\/www.quintaoficina.pt\/wp-content\/uploads\/2024\/12\/08-768x739.jpg 768w, https:\/\/www.quintaoficina.pt\/wp-content\/uploads\/2024\/12\/08.jpg 1338w\" sizes=\"auto, (max-width: 767px) 89vw, (max-width: 1000px) 54vw, (max-width: 1071px) 543px, 580px\" \/><\/figure>\n\n\n\n<figure class=\"wp-block-image size-large\"><img loading=\"lazy\" decoding=\"async\" width=\"1024\" height=\"969\" data-id=\"4616\" src=\"https:\/\/www.quintaoficina.pt\/wp-content\/uploads\/2024\/12\/07-1024x969.jpg\" alt=\"\" class=\"wp-image-4616\" srcset=\"https:\/\/www.quintaoficina.pt\/wp-content\/uploads\/2024\/12\/07-1024x969.jpg 1024w, https:\/\/www.quintaoficina.pt\/wp-content\/uploads\/2024\/12\/07-300x284.jpg 300w, https:\/\/www.quintaoficina.pt\/wp-content\/uploads\/2024\/12\/07-768x727.jpg 768w, https:\/\/www.quintaoficina.pt\/wp-content\/uploads\/2024\/12\/07.jpg 1340w\" sizes=\"auto, (max-width: 767px) 89vw, (max-width: 1000px) 54vw, (max-width: 1071px) 543px, 580px\" \/><\/figure>\n\n\n\n<figure class=\"wp-block-image size-large\"><img loading=\"lazy\" decoding=\"async\" width=\"1024\" height=\"989\" data-id=\"4617\" src=\"https:\/\/www.quintaoficina.pt\/wp-content\/uploads\/2024\/12\/06-1024x989.jpg\" alt=\"\" class=\"wp-image-4617\" srcset=\"https:\/\/www.quintaoficina.pt\/wp-content\/uploads\/2024\/12\/06-1024x989.jpg 1024w, https:\/\/www.quintaoficina.pt\/wp-content\/uploads\/2024\/12\/06-300x290.jpg 300w, https:\/\/www.quintaoficina.pt\/wp-content\/uploads\/2024\/12\/06-768x741.jpg 768w, https:\/\/www.quintaoficina.pt\/wp-content\/uploads\/2024\/12\/06.jpg 1330w\" sizes=\"auto, (max-width: 767px) 89vw, (max-width: 1000px) 54vw, (max-width: 1071px) 543px, 580px\" \/><\/figure>\n\n\n\n<figure class=\"wp-block-image size-large\"><img loading=\"lazy\" decoding=\"async\" width=\"1024\" height=\"978\" data-id=\"4619\" src=\"https:\/\/www.quintaoficina.pt\/wp-content\/uploads\/2024\/12\/05-1024x978.jpg\" alt=\"\" class=\"wp-image-4619\" srcset=\"https:\/\/www.quintaoficina.pt\/wp-content\/uploads\/2024\/12\/05-1024x978.jpg 1024w, https:\/\/www.quintaoficina.pt\/wp-content\/uploads\/2024\/12\/05-300x287.jpg 300w, https:\/\/www.quintaoficina.pt\/wp-content\/uploads\/2024\/12\/05-768x734.jpg 768w, https:\/\/www.quintaoficina.pt\/wp-content\/uploads\/2024\/12\/05.jpg 1342w\" sizes=\"auto, (max-width: 767px) 89vw, (max-width: 1000px) 54vw, (max-width: 1071px) 543px, 580px\" \/><\/figure>\n<\/figure>\n<\/blockquote>\n\n\n\n<p>Com esta atividade iremos estrear o <a href=\"https:\/\/www.quintaoficina.pt\/index.php\/concursos\/5o-forno\/\"><strong>FORNO COMUNIT\u00c1RIO<\/strong><\/a> do Mosteirinho.<br><em>(Matteo foi o vencedor do concurso de ideias de re-design para o forno comunit\u00e1rio e estar\u00e1 em Resid\u00eancia-Art\u00edstica durante toda a semana)<\/em><\/p>\n\n\n\n<p>O workshop \u00e9 aberto a todos que queiram participar, todas as idades s\u00e3o&nbsp;bem vindas.<br>N\u00e3o \u00e9 necess\u00e1ria nenhuma experi\u00eancia anterior em panifica\u00e7\u00e3o.<br>Em caso de chuva ou condi\u00e7\u00f5es meteorol\u00f3gicas adversas o workshop ser\u00e1 realizado em local a designar.<\/p>\n\n\n\n<p>Todos os&nbsp;<strong><em>Workshops<\/em><\/strong>&nbsp;s\u00e3o de&nbsp;<strong>pr\u00e9-inscri\u00e7\u00e3o<\/strong>&nbsp;obrigat\u00f3ria.&nbsp;<strong>Pre\u00e7o:<\/strong>&nbsp;1kg de frutas\/legumes da \u00e9poca, ou 1h. de voluntariado numa causa \u00e0 escolha.<br>Haver\u00e1 possibilidade de <strong><span style=\"text-decoration: underline;\">deixar algum donativo<\/span><\/strong> para as despesas dos materiais.<br><br>Informa\u00e7\u00f5es e pr\u00e9-inscri\u00e7\u00f5es:&nbsp;<em><strong>tiomanel@quintaoficina.pt<\/strong><\/em><\/p>\n\n\n\n<p class=\"has-small-font-size\"><em>Esta atividade est\u00e1 inserida no projeto da 5\u00aaOficina: \u201cMOST\u201924 \u2013 Programa\u00e7\u00e3o Internacional de Media\u00e7\u00e3o Cultural em Meio Rural\u201d, uma iniciativa apoiada pelo Munic\u00edpio de Viseu, atrav\u00e9s do EixoCultura.<\/em><\/p>\n","protected":false},"excerpt":{"rendered":"<p>26 de Janeiro, das 15h \u00e0s 17h. Pizza&nbsp;Pazza&nbsp;&#8211; significa &#8220;pizza estranha\/louca&#8221; em italiano!\u00c9 um workshop sobre a re-interpreta\u00e7\u00e3o criativa das pizzas. Experimentaremos novas formas, com ingredientes e coberturas de origem local e criaremos alimentos coloridos e saborosos que iremos cozer juntos no forno comunit\u00e1rio. Teo Pra Mio \u00e9 italiano, designer, artista e educador apaixonado por &hellip; <\/p>\n<p class=\"link-more\"><a href=\"https:\/\/www.quintaoficina.pt\/index.php\/disponiveis\/pizzapazza\/\" class=\"more-link\">Continuar a ler <span class=\"screen-reader-text\">&#8220;PIZZA-PAZZA!&#8221;<\/span><\/a><\/p>\n","protected":false},"author":1,"featured_media":0,"parent":1363,"menu_order":0,"comment_status":"closed","ping_status":"closed","template":"template-full-width.php","meta":{"footnotes":""},"class_list":["post-4109","page","type-page","status-publish","hentry"],"_links":{"self":[{"href":"https:\/\/www.quintaoficina.pt\/index.php\/wp-json\/wp\/v2\/pages\/4109","targetHints":{"allow":["GET"]}}],"collection":[{"href":"https:\/\/www.quintaoficina.pt\/index.php\/wp-json\/wp\/v2\/pages"}],"about":[{"href":"https:\/\/www.quintaoficina.pt\/index.php\/wp-json\/wp\/v2\/types\/page"}],"author":[{"embeddable":true,"href":"https:\/\/www.quintaoficina.pt\/index.php\/wp-json\/wp\/v2\/users\/1"}],"replies":[{"embeddable":true,"href":"https:\/\/www.quintaoficina.pt\/index.php\/wp-json\/wp\/v2\/comments?post=4109"}],"version-history":[{"count":17,"href":"https:\/\/www.quintaoficina.pt\/index.php\/wp-json\/wp\/v2\/pages\/4109\/revisions"}],"predecessor-version":[{"id":4759,"href":"https:\/\/www.quintaoficina.pt\/index.php\/wp-json\/wp\/v2\/pages\/4109\/revisions\/4759"}],"up":[{"embeddable":true,"href":"https:\/\/www.quintaoficina.pt\/index.php\/wp-json\/wp\/v2\/pages\/1363"}],"wp:attachment":[{"href":"https:\/\/www.quintaoficina.pt\/index.php\/wp-json\/wp\/v2\/media?parent=4109"}],"curies":[{"name":"wp","href":"https:\/\/api.w.org\/{rel}","templated":true}]}}