{"id":4111,"date":"2024-04-24T09:40:35","date_gmt":"2024-04-24T08:40:35","guid":{"rendered":"https:\/\/www.quintaoficina.pt\/?page_id=4111"},"modified":"2024-10-15T14:02:20","modified_gmt":"2024-10-15T13:02:20","slug":"5o-forno","status":"publish","type":"page","link":"https:\/\/www.quintaoficina.pt\/index.php\/concursos\/5o-forno\/","title":{"rendered":"5\u00ba CONCURSO \/ 5th CONTEST"},"content":{"rendered":"\n<figure class=\"wp-block-gallery has-nested-images columns-default is-cropped wp-block-gallery-1 is-layout-flex wp-block-gallery-is-layout-flex\">\n<figure class=\"wp-block-image size-large\"><img loading=\"lazy\" decoding=\"async\" width=\"725\" height=\"1024\" data-id=\"4167\" src=\"https:\/\/www.quintaoficina.pt\/wp-content\/uploads\/2024\/05\/Cartaz5ConcursoFORNO_Prancheta-1-copia-725x1024.jpg\" alt=\"\" class=\"wp-image-4167\" srcset=\"https:\/\/www.quintaoficina.pt\/wp-content\/uploads\/2024\/05\/Cartaz5ConcursoFORNO_Prancheta-1-copia-725x1024.jpg 725w, https:\/\/www.quintaoficina.pt\/wp-content\/uploads\/2024\/05\/Cartaz5ConcursoFORNO_Prancheta-1-copia-212x300.jpg 212w, https:\/\/www.quintaoficina.pt\/wp-content\/uploads\/2024\/05\/Cartaz5ConcursoFORNO_Prancheta-1-copia-768x1085.jpg 768w, https:\/\/www.quintaoficina.pt\/wp-content\/uploads\/2024\/05\/Cartaz5ConcursoFORNO_Prancheta-1-copia-1087x1536.jpg 1087w, https:\/\/www.quintaoficina.pt\/wp-content\/uploads\/2024\/05\/Cartaz5ConcursoFORNO_Prancheta-1-copia-1449x2048.jpg 1449w, https:\/\/www.quintaoficina.pt\/wp-content\/uploads\/2024\/05\/Cartaz5ConcursoFORNO_Prancheta-1-copia-scaled.jpg 1811w\" sizes=\"auto, (max-width: 725px) 100vw, 725px\" \/><\/figure>\n\n\n\n<figure class=\"wp-block-image size-large\"><img loading=\"lazy\" decoding=\"async\" width=\"724\" height=\"1024\" data-id=\"4173\" src=\"https:\/\/www.quintaoficina.pt\/wp-content\/uploads\/2024\/05\/Cartaz5ConcursoFORNO_Prancheta-1-copia-2-724x1024.png\" alt=\"\" class=\"wp-image-4173\" srcset=\"https:\/\/www.quintaoficina.pt\/wp-content\/uploads\/2024\/05\/Cartaz5ConcursoFORNO_Prancheta-1-copia-2-724x1024.png 724w, https:\/\/www.quintaoficina.pt\/wp-content\/uploads\/2024\/05\/Cartaz5ConcursoFORNO_Prancheta-1-copia-2-212x300.png 212w, https:\/\/www.quintaoficina.pt\/wp-content\/uploads\/2024\/05\/Cartaz5ConcursoFORNO_Prancheta-1-copia-2-768x1086.png 768w, https:\/\/www.quintaoficina.pt\/wp-content\/uploads\/2024\/05\/Cartaz5ConcursoFORNO_Prancheta-1-copia-2-1086x1536.png 1086w, https:\/\/www.quintaoficina.pt\/wp-content\/uploads\/2024\/05\/Cartaz5ConcursoFORNO_Prancheta-1-copia-2-1448x2048.png 1448w\" sizes=\"auto, (max-width: 724px) 100vw, 724px\" \/><\/figure>\n<\/figure>\n\n\n\n<div class=\"wp-block-file\"><a id=\"wp-block-file--media-37fd7a0c-81dd-44a8-b73d-c96bf9906de9\" href=\"https:\/\/www.quintaoficina.pt\/wp-content\/uploads\/2024\/09\/KITparticipante_5ConcursoFORNO.pdf\">KIT do participante em PDF<\/a><a href=\"https:\/\/www.quintaoficina.pt\/wp-content\/uploads\/2024\/09\/KITparticipante_5ConcursoFORNO.pdf\" class=\"wp-block-file__button wp-element-button\" download aria-describedby=\"wp-block-file--media-37fd7a0c-81dd-44a8-b73d-c96bf9906de9\">PDF<\/a><\/div>\n\n\n\n<h1 class=\"wp-block-heading has-cyan-bluish-gray-color has-text-color has-link-color wp-elements-05d5668c04e512fc0a147013d0db83bb\"><strong>Casinha do forno comunit\u00e1rio<\/strong><br><em>Community wood oven house<strong> <\/strong><\/em><\/h1>\n\n\n\n<p>O concurso de ideias de Re-Design (<em>Casinha do Forno<\/em>) em meio rural, \u00e9 uma iniciativa promovida pela Associa\u00e7\u00e3o Quinta Oficina, com a colabora\u00e7\u00e3o da Junta de Freguesia dos Coutos de Viseu e o apoio da C\u00e2mara Municipal de Viseu, atrav\u00e9s do financiamento do Eixo Cultura. Este concurso consiste na promo\u00e7\u00e3o de uma interven\u00e7\u00e3o art\u00edstica\/t\u00e9cnica, numa&nbsp;<strong>casinha do forno comunit\u00e1rio<\/strong>&nbsp;em Mosteirinho dos Coutos, Viseu. Esta iniciativa insere-se na&nbsp;<strong><em>Programa\u00e7\u00e3o internacional de media\u00e7\u00e3o cultural em meio rural<\/em><\/strong>, \u201c<strong><em>MOST\u201924<\/em><\/strong>\u201d, que pretende estimular o cruzamento disciplinar das artes, dos artistas e da comunidade local, revitalizando o meio rural atrav\u00e9s da forma\u00e7\u00e3o, express\u00e3o e educa\u00e7\u00e3o pela arte. <\/p>\n\n\n\n<p class=\"has-cyan-bluish-gray-color has-text-color has-link-color wp-elements-b879c9a1c38cdcbc2bcefc1f1851da85\"><em>The Re-Design contest of ideas for urban furniture\/equipment (Wood Oven House) in a rural environment is an initiative promoted by the Quinta Oficina Association, with the collaboration of the Parish Council of Coutos de Viseu and financed by the Viseu City Hall. This contest consists in the promotion of an artistic\/technical intervention in aCommunity Wood Oven House, in Mosteirinho dos Coutos, Viseu. This initiative is part of an&nbsp;<strong>International Cultural Mediation Program<\/strong>,&nbsp;<strong>&#8220;Most&#8217;24&#8221;<\/strong>, which aims to stimulate the disciplinary intersection of arts, artists and the local community, revitalizing the rural environment through training, expression and education through art.&nbsp;<\/em><\/p>\n\n\n\n<p class=\"has-black-color has-text-color has-link-color wp-elements-8b7f23cc6992a14e5aa87eabbf1ab08f\"><strong>O concurso destina-se a todos (amadores ou profissionais), nacionais ou estrangeiros, individualmente ou em grupo. <\/strong><\/p>\n\n\n\n<p class=\"has-cyan-bluish-gray-color has-text-color has-link-color wp-elements-b262eecb1cc612f59148fea3a67b86c5\"><em>The contest is open to all (amateurs or professionals), national or foreign, individually or in group.<\/em><\/p>\n\n\n\n<p class=\"has-black-color has-text-color has-link-color wp-elements-0cc8f9a36e1d67752d9d4352a1ed1327\">As ideias candidatas dever\u00e3o ser enviadas entre as 00:00 do dia 15 de maio e as 23:59 horas do dia 30 de setembro de 2024.<\/p>\n\n\n\n<p class=\"has-cyan-bluish-gray-color has-text-color has-link-color wp-elements-dea32d07bcbfc233ae041830d9ac409e\"><em>The candidate ideas must be sent between 00:00 on may 15th and 23:59 on september 30th 2024.<\/em><\/p>\n\n\n\n<p><strong>3 Pr\u00e9mios<\/strong>:<br><strong>&gt;<\/strong> O autor da ideia vencedora na&nbsp;<strong>categoria maiores de 15 anos de idade (v\u00e1lido tamb\u00e9m para alunos do secund\u00e1rio e universit\u00e1rio) nacionais e internacionais<\/strong>, receber\u00e1 a quantia de 500 \u20ac (quinhentos euros) financiados pela Associa\u00e7\u00e3o Quinta Oficina. O vencedor ter\u00e1 ainda direito a uma semana de&nbsp;<strong><em>resid\u00eancia art\u00edstica<\/em><\/strong>, com estadia e alimenta\u00e7\u00e3o, para acompanhar os trabalhos de implementa\u00e7\u00e3o da sua obra pela&nbsp;<em>Associa\u00e7\u00e3o Quinta Oficina<\/em>,&nbsp;e eventuais reajustes.&nbsp;<br><strong>&gt;<\/strong> O autor da ideia vencedora na&nbsp;<strong>categoria menores de 10 anos de idade (v\u00e1lido tamb\u00e9m para escolas do 1\u00ba ciclo) em Portugal Continental<\/strong>, receber\u00e1 na sua escola\/turma uma&nbsp;<strong>anima\u00e7\u00e3o&nbsp;<\/strong>dinamizada pela Associa\u00e7\u00e3o Quinta Oficina.&nbsp;<br><strong>&gt;<\/strong> O autor da ideia vencedora na&nbsp;<strong>categoria maiores de 10 e menores de 15 anos de idade (v\u00e1lido tamb\u00e9m para escolas do 2\u00ba e 3\u00ba ciclos) em Portugal Continental<\/strong>, receber\u00e1 na sua escola\/turma um&nbsp;<strong>workshop&nbsp;<\/strong>dinamizado pela Associa\u00e7\u00e3o Quinta Oficina.<\/p>\n\n\n\n<p class=\"has-cyan-bluish-gray-color has-text-color has-link-color wp-elements-5e628f297f29fa17cd276e4fe4b3a3c1\"><strong><em>3 Awards<\/em><\/strong>:<br><strong>&gt;<\/strong> <em>The author of the winning idea in the over 15 years old category (also valid for secondary and university students) will receive the sum of 500 euros (five hundred euros) financed by the Association Quinta Oficina. The winner will also have the right to a week of artistic residence, with accommodation and meals, to follow the implementation of his or her work carried out by the Quinta Oficina Association, and any possible needed adjustments. The winner must deliver the organizer the respective receipt or equivalent document.<\/em><br><strong>&gt;<\/strong> <em>The author of the winning idea in the under 10 years old category (also valid for primary schools in the Viseu region) will receive an entertainment at their school\/class organized by Associa\u00e7\u00e3o Quinta Oficina.<\/em><br><strong>&gt;<\/strong> <em>The author of the winning idea in the over 10 and under 15 years of age category (also valid for 2nd and 3rd cycle schools), will receive in their school\/class in the region of Viseu a workshop promoted by the Quinta Oficina Association.<\/em><\/p>\n\n\n\n<p><strong>O j\u00fari ser\u00e1 constitu\u00eddo por:<\/strong><br>&#8211; Um representante da&nbsp;<em>Associa\u00e7\u00e3o Quinta Oficina<\/em><br>&#8211; Um representante da Junta de Freguesia dos Coutos de Viseu<br>&#8211; Um representante dos moradores locais<br>&#8211; Um designer convidado<br>&#8211; O vencedor do concurso do ano anterior<br>&#8211; Um parceiro convidado<\/p>\n\n\n\n<p class=\"has-cyan-bluish-gray-color has-text-color has-link-color wp-elements-d4692dc1d1931ebc229cfb1509eb3d34\"><em>The jury will be composed of:<\/em><br>&#8211; <em>A representative of Association Quinta Oficina&nbsp;<\/em><br>&#8211; <em>A representative of the Parish Council of Coutos de Viseu<\/em><br><em>&#8211; A local resident representative<\/em><br>&#8211; <em>A guest designer<\/em><br><em>&#8211; The winner of the previous year&#8217;s competition<\/em><br>&#8211; <em>A guest partner<\/em><br><\/p>\n\n\n\n<div data-wp-interactive=\"core\/file\" class=\"wp-block-file\"><object data-wp-bind--hidden=\"!state.hasPdfPreview\" hidden class=\"wp-block-file__embed\" data=\"https:\/\/www.quintaoficina.pt\/wp-content\/uploads\/2024\/05\/Regulamento5oConcursoReDesignFORNO.pdf\" type=\"application\/pdf\" style=\"width:100%;height:600px\" aria-label=\"Incorpora\u00e7\u00e3o de &lt;strong&gt;Regulamento&lt;\/strong&gt; \/ &lt;em&gt;Regulation&lt;\/em&gt;.\"><\/object><a id=\"wp-block-file--media-f499e1e3-2e73-495a-9e5a-4e79f72c7d2f\" href=\"https:\/\/www.quintaoficina.pt\/wp-content\/uploads\/2024\/05\/Regulamento5oConcursoReDesignFORNO.pdf\"><strong>Regulamento<\/strong> \/ <em>Regulation<\/em><\/a><a href=\"https:\/\/www.quintaoficina.pt\/wp-content\/uploads\/2024\/05\/Regulamento5oConcursoReDesignFORNO.pdf\" class=\"wp-block-file__button wp-element-button\" download aria-describedby=\"wp-block-file--media-f499e1e3-2e73-495a-9e5a-4e79f72c7d2f\">PDF<\/a><\/div>\n\n\n\n<div class=\"wp-block-file\"><a id=\"wp-block-file--media-37fd7a0c-81dd-44a8-b73d-c96bf9906de9\" href=\"https:\/\/www.quintaoficina.pt\/wp-content\/uploads\/2024\/09\/KITparticipante_5ConcursoFORNO.pdf\"><strong>KIT do participante em PDF<\/strong><\/a><a href=\"https:\/\/www.quintaoficina.pt\/wp-content\/uploads\/2024\/09\/KITparticipante_5ConcursoFORNO.pdf\" class=\"wp-block-file__button wp-element-button\" download aria-describedby=\"wp-block-file--media-37fd7a0c-81dd-44a8-b73d-c96bf9906de9\">PDF<\/a><\/div>\n\n\n\n<figure class=\"wp-block-gallery has-nested-images columns-2 wp-block-gallery-2 is-layout-flex wp-block-gallery-is-layout-flex\">\n<figure class=\"wp-block-image size-large\"><img loading=\"lazy\" decoding=\"async\" width=\"1024\" height=\"768\" data-id=\"4188\" src=\"https:\/\/www.quintaoficina.pt\/wp-content\/uploads\/2024\/05\/6-1024x768.jpg\" alt=\"\" class=\"wp-image-4188\" srcset=\"https:\/\/www.quintaoficina.pt\/wp-content\/uploads\/2024\/05\/6-1024x768.jpg 1024w, https:\/\/www.quintaoficina.pt\/wp-content\/uploads\/2024\/05\/6-300x225.jpg 300w, https:\/\/www.quintaoficina.pt\/wp-content\/uploads\/2024\/05\/6-768x576.jpg 768w, https:\/\/www.quintaoficina.pt\/wp-content\/uploads\/2024\/05\/6-1536x1152.jpg 1536w, https:\/\/www.quintaoficina.pt\/wp-content\/uploads\/2024\/05\/6-2048x1536.jpg 2048w\" sizes=\"auto, (max-width: 767px) 89vw, (max-width: 1000px) 54vw, (max-width: 1071px) 543px, 580px\" \/><\/figure>\n\n\n\n<figure class=\"wp-block-image size-large\"><img loading=\"lazy\" decoding=\"async\" width=\"1024\" height=\"768\" data-id=\"4187\" src=\"https:\/\/www.quintaoficina.pt\/wp-content\/uploads\/2024\/05\/3-1-1024x768.jpg\" alt=\"\" class=\"wp-image-4187\" srcset=\"https:\/\/www.quintaoficina.pt\/wp-content\/uploads\/2024\/05\/3-1-1024x768.jpg 1024w, https:\/\/www.quintaoficina.pt\/wp-content\/uploads\/2024\/05\/3-1-300x225.jpg 300w, https:\/\/www.quintaoficina.pt\/wp-content\/uploads\/2024\/05\/3-1-768x576.jpg 768w, https:\/\/www.quintaoficina.pt\/wp-content\/uploads\/2024\/05\/3-1-1536x1152.jpg 1536w, https:\/\/www.quintaoficina.pt\/wp-content\/uploads\/2024\/05\/3-1-2048x1536.jpg 2048w\" sizes=\"auto, (max-width: 767px) 89vw, (max-width: 1000px) 54vw, (max-width: 1071px) 543px, 580px\" \/><\/figure>\n\n\n\n<figure class=\"wp-block-image size-large\"><img loading=\"lazy\" decoding=\"async\" width=\"768\" height=\"1024\" data-id=\"4185\" src=\"https:\/\/www.quintaoficina.pt\/wp-content\/uploads\/2024\/05\/2-768x1024.jpg\" alt=\"\" class=\"wp-image-4185\" srcset=\"https:\/\/www.quintaoficina.pt\/wp-content\/uploads\/2024\/05\/2-768x1024.jpg 768w, https:\/\/www.quintaoficina.pt\/wp-content\/uploads\/2024\/05\/2-225x300.jpg 225w, https:\/\/www.quintaoficina.pt\/wp-content\/uploads\/2024\/05\/2-1152x1536.jpg 1152w, https:\/\/www.quintaoficina.pt\/wp-content\/uploads\/2024\/05\/2-1536x2048.jpg 1536w, https:\/\/www.quintaoficina.pt\/wp-content\/uploads\/2024\/05\/2-scaled.jpg 1920w\" sizes=\"auto, (max-width: 767px) 89vw, (max-width: 1000px) 54vw, (max-width: 1071px) 543px, 580px\" \/><\/figure>\n\n\n\n<figure class=\"wp-block-image size-large\"><img loading=\"lazy\" decoding=\"async\" width=\"1920\" height=\"2560\" data-id=\"4182\" src=\"https:\/\/www.quintaoficina.pt\/wp-content\/uploads\/2024\/05\/5-scaled.jpg\" alt=\"\" class=\"wp-image-4182\"\/><\/figure>\n\n\n\n<figure class=\"wp-block-image size-large\"><img loading=\"lazy\" decoding=\"async\" width=\"2560\" height=\"1920\" data-id=\"4183\" src=\"https:\/\/www.quintaoficina.pt\/wp-content\/uploads\/2024\/05\/4-scaled.jpg\" alt=\"\" class=\"wp-image-4183\"\/><\/figure>\n\n\n\n<figure class=\"wp-block-image size-large\"><img loading=\"lazy\" decoding=\"async\" width=\"1024\" height=\"768\" data-id=\"4181\" src=\"https:\/\/www.quintaoficina.pt\/wp-content\/uploads\/2024\/05\/1-1024x768.jpg\" alt=\"\" class=\"wp-image-4181\" srcset=\"https:\/\/www.quintaoficina.pt\/wp-content\/uploads\/2024\/05\/1-1024x768.jpg 1024w, https:\/\/www.quintaoficina.pt\/wp-content\/uploads\/2024\/05\/1-300x225.jpg 300w, https:\/\/www.quintaoficina.pt\/wp-content\/uploads\/2024\/05\/1-768x576.jpg 768w, https:\/\/www.quintaoficina.pt\/wp-content\/uploads\/2024\/05\/1-1536x1152.jpg 1536w, https:\/\/www.quintaoficina.pt\/wp-content\/uploads\/2024\/05\/1-2048x1536.jpg 2048w\" sizes=\"auto, (max-width: 767px) 89vw, (max-width: 1000px) 54vw, (max-width: 1071px) 543px, 580px\" \/><\/figure>\n<\/figure>\n\n\n\n<p>40\u00b038&#8217;56.1&#8243;N<br>7\u00b059&#8217;56.7&#8243;W<\/p>\n\n\n\n<figure class=\"wp-block-gallery has-nested-images columns-default wp-block-gallery-3 is-layout-flex wp-block-gallery-is-layout-flex\">\n<figure class=\"wp-block-image size-large\"><img loading=\"lazy\" decoding=\"async\" width=\"724\" height=\"1024\" data-id=\"4434\" src=\"https:\/\/www.quintaoficina.pt\/wp-content\/uploads\/2024\/09\/KITparticipante_5ConcursoFORNO_1-724x1024.jpg\" alt=\"\" class=\"wp-image-4434\" srcset=\"https:\/\/www.quintaoficina.pt\/wp-content\/uploads\/2024\/09\/KITparticipante_5ConcursoFORNO_1-724x1024.jpg 724w, https:\/\/www.quintaoficina.pt\/wp-content\/uploads\/2024\/09\/KITparticipante_5ConcursoFORNO_1-212x300.jpg 212w, https:\/\/www.quintaoficina.pt\/wp-content\/uploads\/2024\/09\/KITparticipante_5ConcursoFORNO_1-768x1086.jpg 768w, https:\/\/www.quintaoficina.pt\/wp-content\/uploads\/2024\/09\/KITparticipante_5ConcursoFORNO_1-1086x1536.jpg 1086w, https:\/\/www.quintaoficina.pt\/wp-content\/uploads\/2024\/09\/KITparticipante_5ConcursoFORNO_1-1448x2048.jpg 1448w, https:\/\/www.quintaoficina.pt\/wp-content\/uploads\/2024\/09\/KITparticipante_5ConcursoFORNO_1-scaled.jpg 1811w\" sizes=\"auto, (max-width: 724px) 100vw, 724px\" \/><\/figure>\n\n\n\n<figure class=\"wp-block-image size-large\"><img loading=\"lazy\" decoding=\"async\" width=\"724\" height=\"1024\" data-id=\"4435\" src=\"https:\/\/www.quintaoficina.pt\/wp-content\/uploads\/2024\/09\/KITparticipante_5ConcursoFORNO_2-724x1024.jpg\" alt=\"\" class=\"wp-image-4435\" srcset=\"https:\/\/www.quintaoficina.pt\/wp-content\/uploads\/2024\/09\/KITparticipante_5ConcursoFORNO_2-724x1024.jpg 724w, https:\/\/www.quintaoficina.pt\/wp-content\/uploads\/2024\/09\/KITparticipante_5ConcursoFORNO_2-212x300.jpg 212w, https:\/\/www.quintaoficina.pt\/wp-content\/uploads\/2024\/09\/KITparticipante_5ConcursoFORNO_2-768x1086.jpg 768w, https:\/\/www.quintaoficina.pt\/wp-content\/uploads\/2024\/09\/KITparticipante_5ConcursoFORNO_2-1086x1536.jpg 1086w, https:\/\/www.quintaoficina.pt\/wp-content\/uploads\/2024\/09\/KITparticipante_5ConcursoFORNO_2-1448x2048.jpg 1448w, https:\/\/www.quintaoficina.pt\/wp-content\/uploads\/2024\/09\/KITparticipante_5ConcursoFORNO_2-scaled.jpg 1810w\" sizes=\"auto, (max-width: 724px) 100vw, 724px\" \/><\/figure>\n\n\n\n<figure class=\"wp-block-image size-large\"><img loading=\"lazy\" decoding=\"async\" width=\"1810\" height=\"2560\" data-id=\"4433\" src=\"https:\/\/www.quintaoficina.pt\/wp-content\/uploads\/2024\/09\/KITparticipante_5ConcursoFORNO_3-scaled.jpg\" alt=\"\" class=\"wp-image-4433\"\/><\/figure>\n\n\n\n<figure class=\"wp-block-image size-large\"><img loading=\"lazy\" decoding=\"async\" width=\"1024\" height=\"724\" data-id=\"4432\" src=\"https:\/\/www.quintaoficina.pt\/wp-content\/uploads\/2024\/09\/KITparticipante_5ConcursoFORNO_4-1024x724.jpg\" alt=\"\" class=\"wp-image-4432\" srcset=\"https:\/\/www.quintaoficina.pt\/wp-content\/uploads\/2024\/09\/KITparticipante_5ConcursoFORNO_4-1024x724.jpg 1024w, https:\/\/www.quintaoficina.pt\/wp-content\/uploads\/2024\/09\/KITparticipante_5ConcursoFORNO_4-300x212.jpg 300w, https:\/\/www.quintaoficina.pt\/wp-content\/uploads\/2024\/09\/KITparticipante_5ConcursoFORNO_4-768x543.jpg 768w, https:\/\/www.quintaoficina.pt\/wp-content\/uploads\/2024\/09\/KITparticipante_5ConcursoFORNO_4-1536x1086.jpg 1536w, https:\/\/www.quintaoficina.pt\/wp-content\/uploads\/2024\/09\/KITparticipante_5ConcursoFORNO_4-2048x1449.jpg 2048w\" sizes=\"auto, (max-width: 767px) 89vw, (max-width: 1000px) 54vw, (max-width: 1071px) 543px, 580px\" \/><\/figure>\n<figcaption class=\"blocks-gallery-caption wp-element-caption\">Kit do Participante<\/figcaption><\/figure>\n\n\n\n<div class=\"wp-block-file\"><a id=\"wp-block-file--media-37fd7a0c-81dd-44a8-b73d-c96bf9906de9\" href=\"https:\/\/www.quintaoficina.pt\/wp-content\/uploads\/2024\/09\/KITparticipante_5ConcursoFORNO.pdf\">KIT do participante em PDF<\/a><a href=\"https:\/\/www.quintaoficina.pt\/wp-content\/uploads\/2024\/09\/KITparticipante_5ConcursoFORNO.pdf\" class=\"wp-block-file__button wp-element-button\" download aria-describedby=\"wp-block-file--media-37fd7a0c-81dd-44a8-b73d-c96bf9906de9\">PDF<\/a><\/div>\n\n\n\n<h2 class=\"wp-block-heading\"><br><br><br><strong>VENCEDORES<\/strong>:<br><br><strong>Matteo Pra Mio<\/strong> _ 34 anos _ It\u00e1lia<br><strong>Luciana Gon\u00e7alves<\/strong> _ 8anos _ Viseu<br><strong>Diana Sancho<\/strong> _ 4 anos _ Viseu<\/h2>\n\n\n\n<p>Foram 334 candidaturas, oriundas de Espanha, Fran\u00e7a, It\u00e1lia, Su\u00ed\u00e7a, Brasil, Angola, Iraque e claro, Portugal, incluido os A\u00e7ores!<\/p>\n\n\n\n<p>Os elementos do j\u00fari, este ano, foram:<br><strong><em>Fernando Almeida<\/em><\/strong> (junta de freguesia)<br><strong><em>Ana Le\u00e3o<\/em><\/strong> (vencedora da edi\u00e7\u00e3o do ano passado);<br><strong><em>Jos\u00e9 Monteiro<\/em><\/strong> (artista convidado);<br><strong><em>Fernando Carvalhinha<\/em><\/strong> (representante da aldeia);<br><strong><em>Teresa E\u00e7a<\/em><\/strong> (comit\u00e9 internacional);<br><strong><em>Rui P\u00eava<\/em><\/strong> (5\u00aaOficina).<\/p>\n\n\n\n<p><\/p>\n\n\n\n<figure class=\"wp-block-image size-large\"><img loading=\"lazy\" decoding=\"async\" width=\"1024\" height=\"610\" src=\"https:\/\/www.quintaoficina.pt\/wp-content\/uploads\/2024\/10\/Matteo-Pra-Mio-_-34-anos-_-Italia-1024x610.png\" alt=\"\" class=\"wp-image-4532\" srcset=\"https:\/\/www.quintaoficina.pt\/wp-content\/uploads\/2024\/10\/Matteo-Pra-Mio-_-34-anos-_-Italia-1024x610.png 1024w, https:\/\/www.quintaoficina.pt\/wp-content\/uploads\/2024\/10\/Matteo-Pra-Mio-_-34-anos-_-Italia-300x179.png 300w, https:\/\/www.quintaoficina.pt\/wp-content\/uploads\/2024\/10\/Matteo-Pra-Mio-_-34-anos-_-Italia-768x457.png 768w, https:\/\/www.quintaoficina.pt\/wp-content\/uploads\/2024\/10\/Matteo-Pra-Mio-_-34-anos-_-Italia-1536x915.png 1536w, https:\/\/www.quintaoficina.pt\/wp-content\/uploads\/2024\/10\/Matteo-Pra-Mio-_-34-anos-_-Italia-2048x1220.png 2048w\" sizes=\"auto, (max-width: 767px) 89vw, (max-width: 1000px) 54vw, (max-width: 1071px) 543px, 580px\" \/><figcaption class=\"wp-element-caption\">Matteo Pra Mio _ 34 anos _ It\u00e1lia<br><\/figcaption><\/figure>\n\n\n\n<figure class=\"wp-block-gallery has-nested-images columns-2 is-cropped wp-block-gallery-4 is-layout-flex wp-block-gallery-is-layout-flex\">\n<figure class=\"wp-block-image size-large\"><img loading=\"lazy\" decoding=\"async\" width=\"775\" height=\"1024\" data-id=\"4533\" src=\"https:\/\/www.quintaoficina.pt\/wp-content\/uploads\/2024\/10\/Luciana-Goncalves-_-8anos-_-Viseu-775x1024.jpg\" alt=\"\" class=\"wp-image-4533\" srcset=\"https:\/\/www.quintaoficina.pt\/wp-content\/uploads\/2024\/10\/Luciana-Goncalves-_-8anos-_-Viseu-775x1024.jpg 775w, https:\/\/www.quintaoficina.pt\/wp-content\/uploads\/2024\/10\/Luciana-Goncalves-_-8anos-_-Viseu-227x300.jpg 227w, https:\/\/www.quintaoficina.pt\/wp-content\/uploads\/2024\/10\/Luciana-Goncalves-_-8anos-_-Viseu-768x1014.jpg 768w, https:\/\/www.quintaoficina.pt\/wp-content\/uploads\/2024\/10\/Luciana-Goncalves-_-8anos-_-Viseu-1163x1536.jpg 1163w, https:\/\/www.quintaoficina.pt\/wp-content\/uploads\/2024\/10\/Luciana-Goncalves-_-8anos-_-Viseu-1551x2048.jpg 1551w, https:\/\/www.quintaoficina.pt\/wp-content\/uploads\/2024\/10\/Luciana-Goncalves-_-8anos-_-Viseu-scaled.jpg 1938w\" sizes=\"auto, (max-width: 767px) 89vw, (max-width: 1000px) 54vw, (max-width: 1071px) 543px, 580px\" \/><figcaption class=\"wp-element-caption\">Luciana Gon\u00e7alves _ 8anos _ Viseu<br><\/figcaption><\/figure>\n\n\n\n<figure class=\"wp-block-image size-large\"><img loading=\"lazy\" decoding=\"async\" width=\"768\" height=\"1024\" data-id=\"4534\" src=\"https:\/\/www.quintaoficina.pt\/wp-content\/uploads\/2024\/10\/Diana-Sancho-_-4-anos-_-Viseu-768x1024.jpg\" alt=\"\" class=\"wp-image-4534\" srcset=\"https:\/\/www.quintaoficina.pt\/wp-content\/uploads\/2024\/10\/Diana-Sancho-_-4-anos-_-Viseu-768x1024.jpg 768w, https:\/\/www.quintaoficina.pt\/wp-content\/uploads\/2024\/10\/Diana-Sancho-_-4-anos-_-Viseu-225x300.jpg 225w, https:\/\/www.quintaoficina.pt\/wp-content\/uploads\/2024\/10\/Diana-Sancho-_-4-anos-_-Viseu-1152x1536.jpg 1152w, https:\/\/www.quintaoficina.pt\/wp-content\/uploads\/2024\/10\/Diana-Sancho-_-4-anos-_-Viseu-1536x2048.jpg 1536w, https:\/\/www.quintaoficina.pt\/wp-content\/uploads\/2024\/10\/Diana-Sancho-_-4-anos-_-Viseu-scaled.jpg 1920w\" sizes=\"auto, (max-width: 767px) 89vw, (max-width: 1000px) 54vw, (max-width: 1071px) 543px, 580px\" \/><figcaption class=\"wp-element-caption\">Diana Sancho _ 4 anos _ Viseu<br><\/figcaption><\/figure>\n<\/figure>\n\n\n\n<p class=\"has-small-font-size\"><em>Esta atividade est\u00e1 inserida no projeto da 5\u00aaOficina: &#8220;MOST&#8217;24 &#8211; Programa\u00e7\u00e3o Internacional de Media\u00e7\u00e3o Cultural em Meio Rural&#8221;, uma iniciativa apoiada pelo Munic\u00edpio de Viseu, atrav\u00e9s do EixoCultura<\/em><br><\/p>\n","protected":false},"excerpt":{"rendered":"<p>Casinha do forno comunit\u00e1rioCommunity wood oven house O concurso de ideias de Re-Design (Casinha do Forno) em meio rural, \u00e9 uma iniciativa promovida pela Associa\u00e7\u00e3o Quinta Oficina, com a colabora\u00e7\u00e3o da Junta de Freguesia dos Coutos de Viseu e o apoio da C\u00e2mara Municipal de Viseu, atrav\u00e9s do financiamento do Eixo Cultura. Este concurso consiste &hellip; <\/p>\n<p class=\"link-more\"><a href=\"https:\/\/www.quintaoficina.pt\/index.php\/concursos\/5o-forno\/\" class=\"more-link\">Continuar a ler <span class=\"screen-reader-text\">&#8220;5\u00ba CONCURSO \/ 5th CONTEST&#8221;<\/span><\/a><\/p>\n","protected":false},"author":1,"featured_media":0,"parent":1135,"menu_order":0,"comment_status":"closed","ping_status":"closed","template":"template-full-width.php","meta":{"footnotes":""},"class_list":["post-4111","page","type-page","status-publish","hentry"],"_links":{"self":[{"href":"https:\/\/www.quintaoficina.pt\/index.php\/wp-json\/wp\/v2\/pages\/4111","targetHints":{"allow":["GET"]}}],"collection":[{"href":"https:\/\/www.quintaoficina.pt\/index.php\/wp-json\/wp\/v2\/pages"}],"about":[{"href":"https:\/\/www.quintaoficina.pt\/index.php\/wp-json\/wp\/v2\/types\/page"}],"author":[{"embeddable":true,"href":"https:\/\/www.quintaoficina.pt\/index.php\/wp-json\/wp\/v2\/users\/1"}],"replies":[{"embeddable":true,"href":"https:\/\/www.quintaoficina.pt\/index.php\/wp-json\/wp\/v2\/comments?post=4111"}],"version-history":[{"count":22,"href":"https:\/\/www.quintaoficina.pt\/index.php\/wp-json\/wp\/v2\/pages\/4111\/revisions"}],"predecessor-version":[{"id":4535,"href":"https:\/\/www.quintaoficina.pt\/index.php\/wp-json\/wp\/v2\/pages\/4111\/revisions\/4535"}],"up":[{"embeddable":true,"href":"https:\/\/www.quintaoficina.pt\/index.php\/wp-json\/wp\/v2\/pages\/1135"}],"wp:attachment":[{"href":"https:\/\/www.quintaoficina.pt\/index.php\/wp-json\/wp\/v2\/media?parent=4111"}],"curies":[{"name":"wp","href":"https:\/\/api.w.org\/{rel}","templated":true}]}}