{"id":4113,"date":"2024-04-24T09:42:45","date_gmt":"2024-04-24T08:42:45","guid":{"rendered":"https:\/\/www.quintaoficina.pt\/?page_id=4113"},"modified":"2026-04-09T14:33:12","modified_gmt":"2026-04-09T13:33:12","slug":"biblioteca-comunitaria","status":"publish","type":"page","link":"https:\/\/www.quintaoficina.pt\/index.php\/atividades\/iniciativas-comunitarias\/biblioteca-comunitaria\/","title":{"rendered":"Biblioteca Comunit\u00e1ria"},"content":{"rendered":"\n<p class=\"has-text-align-center has-cyan-bluish-gray-color has-text-color has-link-color has-small-font-size wp-elements-fe9205bfd2de36b1b5eb301a41f9e923\"><\/p>\n\n\n\n<p>\u00c0 conversa com <strong>Gon\u00e7alo Oliveira<\/strong>&#8230;<\/p>\n\n\n\n<p><strong>S\u00c1BADO, 25 ABRIL 2026 \u00c0S 18H.<br><\/strong>MAIORES DE 12 ANOS<br>ENTRADA LIVRE E GRATUITA<br><strong><em>Tragam convosco os livros da vossa vida&#8230; Porque a hist\u00f3ria n\u00e3o se pode repetir!!<\/em><\/strong><\/p>\n\n\n\n<figure class=\"wp-block-image size-large\"><img loading=\"lazy\" decoding=\"async\" width=\"724\" height=\"1024\" src=\"https:\/\/www.quintaoficina.pt\/wp-content\/uploads\/2026\/04\/Cartaz25abrilGONCALO2026-02-724x1024.jpg\" alt=\"\" class=\"wp-image-5327\" srcset=\"https:\/\/www.quintaoficina.pt\/wp-content\/uploads\/2026\/04\/Cartaz25abrilGONCALO2026-02-724x1024.jpg 724w, https:\/\/www.quintaoficina.pt\/wp-content\/uploads\/2026\/04\/Cartaz25abrilGONCALO2026-02-212x300.jpg 212w, https:\/\/www.quintaoficina.pt\/wp-content\/uploads\/2026\/04\/Cartaz25abrilGONCALO2026-02-768x1086.jpg 768w, https:\/\/www.quintaoficina.pt\/wp-content\/uploads\/2026\/04\/Cartaz25abrilGONCALO2026-02-1086x1536.jpg 1086w, https:\/\/www.quintaoficina.pt\/wp-content\/uploads\/2026\/04\/Cartaz25abrilGONCALO2026-02-1448x2048.jpg 1448w, https:\/\/www.quintaoficina.pt\/wp-content\/uploads\/2026\/04\/Cartaz25abrilGONCALO2026-02-scaled.jpg 1810w\" sizes=\"auto, (max-width: 724px) 100vw, 724px\" \/><\/figure>\n\n\n\n<p><strong>LIVROS-LIVRES<\/strong><br>&#8220;Do livro \u00e0 biblioteca, da leitura \u00e0 busca incessante do horizonte pelo mundo &#8211; entre viagens interiores e encontros exteriores &#8211; da livraria \u00e0 inscri\u00e7\u00e3o nesse lugar m\u00e1gico e partilhado, das humanidades e das artes \u00e0 liberdade e rela\u00e7\u00e3o com o(s) outro(s)\u2026 temos o direito de imaginar, de criar, temos o dever de o manter em movimento (longe das amea\u00e7as omnipresentes) , em permanente troca, vivo e pulsante, porque somos todos livros-livres!&#8221; Uma tert\u00falia \u00e0 volta dos livros que nos formaram, que abriram janelas, que nos fizeram apaixonar por palavras, ideias e universos sens\u00edveis, em suma, que nos tornaram nas bibliotecas humanas de que somos feitos e amantes do que h\u00e1-de vir, do que h\u00e1-de ser. Sempre.<\/p>\n\n\n\n<figure class=\"wp-block-image size-large\"><img loading=\"lazy\" decoding=\"async\" width=\"683\" height=\"1024\" src=\"https:\/\/www.quintaoficina.pt\/wp-content\/uploads\/2026\/04\/Foto-Goncalo-683x1024.jpeg\" alt=\"\" class=\"wp-image-5328\" style=\"aspect-ratio:1;object-fit:cover\" srcset=\"https:\/\/www.quintaoficina.pt\/wp-content\/uploads\/2026\/04\/Foto-Goncalo-683x1024.jpeg 683w, https:\/\/www.quintaoficina.pt\/wp-content\/uploads\/2026\/04\/Foto-Goncalo-200x300.jpeg 200w, https:\/\/www.quintaoficina.pt\/wp-content\/uploads\/2026\/04\/Foto-Goncalo-768x1152.jpeg 768w, https:\/\/www.quintaoficina.pt\/wp-content\/uploads\/2026\/04\/Foto-Goncalo-1024x1536.jpeg 1024w, https:\/\/www.quintaoficina.pt\/wp-content\/uploads\/2026\/04\/Foto-Goncalo.jpeg 1365w\" sizes=\"auto, (max-width: 683px) 100vw, 683px\" \/><\/figure>\n\n\n\n<p><em><a href=\"https:\/\/goncaloramosoliveira.wixsite.com\/goncalo-oliveira\" target=\"_blank\" rel=\"noreferrer noopener\"><strong>+infos<\/strong><\/a><\/em> &#8211; <a href=\"https:\/\/goncaloramosoliveira.wixsite.com\/goncalo-oliveira\">https:\/\/goncaloramosoliveira.wixsite.com\/goncalo-oliveira<\/a><br><a href=\"https:\/\/533be9ee-0b2f-44d1-947c-84f4b1ccb3f1.filesusr.com\/ugd\/cdf1c5_2839948cd65749dd9f14bdcaf58fa0c9.pdf\" target=\"_blank\" rel=\"noreferrer noopener\"><strong>Biografia<\/strong><\/a><\/p>\n\n\n\n<p class=\"has-small-font-size\"><em>Esta atividade est\u00e1 inserida no projeto da 5\u00aaOficina: \u201cMOST\u201925 \u2013 Programa\u00e7\u00e3o Internacional de Media\u00e7\u00e3o Cultural em Meio Rural\u201d, uma iniciativa apoiada pelo Munic\u00edpio de Viseu, atrav\u00e9s do EixoCultura.<\/em><\/p>\n\n\n\n<p class=\"has-small-font-size\"><br><br><br><br><br><br><\/p>\n\n\n\n<figure class=\"wp-block-gallery has-nested-images columns-1 wp-block-gallery-1 is-layout-flex wp-block-gallery-is-layout-flex\">\n<figure class=\"wp-block-image size-large\"><img loading=\"lazy\" decoding=\"async\" width=\"1024\" height=\"461\" data-id=\"4724\" src=\"https:\/\/www.quintaoficina.pt\/wp-content\/uploads\/2025\/02\/WhatsApp-Image-2024-06-25-at-12.38.08-1024x461.jpeg\" alt=\"\" class=\"wp-image-4724\" srcset=\"https:\/\/www.quintaoficina.pt\/wp-content\/uploads\/2025\/02\/WhatsApp-Image-2024-06-25-at-12.38.08-1024x461.jpeg 1024w, https:\/\/www.quintaoficina.pt\/wp-content\/uploads\/2025\/02\/WhatsApp-Image-2024-06-25-at-12.38.08-300x135.jpeg 300w, https:\/\/www.quintaoficina.pt\/wp-content\/uploads\/2025\/02\/WhatsApp-Image-2024-06-25-at-12.38.08-768x346.jpeg 768w, https:\/\/www.quintaoficina.pt\/wp-content\/uploads\/2025\/02\/WhatsApp-Image-2024-06-25-at-12.38.08-1536x691.jpeg 1536w, https:\/\/www.quintaoficina.pt\/wp-content\/uploads\/2025\/02\/WhatsApp-Image-2024-06-25-at-12.38.08.jpeg 1600w\" sizes=\"auto, (max-width: 767px) 89vw, (max-width: 1000px) 54vw, (max-width: 1071px) 543px, 580px\" \/><figcaption class=\"wp-element-caption\">Apresenta\u00e7\u00e3o do livro \u201cBlack and White\u201d de Mi C\u00e2ndido<\/figcaption><\/figure>\n\n\n\n<figure class=\"wp-block-image size-large\"><img loading=\"lazy\" decoding=\"async\" width=\"1024\" height=\"461\" data-id=\"4723\" src=\"https:\/\/www.quintaoficina.pt\/wp-content\/uploads\/2025\/02\/WhatsApp-Image-2024-06-23-at-09.11.43-1024x461.jpeg\" alt=\"\" class=\"wp-image-4723\" srcset=\"https:\/\/www.quintaoficina.pt\/wp-content\/uploads\/2025\/02\/WhatsApp-Image-2024-06-23-at-09.11.43-1024x461.jpeg 1024w, https:\/\/www.quintaoficina.pt\/wp-content\/uploads\/2025\/02\/WhatsApp-Image-2024-06-23-at-09.11.43-300x135.jpeg 300w, https:\/\/www.quintaoficina.pt\/wp-content\/uploads\/2025\/02\/WhatsApp-Image-2024-06-23-at-09.11.43-768x346.jpeg 768w, https:\/\/www.quintaoficina.pt\/wp-content\/uploads\/2025\/02\/WhatsApp-Image-2024-06-23-at-09.11.43-1536x691.jpeg 1536w, https:\/\/www.quintaoficina.pt\/wp-content\/uploads\/2025\/02\/WhatsApp-Image-2024-06-23-at-09.11.43.jpeg 2040w\" sizes=\"auto, (max-width: 767px) 89vw, (max-width: 1000px) 54vw, (max-width: 1071px) 543px, 580px\" \/><figcaption class=\"wp-element-caption\">\u00a0Inaugura\u00e7\u00e3o da carrinha-biblioteca-comunit\u00e1ria<\/figcaption><\/figure>\n<\/figure>\n\n\n\n<p><br><a href=\"https:\/\/www.quintaoficina.pt\/index.php\/concursos\/4o-biblioteca\/\" target=\"_blank\" rel=\"noreferrer noopener\">ESPREITAR<\/a> O CONCURSO DE IDEIAS 2023<\/p>\n\n\n\n<figure class=\"wp-block-embed is-type-video is-provider-youtube wp-block-embed-youtube wp-embed-aspect-16-9 wp-has-aspect-ratio\"><div class=\"wp-block-embed__wrapper\">\n<iframe loading=\"lazy\" title=\"Os pequenos-grandes estafetas do futuro\" width=\"525\" height=\"295\" src=\"https:\/\/www.youtube.com\/embed\/EDtHe3nMy6k?feature=oembed\" frameborder=\"0\" allow=\"accelerometer; autoplay; clipboard-write; encrypted-media; gyroscope; picture-in-picture; web-share\" referrerpolicy=\"strict-origin-when-cross-origin\" allowfullscreen><\/iframe>\n<\/div><\/figure>\n\n\n\n<p><\/p>\n\n\n\n<p><\/p>\n\n\n\n<p class=\"has-text-align-center\">Neste momento encontramo-nos em fase de recolha e organiza\u00e7\u00e3o bibliogr\u00e1fica.<\/p>\n\n\n\n<p class=\"has-text-align-center\">informa\u00e7\u00f5es pelo endere\u00e7o: tiomanel@quintaoficina.pt ou 963218860<\/p>\n","protected":false},"excerpt":{"rendered":"<p>\u00c0 conversa com Gon\u00e7alo Oliveira&#8230; S\u00c1BADO, 25 ABRIL 2026 \u00c0S 18H.MAIORES DE 12 ANOSENTRADA LIVRE E GRATUITATragam convosco os livros da vossa vida&#8230; Porque a hist\u00f3ria n\u00e3o se pode repetir!! LIVROS-LIVRES&#8220;Do livro \u00e0 biblioteca, da leitura \u00e0 busca incessante do horizonte pelo mundo &#8211; entre viagens interiores e encontros exteriores &#8211; da livraria \u00e0 inscri\u00e7\u00e3o &hellip; <\/p>\n<p class=\"link-more\"><a href=\"https:\/\/www.quintaoficina.pt\/index.php\/atividades\/iniciativas-comunitarias\/biblioteca-comunitaria\/\" class=\"more-link\">Continuar a ler <span class=\"screen-reader-text\">&#8220;Biblioteca Comunit\u00e1ria&#8221;<\/span><\/a><\/p>\n","protected":false},"author":1,"featured_media":0,"parent":365,"menu_order":0,"comment_status":"closed","ping_status":"closed","template":"template-full-width.php","meta":{"footnotes":""},"class_list":["post-4113","page","type-page","status-publish","hentry"],"_links":{"self":[{"href":"https:\/\/www.quintaoficina.pt\/index.php\/wp-json\/wp\/v2\/pages\/4113","targetHints":{"allow":["GET"]}}],"collection":[{"href":"https:\/\/www.quintaoficina.pt\/index.php\/wp-json\/wp\/v2\/pages"}],"about":[{"href":"https:\/\/www.quintaoficina.pt\/index.php\/wp-json\/wp\/v2\/types\/page"}],"author":[{"embeddable":true,"href":"https:\/\/www.quintaoficina.pt\/index.php\/wp-json\/wp\/v2\/users\/1"}],"replies":[{"embeddable":true,"href":"https:\/\/www.quintaoficina.pt\/index.php\/wp-json\/wp\/v2\/comments?post=4113"}],"version-history":[{"count":8,"href":"https:\/\/www.quintaoficina.pt\/index.php\/wp-json\/wp\/v2\/pages\/4113\/revisions"}],"predecessor-version":[{"id":5329,"href":"https:\/\/www.quintaoficina.pt\/index.php\/wp-json\/wp\/v2\/pages\/4113\/revisions\/5329"}],"up":[{"embeddable":true,"href":"https:\/\/www.quintaoficina.pt\/index.php\/wp-json\/wp\/v2\/pages\/365"}],"wp:attachment":[{"href":"https:\/\/www.quintaoficina.pt\/index.php\/wp-json\/wp\/v2\/media?parent=4113"}],"curies":[{"name":"wp","href":"https:\/\/api.w.org\/{rel}","templated":true}]}}