{"id":4118,"date":"2024-04-24T09:44:16","date_gmt":"2024-04-24T08:44:16","guid":{"rendered":"https:\/\/www.quintaoficina.pt\/?page_id=4118"},"modified":"2025-12-19T16:36:12","modified_gmt":"2025-12-19T16:36:12","slug":"arvores-de-janeiro","status":"publish","type":"page","link":"https:\/\/www.quintaoficina.pt\/index.php\/arvores-de-janeiro\/","title":{"rendered":"\u00c1rvores de Janeiro\u00a0"},"content":{"rendered":"\n<p>H\u00e1 quem comece o novo ano com o p\u00e9 direito&#8230; a tomar um banho n\u00e3o sei onde, ou a fazer n\u00e3o sei o qu\u00ea&#8230; uns porque d\u00e1 sorte, outros porque \u00e9 giro e est\u00e1 tudo muito bem, mas tamb\u00e9m estar\u00e1 muuuuito bem come\u00e7ar o ano a plantar uma \u00e1rvore:<\/p>\n\n\n\n<figure class=\"wp-block-image size-large\"><img loading=\"lazy\" decoding=\"async\" width=\"1024\" height=\"768\" src=\"https:\/\/www.quintaoficina.pt\/wp-content\/uploads\/2025\/12\/ArvJan25_ecard-1024x768.jpg\" alt=\"\" class=\"wp-image-5098\" srcset=\"https:\/\/www.quintaoficina.pt\/wp-content\/uploads\/2025\/12\/ArvJan25_ecard-1024x768.jpg 1024w, https:\/\/www.quintaoficina.pt\/wp-content\/uploads\/2025\/12\/ArvJan25_ecard-300x225.jpg 300w, https:\/\/www.quintaoficina.pt\/wp-content\/uploads\/2025\/12\/ArvJan25_ecard-768x576.jpg 768w, https:\/\/www.quintaoficina.pt\/wp-content\/uploads\/2025\/12\/ArvJan25_ecard-1536x1152.jpg 1536w, https:\/\/www.quintaoficina.pt\/wp-content\/uploads\/2025\/12\/ArvJan25_ecard-2048x1536.jpg 2048w\" sizes=\"auto, (max-width: 767px) 89vw, (max-width: 1000px) 54vw, (max-width: 1071px) 543px, 580px\" \/><figcaption class=\"wp-element-caption\"><strong><em>Basta aparecer, levar a vossa \u00e1rvore e ir plant\u00e1-la onde quiserem\u2026<\/em><\/strong><\/figcaption><\/figure>\n\n\n\n<p>Dispon\u00edvel uma por fam\u00edlia, todos os dias das 9h \u00e0s 19h, em formato \u201ctake away\u201d na Quinta da Cruz, Centro de Arte Contempor\u00e2nea de Viseu (basta tocar \u00e0 campainha) <strong>AT\u00c9 AO FIM DE JANEIRO<\/strong> (limitado ao stock existente)<br><a href=\"https:\/\/www.google.com\/search?client=safari&amp;rls=en&amp;sxsrf=ALiCzsZRogBLpBUwBxtMmoQS0EIFgrs8GQ:1671842726296&amp;q=quinta+da+cruz+endere%C3%A7o&amp;ludocid=694936941342088947&amp;sa=X&amp;ved=2ahUKEwiTs8i-g5H8AhW9gv0HHfu6BS4Q6BN6BAhnEAI\">Endere\u00e7o<\/a>:\u00a0R. S\u00e3o Salvador, 3510-072 Viseu.<br><a href=\"https:\/\/www.google.com\/search?client=safari&amp;rls=en&amp;sxsrf=ALiCzsZRogBLpBUwBxtMmoQS0EIFgrs8GQ:1671842726296&amp;q=quinta+da+cruz+telefone&amp;ludocid=694936941342088947&amp;sa=X&amp;ved=2ahUKEwiTs8i-g5H8AhW9gv0HHfu6BS4Q6BN6BAhkEAI\">Telefone<\/a>:\u00a0<a href=\"https:\/\/www.google.com\/search?q=quinta+da+cruz+viseu&amp;client=safari&amp;rls=en&amp;sxsrf=ALiCzsZeYBpDg_78iBrDgezIRtdB0QIr3A%3A1671842713996&amp;ei=mUumY_CxPKOW9u8Pyt6CgAE&amp;ved=0ahUKEwiw4tm4g5H8AhUji_0HHUqvABAQ4dUDCA4&amp;uact=5&amp;oq=quinta+da+cruz+viseu&amp;gs_lcp=Cgxnd3Mtd2l6LXNlcnAQAzILCC4QrwEQxwEQgAQyBggAEBYQHjIGCAAQFhAeOgoIABBHENYEELADOgcIABCwAxBDOhIILhDHARCvARDIAxCwAxBDGAE6EgguEK8BEMcBEMgDELADEEMYAToFCAAQgAQ6CgguEK8BEMcBEEM6CwguEIAEEMcBEK8BSgQIQRgASgQIRhgAUMIGWIkNYOAPaAFwAXgAgAHWAYgB_QeSAQUwLjUuMZgBAKABAcgBDMABAdoBBAgBGAg&amp;sclient=gws-wiz-serp#\">232 423 343<\/a><\/p>\n\n\n\n<p class=\"has-small-font-size\"><em>Esta atividade est\u00e1 inserida no projeto da 5\u00aaOficina: \u201cMOST\u201925 \u2013 Programa\u00e7\u00e3o Internacional de Media\u00e7\u00e3o Cultural em Meio Rural\u201d, uma iniciativa apoiada pelo Munic\u00edpio de Viseu, atrav\u00e9s do EixoCultura.<\/em><br><br><\/p>\n\n\n\n<figure class=\"wp-block-gallery has-nested-images columns-default is-cropped wp-block-gallery-1 is-layout-flex wp-block-gallery-is-layout-flex\">\n<figure class=\"wp-block-image size-large\"><img loading=\"lazy\" decoding=\"async\" width=\"1024\" height=\"768\" data-id=\"4647\" src=\"https:\/\/www.quintaoficina.pt\/wp-content\/uploads\/2025\/01\/Jan25-1024x768.jpg\" alt=\"\" class=\"wp-image-4647\" srcset=\"https:\/\/www.quintaoficina.pt\/wp-content\/uploads\/2025\/01\/Jan25-1024x768.jpg 1024w, https:\/\/www.quintaoficina.pt\/wp-content\/uploads\/2025\/01\/Jan25-300x225.jpg 300w, https:\/\/www.quintaoficina.pt\/wp-content\/uploads\/2025\/01\/Jan25-768x576.jpg 768w, https:\/\/www.quintaoficina.pt\/wp-content\/uploads\/2025\/01\/Jan25-1536x1152.jpg 1536w, https:\/\/www.quintaoficina.pt\/wp-content\/uploads\/2025\/01\/Jan25-2048x1536.jpg 2048w\" sizes=\"auto, (max-width: 767px) 89vw, (max-width: 1000px) 54vw, (max-width: 1071px) 543px, 580px\" \/><\/figure>\n\n\n\n<figure class=\"wp-block-image size-large\"><img loading=\"lazy\" decoding=\"async\" width=\"1024\" height=\"768\" data-id=\"2923\" src=\"https:\/\/www.quintaoficina.pt\/wp-content\/uploads\/2022\/12\/ArvoresJAN2023ecard-1024x768.jpg\" alt=\"\" class=\"wp-image-2923\" srcset=\"https:\/\/www.quintaoficina.pt\/wp-content\/uploads\/2022\/12\/ArvoresJAN2023ecard-1024x768.jpg 1024w, https:\/\/www.quintaoficina.pt\/wp-content\/uploads\/2022\/12\/ArvoresJAN2023ecard-300x225.jpg 300w, https:\/\/www.quintaoficina.pt\/wp-content\/uploads\/2022\/12\/ArvoresJAN2023ecard-768x576.jpg 768w, https:\/\/www.quintaoficina.pt\/wp-content\/uploads\/2022\/12\/ArvoresJAN2023ecard-1536x1152.jpg 1536w, https:\/\/www.quintaoficina.pt\/wp-content\/uploads\/2022\/12\/ArvoresJAN2023ecard-2048x1536.jpg 2048w\" sizes=\"auto, (max-width: 767px) 89vw, (max-width: 1000px) 54vw, (max-width: 1071px) 543px, 580px\" \/><\/figure>\n\n\n\n<figure class=\"wp-block-image size-large\"><img loading=\"lazy\" decoding=\"async\" width=\"1024\" height=\"768\" data-id=\"2190\" src=\"https:\/\/www.quintaoficina.pt\/wp-content\/uploads\/2021\/12\/ArvoresJAN2022ecard-1024x768.jpg\" alt=\"\" class=\"wp-image-2190\" srcset=\"https:\/\/www.quintaoficina.pt\/wp-content\/uploads\/2021\/12\/ArvoresJAN2022ecard-1024x768.jpg 1024w, https:\/\/www.quintaoficina.pt\/wp-content\/uploads\/2021\/12\/ArvoresJAN2022ecard-300x225.jpg 300w, https:\/\/www.quintaoficina.pt\/wp-content\/uploads\/2021\/12\/ArvoresJAN2022ecard-768x576.jpg 768w, https:\/\/www.quintaoficina.pt\/wp-content\/uploads\/2021\/12\/ArvoresJAN2022ecard-1536x1152.jpg 1536w, https:\/\/www.quintaoficina.pt\/wp-content\/uploads\/2021\/12\/ArvoresJAN2022ecard-2048x1536.jpg 2048w\" sizes=\"auto, (max-width: 767px) 89vw, (max-width: 1000px) 54vw, (max-width: 1071px) 543px, 580px\" \/><\/figure>\n<figcaption class=\"blocks-gallery-caption wp-element-caption\"><strong>Basta aparecer, levar o seu pinheiro manso e ir plant\u00e1-lo onde quiser\u2026<\/strong><\/figcaption><\/figure>\n\n\n\n<p><\/p>\n\n\n\n<p>Esta iniciativa come\u00e7ou em 2019 e a Quinta Oficina compromete-se em oferecer, no 1\u00ba dia do ano e durante todo o m\u00eas de Janeiro, algumas \u00e1rvores para que as pessoas possam levar e ir plantar onde lhes fa\u00e7a sentido\u2026 O sentido desta iniciativa \u00e9 iniciar uma tradi\u00e7\u00e3o (come\u00e7ar o ano a plantar uma \u00e1rvore), uma tradi\u00e7\u00e3o que seja ben\u00e9fica para este nosso planeta \u2013 que tanto precisa destes \u201cpequenos\u201d gestos!<\/p>\n\n\n\n<figure class=\"wp-block-image\"><img loading=\"lazy\" decoding=\"async\" width=\"768\" height=\"1024\" src=\"https:\/\/www.quintaoficina.pt\/wp-content\/uploads\/2021\/11\/Cris1-768x1024.jpg\" alt=\"\" class=\"wp-image-2131\" srcset=\"https:\/\/www.quintaoficina.pt\/wp-content\/uploads\/2021\/11\/Cris1-768x1024.jpg 768w, https:\/\/www.quintaoficina.pt\/wp-content\/uploads\/2021\/11\/Cris1-225x300.jpg 225w, https:\/\/www.quintaoficina.pt\/wp-content\/uploads\/2021\/11\/Cris1-1152x1536.jpg 1152w, https:\/\/www.quintaoficina.pt\/wp-content\/uploads\/2021\/11\/Cris1.jpg 1488w\" sizes=\"auto, (max-width: 767px) 89vw, (max-width: 1000px) 54vw, (max-width: 1071px) 543px, 580px\" \/><\/figure>\n\n\n\n<p>Paralelamente a esta ac\u00e7\u00e3o, ser\u00e1 desenvolvida uma outra iniciativa na\u00a0<strong>Primavera<\/strong>, que consistir\u00e1 num WORKSHOP DE SEMENTEIRAS para a germina\u00e7\u00e3o destas \u00e1rvores. Esta actividade ser\u00e1 realizada com fam\u00edlias e escolas que manifestem interesse, em data a definir. Em 2021, por exemplo, as sementes (pinh\u00f5es) foram oferecidos pela Cristina Nogueira.<\/p>\n","protected":false},"excerpt":{"rendered":"<p>H\u00e1 quem comece o novo ano com o p\u00e9 direito&#8230; a tomar um banho n\u00e3o sei onde, ou a fazer n\u00e3o sei o qu\u00ea&#8230; uns porque d\u00e1 sorte, outros porque \u00e9 giro e est\u00e1 tudo muito bem, mas tamb\u00e9m estar\u00e1 muuuuito bem come\u00e7ar o ano a plantar uma \u00e1rvore: Dispon\u00edvel uma por fam\u00edlia, todos os &hellip; <\/p>\n<p class=\"link-more\"><a href=\"https:\/\/www.quintaoficina.pt\/index.php\/arvores-de-janeiro\/\" class=\"more-link\">Continuar a ler <span class=\"screen-reader-text\">&#8220;\u00c1rvores de Janeiro\u00a0&#8220;<\/span><\/a><\/p>\n","protected":false},"author":1,"featured_media":0,"parent":0,"menu_order":0,"comment_status":"closed","ping_status":"closed","template":"template-full-width.php","meta":{"footnotes":""},"class_list":["post-4118","page","type-page","status-publish","hentry"],"_links":{"self":[{"href":"https:\/\/www.quintaoficina.pt\/index.php\/wp-json\/wp\/v2\/pages\/4118","targetHints":{"allow":["GET"]}}],"collection":[{"href":"https:\/\/www.quintaoficina.pt\/index.php\/wp-json\/wp\/v2\/pages"}],"about":[{"href":"https:\/\/www.quintaoficina.pt\/index.php\/wp-json\/wp\/v2\/types\/page"}],"author":[{"embeddable":true,"href":"https:\/\/www.quintaoficina.pt\/index.php\/wp-json\/wp\/v2\/users\/1"}],"replies":[{"embeddable":true,"href":"https:\/\/www.quintaoficina.pt\/index.php\/wp-json\/wp\/v2\/comments?post=4118"}],"version-history":[{"count":5,"href":"https:\/\/www.quintaoficina.pt\/index.php\/wp-json\/wp\/v2\/pages\/4118\/revisions"}],"predecessor-version":[{"id":5100,"href":"https:\/\/www.quintaoficina.pt\/index.php\/wp-json\/wp\/v2\/pages\/4118\/revisions\/5100"}],"wp:attachment":[{"href":"https:\/\/www.quintaoficina.pt\/index.php\/wp-json\/wp\/v2\/media?parent=4118"}],"curies":[{"name":"wp","href":"https:\/\/api.w.org\/{rel}","templated":true}]}}