{"id":4124,"date":"2024-04-24T09:44:52","date_gmt":"2024-04-24T08:44:52","guid":{"rendered":"https:\/\/www.quintaoficina.pt\/?page_id=4124"},"modified":"2026-03-05T18:37:31","modified_gmt":"2026-03-05T18:37:31","slug":"voluntariado","status":"publish","type":"page","link":"https:\/\/www.quintaoficina.pt\/index.php\/voluntariado\/","title":{"rendered":"Voluntariado"},"content":{"rendered":"\n<p class=\"has-text-align-center\"><em>&gt;&gt; P\u00c1GINA EM CONSTRU\u00c7\u00c3O &lt;&lt;<\/em><\/p>\n\n\n\n<h2 class=\"wp-block-heading\">SRI LANKA \ud83c\uddf1\ud83c\uddf0<\/h2>\n\n\n\n<figure class=\"wp-block-image size-large\"><img loading=\"lazy\" decoding=\"async\" width=\"1024\" height=\"768\" src=\"https:\/\/www.quintaoficina.pt\/wp-content\/uploads\/2026\/03\/631444621_18560225935014682_3549263764895455989_n-1024x768.jpg\" alt=\"\" class=\"wp-image-5269\" srcset=\"https:\/\/www.quintaoficina.pt\/wp-content\/uploads\/2026\/03\/631444621_18560225935014682_3549263764895455989_n-1024x768.jpg 1024w, https:\/\/www.quintaoficina.pt\/wp-content\/uploads\/2026\/03\/631444621_18560225935014682_3549263764895455989_n-300x225.jpg 300w, https:\/\/www.quintaoficina.pt\/wp-content\/uploads\/2026\/03\/631444621_18560225935014682_3549263764895455989_n-768x576.jpg 768w, https:\/\/www.quintaoficina.pt\/wp-content\/uploads\/2026\/03\/631444621_18560225935014682_3549263764895455989_n.jpg 1440w\" sizes=\"auto, (max-width: 767px) 89vw, (max-width: 1000px) 54vw, (max-width: 1071px) 543px, 580px\" \/><\/figure>\n\n\n\n<p>Em Fevereiro de 2026, estivemos no Sri Lanka, a colaborar com o ELIYA CHILDREN HOME, um orfanato de uma ONG, que ajuda as crian\u00e7as desfavorecidas numa das zonas costeiras v\u00edtimas da trag\u00e9dia do grande tsunami (26\/12\/2004) no sul da \u00c1sia. A actividade inseriu-se no programa de ensino da l\u00edngua inglesa e apresent\u00e1mos uma vers\u00e3o adaptada do nosso projecto &#8220;<a href=\"https:\/\/www.quintaoficina.pt\/index.php\/trocadores-de-historias\/\" target=\"_blank\" rel=\"noreferrer noopener\">Trocadores de Hist\u00f3rias<\/a>&#8220;. Entreg\u00e1mos tamb\u00e9m medicamentos e troc\u00e1mos muitos sorrisos! \ud83d\ude0d<\/p>\n\n\n\n<figure class=\"wp-block-gallery has-nested-images columns-1 wp-block-gallery-1 is-layout-flex wp-block-gallery-is-layout-flex\">\n<figure class=\"wp-block-image size-large\"><img loading=\"lazy\" decoding=\"async\" width=\"1024\" height=\"768\" data-id=\"5270\" src=\"https:\/\/www.quintaoficina.pt\/wp-content\/uploads\/2026\/03\/637082188_18560225959014682_4783831460790258481_n-1024x768.jpg\" alt=\"\" class=\"wp-image-5270\" srcset=\"https:\/\/www.quintaoficina.pt\/wp-content\/uploads\/2026\/03\/637082188_18560225959014682_4783831460790258481_n-1024x768.jpg 1024w, https:\/\/www.quintaoficina.pt\/wp-content\/uploads\/2026\/03\/637082188_18560225959014682_4783831460790258481_n-300x225.jpg 300w, https:\/\/www.quintaoficina.pt\/wp-content\/uploads\/2026\/03\/637082188_18560225959014682_4783831460790258481_n-768x576.jpg 768w, https:\/\/www.quintaoficina.pt\/wp-content\/uploads\/2026\/03\/637082188_18560225959014682_4783831460790258481_n.jpg 1440w\" sizes=\"auto, (max-width: 767px) 89vw, (max-width: 1000px) 54vw, (max-width: 1071px) 543px, 580px\" \/><\/figure>\n<\/figure>\n\n\n\n<p><\/p>\n\n\n\n<p><\/p>\n\n\n\n<h2 class=\"wp-block-heading\">\u00cdNDIA \ud83c\uddee\ud83c\uddf3<\/h2>\n\n\n\n<p>Em Janeiro de 2026, colabor\u00e1mos com a <strong>Salaam Baalak Trust<\/strong><a href=\"https:\/\/www.salaambaalaktrust.com\/?fbclid=IwZXh0bgNhZW0CMTAAYnJpZBEwb0xhaWpsdXZXbTVlS2Z5TXNydGMGYXBwX2lkEDIyMjAzOTE3ODgyMDA4OTIAAR4YVB3fplRGc5yGf3qre7SjEspdx8gZfC3BuEB1A2v1bf9Zp5954igwFnm8vA_aem_OoW4cR3RIv5NdYLkYk07Ww\" target=\"_blank\" rel=\"noreferrer noopener\">:<\/a><br><a href=\"https:\/\/www.salaambaalaktrust.com\/\" target=\"_blank\" rel=\"noreferrer noopener\">https:\/\/www.salaambaalaktrust.com\/<\/a><\/p>\n\n\n\n<figure class=\"wp-block-image size-full\"><img loading=\"lazy\" decoding=\"async\" width=\"861\" height=\"861\" src=\"https:\/\/www.quintaoficina.pt\/wp-content\/uploads\/2026\/03\/622649163_18555584599014682_6004596642213165231_n.jpg\" alt=\"\" class=\"wp-image-5272\" srcset=\"https:\/\/www.quintaoficina.pt\/wp-content\/uploads\/2026\/03\/622649163_18555584599014682_6004596642213165231_n.jpg 861w, https:\/\/www.quintaoficina.pt\/wp-content\/uploads\/2026\/03\/622649163_18555584599014682_6004596642213165231_n-300x300.jpg 300w, https:\/\/www.quintaoficina.pt\/wp-content\/uploads\/2026\/03\/622649163_18555584599014682_6004596642213165231_n-150x150.jpg 150w, https:\/\/www.quintaoficina.pt\/wp-content\/uploads\/2026\/03\/622649163_18555584599014682_6004596642213165231_n-768x768.jpg 768w, https:\/\/www.quintaoficina.pt\/wp-content\/uploads\/2026\/03\/622649163_18555584599014682_6004596642213165231_n-100x100.jpg 100w\" sizes=\"auto, (max-width: 767px) 89vw, (max-width: 1000px) 54vw, (max-width: 1071px) 543px, 580px\" \/><\/figure>\n\n\n\n<p><br><a href=\"https:\/\/www.salaambaalaktrust.com\/\" target=\"_blank\" rel=\"noreferrer noopener\">A Salaam Baalak Trust<\/a>, \u00e9 uma organiza\u00e7\u00e3o de New Delhi \ud83c\uddee\ud83c\uddf3, que acolhe crian\u00e7as de rua e lhes proporciona todos os cuidados necess\u00e1rios at\u00e9 poderem voltar a inserir-se naquela desafiante cidade. Com estas crian\u00e7as lindas tivemos a sorte de poder simplesmente &#8220;brincar e nada mais&#8221;&#8230; Deix\u00e1mos um simb\u00f3lico contributo financeiro e deixamos aqui a recomenda\u00e7\u00e3o: Quem for \u00e0 \u00cdndia, procure esta institui\u00e7\u00e3o e, pelo menos, adquira os seus servi\u00e7os de&#8221;walk tours&#8221;, \ud83e\udd29 que s\u00e3o realizados com guias extraordin\u00e1rios, pois estas crian\u00e7as s\u00e3o quem melhor conhece as ruas, \ud83d\ude14 infelizmente&#8230; <\/p>\n\n\n\n<h2 class=\"wp-block-heading\">S\u00c3O TOM\u00c9 E PR\u00cdNCIPE \ud83c\uddf8\ud83c\uddf9<\/h2>\n\n\n\n<p>A 5\u00aaOficina trabalha em parceria com a Associa\u00e7\u00e3o &#8220;<em>Ajudar a Amparar os Pr\u00edncipes de \u00c1frica<\/em>&#8221; e com o apoio da <em>Bamunon &#8211; Ecoturismo e voluntariado<\/em>, em 2023 e 2024, realizou miss\u00f5es de voluntariado em <strong>anima\u00e7\u00e3o e forma\u00e7\u00e3o<\/strong> na Casa de Arte, Cultura, Ambiente e Utopia &#8211; CACAU &#8211; de S\u00e3o Tom\u00e9 e Pr\u00edncipe. Com o apoio da <em>Santa Casa da Miseric\u00f3rdia<\/em> de S\u00e3o Tom\u00e9, tivemos a possibilidade de realizar a\u00e7\u00f5es de forma\u00e7\u00e3o e anima\u00e7\u00e3o, em 6 das suas institui\u00e7\u00f5es de apoio \u00e0 inf\u00e2ncia e \u00e0 3\u00aaidade, incluindo na ilha do Pr\u00edncipe.<br><em><strong>Esta experi\u00eancia poder\u00e1 ser repetida por quem manifeste motiva\u00e7\u00f5es e condi\u00e7\u00f5es para o fazer &#8211; basta contactar-nos!<\/strong><\/em><\/p>\n\n\n\n<figure class=\"wp-block-gallery has-nested-images columns-3 is-cropped wp-block-gallery-2 is-layout-flex wp-block-gallery-is-layout-flex\">\n<figure class=\"wp-block-image size-large\"><img loading=\"lazy\" decoding=\"async\" width=\"1024\" height=\"576\" data-id=\"4215\" src=\"https:\/\/www.quintaoficina.pt\/wp-content\/uploads\/2024\/05\/305c909d-cd6f-455d-a92f-e35b933c5895-1024x576.jpg\" alt=\"\" class=\"wp-image-4215\" srcset=\"https:\/\/www.quintaoficina.pt\/wp-content\/uploads\/2024\/05\/305c909d-cd6f-455d-a92f-e35b933c5895-1024x576.jpg 1024w, https:\/\/www.quintaoficina.pt\/wp-content\/uploads\/2024\/05\/305c909d-cd6f-455d-a92f-e35b933c5895-300x169.jpg 300w, https:\/\/www.quintaoficina.pt\/wp-content\/uploads\/2024\/05\/305c909d-cd6f-455d-a92f-e35b933c5895-768x432.jpg 768w, https:\/\/www.quintaoficina.pt\/wp-content\/uploads\/2024\/05\/305c909d-cd6f-455d-a92f-e35b933c5895-1536x864.jpg 1536w, https:\/\/www.quintaoficina.pt\/wp-content\/uploads\/2024\/05\/305c909d-cd6f-455d-a92f-e35b933c5895.jpg 1600w\" sizes=\"auto, (max-width: 767px) 89vw, (max-width: 1000px) 54vw, (max-width: 1071px) 543px, 580px\" \/><\/figure>\n\n\n\n<figure class=\"wp-block-image size-large\"><img decoding=\"async\" data-id=\"4217\" src=\"https:\/\/www.quintaoficina.pt\/wp-content\/uploads\/2024\/05\/IMG_8602.heic\" alt=\"\" class=\"wp-image-4217\"\/><\/figure>\n\n\n\n<figure class=\"wp-block-image size-large\"><img decoding=\"async\" data-id=\"4218\" src=\"https:\/\/www.quintaoficina.pt\/wp-content\/uploads\/2024\/05\/IMG_8678.heic\" alt=\"\" class=\"wp-image-4218\"\/><\/figure>\n\n\n\n<figure class=\"wp-block-image size-large\"><img decoding=\"async\" data-id=\"4216\" src=\"https:\/\/www.quintaoficina.pt\/wp-content\/uploads\/2024\/05\/IMG_8430.heic\" alt=\"\" class=\"wp-image-4216\"\/><\/figure>\n\n\n\n<figure class=\"wp-block-image size-large\"><img loading=\"lazy\" decoding=\"async\" width=\"576\" height=\"1024\" data-id=\"4214\" src=\"https:\/\/www.quintaoficina.pt\/wp-content\/uploads\/2024\/05\/0b2e8f34-5904-4034-9535-6a3d19638d81-576x1024.jpg\" alt=\"\" class=\"wp-image-4214\" srcset=\"https:\/\/www.quintaoficina.pt\/wp-content\/uploads\/2024\/05\/0b2e8f34-5904-4034-9535-6a3d19638d81-576x1024.jpg 576w, https:\/\/www.quintaoficina.pt\/wp-content\/uploads\/2024\/05\/0b2e8f34-5904-4034-9535-6a3d19638d81-169x300.jpg 169w, https:\/\/www.quintaoficina.pt\/wp-content\/uploads\/2024\/05\/0b2e8f34-5904-4034-9535-6a3d19638d81-768x1365.jpg 768w, https:\/\/www.quintaoficina.pt\/wp-content\/uploads\/2024\/05\/0b2e8f34-5904-4034-9535-6a3d19638d81-864x1536.jpg 864w, https:\/\/www.quintaoficina.pt\/wp-content\/uploads\/2024\/05\/0b2e8f34-5904-4034-9535-6a3d19638d81.jpg 900w\" sizes=\"auto, (max-width: 576px) 100vw, 576px\" \/><\/figure>\n<\/figure>\n\n\n\n<h2 class=\"wp-block-heading\">VOLUNTARIADO NA 5\u00aaOFICINA<\/h2>\n\n\n\n<p>(Brevemente)<\/p>\n\n\n\n<h2 class=\"wp-block-heading\">OUTRAS SUGEST\u00d5ES DE VOLUNTARIADO<\/h2>\n\n\n\n<p>(Brevemente&#8230; mas n\u00e3o vamos perder tempo, pois h\u00e1 sempre uma margem de um rio com lixo para apanhar; um lar de idosos para visitar;  animais abandonados para cuidar! Olhemos \u00e0 nossa volta, na nossa rua, no nosso pr\u00e9dio, bairro, comunidade&#8230; )<\/p>\n","protected":false},"excerpt":{"rendered":"<p>&gt;&gt; P\u00c1GINA EM CONSTRU\u00c7\u00c3O &lt;&lt; SRI LANKA \ud83c\uddf1\ud83c\uddf0 Em Fevereiro de 2026, estivemos no Sri Lanka, a colaborar com o ELIYA CHILDREN HOME, um orfanato de uma ONG, que ajuda as crian\u00e7as desfavorecidas numa das zonas costeiras v\u00edtimas da trag\u00e9dia do grande tsunami (26\/12\/2004) no sul da \u00c1sia. A actividade inseriu-se no programa de ensino &hellip; <\/p>\n<p class=\"link-more\"><a href=\"https:\/\/www.quintaoficina.pt\/index.php\/voluntariado\/\" class=\"more-link\">Continuar a ler <span class=\"screen-reader-text\">&#8220;Voluntariado&#8221;<\/span><\/a><\/p>\n","protected":false},"author":1,"featured_media":0,"parent":0,"menu_order":0,"comment_status":"closed","ping_status":"closed","template":"template-full-width.php","meta":{"footnotes":""},"class_list":["post-4124","page","type-page","status-publish","hentry"],"_links":{"self":[{"href":"https:\/\/www.quintaoficina.pt\/index.php\/wp-json\/wp\/v2\/pages\/4124","targetHints":{"allow":["GET"]}}],"collection":[{"href":"https:\/\/www.quintaoficina.pt\/index.php\/wp-json\/wp\/v2\/pages"}],"about":[{"href":"https:\/\/www.quintaoficina.pt\/index.php\/wp-json\/wp\/v2\/types\/page"}],"author":[{"embeddable":true,"href":"https:\/\/www.quintaoficina.pt\/index.php\/wp-json\/wp\/v2\/users\/1"}],"replies":[{"embeddable":true,"href":"https:\/\/www.quintaoficina.pt\/index.php\/wp-json\/wp\/v2\/comments?post=4124"}],"version-history":[{"count":10,"href":"https:\/\/www.quintaoficina.pt\/index.php\/wp-json\/wp\/v2\/pages\/4124\/revisions"}],"predecessor-version":[{"id":5275,"href":"https:\/\/www.quintaoficina.pt\/index.php\/wp-json\/wp\/v2\/pages\/4124\/revisions\/5275"}],"wp:attachment":[{"href":"https:\/\/www.quintaoficina.pt\/index.php\/wp-json\/wp\/v2\/media?parent=4124"}],"curies":[{"name":"wp","href":"https:\/\/api.w.org\/{rel}","templated":true}]}}