{"id":4246,"date":"2024-05-20T21:33:14","date_gmt":"2024-05-20T20:33:14","guid":{"rendered":"https:\/\/www.quintaoficina.pt\/?page_id=4246"},"modified":"2025-12-22T22:48:12","modified_gmt":"2025-12-22T22:48:12","slug":"gravura","status":"publish","type":"page","link":"https:\/\/www.quintaoficina.pt\/index.php\/gravura\/","title":{"rendered":"BOT\u00d5ES EM L\u00c3"},"content":{"rendered":"\n<figure class=\"wp-block-gallery has-nested-images columns-1 wp-block-gallery-1 is-layout-flex wp-block-gallery-is-layout-flex\">\n<figure class=\"wp-block-image size-large\"><img loading=\"lazy\" decoding=\"async\" width=\"768\" height=\"1024\" data-id=\"5113\" src=\"https:\/\/www.quintaoficina.pt\/wp-content\/uploads\/2025\/12\/WhatsApp-Image-2025-03-30-at-21.43.102-768x1024.jpeg\" alt=\"\" class=\"wp-image-5113\" srcset=\"https:\/\/www.quintaoficina.pt\/wp-content\/uploads\/2025\/12\/WhatsApp-Image-2025-03-30-at-21.43.102-768x1024.jpeg 768w, https:\/\/www.quintaoficina.pt\/wp-content\/uploads\/2025\/12\/WhatsApp-Image-2025-03-30-at-21.43.102-225x300.jpeg 225w, https:\/\/www.quintaoficina.pt\/wp-content\/uploads\/2025\/12\/WhatsApp-Image-2025-03-30-at-21.43.102-1152x1536.jpeg 1152w, https:\/\/www.quintaoficina.pt\/wp-content\/uploads\/2025\/12\/WhatsApp-Image-2025-03-30-at-21.43.102.jpeg 1200w\" sizes=\"auto, (max-width: 767px) 89vw, (max-width: 1000px) 54vw, (max-width: 1071px) 543px, 580px\" \/><\/figure>\n\n\n\n<figure class=\"wp-block-image size-large\"><img loading=\"lazy\" decoding=\"async\" width=\"1024\" height=\"683\" data-id=\"5114\" src=\"https:\/\/www.quintaoficina.pt\/wp-content\/uploads\/2025\/12\/MG_0176-1024x683.jpg\" alt=\"\" class=\"wp-image-5114\" srcset=\"https:\/\/www.quintaoficina.pt\/wp-content\/uploads\/2025\/12\/MG_0176-1024x683.jpg 1024w, https:\/\/www.quintaoficina.pt\/wp-content\/uploads\/2025\/12\/MG_0176-300x200.jpg 300w, https:\/\/www.quintaoficina.pt\/wp-content\/uploads\/2025\/12\/MG_0176-768x512.jpg 768w, https:\/\/www.quintaoficina.pt\/wp-content\/uploads\/2025\/12\/MG_0176-1536x1024.jpg 1536w, https:\/\/www.quintaoficina.pt\/wp-content\/uploads\/2025\/12\/MG_0176-2048x1365.jpg 2048w\" sizes=\"auto, (max-width: 767px) 89vw, (max-width: 1000px) 54vw, (max-width: 1071px) 543px, 580px\" \/><\/figure>\n<\/figure>\n\n\n\n<figure class=\"wp-block-image size-large\"><img loading=\"lazy\" decoding=\"async\" width=\"819\" height=\"1024\" src=\"https:\/\/www.quintaoficina.pt\/wp-content\/uploads\/2025\/03\/CartazBotoesCelina_insta-819x1024.jpg\" alt=\"\" class=\"wp-image-4801\" srcset=\"https:\/\/www.quintaoficina.pt\/wp-content\/uploads\/2025\/03\/CartazBotoesCelina_insta-819x1024.jpg 819w, https:\/\/www.quintaoficina.pt\/wp-content\/uploads\/2025\/03\/CartazBotoesCelina_insta-240x300.jpg 240w, https:\/\/www.quintaoficina.pt\/wp-content\/uploads\/2025\/03\/CartazBotoesCelina_insta-768x960.jpg 768w, https:\/\/www.quintaoficina.pt\/wp-content\/uploads\/2025\/03\/CartazBotoesCelina_insta-1229x1536.jpg 1229w, https:\/\/www.quintaoficina.pt\/wp-content\/uploads\/2025\/03\/CartazBotoesCelina_insta-1638x2048.jpg 1638w, https:\/\/www.quintaoficina.pt\/wp-content\/uploads\/2025\/03\/CartazBotoesCelina_insta-scaled.jpg 2048w\" sizes=\"auto, (max-width: 767px) 89vw, (max-width: 1000px) 54vw, (max-width: 1071px) 543px, 580px\" \/><\/figure>\n\n\n\n<p class=\"has-text-align-left\"><\/p>\n\n\n\n<p>O exerc\u00edcio proposto neste workshop \u00e9 a elabora\u00e7\u00e3o de bot\u00f5es feitos em l\u00e3 ou algod\u00e3o. Depois de uma breve explica\u00e7\u00e3o \u00e9 proposto a cada participante a constru\u00e7\u00e3o de um pequeno tear em cart\u00e3o. Em seguida, arma-se uma trama em fio em torno do tear, segundo um esquema sequencial. Por \u00faltimo, cada participante \u00e9 desafiado a urdir o seu bot\u00e3o, com o aux\u00edlio de uma agulha e fio \u00e0 sua escolha. O fio usado no fabrico deste bot\u00e3o, pode ser proveniente de um camisola que se deixou de vestir por estar muito usada, ou estragada, ou ainda, resultante de excedentes de uma pe\u00e7a feita em malha ou <em>crochet<\/em>. Esta oficina \u00e9 mais uma proposta de transforma\u00e7\u00e3o e insere-se no esp\u00edrito da reutiliza\u00e7\u00e3o de um objecto, ou mat\u00e9ria prima que aparentemente chegaram ao fim de vida e tinham como destino o lixo. \u00c9 tamb\u00e9m de salientar, mais que o resultado final, o que importa \u00e9 o processo de constru\u00e7\u00e3o e as vantagens inerentes ao trabalho manual: promo\u00e7\u00e3o da concentra\u00e7\u00e3o, resolu\u00e7\u00e3o de problemas, coordena\u00e7\u00e3o psicomotora, coes\u00e3o social, imagina\u00e7\u00e3o e criatividade&#8230; Tudo isto, num dia que se espera ser bem passado repleto de conv\u00edvio e partilha.<\/p>\n\n\n\n<figure class=\"wp-block-image size-large\"><img loading=\"lazy\" decoding=\"async\" width=\"576\" height=\"1024\" src=\"https:\/\/www.quintaoficina.pt\/wp-content\/uploads\/2025\/03\/1741775356142-576x1024.jpg\" alt=\"\" class=\"wp-image-4797\" srcset=\"https:\/\/www.quintaoficina.pt\/wp-content\/uploads\/2025\/03\/1741775356142-576x1024.jpg 576w, https:\/\/www.quintaoficina.pt\/wp-content\/uploads\/2025\/03\/1741775356142-169x300.jpg 169w, https:\/\/www.quintaoficina.pt\/wp-content\/uploads\/2025\/03\/1741775356142-768x1365.jpg 768w, https:\/\/www.quintaoficina.pt\/wp-content\/uploads\/2025\/03\/1741775356142-864x1536.jpg 864w, https:\/\/www.quintaoficina.pt\/wp-content\/uploads\/2025\/03\/1741775356142-1152x2048.jpg 1152w, https:\/\/www.quintaoficina.pt\/wp-content\/uploads\/2025\/03\/1741775356142-scaled.jpg 1440w\" sizes=\"auto, (max-width: 576px) 100vw, 576px\" \/><\/figure>\n\n\n\n<p><strong><em>CELINA QUARESMA<br><\/em><\/strong><em>Celina Quaresma \u00e9 natural de Lamego e actualmente reside em Viseu. Frequentou o primeiro ano de Gest\u00e3o de Recursos Humanos e Psicologia do Trabalho &#8211; ISLA &#8211; mas foi em Conserva\u00e7\u00e3o e Restauro &#8211; IPT &#8211; que se licenciou. O tempo que dedica \u00e0 Conserva\u00e7\u00e3o-Restauro, \u00e9 dividido com actividades relacionadas com o \u201csaber fazer\u201d e as artes e of\u00edcios atrav\u00e9s de organiza\u00e7\u00e3o de oficinas, onde a t\u00f3nica da reutiliza\u00e7\u00e3o\/transforma\u00e7\u00e3o \u00e9 geralmente tida em conta no momento de construir um objecto. D\u00e1 ainda vida ao projecto *OUTROS MUNDOS* ,&nbsp;onde dentro da filosofia da experimenta\u00e7\u00e3o, cria pe\u00e7as em pasta de papel. Para ficar a conhecer um pouco melhor este projecto, por favor, visite o&nbsp;facebook&nbsp;dos Outros Mundos ou se preferir o&nbsp;Instagram<\/em>.<\/p>\n\n\n\n<p>30 de Mar\u00e7o de 2025<br>Das 15h \u00e0s 18h.<br>Maiores de 12 anos<\/p>\n\n\n\n<p>Todos os&nbsp;Workshops&nbsp;s\u00e3o de&nbsp;<strong>pr\u00e9-inscri\u00e7\u00e3o<\/strong>&nbsp;<strong>obrigat\u00f3ria<\/strong>.<br><strong>Pre\u00e7o:<\/strong>&nbsp;1kg de frutas\/legumes da \u00e9poca, ou 1h. de voluntariado numa causa \u00e0 escolha.<br><br>Informa\u00e7\u00f5es e pr\u00e9-inscri\u00e7\u00f5es:&nbsp;<em><strong>celinaquaresma.cr@gmail.com<\/strong><\/em><\/p>\n\n\n\n<p class=\"has-small-font-size\">Esta atividade est\u00e1 inserida no projeto da 5\u00aaOficina: \u201cMOST\u201924 \u2013 Programa\u00e7\u00e3o Internacional de Media\u00e7\u00e3o Cultural em Meio Rural\u201d, uma iniciativa apoiada pelo Munic\u00edpio de Viseu, atrav\u00e9s do EixoCultura.<\/p>\n","protected":false},"excerpt":{"rendered":"<p>O exerc\u00edcio proposto neste workshop \u00e9 a elabora\u00e7\u00e3o de bot\u00f5es feitos em l\u00e3 ou algod\u00e3o. Depois de uma breve explica\u00e7\u00e3o \u00e9 proposto a cada participante a constru\u00e7\u00e3o de um pequeno tear em cart\u00e3o. Em seguida, arma-se uma trama em fio em torno do tear, segundo um esquema sequencial. Por \u00faltimo, cada participante \u00e9 desafiado a &hellip; <\/p>\n<p class=\"link-more\"><a href=\"https:\/\/www.quintaoficina.pt\/index.php\/gravura\/\" class=\"more-link\">Continuar a ler <span class=\"screen-reader-text\">&#8220;BOT\u00d5ES EM L\u00c3&#8221;<\/span><\/a><\/p>\n","protected":false},"author":1,"featured_media":0,"parent":0,"menu_order":0,"comment_status":"closed","ping_status":"closed","template":"template-full-width.php","meta":{"footnotes":""},"class_list":["post-4246","page","type-page","status-publish","hentry"],"_links":{"self":[{"href":"https:\/\/www.quintaoficina.pt\/index.php\/wp-json\/wp\/v2\/pages\/4246","targetHints":{"allow":["GET"]}}],"collection":[{"href":"https:\/\/www.quintaoficina.pt\/index.php\/wp-json\/wp\/v2\/pages"}],"about":[{"href":"https:\/\/www.quintaoficina.pt\/index.php\/wp-json\/wp\/v2\/types\/page"}],"author":[{"embeddable":true,"href":"https:\/\/www.quintaoficina.pt\/index.php\/wp-json\/wp\/v2\/users\/1"}],"replies":[{"embeddable":true,"href":"https:\/\/www.quintaoficina.pt\/index.php\/wp-json\/wp\/v2\/comments?post=4246"}],"version-history":[{"count":10,"href":"https:\/\/www.quintaoficina.pt\/index.php\/wp-json\/wp\/v2\/pages\/4246\/revisions"}],"predecessor-version":[{"id":5115,"href":"https:\/\/www.quintaoficina.pt\/index.php\/wp-json\/wp\/v2\/pages\/4246\/revisions\/5115"}],"wp:attachment":[{"href":"https:\/\/www.quintaoficina.pt\/index.php\/wp-json\/wp\/v2\/media?parent=4246"}],"curies":[{"name":"wp","href":"https:\/\/api.w.org\/{rel}","templated":true}]}}