{"id":4255,"date":"2024-05-20T21:35:40","date_gmt":"2024-05-20T20:35:40","guid":{"rendered":"https:\/\/www.quintaoficina.pt\/?page_id=4255"},"modified":"2025-12-15T20:00:14","modified_gmt":"2025-12-15T20:00:14","slug":"2024-2","status":"publish","type":"page","link":"https:\/\/www.quintaoficina.pt\/index.php\/realizadas\/2024-2\/","title":{"rendered":"2024"},"content":{"rendered":"\n<h2 class=\"wp-block-heading\">\u201c\u00c1RVORES DE JANEIRO\u201d [ Iniciativa Comunit\u00e1ria ]<\/h2>\n\n\n\n<p>1 a 31 de Janeiro \u2013&nbsp;<strong>Qta da Cruz \u2013 Centro de Arte Contempor\u00e2nea de Viseu<\/strong>&nbsp;\u2013 30 Pax<\/p>\n\n\n\n<h2 class=\"wp-block-heading\">\u201cTROCADORES DE HIST\u00d3RIAS\u201d [ Anima\u00e7\u00e3o ]<\/h2>\n\n\n\n<p>17 a 20 de Janeiro &#8211; Santa Casa da Miseric\u00f3rdia de STP &#8211; <strong>Ilha de Pr\u00edncipe<\/strong> v 10 Pax<br>8 de Fevereiro &#8211; Centro de Dia de <strong>\u00c1gua Iz\u00e9<\/strong>, S\u00e3o Tom\u00e9 e Pr\u00edncipe \u2013 12 Pax<br>19 de Mar\u00e7o &#8211; <strong>Sonho M\u00e1gico<\/strong> (pr\u00e9-escolar) Gumir\u00e3es, Viseu \u2013 20 Pax<br>20 de Mar\u00e7o &#8211; <strong>Funda\u00e7\u00e3o Joaquim dos Santos<\/strong> (Lar) Torredeita, Viseu \u2013 12 Pax<br>25 de Junho &#8211; <strong>Confraria de Sta Eul\u00e1lia<\/strong> (pr\u00e9-escolar), Viseu \u2013 40 Pax<br>28 de Junho &#8211; <strong>Castro Daire<\/strong> (1\u00baCiclo de Lamas) \u2013 35 Pax<br>6 de Dezembro &#8211; <strong>Expo-Center<\/strong> (CMV) Viseu &#8211; Participantes n\u00e3o contabiliz\u00e1veis<br>18 de Dezembro &#8211; Festival de Natal de <strong>Mangualde<\/strong> (Mercado Municipal) &#8211; 90 Pax<br>19 de Dezembro &#8211; Internato Vitor Fontes (<strong>APPACDM<\/strong>) Viseu &#8211; 80 Pax<\/p>\n\n\n\n<h2 class=\"wp-block-heading\">\u201cO EXPLORADOR FLORENTINO\u201d [ Anima\u00e7\u00e3o ]<\/h2>\n\n\n\n<p>22 de Janeiro &#8211; 2 sess\u00f5es &#8211; Jardim de inf\u00e2ncia de <strong>M\u00e9-Z\u00f3chi<\/strong>, STP \u2013 40 Pax<br>28 de Janeiro &#8211; Cau\u00e9 \/ <strong>Angulares<\/strong> (anima\u00e7\u00e3o de rua), STP \u2013 Participantes n\u00e3o contabiliz\u00e1veis<br>1 de Fevereiro &#8211; 2 sess\u00f5es &#8211; Jardim de Inf\u00e2ncia de <strong>Madalena<\/strong>, STP \u2013 Participantes n\u00e3o contabiliz\u00e1veis<br>5 de Fevereiro &#8211; Comunidade de <strong>S\u00e3o Nicolau<\/strong>, STP \u2013 14 Pax<br>3 de Mar\u00e7o &#8211; 2 sess\u00f5es &#8211; <strong>XXVIII Festival das Cam\u00e9lias<\/strong>, Jardim de S\u00e3o Roque, C. M. Porto \u2013 40 Pax<br>21 de Mar\u00e7o &#8211; <strong>Funda\u00e7\u00e3o Joaquim dos Santos<\/strong> (infant\u00e1rio), Torredeita, Viseu \u2013 48 Pax<br>24 de Maio &#8211; 2 sess\u00f5es &#8211; <strong>Jornadas de Arte e Ci\u00eancia Viva<\/strong>, V. N. Foz C\u00f4a \u2013 60 Pax<br>1 e 2 de Junho &#8211; 4 sess\u00f5es &#8211; <strong>Festa da Crian\u00e7a, Pal\u00e1cio de Cristal<\/strong>, Porto \u2013 56 Pax<br>1 a 4 de Agosto &#8211; <strong>Festival Tradidan\u00e7as<\/strong>, S. P do Sul \u2013 Participantes n\u00e3o contabiliz\u00e1veis<\/p>\n\n\n\n<h2 class=\"wp-block-heading\">\u201cANIMA\u00c7\u00c3O, EXPR. DRAM\u00c1TICA, COM\u00c9DIA E COMUNICA\u00c7\u00c3O INTERPESSOAL&#8221; [ Forma\u00e7\u00e3o ]<\/h2>\n\n\n\n<p>22 a 27 de Janeiro &#8211; CACAU &#8211; <strong>Casa de Arte, Cultura, Ambiente e Utopia<\/strong>, STP \u2013 17 Pax<br>21 de Mar\u00e7o &#8211; Escola Profissional de Torredeita, <strong>Projeto Plural<\/strong> &#8211; FJS, Viseu \u2013 33 Pax<br>11 de Maio &#8211; NIIEEM, <strong>Educa\u00e7\u00e3o Emocional<\/strong> (semin\u00e1rio) Braga \u2013 50 Pax<\/p>\n\n\n\n<h2 class=\"wp-block-heading\">\u201cCONSTRU\u00c7\u00c3O DE TRATOR DE GALINHAS&#8221; [ Resid\u00eancia Art\u00edstica ]<\/h2>\n\n\n\n<p>26 de Fevereiro a 3 de Mar\u00e7o &#8211; <strong>Jos\u00e9 Monteiro<\/strong>, Mosteirinho, Coutos de Viseu<\/p>\n\n\n\n<h2 class=\"wp-block-heading\">\u201cESCOLA DO ERRAR E DESAPRENDER&#8221; [ Forma\u00e7\u00e3o ]<\/h2>\n\n\n\n<p>17 de Mar\u00e7o &#8211; <strong>Filipa Pimentel<\/strong>, Mosteirinho, Coutos de Viseu &#8211; 12 Pax<br>12 de Maio &#8211; <strong>Mara Maravilha e Susana Sim\u00f5es<\/strong>, Mosteirinho &#8211; 14 Pax<br>13 de Outubro &#8211; <strong>Sem (des)orientador<\/strong> , Mosteirinho &#8211; 10 Pax<br>27 de Outubro &#8211;&nbsp;<strong>Daniela Fernandes<\/strong>&nbsp;, Mosteirinho &#8211; 15 Pax<\/p>\n\n\n\n<h2 class=\"wp-block-heading\">\u201cERVAS SILVESTRES&#8221; [ Forma\u00e7\u00e3o ]<\/h2>\n\n\n\n<p>17 de Mar\u00e7o &#8211; <strong>Pamela Sousa<\/strong>, Pharm\u00e1cia das Ervas, Mosteirinho \u2013 24 Pax<\/p>\n\n\n\n<h2 class=\"wp-block-heading\">\u201cAS TORMENTAS DO VASCO NA CAMA&#8221; [ Espect\u00e1culo ]<\/h2>\n\n\n\n<p>22 de Mar\u00e7o &#8211; ACROF (1\u00ba Ciclo) <strong>Oliveira de Frades<\/strong> &#8211; 300 Pax<br>20 de Julho &#8211; <strong>Festival Educarte<\/strong> &#8211; Quinta da Cruz, Viseu &#8211; 80 Pax<br>5 de Agosto &#8211; <strong>Festividades de Ver\u00e3o<\/strong> &#8211; Audit\u00f3rio Carlos Paredes, V. N. Paiva &#8211; 100 Pax<\/p>\n\n\n\n<h2 class=\"wp-block-heading\">\u201cCONTENT\u00cdSSIMO&#8221; [ Espect\u00e1culo ]<\/h2>\n\n\n\n<p>24 de Mar\u00e7o &#8211; 23 Milhas, <strong>Espa\u00e7o Planteia<\/strong> (rua) \u00cdlhavo &#8211; Participantes n\u00e3o contabiliz\u00e1veis<br>25 de Mar\u00e7o &#8211; 2 sess\u00f5es &#8211; 23 Milhas, <strong>Casa da Cultura de \u00cdlhavo<\/strong> \u2013 150 Pax<br>10 de Agosto &#8211; <strong>Festividades de Ver\u00e3o<\/strong> &#8211; Ass. Nogueira de C\u00f4ta, Viseu &#8211; 120 Pax<br>27 de Setembro &#8211; 2 sess\u00f5es &#8211; <strong>Fest. Internacional dos Investigadores<\/strong>, Museu do C\u00f4a &#8211; 50 Pax<\/p>\n\n\n\n<h2 class=\"wp-block-heading\">\u201cA CAIXINHA DE M\u00daSICA&#8221; [ Espect\u00e1culo ]<\/h2>\n\n\n\n<p>9 de Abril &#8211; 2 sess\u00f5es &#8211; <strong>Biblioteca Municipal de Tondela<\/strong> &#8211; 400 Pax<br>25 de Maio &#8211; <strong>Festival TRIP<\/strong> &#8211; Parque Linear do Rio Pavia, Viseu &#8211; Participantes n\u00e3o contabiliz\u00e1veis<br>26 de julho &#8211; <strong>Aguiar da Beira<\/strong>, Viseu &#8211; Participantes n\u00e3o contabiliz\u00e1veis<br>16 de Dezembro &#8211; <strong>Festival de Natal de Mangualde<\/strong> (C\u00e2mara Municipal &#8211; 4 sess\u00f5es) &#8211; 1.200 Pax<\/p>\n\n\n\n<h2 class=\"wp-block-heading\">\u201cGALINHAS NA PERMACULTURA E AGROFLORESTA&#8221; [ Forma\u00e7\u00e3o ]<\/h2>\n\n\n\n<p>14 de Abril &#8211; <strong>S\u00f3nia da Veiga<\/strong>, Mosteirinho, Coutos de Viseu \u2013 21 Pax<\/p>\n\n\n\n<h2 class=\"wp-block-heading\">\u201cESTENDAL&#8221; [ Exposi\u00e7\u00e3o ]<\/h2>\n\n\n\n<p>28 de Abril &#8211; Estendal Fotogr\u00e1fico, <strong>Exposi\u00e7\u00e3o Coletiva<\/strong>, Mosteirinho \u2013 Participantes n\u00e3o contabiliz\u00e1veis<\/p>\n\n\n\n<h2 class=\"wp-block-heading\">\u201cRE-DESIGN CARRINHA-BIBLIOTECA\u201d [ Concurso ]<\/h2>\n\n\n\n<p>30 de Abril &#8211; Implementa\u00e7\u00e3o da ideia da <strong>Ana Le\u00e3o<\/strong>, pela <strong>Ana Ver\u00f3nica<\/strong>, Mosteirinho \u2013 2 Pax<\/p>\n\n\n\n<h2 class=\"wp-block-heading\">\u201cHIST\u00d3RIAS A PEDAIS&#8221; [ Anima\u00e7\u00e3o ]<\/h2>\n\n\n\n<p>18 de Maio &#8211; <strong>Parque Municipal de Penalva do Castelo<\/strong> \u2013 Participantes n\u00e3o contabiliz\u00e1veis<br>26 de julho &#8211; <strong>Aguiar da Beira<\/strong>, Viseu \u2013 Participantes n\u00e3o contabiliz\u00e1veis<br>1 a 4 de Agosto &#8211; &#8220;<strong>Hist\u00f3rias a Pedais<\/strong>&#8221; &#8211; Tradidan\u00e7as, S. P do Sul \u2013 Participantes n\u00e3o contabiliz\u00e1veis<br>25 de Agosto &#8211; <strong>Festival Vizinhan\u00e7as<\/strong>, Jardim do Passeio Alegre, Porto &#8211; 24 Pax<br>29 de Setembro &#8211; 2 sess\u00f5es &#8211; <strong>Museu de Serralves<\/strong>, Porto &#8211; 48 Pax<\/p>\n\n\n\n<h2 class=\"wp-block-heading\">\u201cO VERDE VERDEDEIRO CINETEATRO CORPORAL&#8221; [ Forma\u00e7\u00e3o ]<\/h2>\n\n\n\n<p>4 a 7 de Junho &#8211; 8 sess\u00f5es (escolas) &#8211; Festival Educarte24, Viseu \u2013 139 Pax<\/p>\n\n\n\n<h2 class=\"wp-block-heading\">\u201cSOLST\u00cdCIO&#8221; [ Iniciativa Comunit\u00e1ria ]<\/h2>\n\n\n\n<p>21, 22 e 23 de Junho &#8211; <strong>Ch\u00e3o do Pombo<\/strong>, Mosteirinho, Viseu \u2013 Participantes n\u00e3o contabiliz\u00e1veis<\/p>\n\n\n\n<h2 class=\"wp-block-heading\">\u201cCONSTRU\u00c7\u00c3O DE REL\u00d3GIOS DE SOL&#8221; [ Forma\u00e7\u00e3o ]<\/h2>\n\n\n\n<p>22 Junho &#8211; Gnomista Eng. <strong>Pedro Almeida<\/strong>, Mosteirinho, Viseu \u2013 24 Pax<\/p>\n\n\n\n<h2 class=\"wp-block-heading\">\u201cCONTADORES DE HIST\u00d3RIAS&#8221; [ Forma\u00e7\u00e3o ]<\/h2>\n\n\n\n<p>23 Junho &#8211; <strong>Marco Luna<\/strong> (ES), Mosteirinho, Viseu \u2013 18 Pax<\/p>\n\n\n\n<h2 class=\"wp-block-heading\">\u201cO &#8230; DESEMPREGADO&#8221; [ Anima\u00e7\u00e3o ]<\/h2>\n\n\n\n<p>24 Junho &#8211; Ass. <strong>Tondelinha<\/strong> (pre-escolar) Viseu &#8211; 60 Pax<br>28 Junho &#8211; <strong>Barbeita<\/strong> (1\u00baCiclo) \u2013 Participantes n\u00e3o contabiliz\u00e1veis<\/p>\n\n\n\n<h2 class=\"wp-block-heading\">\u201cFORAL MANUELINO\u201d [ Iniciativa Comunit\u00e1ria ]<\/h2>\n\n\n\n<p>29 e 30 de Junho \u2013 \u201c<strong>Festividades do Foral Manuelino<\/strong>\u201d \u2013 Couto de Baixo, Viseu \u2013 Participantes n\u00e3o contabiliz\u00e1veis<\/p>\n\n\n\n<h2 class=\"wp-block-heading\">\u201cF\u00c9RIAS CRIATIVAS&#8221; [ Forma\u00e7\u00e3o ]<\/h2>\n\n\n\n<p>1 a 5 de Julho \u2013 Explora\u00e7\u00e3o do universo do \u201c<strong>Explorador Florentino<\/strong>\u201d &#8211; Qta da Cruz &#8211; Centro de Arte Contempor\u00e2nea de Viseu \u2013 25 Pax<br>15 a 19 de Julho \u2013 \u201c<strong>No Fundo a Mar<\/strong>\u201d com Daniela Fernandes &#8211; Qta da Cruz &#8211; Centro de Arte Contempor\u00e2nea de Viseu \u2013 25 Pax<\/p>\n\n\n\n<h2 class=\"wp-block-heading\">\u201cO GUARDA SER\u00d4DIO&#8221; [ Anima\u00e7\u00e3o ]<\/h2>\n\n\n\n<p>6 de Julho &#8211; &#8220;<strong>Summer Life<\/strong>&#8221; &#8211; Real Vida Seguros, Leiria \u2013 Participantes n\u00e3o contabiliz\u00e1veis<br>\u200b1\u200b3 e 14&nbsp;de Julho &#8211; <strong>Festivali!<\/strong> &#8211; d\u00d3rfeu &#8211; \u00c1gueda \u2013 Participantes n\u00e3o contabiliz\u00e1veis<br>26 a 28&nbsp;de Julho &#8211; <strong>Festival Aldeia Cultural<\/strong>, Lapa do Lobo, Nelas \u2013 Participantes n\u00e3o contabiliz\u00e1veis<br>27 de Julho &#8211; <strong>Festival Habitua-te<\/strong>, Carvalhal Redondo, Canas de Senhorim \u2013 Participantes n\u00e3o contabiliz\u00e1veis <\/p>\n\n\n\n<h2 class=\"wp-block-heading\">\u201cTIOT\u00d3NIO E OS SEUS SOBRINHOS&#8221; [ Anima\u00e7\u00e3o ]<\/h2>\n\n\n\n<p>20 de Julho &#8211; &#8220;<strong>Festival Educarte<\/strong>&#8221; (fam\u00edlias) &#8211; Quinta da Cruz, Viseu \u2013 17 Pax<br>20 de Julho &#8211; &#8220;<strong>Festival Educarte<\/strong>&#8221; Pediatria Hospital de S\u00e3o Teotonio  \u2013 6 Pax<\/p>\n\n\n\n<h2 class=\"wp-block-heading\">\u201cMALABARISMO&#8221; [ Forma\u00e7\u00e3o ]<\/h2>\n\n\n\n<p>26 de julho &#8211; &#8220;<strong>Workshop de Malabarismo<\/strong>&#8221; &#8211; Aguiar da Beira, Viseu &#8211; 10 Pax<\/p>\n\n\n\n<h2 class=\"wp-block-heading\">\u201cAVES-RARAS&#8221; [ Forma\u00e7\u00e3o e Desfile ]<\/h2>\n\n\n\n<p>4 de Agosto &#8211; Workshop de constru\u00e7\u00e3o e desfile &#8211; <strong>Tradidan\u00e7as<\/strong>, S. P do Sul \u2013 30 Pax<\/p>\n\n\n\n<h2 class=\"wp-block-heading\">\u201cNO FUNDO A MAR&#8221; [ Espect\u00e1culo ]<\/h2>\n\n\n\n<p>1 a 4 de Agosto &#8211; Performance e instala\u00e7\u00e3o &#8211; <strong>Tradidan\u00e7as<\/strong>, S. P do Sul \u2013 Participantes n\u00e3o contabiliz\u00e1veis <\/p>\n\n\n\n<h2 class=\"wp-block-heading\">\u201cCINEMA&#8221; [ Iniciativa Comunit\u00e1ria ]<\/h2>\n\n\n\n<p>23 de Agosto &#8211; \u201c<strong>O Circo<\/strong>\u201d de Charlie Chaplin, Parque interoperacional do Couto de Cima, Viseu \u2013 Participantes n\u00e3o contabiliz\u00e1veis<br>20 de Setembro &#8211; \u201c<strong>Demain<\/strong>\u201d de M\u00e9lanie Laurent, Cyril Dion, Mosteirinho &#8211; 15 Pax<br>5 de Outubro &#8211; Estreia (curta) &#8220;<strong>Os Pequenos-Grandes Estafetas do Futuro<\/strong>&#8220;, no Or(i)gens, em Orgens, Viseu. &#8211; 80 Pax<\/p>\n\n\n\n<h2 class=\"wp-block-heading\">\u201cLIVRO&#8221; [ Iniciativa Comunit\u00e1ria ]<\/h2>\n\n\n\n<p>5 e 6 de Outubro &#8211; Lan\u00e7amento do livro  &#8220;<a href=\"https:\/\/www.quintaoficina.pt\/index.php\/outras-iniciativas\/\"><strong>E Se&#8230;<\/strong><\/a>&#8221; de Rob Hopkins, no Or(i)gens, em Orgens, Viseu. &#8211; 80 Pax<\/p>\n\n\n\n<h2 class=\"wp-block-heading\">\u201cAS IDEIAS S\u00c3O COMO AS SEMENTES&#8221; [ Espect\u00e1culo ]<\/h2>\n\n\n\n<p>20 e 21 de Outubro &#8211; 3 sess\u00f5es &#8211; <strong>23Milhas<\/strong>, Centro da Cultura de \u00cdlhavo &#8211; 300 Pax<br>8 de Dezembro &#8211; Centro de Anima\u00e7\u00e3o Cultural &#8211; <strong>Mort\u00e1gua<\/strong> &#8211; 60 Pax<\/p>\n\n\n\n<h2 class=\"wp-block-heading\">\u201cO DUENDE DESEMPREGADO&#8221; [ Espect\u00e1culo ]<\/h2>\n\n\n\n<p>11 de Dezembro &#8211; Escola EB1 &#8211; <strong>Vildemoinhos<\/strong>, Viseu &#8211; 45 Pax<br>12 de Dezembro &#8211; Escola Azeredo Perdig\u00e3o, <strong>Viseu<\/strong> &#8211; 600 Pax<br>13 de Dezembro &#8211; Festival de Natal de <strong>Loures<\/strong> &#8211; 80 Pax<br>14 de Dezembro &#8211; Moledo, <strong>Castro Daire<\/strong> &#8211; 95 Pax<br>15 de Dezembro &#8211; Aldeia Natal de <strong>Vouzela<\/strong> &#8211; 75 Pax<br>17 de Dezembro &#8211; Associa\u00e7\u00e3o de <strong>Farminh\u00e3o<\/strong> &#8211; 40 Pax<br>17 de Dezembro &#8211; Agrup. Escolas de <strong>Oliveira de Frades<\/strong> &#8211; 300 Pax<br>17 de Dezembro &#8211; EB1 de <strong>Torredeita<\/strong> (Sal\u00e3o do GSRDT) &#8211; 150 Pax<br>17 de Dezembro &#8211; Cine-Teatro de <strong>Vouzela<\/strong> &#8211; 200 Pax<br>20 de Dezembro &#8211; Vila Madeiras &#8211; <strong>Vila Ch\u00e3 de S\u00e1<\/strong>, Viseu &#8211; 50 Pax<br>22 de Dezembro &#8211; Almofala, <strong>Castro Daire<\/strong> &#8211; 70 Pax<br><\/p>\n","protected":false},"excerpt":{"rendered":"<p>\u201c\u00c1RVORES DE JANEIRO\u201d [ Iniciativa Comunit\u00e1ria ] 1 a 31 de Janeiro \u2013&nbsp;Qta da Cruz \u2013 Centro de Arte Contempor\u00e2nea de Viseu&nbsp;\u2013 30 Pax \u201cTROCADORES DE HIST\u00d3RIAS\u201d [ Anima\u00e7\u00e3o ] 17 a 20 de Janeiro &#8211; Santa Casa da Miseric\u00f3rdia de STP &#8211; Ilha de Pr\u00edncipe v 10 Pax8 de Fevereiro &#8211; Centro de Dia &hellip; <\/p>\n<p class=\"link-more\"><a href=\"https:\/\/www.quintaoficina.pt\/index.php\/realizadas\/2024-2\/\" class=\"more-link\">Continuar a ler <span class=\"screen-reader-text\">&#8220;2024&#8221;<\/span><\/a><\/p>\n","protected":false},"author":1,"featured_media":0,"parent":1360,"menu_order":0,"comment_status":"closed","ping_status":"closed","template":"template-full-width.php","meta":{"footnotes":""},"class_list":["post-4255","page","type-page","status-publish","hentry"],"_links":{"self":[{"href":"https:\/\/www.quintaoficina.pt\/index.php\/wp-json\/wp\/v2\/pages\/4255","targetHints":{"allow":["GET"]}}],"collection":[{"href":"https:\/\/www.quintaoficina.pt\/index.php\/wp-json\/wp\/v2\/pages"}],"about":[{"href":"https:\/\/www.quintaoficina.pt\/index.php\/wp-json\/wp\/v2\/types\/page"}],"author":[{"embeddable":true,"href":"https:\/\/www.quintaoficina.pt\/index.php\/wp-json\/wp\/v2\/users\/1"}],"replies":[{"embeddable":true,"href":"https:\/\/www.quintaoficina.pt\/index.php\/wp-json\/wp\/v2\/comments?post=4255"}],"version-history":[{"count":51,"href":"https:\/\/www.quintaoficina.pt\/index.php\/wp-json\/wp\/v2\/pages\/4255\/revisions"}],"predecessor-version":[{"id":5096,"href":"https:\/\/www.quintaoficina.pt\/index.php\/wp-json\/wp\/v2\/pages\/4255\/revisions\/5096"}],"up":[{"embeddable":true,"href":"https:\/\/www.quintaoficina.pt\/index.php\/wp-json\/wp\/v2\/pages\/1360"}],"wp:attachment":[{"href":"https:\/\/www.quintaoficina.pt\/index.php\/wp-json\/wp\/v2\/media?parent=4255"}],"curies":[{"name":"wp","href":"https:\/\/api.w.org\/{rel}","templated":true}]}}