{"id":4716,"date":"2025-02-17T21:31:18","date_gmt":"2025-02-17T21:31:18","guid":{"rendered":"https:\/\/www.quintaoficina.pt\/?page_id=4716"},"modified":"2026-01-12T13:49:05","modified_gmt":"2026-01-12T13:49:05","slug":"2025-2","status":"publish","type":"page","link":"https:\/\/www.quintaoficina.pt\/index.php\/2025-2\/","title":{"rendered":"2025"},"content":{"rendered":"\n<p class=\"has-text-align-center has-small-font-size\"><strong>133\u00a0Produ\u00e7\u00f5es<\/strong><br>[ 15 Iniciativas Comunit\u00e1rias + 10 Espect\u00e1culos + 13 Anima\u00e7\u00f5es + 54 Forma\u00e7\u00f5es + 6 Concursos + 12 Resid\u00eancias Art\u00edsticas + 5 Exposi\u00e7\u00f5es ]<\/p>\n\n\n\n<p class=\"has-text-align-center has-small-font-size\"><strong>402\u00a0Sess\u00f5es<\/strong><\/p>\n\n\n\n<p class=\"has-text-align-center has-small-font-size\"><strong>24.567\u00a0Participantes<\/strong><\/p>\n\n\n\n<p class=\"has-text-align-center has-small-font-size\"><em>(dados registados at\u00e9 31-12-2025 com os participantes de rua n\u00e3o quantific\u00e1veis)<\/em><\/p>\n\n\n\n<p><\/p>\n\n\n\n<h2 class=\"wp-block-heading\">\u201c\u00c1RVORES DE JANEIRO\u201d [Iniciativa Comunit\u00e1ria]<\/h2>\n\n\n\n<p>27 de Dezembro a 31 de Janeiro \u2013&nbsp;Qta da Cruz \u2013 <strong>Centro de Arte Contempor\u00e2nea de Viseu<\/strong>&nbsp;\u2013 30 Pax<\/p>\n\n\n\n<h2 class=\"wp-block-heading\">MATTEO PRA MIO [Resid\u00eancia Art\u00edstica]<\/h2>\n\n\n\n<p>26 a 31 de Janeiro, <strong>Mosteirinho<\/strong>, Coutos de Viseu. 1 Pax<\/p>\n\n\n\n<h2 class=\"wp-block-heading\">PIZZA PAZZA [Anima\u00e7\u00e3o]<\/h2>\n\n\n\n<p>26 de Janeiro, <strong>Matteo Pra Mio (It\u00e1lia)<\/strong> Forno Comunit\u00e1rio do Mosteirinho, com Funda\u00e7\u00e3o J.Santos e A.Coutoense. 30Pax<br>26 de Abril, <strong>Rui P\u00eava<\/strong>, Forno dos Bichinhos Brincadores, Viseu &#8211; 20 Pax<\/p>\n\n\n\n<h2 class=\"wp-block-heading\">PALHA\u00c7O MALABARISTA [Anima\u00e7\u00e3o]<\/h2>\n\n\n\n<p>24 de Janeiro (pr\u00e9mio forno) <strong>Daniel Matos<\/strong>, JI-Infantinhos &#8211; 80Pax<br>6 de Dezembro, <strong>Daniel Matos<\/strong>, JF Caramulo &#8211; Participantes n\u00e3o contabiliz\u00e1veis<\/p>\n\n\n\n<h2 class=\"wp-block-heading\">TROCADORES DE HIST\u00d3RIAS [Espect\u00e1culo]<\/h2>\n\n\n\n<p>27 de Fevereiro, <strong>JI- Figueir\u00f3 e Farminh\u00e3o<\/strong> (2sess\u00f5es) &#8211; 40 Pax<br>25 de Mar\u00e7o, <strong>Audit\u00f3rio ES de S. Pedro do Sul<\/strong> (2 sess\u00f5es) &#8211; 160 Pax<br>3 de Abril, <strong>Projeto La\u00e7os Intergeracionais<\/strong>, Escola S. Salvador (idosos e crian\u00e7as) &#8211; 80 Pax<br>11 de Abril, <strong>Biblioteca Municipal de Trancoso<\/strong>, 1\u00ba e 2\u00ba Ciclos &#8211; 50 Pax<br>12 de Abril, <strong>Pra\u00e7a do Peixe, Aveiro<\/strong> &#8211; Participantes n\u00e3o contabiliz\u00e1veis<br>23 de Abril, <strong>Pediatria e Cardiologia <\/strong>do Hospital de S.Teot\u00f3nio, Viseu &#8211; 25 Pax<br>10 de Maio, ACATIM &#8211; <strong>Abrantes<\/strong>, 40 Pax<br>15 de Maio, Agrup. Escolas de <strong>Nelas<\/strong>, 1\u00baCiclo (4 sess\u00f5es) &#8211; 160 Pax<br>16 de Maio, Grande Audit\u00f3rio do CC de <strong>Foz C\u00f4a<\/strong>, 1\u00ba e 2\u00ba Ciclos (2 sess\u00f5es) &#8211; 300 Pax<br>20 a 23 de Maio, <strong>Festival Educarte<\/strong>, Viseu (8 sess\u00f5es) &#8211; 150 Pax<br>30 de Maio, Escola de <strong>Fragosela<\/strong>, Viseu &#8211; 80 Pax<br>2 de Junho, <strong>Funda\u00e7\u00e3o Joaquim dos Santos<\/strong>, Torredeita, Viseu &#8211; 60 Pax<br>26 de Junho, <strong>Audit\u00f3rio Multiusos de Nelas<\/strong> (3\u00aa idade) &#8211; 150 Pax<br>1 de julho, Biblioteca do <strong>Caramulo<\/strong>, Pr\u00e9-Escolar e 1\u00baCiclo &#8211; 40 Pax<br>31 de Julho e 1 de Agosto, <strong>Festival Tradidan\u00e7as<\/strong>, S\u00e3o Pedro do Sul (2 sess\u00f5es) &#8211; Participantes n\u00e3o contabiliz\u00e1veis<br>7 de Setembro, <strong>Festival Liter\u00e1rio de Manhouce<\/strong>, S\u00e3o Pedro do Sul &#8211; 15 Pax<br>5 de Outubro, <strong>Festival Outono Quente<\/strong>, Parque Aquilino Ribeiro, Viseu &#8211; Participantes n\u00e3o contabiliz\u00e1veis<br>10 de Outubro, <strong>Dia da Sa\u00fade Mental<\/strong> &#8211; IPDJ \/ CMV &#8211; Fontelo, Viseu &#8211; 150 Pax<br>31 de Outubro, <strong>Centro H\u00edpico de Viseu<\/strong>, Rio de Loba, Viseu &#8211; 30 Pax<br>9 de Novembro, <strong>Festival Passa a Palavra<\/strong>, Oeiras &#8211; Participantes n\u00e3o contabiliz\u00e1veis<br>12 de Dezembro, Escola EB1 \/ ACDR de <strong>Torredeita<\/strong> &#8211; 150 Pax<br>20 de Dezembro, Par\u00f3quia de <strong>Esmolfe<\/strong>, Penalva do Castelo &#8211; 60 Pax<\/p>\n\n\n\n<h2 class=\"wp-block-heading\">EXPLORADOR FLORENTINO [Anima\u00e7\u00e3o]<\/h2>\n\n\n\n<p>1 e 2 de Mar\u00e7o, <strong>Jardim de S.Roque, CMPorto<\/strong> (3 sess\u00f5es) &#8211; Participantes n\u00e3o contabiliz\u00e1veis<br>30 de Maio, Escola de <strong>S\u00e3o Salvador<\/strong>, Viseu &#8211; 60 Pax<br>6 a 8 de Junho, <strong>Festival R\u00e1dio Faneca<\/strong>, 23 Milhas, \u00cdlhavo (8 sess\u00f5es) &#8211; Participantes n\u00e3o contabiliz\u00e1veis<br>14 a 22 de Junho, <strong>Festival Maravilha<\/strong>, Ilha do Faia, A\u00e7ores &#8211; Participantes n\u00e3o contabiliz\u00e1veis<br>1 e 2 de Agosto, <strong>Festival Tradidan\u00e7as<\/strong>, S\u00e3o Pedro do Sul (2 sess\u00f5es) &#8211; 40 Pax<br>15 de Agosto, <strong>Mort\u00e1gua<\/strong> &#8211; 10 Pax<br>12 a 14 de Setembro, <strong>Festival Artinrua<\/strong>, Tomar &#8211; Participantes n\u00e3o contabiliz\u00e1veis<br>14 de Setembro, <strong>Festival Trip<\/strong>, Viseu &#8211; 25 Pax<\/p>\n\n\n\n<h2 class=\"wp-block-heading\">TOM ROSS [Resid\u00eancia Art\u00edstica]<\/h2>\n\n\n\n<p>7 a 9 de Mar\u00e7o, Clown Minimalista, <strong> JF Couto de Cima<\/strong> &#8211; 8 Pax<\/p>\n\n\n\n<h2 class=\"wp-block-heading\">TOM ROSS [Forma\u00e7\u00e3o]<\/h2>\n\n\n\n<p>9 de Mar\u00e7o, Workshop de Clown, <strong>JF Couto de Cima<\/strong> &#8211; 12 Pax<\/p>\n\n\n\n<h2 class=\"wp-block-heading\">A CAIXINHA DE M\u00daSICA [espect\u00e1culo]<\/h2>\n\n\n\n<p>11 de Mar\u00e7o, <strong>Audit\u00f3rio Municipal do S\u00e1t\u00e3o<\/strong> &#8211; 200 Pax<\/p>\n\n\n\n<h2 class=\"wp-block-heading\">ESCOLA DO ERRAR E DESAPRENDER [Forma\u00e7\u00e3o]<\/h2>\n\n\n\n<p>23 de Mar\u00e7o \u2013 <strong>Ana Sofia Figueiredo<\/strong>, Mosteirinho, Coutos de Viseu \u2013 12 Pax<br>6 de Julho &#8211; <strong>Ant\u00f3nio Alvarenga<\/strong>, Mosteirinho, Coutos de Viseu \u2013 10 Pax<br>28 de Setembro &#8211; <strong>Rui Ferreira<\/strong>, Mosteirinho, Coutos de Viseu \u2013 12 Pax<\/p>\n\n\n\n<h2 class=\"wp-block-heading\">T\u00c9CNICAS DE CLOWN [Forma\u00e7\u00e3o]<\/h2>\n\n\n\n<p>17 e 18 de Mar\u00e7o &#8211; <strong>Auchan de Viseu<\/strong> &#8211; Programa Touch (4 sess\u00f5es) &#8211; 35 Pax <br>19 e 20 de Mar\u00e7o &#8211; <strong>Auchan de Aveiro<\/strong> &#8211; Programa Touch (4 sess\u00f5es) &#8211; 40 Pax<br>24 de Mar\u00e7o &#8211; <strong>Auchan de Castelo Branco<\/strong> &#8211; Programa Touch (2 sess\u00f5es) &#8211; 24 Pax<br>31 de Mar\u00e7o &#8211; <strong>Escola secund\u00e1ria de Nelas<\/strong> &#8211; Curso Prof. ASC &#8211; 13 Pax<br>24 de Mar\u00e7o &#8211; <strong>Auchan de Vila Real<\/strong> &#8211; Programa Touch (2 sess\u00f5es) &#8211; 24 Pax<br>19 e 20 de Maio &#8211; <strong>Auchan de Aveiro<\/strong> &#8211; Programa Touch (4 sess\u00f5es) &#8211; 40 Pax<br>23 e 24 de Maio &#8211; CCI &#8211; <strong>23 Milhas<\/strong>, \u00cdlhavo &#8211; 5 Pax<br>15 e 19 de Setembro &#8211; <strong>Auchan de Alfragide<\/strong> &#8211; Programa Touch (10 sess\u00f5es) &#8211; 90 Pax<br>22 a 25 de Setembro &#8211; <strong>Auchan de Amadora<\/strong> &#8211; Programa Touch (8 sess\u00f5es) &#8211; 70 Pax<br>6, 7 e 8 de Outubro &#8211; <strong>Auchan de Faro<\/strong> &#8211; Programa Touch (6 sess\u00f5es) &#8211; 50 Pax<br>20 a 24 de Outubro &#8211; <strong>Auchan de Alverca<\/strong> &#8211; Programa Touch (10 sess\u00f5es) &#8211; 80 Pax<br>27 a 29 de Outubro &#8211; <strong>Auchan de Amadora<\/strong> &#8211; Programa Touch (6 sess\u00f5es) &#8211; 40 Pax<br>6 de Novembro &#8211; <strong>Auchan de Torres Vedras<\/strong> &#8211; Programa Touch (2 sess\u00f5es) &#8211; 20 Pax<br>29 de Novembro &#8211; <strong>Biblioteca Municipal de Penacova<\/strong> &#8211; 35 Pax<\/p>\n\n\n\n<h2 class=\"wp-block-heading\">BOT\u00d5ES EM L\u00c3 [Forma\u00e7\u00e3o]<\/h2>\n\n\n\n<p>30 de Mar\u00e7o &#8211; <strong>Celina Quaresma<\/strong>, Mosteirinho &#8211; 11 Pax<\/p>\n\n\n\n<h2 class=\"wp-block-heading\">CONTENT\u00cdSSIMO [Espect\u00e1culo]<\/h2>\n\n\n\n<p>4 de Abril, <strong>Escola B\u00e1sica de Fragosela<\/strong>, Viseu &#8211; 133 Pax<br>4 e 5 de Julho, Festival dos Pombais &#8211; <strong>Vimioso<\/strong> &#8211; Participantes n\u00e3o contabiliz\u00e1veis<\/p>\n\n\n\n<h2 class=\"wp-block-heading\">HIST\u00d3RIAS A PEDAIS [Anima\u00e7\u00e3o de Rua]<\/h2>\n\n\n\n<p>12 de Abril, <strong>Rossio, Aveiro<\/strong> &#8211; 20 Pax<br>12 a 14 de Setembro, <strong>Festival Artinrua<\/strong>, Tomar (2 sess\u00f5es) &#8211; 20 Pax<\/p>\n\n\n\n<h2 class=\"wp-block-heading\">AS IDEIAS S\u00c3O COMO AS SEMENTES [Espect\u00e1culo]<\/h2>\n\n\n\n<p> 27 de Abril, <strong>Cineteatro de Vouzela<\/strong>, 45 Pax<\/p>\n\n\n\n<h2 class=\"wp-block-heading\">AS TORMENTAS DO VASCO NA CAMA [Espect\u00e1culo]<\/h2>\n\n\n\n<p>25 de Maio &#8211; Cineteatro de <strong>S\u00e3o Pedro do Sul<\/strong> &#8211; 35 Pax<br>1 de Junho &#8211; Jardim do Passal em <strong>Bodiosa<\/strong>, Viseu &#8211; 80 Pax<br>3 de Julho &#8211; Jardim central de <strong>Rio de Loba<\/strong>, Viseu &#8211; Participantes n\u00e3o contabiliz\u00e1veis<br>2 de Dezembro &#8211; <strong>CAC de Mort\u00e1gua<\/strong> (2 sess\u00f5es) &#8211; 300 Pax<\/p>\n\n\n\n<h2 class=\"wp-block-heading\">BANHADA DE HIST\u00d3RIAS DE IMERS\u00c3O [Anima\u00e7\u00e3o de Rua]<\/h2>\n\n\n\n<p>31 de Maio &#8211; <strong>Summer Life<\/strong>, Real Vida Seguros, Leiria &#8211; 250 Pax<br>31 de Julho a 3 de Agosto, <strong>Festival Tradidan\u00e7as<\/strong>, S\u00e3o Pedro do Sul (8 sess\u00f5es) &#8211; Participantes n\u00e3o contabiliz\u00e1veis<br>14 a 17 de Agosto, <strong>Festival do Bacalhau<\/strong>, 23 Milhas, \u00cdlhavo &#8211; Participantes n\u00e3o contabiliz\u00e1veis<br>8 e 9 de Novembro, <strong>Festival Passa a Palavra<\/strong>, Oeiras (2 sess\u00f5es) &#8211; Participantes n\u00e3o contabiliz\u00e1veis<\/p>\n\n\n\n<h2 class=\"wp-block-heading\">O GUARDA SER\u00d4DIO [Anima\u00e7\u00e3o de Rua]<\/h2>\n\n\n\n<p>31 de Maio &#8211; <strong>Festival de Artes de Rua de Penacova<\/strong> &#8211; Participantes n\u00e3o contabiliz\u00e1veis<br>14 a 22 de Junho, <strong>Festival Maravilha<\/strong>, Ilha do Faia, A\u00e7ores &#8211; Participantes n\u00e3o contabiliz\u00e1veis<br>15 de Agosto, <strong>Mort\u00e1gua<\/strong> &#8211; Participantes n\u00e3o contabiliz\u00e1veis<br>13 de Setembro, <strong>HR-Mort\u00e1gua<\/strong> &#8211; Participantes n\u00e3o contabiliz\u00e1veis<br>20 e 21 de Setembro, <strong>Festival Gargalhadas na Lua<\/strong>, Carnide, Lisboa &#8211; Participantes n\u00e3o contabiliz\u00e1veis<br>8 de Novembro, <strong>Festival Passa a Palavra<\/strong>, Oeiras &#8211; Participantes n\u00e3o contabiliz\u00e1veis<\/p>\n\n\n\n<h2 class=\"wp-block-heading\">MASSAGEM EM FAM\u00cdLIA [Forma\u00e7\u00e3o]<\/h2>\n\n\n\n<p>21 de Junho (Festa do Solst\u00edcio), <strong>Ana Oliveira<\/strong>, Mosteirinho &#8211; 8 Pax<\/p>\n\n\n\n<h2 class=\"wp-block-heading\">RELOJOARIA [Forma\u00e7\u00e3o]<\/h2>\n\n\n\n<p>21 de Junho (Festa do Solst\u00edcio), <strong>Jos\u00e9 Monteiro<\/strong>, Mosteirinho &#8211; 10 Pax<\/p>\n\n\n\n<h2 class=\"wp-block-heading\">FESTA DO SOLST\u00cdCIO [Iniciativa Comunit\u00e1ria]<\/h2>\n\n\n\n<p>21 de Junho, <strong>Mosteirinho<\/strong> &#8211; Participantes n\u00e3o contabiliz\u00e1veis<br>&#8220;<a href=\"https:\/\/www.quintaoficina.pt\/index.php\/atividades\/iniciativas-comunitarias\/rebicla\/\" target=\"_blank\" rel=\"noreferrer noopener\">ReBicla<\/a>&#8221;&nbsp;\u2013 Partilha comunit\u00e1ria de bicicletas.<br>&#8220;<a href=\"https:\/\/www.quintaoficina.pt\/index.php\/atividades\/iniciativas-comunitarias\/biblioteca-comunitaria\/\" target=\"_blank\" rel=\"noreferrer noopener\">Biblioteca comunit\u00e1ria<\/a>&#8221; &#8211; Abertura e dinamiza\u00e7\u00e3o com Daniela Fernandes.<br>&#8220;<a href=\"https:\/\/www.quintaoficina.pt\/index.php\/solsticio-festa-da-passagem-de-ano\/\">Yoga<\/a>&#8221; &#8211; Isabel Nunes, aluna do mestre indiano Rahul Trividi.<br>&#8220;<a href=\"https:\/\/www.quintaoficina.pt\/index.php\/forno-comunitario\/\" target=\"_blank\" rel=\"noreferrer noopener\">Forno Comunit\u00e1rio<\/a>&#8221; &#8211; Pizzapazza com Rui P\u00eava.<br>\u201c<a href=\"https:\/\/www.quintaoficina.pt\/index.php\/disponiveis\/relojoaria\/\" target=\"_blank\" rel=\"noreferrer noopener\">Relojoaria<\/a>\u201c &#8211; oficina do Sr Jos\u00e9 Monteiro.<br>\u201c<a href=\"https:\/\/www.quintaoficina.pt\/index.php\/disponiveis\/massagens\/\" target=\"_blank\" rel=\"noreferrer noopener\">Massagem em Fam\u00edlia<\/a>\u201d &#8211; Workshop com Ana Oliveira.<br>\u201c<a href=\"https:\/\/www.quintaoficina.pt\/index.php\/solsticio-festa-da-passagem-de-ano\/\">O Sol, a Terra e o Solst\u00edcio<\/a>\u201d &#8211; astrof\u00edsico Ant\u00f3nio Cardoso.<\/p>\n\n\n\n<h2 class=\"wp-block-heading\">ESTENDAL FOTOGR\u00c1FICO&nbsp;[Exposi\u00e7\u00e3o]<\/h2>\n\n\n\n<p>21 de Junho &#8211; Exposi\u00e7\u00e3o coletiva de fotografia de <strong>Susana Sim\u00f5es<\/strong> e <strong>Mariana Veloso<\/strong> &#8211; Participantes n\u00e3o contabiliz\u00e1veis<\/p>\n\n\n\n<h2 class=\"wp-block-heading\">O CADERNO DE DARWIN&nbsp;[Forma\u00e7\u00e3o]<\/h2>\n\n\n\n<p>4 e 5 de Julho, Festival dos Pombais &#8211; <strong>Vimioso<\/strong> &#8211; 20 Pax<\/p>\n\n\n\n<h2 class=\"wp-block-heading\">CIDADES INVIS\u00cdVEIS DE CART\u00c3O [Forma\u00e7\u00e3o]<\/h2>\n\n\n\n<p>7 a 11 de Julho, <strong>Qta da Cruz<\/strong> (F\u00e9rias Criativas) &#8211; 22 Pax<\/p>\n\n\n\n<h2 class=\"wp-block-heading\">CRIA\u00c7\u00c3O E CONSTRU\u00c7\u00c3O DE AVES-RARAS [Forma\u00e7\u00e3o]<\/h2>\n\n\n\n<p>30 de Julho, <strong>Festival Tradidan\u00e7as<\/strong>, S\u00e3o Pedro do Sul (2 sess\u00f5es) &#8211; 40 Pax<\/p>\n\n\n\n<h2 class=\"wp-block-heading\">CINANIMA [Iniciativa Comunit\u00e1ria]<\/h2>\n\n\n\n<p>30 de Agosto, <strong>Curtas-metragens de anima\u00e7\u00e3o<\/strong>, Parque Intergeracional do Couto de Cima &#8211; Participantes n\u00e3o contabiliz\u00e1veis<\/p>\n\n\n\n<h2 class=\"wp-block-heading\">PINTA O TEU PALHA\u00c7O [Anima\u00e7\u00e3o de Rua]<\/h2>\n\n\n\n<p>13 de Setembro, <strong>HR-Mort\u00e1gua<\/strong> &#8211; Participantes n\u00e3o contabiliz\u00e1veis<\/p>\n\n\n\n<h2 class=\"wp-block-heading\">DIA DE S\u00c3O REFAZER [Iniciativa comunit\u00e1ria]<\/h2>\n\n\n\n<p>11 de Outubro, <strong>Daniel Matos<\/strong> (madeiras), Mosteirinho, Viseu &#8211; 8 Pax<\/p>\n\n\n\n<h2 class=\"wp-block-heading\">CAL\u00c7ADA (\u00c0) PORTUGUESA [Concurso]<\/h2>\n\n\n\n<p>15 de Novembro, <strong>Largo Comunit\u00e1rio<\/strong>, Mosteirinho, Viseu &#8211; 416 Pax<\/p>\n\n\n\n<h2 class=\"wp-block-heading\">A CAIXINHA DE M\u00daSICA [Espect\u00e1culo]<\/h2>\n\n\n\n<p>16 de Novembro, <strong>Audit\u00f3rio Municipal de Paredes de Coura<\/strong> &#8211; 50 Pax<br>8 de Dezembro, <strong>Pal\u00e1cio do Gelo<\/strong>, Viseu &#8211; Participantes n\u00e3o contabiliz\u00e1veis<\/p>\n\n\n\n<h2 class=\"wp-block-heading\">M\u00c3E NAT\u00c1LIA [Espect\u00e1culo]<\/h2>\n\n\n\n<p>4 de Dezembro, <strong>Lar de S\u00e3o Martinho<\/strong>, Couto de Cima &#8211; 40 Pax<br>12 de Dezembro, Ass. Solid. Social de  <strong>Farminh\u00e3o<\/strong> &#8211; 80 Pax<br>14 de Dezembro, <strong>Carvalhais<\/strong> de S\u00e3o Pedro do Sul &#8211; 50 Pax<br>15 de Dezembro, Audit\u00f3rio Paroquial de <strong>Mangualde<\/strong> (4 sess\u00f5es) &#8211; 1.000 Pax<br>16 de Dezembro, Escola EB1 do <strong>Couto de Cima<\/strong> &#8211; 40 Pax<br>19 de Dezembro, Cineteatro de <strong>Vouzela<\/strong> &#8211; 45 Pax<\/p>\n\n\n\n<h2 class=\"wp-block-heading\">O DUENDE DESEMPREGADO [Espect\u00e1culo]<\/h2>\n\n\n\n<p>9 de Dezembro, <strong>Escola de Santa Eug\u00e9nia<\/strong>, Viso &#8211; Viseu &#8211; 80 Pax<br>10 de Dezembro, <strong>Funda\u00e7\u00e3o Mariana Seixas<\/strong>, Viseu &#8211; 70 Pax<br>13 de Dezembro, <strong>Bichinhos Brincadores<\/strong> &#8211; Viseu &#8211; 35 Pax<br>14 de Dezembro, <strong>Museu Mar\u00edtimo<\/strong> de \u00cdlhavo &#8211; 50 Pax<br>16 de Dezembro, EB1 de <strong>Cambra<\/strong>, Vouzela &#8211; 160 Pax<br>18 de Dezembro, Pra\u00e7a do Munic\u00edpio da <strong>Mealhada<\/strong> &#8211; 80 Pax<br>19 de Dezembro, Base A\u00e9rea N5 de <strong>Monte Real <\/strong>&#8211; Participantes n\u00e3o contabiliz\u00e1veis<br>21 de Dezembro, Bairro Natal, <strong>Oliveira do Bairro<\/strong> &#8211; Participantes n\u00e3o contabiliz\u00e1veis<br>22 de Dezembro, Cineteatro de <strong>S\u00e3o Pedro do Sul<\/strong> &#8211; 80 Pax<\/p>\n","protected":false},"excerpt":{"rendered":"<p>133\u00a0Produ\u00e7\u00f5es[ 15 Iniciativas Comunit\u00e1rias + 10 Espect\u00e1culos + 13 Anima\u00e7\u00f5es + 54 Forma\u00e7\u00f5es + 6 Concursos + 12 Resid\u00eancias Art\u00edsticas + 5 Exposi\u00e7\u00f5es ] 402\u00a0Sess\u00f5es 24.567\u00a0Participantes (dados registados at\u00e9 31-12-2025 com os participantes de rua n\u00e3o quantific\u00e1veis) \u201c\u00c1RVORES DE JANEIRO\u201d [Iniciativa Comunit\u00e1ria] 27 de Dezembro a 31 de Janeiro \u2013&nbsp;Qta da Cruz \u2013 Centro de &hellip; <\/p>\n<p class=\"link-more\"><a href=\"https:\/\/www.quintaoficina.pt\/index.php\/2025-2\/\" class=\"more-link\">Continuar a ler <span class=\"screen-reader-text\">&#8220;2025&#8221;<\/span><\/a><\/p>\n","protected":false},"author":1,"featured_media":0,"parent":0,"menu_order":0,"comment_status":"closed","ping_status":"closed","template":"template-full-width.php","meta":{"footnotes":""},"class_list":["post-4716","page","type-page","status-publish","hentry"],"_links":{"self":[{"href":"https:\/\/www.quintaoficina.pt\/index.php\/wp-json\/wp\/v2\/pages\/4716","targetHints":{"allow":["GET"]}}],"collection":[{"href":"https:\/\/www.quintaoficina.pt\/index.php\/wp-json\/wp\/v2\/pages"}],"about":[{"href":"https:\/\/www.quintaoficina.pt\/index.php\/wp-json\/wp\/v2\/types\/page"}],"author":[{"embeddable":true,"href":"https:\/\/www.quintaoficina.pt\/index.php\/wp-json\/wp\/v2\/users\/1"}],"replies":[{"embeddable":true,"href":"https:\/\/www.quintaoficina.pt\/index.php\/wp-json\/wp\/v2\/comments?post=4716"}],"version-history":[{"count":75,"href":"https:\/\/www.quintaoficina.pt\/index.php\/wp-json\/wp\/v2\/pages\/4716\/revisions"}],"predecessor-version":[{"id":5204,"href":"https:\/\/www.quintaoficina.pt\/index.php\/wp-json\/wp\/v2\/pages\/4716\/revisions\/5204"}],"wp:attachment":[{"href":"https:\/\/www.quintaoficina.pt\/index.php\/wp-json\/wp\/v2\/media?parent=4716"}],"curies":[{"name":"wp","href":"https:\/\/api.w.org\/{rel}","templated":true}]}}