{"id":4732,"date":"2025-02-17T23:35:50","date_gmt":"2025-02-17T23:35:50","guid":{"rendered":"https:\/\/www.quintaoficina.pt\/?page_id=4732"},"modified":"2026-03-23T23:41:08","modified_gmt":"2026-03-23T23:41:08","slug":"2025-exposicoes","status":"publish","type":"page","link":"https:\/\/www.quintaoficina.pt\/index.php\/2025-exposicoes\/","title":{"rendered":"2025"},"content":{"rendered":"\n<figure class=\"wp-block-image size-large\"><img loading=\"lazy\" decoding=\"async\" width=\"1024\" height=\"777\" src=\"https:\/\/www.quintaoficina.pt\/wp-content\/uploads\/2026\/03\/Captura-de-ecra-2026-03-23-as-23.33.34-1024x777.png\" alt=\"\" class=\"wp-image-5288\" srcset=\"https:\/\/www.quintaoficina.pt\/wp-content\/uploads\/2026\/03\/Captura-de-ecra-2026-03-23-as-23.33.34-1024x777.png 1024w, https:\/\/www.quintaoficina.pt\/wp-content\/uploads\/2026\/03\/Captura-de-ecra-2026-03-23-as-23.33.34-300x228.png 300w, https:\/\/www.quintaoficina.pt\/wp-content\/uploads\/2026\/03\/Captura-de-ecra-2026-03-23-as-23.33.34-768x583.png 768w, https:\/\/www.quintaoficina.pt\/wp-content\/uploads\/2026\/03\/Captura-de-ecra-2026-03-23-as-23.33.34-1536x1165.png 1536w, https:\/\/www.quintaoficina.pt\/wp-content\/uploads\/2026\/03\/Captura-de-ecra-2026-03-23-as-23.33.34-2048x1554.png 2048w\" sizes=\"auto, (max-width: 767px) 89vw, (max-width: 1000px) 54vw, (max-width: 1071px) 543px, 580px\" \/><\/figure>\n\n\n\n<p>Na edi\u00e7\u00e3o de este ano, opt\u00e1mos por ser literais e as fotos foram impressas em pe\u00e7as de vestu\u00e1rio, para que o &#8220;estendal&#8221; o seja efetivamente!<\/p>\n\n\n\n<figure class=\"wp-block-gallery has-nested-images columns-2 is-cropped wp-block-gallery-1 is-layout-flex wp-block-gallery-is-layout-flex\">\n<figure class=\"wp-block-image size-large\"><img loading=\"lazy\" decoding=\"async\" width=\"1024\" height=\"574\" data-id=\"5289\" src=\"https:\/\/www.quintaoficina.pt\/wp-content\/uploads\/2026\/03\/Captura-de-ecra-2026-03-23-as-23.31.52-1024x574.png\" alt=\"\" class=\"wp-image-5289\" srcset=\"https:\/\/www.quintaoficina.pt\/wp-content\/uploads\/2026\/03\/Captura-de-ecra-2026-03-23-as-23.31.52-1024x574.png 1024w, https:\/\/www.quintaoficina.pt\/wp-content\/uploads\/2026\/03\/Captura-de-ecra-2026-03-23-as-23.31.52-300x168.png 300w, https:\/\/www.quintaoficina.pt\/wp-content\/uploads\/2026\/03\/Captura-de-ecra-2026-03-23-as-23.31.52-768x430.png 768w, https:\/\/www.quintaoficina.pt\/wp-content\/uploads\/2026\/03\/Captura-de-ecra-2026-03-23-as-23.31.52-1536x861.png 1536w, https:\/\/www.quintaoficina.pt\/wp-content\/uploads\/2026\/03\/Captura-de-ecra-2026-03-23-as-23.31.52-2048x1148.png 2048w\" sizes=\"auto, (max-width: 767px) 89vw, (max-width: 1000px) 54vw, (max-width: 1071px) 543px, 580px\" \/><\/figure>\n\n\n\n<figure class=\"wp-block-image size-large\"><img loading=\"lazy\" decoding=\"async\" width=\"1024\" height=\"756\" data-id=\"5287\" src=\"https:\/\/www.quintaoficina.pt\/wp-content\/uploads\/2026\/03\/Captura-de-ecra-2026-03-23-as-23.32.59-1024x756.png\" alt=\"\" class=\"wp-image-5287\" srcset=\"https:\/\/www.quintaoficina.pt\/wp-content\/uploads\/2026\/03\/Captura-de-ecra-2026-03-23-as-23.32.59-1024x756.png 1024w, https:\/\/www.quintaoficina.pt\/wp-content\/uploads\/2026\/03\/Captura-de-ecra-2026-03-23-as-23.32.59-300x221.png 300w, https:\/\/www.quintaoficina.pt\/wp-content\/uploads\/2026\/03\/Captura-de-ecra-2026-03-23-as-23.32.59-768x567.png 768w, https:\/\/www.quintaoficina.pt\/wp-content\/uploads\/2026\/03\/Captura-de-ecra-2026-03-23-as-23.32.59-1536x1133.png 1536w, https:\/\/www.quintaoficina.pt\/wp-content\/uploads\/2026\/03\/Captura-de-ecra-2026-03-23-as-23.32.59-2048x1511.png 2048w\" sizes=\"auto, (max-width: 767px) 89vw, (max-width: 1000px) 54vw, (max-width: 1071px) 543px, 580px\" \/><\/figure>\n\n\n\n<figure class=\"wp-block-image size-large\"><img loading=\"lazy\" decoding=\"async\" width=\"1024\" height=\"768\" data-id=\"5286\" src=\"https:\/\/www.quintaoficina.pt\/wp-content\/uploads\/2026\/03\/IMG_3400-1024x768.jpg\" alt=\"\" class=\"wp-image-5286\" srcset=\"https:\/\/www.quintaoficina.pt\/wp-content\/uploads\/2026\/03\/IMG_3400-1024x768.jpg 1024w, https:\/\/www.quintaoficina.pt\/wp-content\/uploads\/2026\/03\/IMG_3400-300x225.jpg 300w, https:\/\/www.quintaoficina.pt\/wp-content\/uploads\/2026\/03\/IMG_3400-768x576.jpg 768w, https:\/\/www.quintaoficina.pt\/wp-content\/uploads\/2026\/03\/IMG_3400-1536x1152.jpg 1536w, https:\/\/www.quintaoficina.pt\/wp-content\/uploads\/2026\/03\/IMG_3400-2048x1536.jpg 2048w\" sizes=\"auto, (max-width: 767px) 89vw, (max-width: 1000px) 54vw, (max-width: 1071px) 543px, 580px\" \/><\/figure>\n<\/figure>\n\n\n\n<p>As fotografias s\u00e3o da autoria dos jovens talentos: Susana Sim\u00f5es e Mariana Veloso, mas tamb\u00e9m dos nossos veteranos Rui P\u00eava e Cristina Nogueira.<\/p>\n\n\n\n<figure class=\"wp-block-gallery has-nested-images columns-default is-cropped wp-block-gallery-2 is-layout-flex wp-block-gallery-is-layout-flex\">\n<figure class=\"wp-block-image size-large\"><img loading=\"lazy\" decoding=\"async\" width=\"1024\" height=\"768\" data-id=\"4993\" src=\"https:\/\/www.quintaoficina.pt\/wp-content\/uploads\/2025\/07\/WhatsApp-Image-2025-06-23-at-16.57.414-1024x768.jpeg\" alt=\"\" class=\"wp-image-4993\" srcset=\"https:\/\/www.quintaoficina.pt\/wp-content\/uploads\/2025\/07\/WhatsApp-Image-2025-06-23-at-16.57.414-1024x768.jpeg 1024w, https:\/\/www.quintaoficina.pt\/wp-content\/uploads\/2025\/07\/WhatsApp-Image-2025-06-23-at-16.57.414-300x225.jpeg 300w, https:\/\/www.quintaoficina.pt\/wp-content\/uploads\/2025\/07\/WhatsApp-Image-2025-06-23-at-16.57.414-768x576.jpeg 768w, https:\/\/www.quintaoficina.pt\/wp-content\/uploads\/2025\/07\/WhatsApp-Image-2025-06-23-at-16.57.414.jpeg 1600w\" sizes=\"auto, (max-width: 767px) 89vw, (max-width: 1000px) 54vw, (max-width: 1071px) 543px, 580px\" \/><\/figure>\n\n\n\n<figure class=\"wp-block-image size-large\"><img loading=\"lazy\" decoding=\"async\" width=\"1024\" height=\"768\" data-id=\"4996\" src=\"https:\/\/www.quintaoficina.pt\/wp-content\/uploads\/2025\/07\/WhatsApp-Image-2025-06-23-at-16.57.401-1024x768.jpeg\" alt=\"\" class=\"wp-image-4996\" srcset=\"https:\/\/www.quintaoficina.pt\/wp-content\/uploads\/2025\/07\/WhatsApp-Image-2025-06-23-at-16.57.401-1024x768.jpeg 1024w, https:\/\/www.quintaoficina.pt\/wp-content\/uploads\/2025\/07\/WhatsApp-Image-2025-06-23-at-16.57.401-300x225.jpeg 300w, https:\/\/www.quintaoficina.pt\/wp-content\/uploads\/2025\/07\/WhatsApp-Image-2025-06-23-at-16.57.401-768x576.jpeg 768w, https:\/\/www.quintaoficina.pt\/wp-content\/uploads\/2025\/07\/WhatsApp-Image-2025-06-23-at-16.57.401-1536x1152.jpeg 1536w, https:\/\/www.quintaoficina.pt\/wp-content\/uploads\/2025\/07\/WhatsApp-Image-2025-06-23-at-16.57.401.jpeg 1600w\" sizes=\"auto, (max-width: 767px) 89vw, (max-width: 1000px) 54vw, (max-width: 1071px) 543px, 580px\" \/><\/figure>\n<\/figure>\n\n\n\n<p>As impress\u00f5es estiveram a cargo da SPS-Mimarte em Junho de 2025<\/p>\n\n\n\n<p>Poder\u00e3o encontra o &#8220;estendal estendido&#8221; em qualquer uma das atividades da 5\u00aaOficina, que decorra num fim de semana de bom-tempo durante todo o ano&#8230;<\/p>\n\n\n\n<p class=\"has-small-font-size\"><em>Esta atividade est\u00e1 inserida no projeto da 5\u00aaOficina: \u201cMOST\u201925 \u2013 Programa\u00e7\u00e3o Internacional de Media\u00e7\u00e3o Cultural em Meio Rural\u201d, uma iniciativa apoiada pelo Munic\u00edpio de Viseu, atrav\u00e9s do EixoCultura.<\/em><\/p>\n","protected":false},"excerpt":{"rendered":"<p>Na edi\u00e7\u00e3o de este ano, opt\u00e1mos por ser literais e as fotos foram impressas em pe\u00e7as de vestu\u00e1rio, para que o &#8220;estendal&#8221; o seja efetivamente! As fotografias s\u00e3o da autoria dos jovens talentos: Susana Sim\u00f5es e Mariana Veloso, mas tamb\u00e9m dos nossos veteranos Rui P\u00eava e Cristina Nogueira. As impress\u00f5es estiveram a cargo da SPS-Mimarte &hellip; <\/p>\n<p class=\"link-more\"><a href=\"https:\/\/www.quintaoficina.pt\/index.php\/2025-exposicoes\/\" class=\"more-link\">Continuar a ler <span class=\"screen-reader-text\">&#8220;2025&#8221;<\/span><\/a><\/p>\n","protected":false},"author":1,"featured_media":0,"parent":0,"menu_order":0,"comment_status":"closed","ping_status":"closed","template":"template-full-width.php","meta":{"footnotes":""},"class_list":["post-4732","page","type-page","status-publish","hentry"],"_links":{"self":[{"href":"https:\/\/www.quintaoficina.pt\/index.php\/wp-json\/wp\/v2\/pages\/4732","targetHints":{"allow":["GET"]}}],"collection":[{"href":"https:\/\/www.quintaoficina.pt\/index.php\/wp-json\/wp\/v2\/pages"}],"about":[{"href":"https:\/\/www.quintaoficina.pt\/index.php\/wp-json\/wp\/v2\/types\/page"}],"author":[{"embeddable":true,"href":"https:\/\/www.quintaoficina.pt\/index.php\/wp-json\/wp\/v2\/users\/1"}],"replies":[{"embeddable":true,"href":"https:\/\/www.quintaoficina.pt\/index.php\/wp-json\/wp\/v2\/comments?post=4732"}],"version-history":[{"count":9,"href":"https:\/\/www.quintaoficina.pt\/index.php\/wp-json\/wp\/v2\/pages\/4732\/revisions"}],"predecessor-version":[{"id":5291,"href":"https:\/\/www.quintaoficina.pt\/index.php\/wp-json\/wp\/v2\/pages\/4732\/revisions\/5291"}],"wp:attachment":[{"href":"https:\/\/www.quintaoficina.pt\/index.php\/wp-json\/wp\/v2\/media?parent=4732"}],"curies":[{"name":"wp","href":"https:\/\/api.w.org\/{rel}","templated":true}]}}