{"id":592,"date":"2019-10-30T11:09:31","date_gmt":"2019-10-30T11:09:31","guid":{"rendered":"http:\/\/www.quintaoficina.pt\/?page_id=592"},"modified":"2023-09-04T09:47:29","modified_gmt":"2023-09-04T08:47:29","slug":"contentissimo","status":"publish","type":"page","link":"https:\/\/www.quintaoficina.pt\/index.php\/contentissimo\/","title":{"rendered":"CONTENT\u00cdSSIMO"},"content":{"rendered":"\n<p>&#8220;<strong><em>CONTENT\u00cdSSIMO&#8230; a Residoen\u00e7a de Luxo<\/em><\/strong>&#8220;<br><\/p>\n\n\n\n<figure class=\"wp-block-embed aligncenter is-type-video is-provider-youtube wp-block-embed-youtube wp-embed-aspect-16-9 wp-has-aspect-ratio\"><div class=\"wp-block-embed__wrapper\">\n<iframe loading=\"lazy\" title=\"CONTENT\u00cdSSIMO - A Residoen\u00e7a de Luxo (Com\u00e9dia - Associa\u00e7\u00e3o Quinta Oficina)\" width=\"525\" height=\"295\" src=\"https:\/\/www.youtube.com\/embed\/E_9QEWdM5g8?feature=oembed\" frameborder=\"0\" allow=\"accelerometer; autoplay; clipboard-write; encrypted-media; gyroscope; picture-in-picture; web-share\" referrerpolicy=\"strict-origin-when-cross-origin\" allowfullscreen><\/iframe>\n<\/div><\/figure>\n\n\n\n<p>Uma com\u00e9dia cr\u00edtica e profundamente pedag\u00f3gica que faz refletir sobre o luxo de lixo em que vivemos. Esta \u00e9 a hist\u00f3ria (in)feliz de um palha\u00e7o que vive contente. Uma com\u00e9dia sem palavras que vai dar que falar. Um apelo c\u00f3mico a uma mudan\u00e7a que se quer urgente.<\/p>\n\n\n\n<figure class=\"wp-block-gallery has-nested-images columns-2 wp-block-gallery-1 is-layout-flex wp-block-gallery-is-layout-flex\">\n<figure class=\"wp-block-image size-large\"><img loading=\"lazy\" decoding=\"async\" width=\"683\" height=\"1024\" data-id=\"2705\" src=\"https:\/\/www.quintaoficina.pt\/wp-content\/uploads\/2022\/10\/DSC_0484-683x1024.jpg\" alt=\"\" class=\"wp-image-2705\" srcset=\"https:\/\/www.quintaoficina.pt\/wp-content\/uploads\/2022\/10\/DSC_0484-683x1024.jpg 683w, https:\/\/www.quintaoficina.pt\/wp-content\/uploads\/2022\/10\/DSC_0484-200x300.jpg 200w, https:\/\/www.quintaoficina.pt\/wp-content\/uploads\/2022\/10\/DSC_0484-768x1151.jpg 768w, https:\/\/www.quintaoficina.pt\/wp-content\/uploads\/2022\/10\/DSC_0484-1025x1536.jpg 1025w, https:\/\/www.quintaoficina.pt\/wp-content\/uploads\/2022\/10\/DSC_0484-1366x2048.jpg 1366w, https:\/\/www.quintaoficina.pt\/wp-content\/uploads\/2022\/10\/DSC_0484.jpg 1668w\" sizes=\"auto, (max-width: 683px) 100vw, 683px\" \/><\/figure>\n\n\n\n<figure class=\"wp-block-image size-large\"><img loading=\"lazy\" decoding=\"async\" width=\"683\" height=\"1024\" data-id=\"2704\" src=\"https:\/\/www.quintaoficina.pt\/wp-content\/uploads\/2022\/10\/DSC_0534-683x1024.jpg\" alt=\"\" class=\"wp-image-2704\" srcset=\"https:\/\/www.quintaoficina.pt\/wp-content\/uploads\/2022\/10\/DSC_0534-683x1024.jpg 683w, https:\/\/www.quintaoficina.pt\/wp-content\/uploads\/2022\/10\/DSC_0534-200x300.jpg 200w, https:\/\/www.quintaoficina.pt\/wp-content\/uploads\/2022\/10\/DSC_0534-768x1151.jpg 768w, https:\/\/www.quintaoficina.pt\/wp-content\/uploads\/2022\/10\/DSC_0534-1025x1536.jpg 1025w, https:\/\/www.quintaoficina.pt\/wp-content\/uploads\/2022\/10\/DSC_0534-1366x2048.jpg 1366w, https:\/\/www.quintaoficina.pt\/wp-content\/uploads\/2022\/10\/DSC_0534.jpg 1668w\" sizes=\"auto, (max-width: 683px) 100vw, 683px\" \/><\/figure>\n\n\n\n<figure class=\"wp-block-image size-large\"><img loading=\"lazy\" decoding=\"async\" width=\"683\" height=\"1024\" data-id=\"2703\" src=\"https:\/\/www.quintaoficina.pt\/wp-content\/uploads\/2022\/10\/DSC_0538-683x1024.jpg\" alt=\"\" class=\"wp-image-2703\" srcset=\"https:\/\/www.quintaoficina.pt\/wp-content\/uploads\/2022\/10\/DSC_0538-683x1024.jpg 683w, https:\/\/www.quintaoficina.pt\/wp-content\/uploads\/2022\/10\/DSC_0538-200x300.jpg 200w, https:\/\/www.quintaoficina.pt\/wp-content\/uploads\/2022\/10\/DSC_0538-768x1151.jpg 768w, https:\/\/www.quintaoficina.pt\/wp-content\/uploads\/2022\/10\/DSC_0538-1025x1536.jpg 1025w, https:\/\/www.quintaoficina.pt\/wp-content\/uploads\/2022\/10\/DSC_0538-1366x2048.jpg 1366w, https:\/\/www.quintaoficina.pt\/wp-content\/uploads\/2022\/10\/DSC_0538.jpg 1668w\" sizes=\"auto, (max-width: 683px) 100vw, 683px\" \/><\/figure>\n\n\n\n<figure class=\"wp-block-image size-large\"><img loading=\"lazy\" decoding=\"async\" width=\"683\" height=\"1024\" data-id=\"2701\" src=\"https:\/\/www.quintaoficina.pt\/wp-content\/uploads\/2022\/10\/DSC_0573-683x1024.jpg\" alt=\"\" class=\"wp-image-2701\" srcset=\"https:\/\/www.quintaoficina.pt\/wp-content\/uploads\/2022\/10\/DSC_0573-683x1024.jpg 683w, https:\/\/www.quintaoficina.pt\/wp-content\/uploads\/2022\/10\/DSC_0573-200x300.jpg 200w, https:\/\/www.quintaoficina.pt\/wp-content\/uploads\/2022\/10\/DSC_0573-768x1151.jpg 768w, https:\/\/www.quintaoficina.pt\/wp-content\/uploads\/2022\/10\/DSC_0573-1025x1536.jpg 1025w, https:\/\/www.quintaoficina.pt\/wp-content\/uploads\/2022\/10\/DSC_0573-1366x2048.jpg 1366w, https:\/\/www.quintaoficina.pt\/wp-content\/uploads\/2022\/10\/DSC_0573.jpg 1668w\" sizes=\"auto, (max-width: 683px) 100vw, 683px\" \/><\/figure>\n\n\n\n<figure class=\"wp-block-image size-large\"><img loading=\"lazy\" decoding=\"async\" width=\"1024\" height=\"683\" data-id=\"2695\" src=\"https:\/\/www.quintaoficina.pt\/wp-content\/uploads\/2022\/10\/DSC_0755-1024x683.jpg\" alt=\"\" class=\"wp-image-2695\" srcset=\"https:\/\/www.quintaoficina.pt\/wp-content\/uploads\/2022\/10\/DSC_0755-1024x683.jpg 1024w, https:\/\/www.quintaoficina.pt\/wp-content\/uploads\/2022\/10\/DSC_0755-300x200.jpg 300w, https:\/\/www.quintaoficina.pt\/wp-content\/uploads\/2022\/10\/DSC_0755-768x512.jpg 768w, https:\/\/www.quintaoficina.pt\/wp-content\/uploads\/2022\/10\/DSC_0755-1536x1025.jpg 1536w, https:\/\/www.quintaoficina.pt\/wp-content\/uploads\/2022\/10\/DSC_0755-2048x1366.jpg 2048w\" sizes=\"auto, (max-width: 767px) 89vw, (max-width: 1000px) 54vw, (max-width: 1071px) 543px, 580px\" \/><\/figure>\n\n\n\n<figure class=\"wp-block-image size-large\"><img loading=\"lazy\" decoding=\"async\" width=\"1024\" height=\"683\" data-id=\"2697\" src=\"https:\/\/www.quintaoficina.pt\/wp-content\/uploads\/2022\/10\/DSC_0634-1024x683.jpg\" alt=\"\" class=\"wp-image-2697\" srcset=\"https:\/\/www.quintaoficina.pt\/wp-content\/uploads\/2022\/10\/DSC_0634-1024x683.jpg 1024w, https:\/\/www.quintaoficina.pt\/wp-content\/uploads\/2022\/10\/DSC_0634-300x200.jpg 300w, https:\/\/www.quintaoficina.pt\/wp-content\/uploads\/2022\/10\/DSC_0634-768x512.jpg 768w, https:\/\/www.quintaoficina.pt\/wp-content\/uploads\/2022\/10\/DSC_0634-1536x1025.jpg 1536w, https:\/\/www.quintaoficina.pt\/wp-content\/uploads\/2022\/10\/DSC_0634-2048x1366.jpg 2048w\" sizes=\"auto, (max-width: 767px) 89vw, (max-width: 1000px) 54vw, (max-width: 1071px) 543px, 580px\" \/><\/figure>\n\n\n\n<figure class=\"wp-block-image size-large\"><img loading=\"lazy\" decoding=\"async\" width=\"683\" height=\"1024\" data-id=\"2694\" src=\"https:\/\/www.quintaoficina.pt\/wp-content\/uploads\/2022\/10\/DSC_0754-683x1024.jpg\" alt=\"\" class=\"wp-image-2694\" srcset=\"https:\/\/www.quintaoficina.pt\/wp-content\/uploads\/2022\/10\/DSC_0754-683x1024.jpg 683w, https:\/\/www.quintaoficina.pt\/wp-content\/uploads\/2022\/10\/DSC_0754-200x300.jpg 200w, https:\/\/www.quintaoficina.pt\/wp-content\/uploads\/2022\/10\/DSC_0754-768x1151.jpg 768w, https:\/\/www.quintaoficina.pt\/wp-content\/uploads\/2022\/10\/DSC_0754-1025x1536.jpg 1025w, https:\/\/www.quintaoficina.pt\/wp-content\/uploads\/2022\/10\/DSC_0754-1366x2048.jpg 1366w, https:\/\/www.quintaoficina.pt\/wp-content\/uploads\/2022\/10\/DSC_0754.jpg 1668w\" sizes=\"auto, (max-width: 683px) 100vw, 683px\" \/><\/figure>\n\n\n\n<figure class=\"wp-block-image size-large\"><img loading=\"lazy\" decoding=\"async\" width=\"683\" height=\"1024\" data-id=\"2698\" src=\"https:\/\/www.quintaoficina.pt\/wp-content\/uploads\/2022\/10\/DSC_0618-683x1024.jpg\" alt=\"\" class=\"wp-image-2698\" srcset=\"https:\/\/www.quintaoficina.pt\/wp-content\/uploads\/2022\/10\/DSC_0618-683x1024.jpg 683w, https:\/\/www.quintaoficina.pt\/wp-content\/uploads\/2022\/10\/DSC_0618-200x300.jpg 200w, https:\/\/www.quintaoficina.pt\/wp-content\/uploads\/2022\/10\/DSC_0618-768x1151.jpg 768w, https:\/\/www.quintaoficina.pt\/wp-content\/uploads\/2022\/10\/DSC_0618-1025x1536.jpg 1025w, https:\/\/www.quintaoficina.pt\/wp-content\/uploads\/2022\/10\/DSC_0618-1366x2048.jpg 1366w, https:\/\/www.quintaoficina.pt\/wp-content\/uploads\/2022\/10\/DSC_0618.jpg 1668w\" sizes=\"auto, (max-width: 683px) 100vw, 683px\" \/><\/figure>\n\n\n\n<figure class=\"wp-block-image size-large\"><img loading=\"lazy\" decoding=\"async\" width=\"683\" height=\"1024\" data-id=\"2702\" src=\"https:\/\/www.quintaoficina.pt\/wp-content\/uploads\/2022\/10\/DSC_0570-683x1024.jpg\" alt=\"\" class=\"wp-image-2702\" srcset=\"https:\/\/www.quintaoficina.pt\/wp-content\/uploads\/2022\/10\/DSC_0570-683x1024.jpg 683w, https:\/\/www.quintaoficina.pt\/wp-content\/uploads\/2022\/10\/DSC_0570-200x300.jpg 200w, https:\/\/www.quintaoficina.pt\/wp-content\/uploads\/2022\/10\/DSC_0570-768x1151.jpg 768w, https:\/\/www.quintaoficina.pt\/wp-content\/uploads\/2022\/10\/DSC_0570-1025x1536.jpg 1025w, https:\/\/www.quintaoficina.pt\/wp-content\/uploads\/2022\/10\/DSC_0570-1366x2048.jpg 1366w, https:\/\/www.quintaoficina.pt\/wp-content\/uploads\/2022\/10\/DSC_0570.jpg 1668w\" sizes=\"auto, (max-width: 683px) 100vw, 683px\" \/><\/figure>\n\n\n\n<figure class=\"wp-block-image size-large\"><img loading=\"lazy\" decoding=\"async\" width=\"683\" height=\"1024\" data-id=\"2699\" src=\"https:\/\/www.quintaoficina.pt\/wp-content\/uploads\/2022\/10\/DSC_0589-683x1024.jpg\" alt=\"\" class=\"wp-image-2699\" srcset=\"https:\/\/www.quintaoficina.pt\/wp-content\/uploads\/2022\/10\/DSC_0589-683x1024.jpg 683w, https:\/\/www.quintaoficina.pt\/wp-content\/uploads\/2022\/10\/DSC_0589-200x300.jpg 200w, https:\/\/www.quintaoficina.pt\/wp-content\/uploads\/2022\/10\/DSC_0589-768x1151.jpg 768w, https:\/\/www.quintaoficina.pt\/wp-content\/uploads\/2022\/10\/DSC_0589-1025x1536.jpg 1025w, https:\/\/www.quintaoficina.pt\/wp-content\/uploads\/2022\/10\/DSC_0589-1366x2048.jpg 1366w, https:\/\/www.quintaoficina.pt\/wp-content\/uploads\/2022\/10\/DSC_0589.jpg 1668w\" sizes=\"auto, (max-width: 683px) 100vw, 683px\" \/><\/figure>\n\n\n\n<figure class=\"wp-block-image size-large\"><img loading=\"lazy\" decoding=\"async\" width=\"1024\" height=\"683\" data-id=\"2693\" src=\"https:\/\/www.quintaoficina.pt\/wp-content\/uploads\/2022\/10\/DSC_0677-1024x683.jpg\" alt=\"\" class=\"wp-image-2693\" srcset=\"https:\/\/www.quintaoficina.pt\/wp-content\/uploads\/2022\/10\/DSC_0677-1024x683.jpg 1024w, https:\/\/www.quintaoficina.pt\/wp-content\/uploads\/2022\/10\/DSC_0677-300x200.jpg 300w, https:\/\/www.quintaoficina.pt\/wp-content\/uploads\/2022\/10\/DSC_0677-768x512.jpg 768w, https:\/\/www.quintaoficina.pt\/wp-content\/uploads\/2022\/10\/DSC_0677-1536x1025.jpg 1536w, https:\/\/www.quintaoficina.pt\/wp-content\/uploads\/2022\/10\/DSC_0677-2048x1366.jpg 2048w\" sizes=\"auto, (max-width: 767px) 89vw, (max-width: 1000px) 54vw, (max-width: 1071px) 543px, 580px\" \/><\/figure>\n\n\n\n<figure class=\"wp-block-image size-large\"><img loading=\"lazy\" decoding=\"async\" width=\"1024\" height=\"683\" data-id=\"2700\" src=\"https:\/\/www.quintaoficina.pt\/wp-content\/uploads\/2022\/10\/DSC_0582-1024x683.jpg\" alt=\"\" class=\"wp-image-2700\" srcset=\"https:\/\/www.quintaoficina.pt\/wp-content\/uploads\/2022\/10\/DSC_0582-1024x683.jpg 1024w, https:\/\/www.quintaoficina.pt\/wp-content\/uploads\/2022\/10\/DSC_0582-300x200.jpg 300w, https:\/\/www.quintaoficina.pt\/wp-content\/uploads\/2022\/10\/DSC_0582-768x512.jpg 768w, https:\/\/www.quintaoficina.pt\/wp-content\/uploads\/2022\/10\/DSC_0582-1536x1025.jpg 1536w, https:\/\/www.quintaoficina.pt\/wp-content\/uploads\/2022\/10\/DSC_0582-2048x1366.jpg 2048w\" sizes=\"auto, (max-width: 767px) 89vw, (max-width: 1000px) 54vw, (max-width: 1071px) 543px, 580px\" \/><\/figure>\n\n\n\n<figure class=\"wp-block-image size-large\"><img loading=\"lazy\" decoding=\"async\" width=\"1024\" height=\"683\" data-id=\"2692\" src=\"https:\/\/www.quintaoficina.pt\/wp-content\/uploads\/2022\/10\/DSC_0773-1024x683.jpg\" alt=\"\" class=\"wp-image-2692\" srcset=\"https:\/\/www.quintaoficina.pt\/wp-content\/uploads\/2022\/10\/DSC_0773-1024x683.jpg 1024w, https:\/\/www.quintaoficina.pt\/wp-content\/uploads\/2022\/10\/DSC_0773-300x200.jpg 300w, https:\/\/www.quintaoficina.pt\/wp-content\/uploads\/2022\/10\/DSC_0773-768x512.jpg 768w, https:\/\/www.quintaoficina.pt\/wp-content\/uploads\/2022\/10\/DSC_0773-1536x1025.jpg 1536w, https:\/\/www.quintaoficina.pt\/wp-content\/uploads\/2022\/10\/DSC_0773-2048x1366.jpg 2048w\" sizes=\"auto, (max-width: 767px) 89vw, (max-width: 1000px) 54vw, (max-width: 1071px) 543px, 580px\" \/><\/figure>\n<\/figure>\n\n\n\n<p>Festival <strong>TRIP<\/strong>2022<strong>VISEU<\/strong> &#8211; Fotografias de Gilberto Figueiredo<\/p>\n\n\n\n<p><br><br><strong>SINOPSE<\/strong><\/p>\n\n\n\n<p>Um palha\u00e7o tramado, desidratado e emplastificado&#8230; um homem comum, que vive feliz, content\u00edssimo no seu contentor, no seu palacete exuberante, mas rodeado de lixo, que aos poucos o sufocar\u00e1&#8230; \u00c9 uma met\u00e1fora aos dias de hoje, de como os nossos luxos fazem lixos! Uma com\u00e9dia sem texto, de linguagem e tem\u00e1tica universal, um espect\u00e1culo simples, mas provocador, criado a pensar em todos, de todas as idades e mentalidades&#8230; Vamos rir-nos de coisas s\u00e9rias, vamos rir-nos de n\u00f3s pr\u00f3prios, porque todos n\u00f3s vivemos numa distra\u00e7\u00e3o di\u00e1ria, espremendo um planeta que tamb\u00e9m sabemos n\u00e3o ser inesgot\u00e1vel.<\/p>\n\n\n\n<p>Interpreta\u00e7\u00e3o: <strong>Z\u00e9 Pedro Ramos<\/strong><br>Luz e Som: <strong>Rui P\u00eava<\/strong><br>Cenografia: <strong>M\u00e1rio Almeida<\/strong> e <strong>Paulo Pedro<\/strong><br>Figurino: <strong>Ana Limpinho<\/strong><br>Voz-Off: <strong>Liliana Martinho<\/strong><br>Apoio Log\u00edstico:<strong> Daniel Matos<\/strong> e <strong>Ricardo Augusto<\/strong><br>Secretaria: <strong>T\u00e2nia Gouveia<\/strong><br>Produ\u00e7\u00e3o: <strong>Cris Nogueira<\/strong><br>Cria\u00e7\u00e3o: <strong>5\u00aa Oficina<\/strong><br>Apoio: <strong>d&#8217;Orfeu-AC<\/strong><\/p>\n\n\n\n<p><\/p>\n\n\n<div class=\"wp-block-image\">\n<figure class=\"aligncenter size-large\"><img loading=\"lazy\" decoding=\"async\" width=\"1024\" height=\"768\" src=\"https:\/\/www.quintaoficina.pt\/wp-content\/uploads\/2020\/10\/image00007_1-1024x768.jpg\" alt=\"\" class=\"wp-image-1522\" srcset=\"https:\/\/www.quintaoficina.pt\/wp-content\/uploads\/2020\/10\/image00007_1-1024x768.jpg 1024w, https:\/\/www.quintaoficina.pt\/wp-content\/uploads\/2020\/10\/image00007_1-300x225.jpg 300w, https:\/\/www.quintaoficina.pt\/wp-content\/uploads\/2020\/10\/image00007_1-768x576.jpg 768w, https:\/\/www.quintaoficina.pt\/wp-content\/uploads\/2020\/10\/image00007_1-1536x1152.jpg 1536w, https:\/\/www.quintaoficina.pt\/wp-content\/uploads\/2020\/10\/image00007_1-2048x1536.jpg 2048w\" sizes=\"auto, (max-width: 767px) 89vw, (max-width: 1000px) 54vw, (max-width: 1071px) 543px, 580px\" \/><\/figure>\n<\/div>\n\n\n<figure class=\"wp-block-gallery has-nested-images columns-default is-cropped wp-block-gallery-2 is-layout-flex wp-block-gallery-is-layout-flex\">\n<figure class=\"wp-block-image size-large\"><img decoding=\"async\" data-id=\"885\" src=\"https:\/\/www.quintaoficina.pt\/wp-content\/uploads\/2019\/11\/Captura-de-ecr\u00e3-2019-11-02-22.57.31.png\" alt=\"\" class=\"wp-image-885\"\/><\/figure>\n\n\n\n<figure class=\"wp-block-image size-large\"><img decoding=\"async\" data-id=\"883\" src=\"https:\/\/www.quintaoficina.pt\/wp-content\/uploads\/2019\/11\/Captura-de-ecr\u00e3-2019-11-02-22.56.42.png\" alt=\"\" class=\"wp-image-883\"\/><\/figure>\n\n\n\n<figure class=\"wp-block-image size-large\"><img decoding=\"async\" data-id=\"888\" src=\"https:\/\/www.quintaoficina.pt\/wp-content\/uploads\/2019\/11\/Captura-de-ecr\u00e3-2019-11-02-22.59.32.png\" alt=\"\" class=\"wp-image-888\"\/><\/figure>\n\n\n\n<figure class=\"wp-block-image size-large\"><img decoding=\"async\" data-id=\"887\" src=\"https:\/\/www.quintaoficina.pt\/wp-content\/uploads\/2019\/11\/Captura-de-ecr\u00e3-2019-11-02-22.59.13.png\" alt=\"\" class=\"wp-image-887\"\/><\/figure>\n\n\n\n<figure class=\"wp-block-image size-large\"><img decoding=\"async\" data-id=\"882\" src=\"https:\/\/www.quintaoficina.pt\/wp-content\/uploads\/2019\/11\/Captura-de-ecr\u00e3-2019-11-02-23.01.37.png\" alt=\"\" class=\"wp-image-882\"\/><\/figure>\n\n\n\n<figure class=\"wp-block-image size-large\"><img decoding=\"async\" data-id=\"886\" src=\"https:\/\/www.quintaoficina.pt\/wp-content\/uploads\/2019\/11\/Captura-de-ecr\u00e3-2019-11-02-22.58.42.png\" alt=\"\" class=\"wp-image-886\"\/><\/figure>\n<figcaption class=\"blocks-gallery-caption wp-element-caption\">Fotos de Cris Nogueira e Hugo Marques<\/figcaption><\/figure>\n\n\n\n<p>Espect\u00e1culo encomendado para a 2\u00aaedi\u00e7\u00e3o do Festival EDUCARTE do Centro de Arte Contempor\u00e2nea de Viseu &#8211; Qta da Cruz &#8211; em 2019<\/p>\n","protected":false},"excerpt":{"rendered":"<p>&#8220;CONTENT\u00cdSSIMO&#8230; a Residoen\u00e7a de Luxo&#8220; Uma com\u00e9dia cr\u00edtica e profundamente pedag\u00f3gica que faz refletir sobre o luxo de lixo em que vivemos. Esta \u00e9 a hist\u00f3ria (in)feliz de um palha\u00e7o que vive contente. Uma com\u00e9dia sem palavras que vai dar que falar. Um apelo c\u00f3mico a uma mudan\u00e7a que se quer urgente. Festival TRIP2022VISEU &#8211; &hellip; <\/p>\n<p class=\"link-more\"><a href=\"https:\/\/www.quintaoficina.pt\/index.php\/contentissimo\/\" class=\"more-link\">Continuar a ler <span class=\"screen-reader-text\">&#8220;CONTENT\u00cdSSIMO&#8221;<\/span><\/a><\/p>\n","protected":false},"author":1,"featured_media":0,"parent":0,"menu_order":0,"comment_status":"closed","ping_status":"closed","template":"template-full-width.php","meta":{"footnotes":""},"class_list":["post-592","page","type-page","status-publish","hentry"],"_links":{"self":[{"href":"https:\/\/www.quintaoficina.pt\/index.php\/wp-json\/wp\/v2\/pages\/592","targetHints":{"allow":["GET"]}}],"collection":[{"href":"https:\/\/www.quintaoficina.pt\/index.php\/wp-json\/wp\/v2\/pages"}],"about":[{"href":"https:\/\/www.quintaoficina.pt\/index.php\/wp-json\/wp\/v2\/types\/page"}],"author":[{"embeddable":true,"href":"https:\/\/www.quintaoficina.pt\/index.php\/wp-json\/wp\/v2\/users\/1"}],"replies":[{"embeddable":true,"href":"https:\/\/www.quintaoficina.pt\/index.php\/wp-json\/wp\/v2\/comments?post=592"}],"version-history":[{"count":20,"href":"https:\/\/www.quintaoficina.pt\/index.php\/wp-json\/wp\/v2\/pages\/592\/revisions"}],"predecessor-version":[{"id":3714,"href":"https:\/\/www.quintaoficina.pt\/index.php\/wp-json\/wp\/v2\/pages\/592\/revisions\/3714"}],"wp:attachment":[{"href":"https:\/\/www.quintaoficina.pt\/index.php\/wp-json\/wp\/v2\/media?parent=592"}],"curies":[{"name":"wp","href":"https:\/\/api.w.org\/{rel}","templated":true}]}}