{"id":594,"date":"2019-10-30T11:10:01","date_gmt":"2019-10-30T11:10:01","guid":{"rendered":"http:\/\/www.quintaoficina.pt\/?page_id=594"},"modified":"2025-12-02T21:23:07","modified_gmt":"2025-12-02T21:23:07","slug":"o-duende-desempregado","status":"publish","type":"page","link":"https:\/\/www.quintaoficina.pt\/index.php\/o-duende-desempregado\/","title":{"rendered":"O DUENDE DESEMPREGADO"},"content":{"rendered":"\n<figure class=\"wp-block-gallery has-nested-images columns-default is-cropped wp-block-gallery-1 is-layout-flex wp-block-gallery-is-layout-flex\">\n<figure class=\"wp-block-image size-large\"><img loading=\"lazy\" decoding=\"async\" width=\"1024\" height=\"458\" data-id=\"4606\" src=\"https:\/\/www.quintaoficina.pt\/wp-content\/uploads\/2024\/12\/WhatsApp-Image-2024-12-14-at-01.29.48-1024x458.jpeg\" alt=\"\" class=\"wp-image-4606\" srcset=\"https:\/\/www.quintaoficina.pt\/wp-content\/uploads\/2024\/12\/WhatsApp-Image-2024-12-14-at-01.29.48-1024x458.jpeg 1024w, https:\/\/www.quintaoficina.pt\/wp-content\/uploads\/2024\/12\/WhatsApp-Image-2024-12-14-at-01.29.48-300x134.jpeg 300w, https:\/\/www.quintaoficina.pt\/wp-content\/uploads\/2024\/12\/WhatsApp-Image-2024-12-14-at-01.29.48-768x343.jpeg 768w, https:\/\/www.quintaoficina.pt\/wp-content\/uploads\/2024\/12\/WhatsApp-Image-2024-12-14-at-01.29.48-1536x686.jpeg 1536w, https:\/\/www.quintaoficina.pt\/wp-content\/uploads\/2024\/12\/WhatsApp-Image-2024-12-14-at-01.29.48.jpeg 2048w\" sizes=\"auto, (max-width: 767px) 89vw, (max-width: 1000px) 54vw, (max-width: 1071px) 543px, 580px\" \/><\/figure>\n\n\n\n<figure class=\"wp-block-image size-large\"><img loading=\"lazy\" decoding=\"async\" width=\"1024\" height=\"768\" data-id=\"4607\" src=\"https:\/\/www.quintaoficina.pt\/wp-content\/uploads\/2024\/12\/WhatsApp-Image-2024-12-14-at-01.29.481-1024x768.jpeg\" alt=\"\" class=\"wp-image-4607\" srcset=\"https:\/\/www.quintaoficina.pt\/wp-content\/uploads\/2024\/12\/WhatsApp-Image-2024-12-14-at-01.29.481-1024x768.jpeg 1024w, https:\/\/www.quintaoficina.pt\/wp-content\/uploads\/2024\/12\/WhatsApp-Image-2024-12-14-at-01.29.481-300x225.jpeg 300w, https:\/\/www.quintaoficina.pt\/wp-content\/uploads\/2024\/12\/WhatsApp-Image-2024-12-14-at-01.29.481-768x576.jpeg 768w, https:\/\/www.quintaoficina.pt\/wp-content\/uploads\/2024\/12\/WhatsApp-Image-2024-12-14-at-01.29.481-1536x1152.jpeg 1536w, https:\/\/www.quintaoficina.pt\/wp-content\/uploads\/2024\/12\/WhatsApp-Image-2024-12-14-at-01.29.481.jpeg 2048w\" sizes=\"auto, (max-width: 767px) 89vw, (max-width: 1000px) 54vw, (max-width: 1071px) 543px, 580px\" \/><\/figure>\n<\/figure>\n\n\n\n<p class=\"has-text-align-left\">SINOPSE de &#8220;O Duende Desempregado&#8221;:<br>Esta anima\u00e7\u00e3o conta a hist\u00f3ria de um Duende que, cansado de trabalhar na f\u00e1brica de brinquedos do Pai Natal, despede-se e vai procurar um novo emprego\u2026 Dentro da sua mala leva consigo v\u00e1rios chap\u00e9us e capacetes de trabalho (alusivos a diferentes profiss\u00f5es), que vai experimentando, numa animada interac\u00e7\u00e3o com o p\u00fablico e ao som de um divertido improviso musical ao vivo. As v\u00e1rias profiss\u00f5es tamb\u00e9m o desagradam constantemente e fazendo grandes trapalhadas, acaba por desistir. Nostalgicamente volta a ser um \u201cDuende Profissional\u201d e grande admirador do Pai Natal, o f\u00e3 n\u00ba 1 do seu eterno \u201c<em>Boss<\/em>\u201d\u2026 e ser\u00e1 que ele tamb\u00e9m vai aparecer se o chamarem?!!<\/p>\n\n\n\n<figure class=\"wp-block-gallery has-nested-images columns-2 wp-block-gallery-2 is-layout-flex wp-block-gallery-is-layout-flex\">\n<figure class=\"wp-block-image size-large\"><img loading=\"lazy\" decoding=\"async\" width=\"1024\" height=\"683\" data-id=\"3178\" src=\"https:\/\/www.quintaoficina.pt\/wp-content\/uploads\/2023\/02\/DSCF9506-1024x683.jpg\" alt=\"\" class=\"wp-image-3178\" srcset=\"https:\/\/www.quintaoficina.pt\/wp-content\/uploads\/2023\/02\/DSCF9506-1024x683.jpg 1024w, https:\/\/www.quintaoficina.pt\/wp-content\/uploads\/2023\/02\/DSCF9506-300x200.jpg 300w, https:\/\/www.quintaoficina.pt\/wp-content\/uploads\/2023\/02\/DSCF9506-768x512.jpg 768w, https:\/\/www.quintaoficina.pt\/wp-content\/uploads\/2023\/02\/DSCF9506-1536x1024.jpg 1536w, https:\/\/www.quintaoficina.pt\/wp-content\/uploads\/2023\/02\/DSCF9506.jpg 2048w\" sizes=\"auto, (max-width: 767px) 89vw, (max-width: 1000px) 54vw, (max-width: 1071px) 543px, 580px\" \/><\/figure>\n\n\n\n<figure class=\"wp-block-image size-large\"><img loading=\"lazy\" decoding=\"async\" width=\"1024\" height=\"683\" data-id=\"3176\" src=\"https:\/\/www.quintaoficina.pt\/wp-content\/uploads\/2023\/02\/DSCF9153-1024x683.jpg\" alt=\"\" class=\"wp-image-3176\" srcset=\"https:\/\/www.quintaoficina.pt\/wp-content\/uploads\/2023\/02\/DSCF9153-1024x683.jpg 1024w, https:\/\/www.quintaoficina.pt\/wp-content\/uploads\/2023\/02\/DSCF9153-300x200.jpg 300w, https:\/\/www.quintaoficina.pt\/wp-content\/uploads\/2023\/02\/DSCF9153-768x512.jpg 768w, https:\/\/www.quintaoficina.pt\/wp-content\/uploads\/2023\/02\/DSCF9153-1536x1024.jpg 1536w, https:\/\/www.quintaoficina.pt\/wp-content\/uploads\/2023\/02\/DSCF9153.jpg 2048w\" sizes=\"auto, (max-width: 767px) 89vw, (max-width: 1000px) 54vw, (max-width: 1071px) 543px, 580px\" \/><\/figure>\n\n\n\n<figure class=\"wp-block-image size-large\"><img loading=\"lazy\" decoding=\"async\" width=\"1024\" height=\"683\" data-id=\"3172\" src=\"https:\/\/www.quintaoficina.pt\/wp-content\/uploads\/2023\/02\/DSCF9435-1024x683.jpg\" alt=\"\" class=\"wp-image-3172\" srcset=\"https:\/\/www.quintaoficina.pt\/wp-content\/uploads\/2023\/02\/DSCF9435-1024x683.jpg 1024w, https:\/\/www.quintaoficina.pt\/wp-content\/uploads\/2023\/02\/DSCF9435-300x200.jpg 300w, https:\/\/www.quintaoficina.pt\/wp-content\/uploads\/2023\/02\/DSCF9435-768x512.jpg 768w, https:\/\/www.quintaoficina.pt\/wp-content\/uploads\/2023\/02\/DSCF9435-1536x1024.jpg 1536w, https:\/\/www.quintaoficina.pt\/wp-content\/uploads\/2023\/02\/DSCF9435.jpg 2048w\" sizes=\"auto, (max-width: 767px) 89vw, (max-width: 1000px) 54vw, (max-width: 1071px) 543px, 580px\" \/><\/figure>\n\n\n\n<figure class=\"wp-block-image size-large\"><img loading=\"lazy\" decoding=\"async\" width=\"1024\" height=\"683\" data-id=\"3173\" src=\"https:\/\/www.quintaoficina.pt\/wp-content\/uploads\/2023\/02\/DSCF9461-1024x683.jpg\" alt=\"\" class=\"wp-image-3173\" srcset=\"https:\/\/www.quintaoficina.pt\/wp-content\/uploads\/2023\/02\/DSCF9461-1024x683.jpg 1024w, https:\/\/www.quintaoficina.pt\/wp-content\/uploads\/2023\/02\/DSCF9461-300x200.jpg 300w, https:\/\/www.quintaoficina.pt\/wp-content\/uploads\/2023\/02\/DSCF9461-768x512.jpg 768w, https:\/\/www.quintaoficina.pt\/wp-content\/uploads\/2023\/02\/DSCF9461-1536x1024.jpg 1536w, https:\/\/www.quintaoficina.pt\/wp-content\/uploads\/2023\/02\/DSCF9461.jpg 2048w\" sizes=\"auto, (max-width: 767px) 89vw, (max-width: 1000px) 54vw, (max-width: 1071px) 543px, 580px\" \/><\/figure>\n\n\n\n<figure class=\"wp-block-image size-large\"><img loading=\"lazy\" decoding=\"async\" width=\"1024\" height=\"683\" data-id=\"3177\" src=\"https:\/\/www.quintaoficina.pt\/wp-content\/uploads\/2023\/02\/DSCF9498-1024x683.jpg\" alt=\"\" class=\"wp-image-3177\" srcset=\"https:\/\/www.quintaoficina.pt\/wp-content\/uploads\/2023\/02\/DSCF9498-1024x683.jpg 1024w, https:\/\/www.quintaoficina.pt\/wp-content\/uploads\/2023\/02\/DSCF9498-300x200.jpg 300w, https:\/\/www.quintaoficina.pt\/wp-content\/uploads\/2023\/02\/DSCF9498-768x512.jpg 768w, https:\/\/www.quintaoficina.pt\/wp-content\/uploads\/2023\/02\/DSCF9498-1536x1024.jpg 1536w, https:\/\/www.quintaoficina.pt\/wp-content\/uploads\/2023\/02\/DSCF9498.jpg 2048w\" sizes=\"auto, (max-width: 767px) 89vw, (max-width: 1000px) 54vw, (max-width: 1071px) 543px, 580px\" \/><\/figure>\n\n\n\n<figure class=\"wp-block-image size-large\"><img loading=\"lazy\" decoding=\"async\" width=\"1024\" height=\"683\" data-id=\"3174\" src=\"https:\/\/www.quintaoficina.pt\/wp-content\/uploads\/2023\/02\/DSCF9019-1024x683.jpg\" alt=\"\" class=\"wp-image-3174\" srcset=\"https:\/\/www.quintaoficina.pt\/wp-content\/uploads\/2023\/02\/DSCF9019-1024x683.jpg 1024w, https:\/\/www.quintaoficina.pt\/wp-content\/uploads\/2023\/02\/DSCF9019-300x200.jpg 300w, https:\/\/www.quintaoficina.pt\/wp-content\/uploads\/2023\/02\/DSCF9019-768x512.jpg 768w, https:\/\/www.quintaoficina.pt\/wp-content\/uploads\/2023\/02\/DSCF9019-1536x1024.jpg 1536w, https:\/\/www.quintaoficina.pt\/wp-content\/uploads\/2023\/02\/DSCF9019.jpg 2048w\" sizes=\"auto, (max-width: 767px) 89vw, (max-width: 1000px) 54vw, (max-width: 1071px) 543px, 580px\" \/><\/figure>\n\n\n\n<figure class=\"wp-block-image size-large\"><img loading=\"lazy\" decoding=\"async\" width=\"683\" height=\"1024\" data-id=\"3175\" src=\"https:\/\/www.quintaoficina.pt\/wp-content\/uploads\/2023\/02\/DSCF9152-683x1024.jpg\" alt=\"\" class=\"wp-image-3175\" srcset=\"https:\/\/www.quintaoficina.pt\/wp-content\/uploads\/2023\/02\/DSCF9152-683x1024.jpg 683w, https:\/\/www.quintaoficina.pt\/wp-content\/uploads\/2023\/02\/DSCF9152-200x300.jpg 200w, https:\/\/www.quintaoficina.pt\/wp-content\/uploads\/2023\/02\/DSCF9152-768x1152.jpg 768w, https:\/\/www.quintaoficina.pt\/wp-content\/uploads\/2023\/02\/DSCF9152-1024x1536.jpg 1024w, https:\/\/www.quintaoficina.pt\/wp-content\/uploads\/2023\/02\/DSCF9152.jpg 1365w\" sizes=\"auto, (max-width: 683px) 100vw, 683px\" \/><\/figure>\n\n\n\n<figure class=\"wp-block-image size-large\"><img loading=\"lazy\" decoding=\"async\" width=\"683\" height=\"1024\" data-id=\"3179\" src=\"https:\/\/www.quintaoficina.pt\/wp-content\/uploads\/2023\/02\/DSCF9538-683x1024.jpg\" alt=\"\" class=\"wp-image-3179\" srcset=\"https:\/\/www.quintaoficina.pt\/wp-content\/uploads\/2023\/02\/DSCF9538-683x1024.jpg 683w, https:\/\/www.quintaoficina.pt\/wp-content\/uploads\/2023\/02\/DSCF9538-200x300.jpg 200w, https:\/\/www.quintaoficina.pt\/wp-content\/uploads\/2023\/02\/DSCF9538-768x1152.jpg 768w, https:\/\/www.quintaoficina.pt\/wp-content\/uploads\/2023\/02\/DSCF9538-1024x1536.jpg 1024w, https:\/\/www.quintaoficina.pt\/wp-content\/uploads\/2023\/02\/DSCF9538.jpg 1365w\" sizes=\"auto, (max-width: 683px) 100vw, 683px\" \/><\/figure>\n<\/figure>\n\n\n\n<p>Com Z\u00e9 Pedro Ramos e a m\u00fasica ao vivo do maestro &#8211; <a href=\"https:\/\/www.facebook.com\/ricardo.augusto.5245?__tn__=%2CdK-R-R&amp;eid=ARC3_qpPsgOahUybKinIbmsC1fZf83zAiII5t2TUVGYLc4IYT_r9Rn_BjuQCEmuvPxKp5fwdqg1CZp3l&amp;fref=mentions\">Ricardo Augusto<\/a> <\/p>\n\n\n\n<p>(Espect\u00e1culo\/anima\u00e7\u00e3o\/concerto para todas as idades\u2026 Dispon\u00edvel para digress\u00e3o.)<\/p>\n\n\n<div class=\"wp-block-image\">\n<figure class=\"aligncenter size-large\"><img loading=\"lazy\" decoding=\"async\" width=\"960\" height=\"639\" src=\"https:\/\/www.quintaoficina.pt\/wp-content\/uploads\/2020\/01\/80387898_1251672085036575_15644568699535360_o.jpg\" alt=\"\" class=\"wp-image-1201\" srcset=\"https:\/\/www.quintaoficina.pt\/wp-content\/uploads\/2020\/01\/80387898_1251672085036575_15644568699535360_o.jpg 960w, https:\/\/www.quintaoficina.pt\/wp-content\/uploads\/2020\/01\/80387898_1251672085036575_15644568699535360_o-300x200.jpg 300w, https:\/\/www.quintaoficina.pt\/wp-content\/uploads\/2020\/01\/80387898_1251672085036575_15644568699535360_o-768x511.jpg 768w\" sizes=\"auto, (max-width: 767px) 89vw, (max-width: 1000px) 54vw, (max-width: 1071px) 543px, 580px\" \/><\/figure>\n<\/div>\n\n<div class=\"wp-block-image\">\n<figure class=\"aligncenter size-large\"><img loading=\"lazy\" decoding=\"async\" width=\"640\" height=\"960\" src=\"https:\/\/www.quintaoficina.pt\/wp-content\/uploads\/2020\/01\/80535415_1251673085036475_2446803938947629056_o.jpg\" alt=\"\" class=\"wp-image-1202\" srcset=\"https:\/\/www.quintaoficina.pt\/wp-content\/uploads\/2020\/01\/80535415_1251673085036475_2446803938947629056_o.jpg 640w, https:\/\/www.quintaoficina.pt\/wp-content\/uploads\/2020\/01\/80535415_1251673085036475_2446803938947629056_o-200x300.jpg 200w\" sizes=\"auto, (max-width: 640px) 100vw, 640px\" \/><\/figure>\n<\/div>\n\n\n<p>Esta anima\u00e7\u00e3o\/concerto musical tem por base a explora\u00e7\u00e3o criativa das profiss\u00f5es, adaptando-se aos v\u00e1rios contextos.&nbsp;&#8220;<strong><em>O Duende Desempregado<\/em><\/strong>&#8221; foi em 2019 a estreia deste projeto e agora alarga-se a novos p\u00fablicos com &#8220;<strong><em>O Pol\u00edtico Desempregado<\/em><\/strong>&#8220;, uma vers\u00e3o para maiores de 16 anos. &#8220;<strong><em>O Palha\u00e7o Desempregado<\/em><\/strong>&#8221; \u00e9 a vers\u00e3o para a inf\u00e2ncia (maiores de 3 anos), dispon\u00edvel durante todo o ano.&nbsp;<\/p>\n\n\n\n<p>tiomanel@quintaoficina.pt  |  963218860<\/p>\n","protected":false},"excerpt":{"rendered":"<p>SINOPSE de &#8220;O Duende Desempregado&#8221;:Esta anima\u00e7\u00e3o conta a hist\u00f3ria de um Duende que, cansado de trabalhar na f\u00e1brica de brinquedos do Pai Natal, despede-se e vai procurar um novo emprego\u2026 Dentro da sua mala leva consigo v\u00e1rios chap\u00e9us e capacetes de trabalho (alusivos a diferentes profiss\u00f5es), que vai experimentando, numa animada interac\u00e7\u00e3o com o p\u00fablico &hellip; <\/p>\n<p class=\"link-more\"><a href=\"https:\/\/www.quintaoficina.pt\/index.php\/o-duende-desempregado\/\" class=\"more-link\">Continuar a ler <span class=\"screen-reader-text\">&#8220;O DUENDE DESEMPREGADO&#8221;<\/span><\/a><\/p>\n","protected":false},"author":1,"featured_media":0,"parent":0,"menu_order":0,"comment_status":"closed","ping_status":"closed","template":"template-full-width.php","meta":{"footnotes":""},"class_list":["post-594","page","type-page","status-publish","hentry"],"_links":{"self":[{"href":"https:\/\/www.quintaoficina.pt\/index.php\/wp-json\/wp\/v2\/pages\/594","targetHints":{"allow":["GET"]}}],"collection":[{"href":"https:\/\/www.quintaoficina.pt\/index.php\/wp-json\/wp\/v2\/pages"}],"about":[{"href":"https:\/\/www.quintaoficina.pt\/index.php\/wp-json\/wp\/v2\/types\/page"}],"author":[{"embeddable":true,"href":"https:\/\/www.quintaoficina.pt\/index.php\/wp-json\/wp\/v2\/users\/1"}],"replies":[{"embeddable":true,"href":"https:\/\/www.quintaoficina.pt\/index.php\/wp-json\/wp\/v2\/comments?post=594"}],"version-history":[{"count":30,"href":"https:\/\/www.quintaoficina.pt\/index.php\/wp-json\/wp\/v2\/pages\/594\/revisions"}],"predecessor-version":[{"id":5085,"href":"https:\/\/www.quintaoficina.pt\/index.php\/wp-json\/wp\/v2\/pages\/594\/revisions\/5085"}],"wp:attachment":[{"href":"https:\/\/www.quintaoficina.pt\/index.php\/wp-json\/wp\/v2\/media?parent=594"}],"curies":[{"name":"wp","href":"https:\/\/api.w.org\/{rel}","templated":true}]}}