{"id":599,"date":"2019-10-30T11:14:00","date_gmt":"2019-10-30T11:14:00","guid":{"rendered":"http:\/\/www.quintaoficina.pt\/?page_id=599"},"modified":"2020-06-27T09:55:09","modified_gmt":"2020-06-27T09:55:09","slug":"cinemanos","status":"publish","type":"page","link":"https:\/\/www.quintaoficina.pt\/index.php\/cinemanos\/","title":{"rendered":"CINEMANOS"},"content":{"rendered":"\n<p class=\"has-text-align-center\">PRODU\u00c7\u00c3O: Palha\u00e7os do Mundo &#8211; Tenda Produ\u00e7\u00f5es &#8211; 2019<\/p>\n\n\n\n<p class=\"has-text-align-center\">APOIO \u00c0 PRODU\u00c7\u00c3O: Quint\u2019Oficina<\/p>\n\n\n\n<div class=\"wp-block-image\"><figure class=\"aligncenter\"><img loading=\"lazy\" decoding=\"async\" width=\"1024\" height=\"640\" src=\"https:\/\/www.quintaoficina.pt\/wp-content\/uploads\/2019\/11\/Captura-de-ecra\u0303-2019-11-02-23.42.23-1024x640.png\" alt=\"\" class=\"wp-image-893\" srcset=\"https:\/\/www.quintaoficina.pt\/wp-content\/uploads\/2019\/11\/Captura-de-ecra\u0303-2019-11-02-23.42.23-1024x640.png 1024w, https:\/\/www.quintaoficina.pt\/wp-content\/uploads\/2019\/11\/Captura-de-ecra\u0303-2019-11-02-23.42.23-300x188.png 300w, https:\/\/www.quintaoficina.pt\/wp-content\/uploads\/2019\/11\/Captura-de-ecra\u0303-2019-11-02-23.42.23-768x480.png 768w, https:\/\/www.quintaoficina.pt\/wp-content\/uploads\/2019\/11\/Captura-de-ecra\u0303-2019-11-02-23.42.23.png 1280w\" sizes=\"auto, (max-width: 767px) 89vw, (max-width: 1000px) 54vw, (max-width: 1071px) 543px, 580px\" \/><\/figure><\/div>\n\n\n\n<figure class=\"wp-block-embed-youtube aligncenter wp-block-embed is-type-video is-provider-youtube wp-embed-aspect-16-9 wp-has-aspect-ratio\"><div class=\"wp-block-embed__wrapper\">\n<iframe loading=\"lazy\" title=\"cinemanos a Preto e Branco\" width=\"525\" height=\"295\" src=\"https:\/\/www.youtube.com\/embed\/ZOQfkORpD5E?feature=oembed\" frameborder=\"0\" allow=\"accelerometer; autoplay; clipboard-write; encrypted-media; gyroscope; picture-in-picture; web-share\" referrerpolicy=\"strict-origin-when-cross-origin\" allowfullscreen><\/iframe>\n<\/div><\/figure>\n\n\n\n<div class=\"wp-block-image\"><figure class=\"aligncenter\"><img loading=\"lazy\" decoding=\"async\" width=\"724\" height=\"1024\" src=\"https:\/\/www.quintaoficina.pt\/wp-content\/uploads\/2019\/11\/Cinemanos2pb-724x1024.jpg\" alt=\"\" class=\"wp-image-894\" srcset=\"https:\/\/www.quintaoficina.pt\/wp-content\/uploads\/2019\/11\/Cinemanos2pb-724x1024.jpg 724w, https:\/\/www.quintaoficina.pt\/wp-content\/uploads\/2019\/11\/Cinemanos2pb-212x300.jpg 212w, https:\/\/www.quintaoficina.pt\/wp-content\/uploads\/2019\/11\/Cinemanos2pb-768x1086.jpg 768w, https:\/\/www.quintaoficina.pt\/wp-content\/uploads\/2019\/11\/Cinemanos2pb.jpg 1754w\" sizes=\"auto, (max-width: 724px) 100vw, 724px\" \/><\/figure><\/div>\n\n\n\n<p class=\"has-text-align-center\">Tr\u00eas\natores, tr\u00eas clown\u00b4s,\ntr\u00eas coisos, ou mesmo tr\u00eas cineastas v\u00eam at\u00e9 si para vos mostrar como se faz\ncinema. Se n\u00e3o assistiram ao primeiro, nem sabem o que perderam \u2013 No\n\u201cCinemanos1\u201d eram s\u00f3 dois, no dois s\u00e3o tr\u00eas e no tr\u00eas ser\u00e3o talvez\u2026 trinta e\ntr\u00eas! Trata-se de uma produtora de cinema em fal\u00eancia, que vem mostrar que \u00e9\nposs\u00edvel produzir um grande e \u00e9pico filme com poucas verbas. Uma hilariante\ncom\u00e9dia onde as grandes cenas dos mais conhecidos filmes, n\u00e3o s\u00f3 de Hollywood,\nmas tamb\u00e9m os nossos tesouros portugueses, voltam a entrar em a\u00e7\u00e3o. Nesta\nvers\u00e3o dois, contamos hist\u00f3rias a\npreto e branco, desde os tempos em que n\u00e3o se falava no cinema e que as cores\nn\u00e3o eram captadas pelas c\u00e2maras. Depois deste espet\u00e1culo v\u00e3o ficar a saber como\nforam feitas grandes produ\u00e7\u00f5es cinematogr\u00e1ficas. Cuidado, eles andam com uma\nc\u00e2mara apontada, fujam! Este espet\u00e1culo come\u00e7a muito antes, quando o realizador\ne os seus dois assistentes andam j\u00e1 pelas ruas \u00e0 procura de atores para o seu\nnovo grande sucesso de bilheteira. Depois: luzes\u2026 c\u00e2mara\u2026 a\u00e7\u00e3o!<\/p>\n\n\n\n<div class=\"wp-block-image\"><figure class=\"aligncenter\"><img loading=\"lazy\" decoding=\"async\" width=\"1024\" height=\"686\" src=\"https:\/\/www.quintaoficina.pt\/wp-content\/uploads\/2019\/11\/DSC00672baixa-1024x686.jpg\" alt=\"\" class=\"wp-image-892\" srcset=\"https:\/\/www.quintaoficina.pt\/wp-content\/uploads\/2019\/11\/DSC00672baixa-1024x686.jpg 1024w, https:\/\/www.quintaoficina.pt\/wp-content\/uploads\/2019\/11\/DSC00672baixa-300x201.jpg 300w, https:\/\/www.quintaoficina.pt\/wp-content\/uploads\/2019\/11\/DSC00672baixa-768x514.jpg 768w, https:\/\/www.quintaoficina.pt\/wp-content\/uploads\/2019\/11\/DSC00672baixa.jpg 1181w\" sizes=\"auto, (max-width: 767px) 89vw, (max-width: 1000px) 54vw, (max-width: 1071px) 543px, 580px\" \/><\/figure><\/div>\n\n\n\n<p><em>Booking: geral@tenda.pt<\/em><\/p>\n","protected":false},"excerpt":{"rendered":"<p>PRODU\u00c7\u00c3O: Palha\u00e7os do Mundo &#8211; Tenda Produ\u00e7\u00f5es &#8211; 2019 APOIO \u00c0 PRODU\u00c7\u00c3O: Quint\u2019Oficina Tr\u00eas atores, tr\u00eas clown\u00b4s, tr\u00eas coisos, ou mesmo tr\u00eas cineastas v\u00eam at\u00e9 si para vos mostrar como se faz cinema. Se n\u00e3o assistiram ao primeiro, nem sabem o que perderam \u2013 No \u201cCinemanos1\u201d eram s\u00f3 dois, no dois s\u00e3o tr\u00eas e no &hellip; <\/p>\n<p class=\"link-more\"><a href=\"https:\/\/www.quintaoficina.pt\/index.php\/cinemanos\/\" class=\"more-link\">Continuar a ler <span class=\"screen-reader-text\">&#8220;CINEMANOS&#8221;<\/span><\/a><\/p>\n","protected":false},"author":1,"featured_media":0,"parent":0,"menu_order":0,"comment_status":"closed","ping_status":"closed","template":"template-full-width.php","meta":{"footnotes":""},"class_list":["post-599","page","type-page","status-publish","hentry"],"_links":{"self":[{"href":"https:\/\/www.quintaoficina.pt\/index.php\/wp-json\/wp\/v2\/pages\/599","targetHints":{"allow":["GET"]}}],"collection":[{"href":"https:\/\/www.quintaoficina.pt\/index.php\/wp-json\/wp\/v2\/pages"}],"about":[{"href":"https:\/\/www.quintaoficina.pt\/index.php\/wp-json\/wp\/v2\/types\/page"}],"author":[{"embeddable":true,"href":"https:\/\/www.quintaoficina.pt\/index.php\/wp-json\/wp\/v2\/users\/1"}],"replies":[{"embeddable":true,"href":"https:\/\/www.quintaoficina.pt\/index.php\/wp-json\/wp\/v2\/comments?post=599"}],"version-history":[{"count":7,"href":"https:\/\/www.quintaoficina.pt\/index.php\/wp-json\/wp\/v2\/pages\/599\/revisions"}],"predecessor-version":[{"id":1299,"href":"https:\/\/www.quintaoficina.pt\/index.php\/wp-json\/wp\/v2\/pages\/599\/revisions\/1299"}],"wp:attachment":[{"href":"https:\/\/www.quintaoficina.pt\/index.php\/wp-json\/wp\/v2\/media?parent=599"}],"curies":[{"name":"wp","href":"https:\/\/api.w.org\/{rel}","templated":true}]}}