{"id":78,"date":"2019-07-29T10:37:09","date_gmt":"2019-07-29T10:37:09","guid":{"rendered":"http:\/\/127.0.0.1\/quintaoficina\/?page_id=78"},"modified":"2026-01-07T12:07:51","modified_gmt":"2026-01-07T12:07:51","slug":"a-associacao","status":"publish","type":"page","link":"https:\/\/www.quintaoficina.pt\/index.php\/quem-somos\/a-associacao\/","title":{"rendered":"A Associa\u00e7\u00e3o"},"content":{"rendered":"\n<p class=\"has-small-font-size\">Quinta Oficina<br>NIPC: 515449075<br>Associa\u00e7\u00e3o cultural sem fins lucrativos.<br>CAE: (principal) 94991. Outros: 90010. 90030. 85520<br>Largo das Figueiras n1, Tarva \u2013 Mosteirinho. 3510-584 Coutos de Viseu<br>Fundada a 18-04-2019<br>Tel: 963218860 (chamada para rede m\u00f3vel nacional)<br><\/p>\n\n\n\n<div class=\"wp-block-file\"><a id=\"wp-block-file--media-de5e2182-52a9-4bb0-a0fa-5471aa5e5497\" href=\"https:\/\/www.quintaoficina.pt\/wp-content\/uploads\/2025\/10\/Logo-5aO_2022.pdf\" target=\"_blank\" rel=\"noreferrer noopener\"><strong>Logo 5\u00aaO<\/strong><\/a><a href=\"https:\/\/www.quintaoficina.pt\/wp-content\/uploads\/2025\/10\/Logo-5aO_2022.pdf\" class=\"wp-block-file__button wp-element-button\" download aria-describedby=\"wp-block-file--media-de5e2182-52a9-4bb0-a0fa-5471aa5e5497\">Descarregar<\/a><\/div>\n\n\n\n<p class=\"has-small-font-size\"><\/p>\n\n\n\n<p class=\"has-text-align-center\"><br><br>&#8220;<strong><em>A Arte n\u00e3o quer adeptos, quer Amantes<\/em><\/strong>&#8221; &#8211; Frederico Garcia Lorca &#8211; Dramaturgo, 1898 \/ 1936<\/p>\n\n\n\n<p>A Quinta Oficina, &nbsp;Fundada a 18 de Abril de 2019, surge da vontade e sinergia entre v\u00e1rios artistas e t\u00e9cnicos de Viseu, comungando da mesma consci\u00eancia e vis\u00e3o cultural\/Social. Os seus fundadores e associados partilham da mesma vontade de trabalhar na coopera\u00e7\u00e3o sociocultural para a natureza, resid\u00eancias, artes e of\u00edcios. Na ess\u00eancia da cria\u00e7\u00e3o das suas atividades, produtos e servi\u00e7os, estar\u00e1 sempre o prop\u00f3sito de se promover a criatividade, a experimenta\u00e7\u00e3o, a produ\u00e7\u00e3o e a partilha, atuando em \u00e1reas t\u00e3o diversas como a arte, a comunica\u00e7\u00e3o, o humor, o lazer, o patrim\u00f3nio, a educa\u00e7\u00e3o, o ambiente, o desporto, a sa\u00fade e o bem-estar dos indiv\u00edduos e suas comunidades locais e internacionais. (Objecto Estatut\u00e1rio da Associa\u00e7\u00e3o)<\/p>\n\n\n\n<p><\/p>\n\n\n<div class=\"wp-block-image\">\n<figure class=\"aligncenter\"><img loading=\"lazy\" decoding=\"async\" width=\"875\" height=\"1024\" src=\"https:\/\/www.quintaoficina.pt\/wp-content\/uploads\/2019\/08\/Logo5Oicone-875x1024.jpg\" alt=\"\" class=\"wp-image-204\" srcset=\"https:\/\/www.quintaoficina.pt\/wp-content\/uploads\/2019\/08\/Logo5Oicone-875x1024.jpg 875w, https:\/\/www.quintaoficina.pt\/wp-content\/uploads\/2019\/08\/Logo5Oicone-256x300.jpg 256w, https:\/\/www.quintaoficina.pt\/wp-content\/uploads\/2019\/08\/Logo5Oicone-768x898.jpg 768w\" sizes=\"auto, (max-width: 767px) 89vw, (max-width: 1000px) 54vw, (max-width: 1071px) 543px, 580px\" \/><\/figure>\n<\/div>\n\n\n<p class=\"has-text-align-center has-medium-font-size\"><\/p>\n\n\n\n<p>Uma &#8220;m\u00e3o cheia&#8221; de vontades&#8230; A QUINTA OFICINA pretende disponibilizar um espa\u00e7o acess\u00edvel e acolhedor que permita cruzar artistas e p\u00fablico geral, de forma a encorajar a experimenta\u00e7\u00e3o, a cria\u00e7\u00e3o e produ\u00e7\u00e3o cultural e art\u00edstica, atrav\u00e9s da partilha de saberes, da investiga\u00e7\u00e3o e da forma\u00e7\u00e3o art\u00edstica, concretizado em 5 diferentes espa\u00e7os.<\/p>\n\n\n<div class=\"wp-block-image\">\n<figure class=\"aligncenter\"><img loading=\"lazy\" decoding=\"async\" width=\"1024\" height=\"681\" src=\"https:\/\/www.quintaoficina.pt\/wp-content\/uploads\/2019\/11\/ESQUEMA5O-1-1024x681.jpg\" alt=\"\" class=\"wp-image-950\" srcset=\"https:\/\/www.quintaoficina.pt\/wp-content\/uploads\/2019\/11\/ESQUEMA5O-1-1024x681.jpg 1024w, https:\/\/www.quintaoficina.pt\/wp-content\/uploads\/2019\/11\/ESQUEMA5O-1-300x200.jpg 300w, https:\/\/www.quintaoficina.pt\/wp-content\/uploads\/2019\/11\/ESQUEMA5O-1-768x511.jpg 768w, https:\/\/www.quintaoficina.pt\/wp-content\/uploads\/2019\/11\/ESQUEMA5O-1.jpg 1936w\" sizes=\"auto, (max-width: 767px) 89vw, (max-width: 1000px) 54vw, (max-width: 1071px) 543px, 580px\" \/><\/figure>\n<\/div>\n\n\n<p>Contrariando a tend\u00eancia de um mundo cada vez mais saturado de inutilidades e recuperando o conceito de oficina e trabalhos manuais, a QUINTA OFICINA procura fortalecer a consci\u00eancia da necessidade de mudan\u00e7a, estimular corpo e mente, contribuir para o equil\u00edbrio e bem estar de cada um e, assim, contribuiremos todos para um poss\u00edvel futuro mais que sustent\u00e1vel &#8211; regenerativo!<\/p>\n\n\n\n<p>\u201c<strong><em>Procura um bem que possas sentir, a um que possas exibir<\/em><\/strong>\u201d S\u00e9neca, Fil\u00f3sofo Romano do Sec. 1 aC<\/p>\n\n\n\n<p><br><br><\/p>\n\n\n\n<p><\/p>\n","protected":false},"excerpt":{"rendered":"<p>Quinta OficinaNIPC: 515449075Associa\u00e7\u00e3o cultural sem fins lucrativos.CAE: (principal) 94991. Outros: 90010. 90030. 85520Largo das Figueiras n1, Tarva \u2013 Mosteirinho. 3510-584 Coutos de ViseuFundada a 18-04-2019Tel: 963218860 (chamada para rede m\u00f3vel nacional) &#8220;A Arte n\u00e3o quer adeptos, quer Amantes&#8221; &#8211; Frederico Garcia Lorca &#8211; Dramaturgo, 1898 \/ 1936 A Quinta Oficina, &nbsp;Fundada a 18 de Abril &hellip; <\/p>\n<p class=\"link-more\"><a href=\"https:\/\/www.quintaoficina.pt\/index.php\/quem-somos\/a-associacao\/\" class=\"more-link\">Continuar a ler <span class=\"screen-reader-text\">&#8220;A Associa\u00e7\u00e3o&#8221;<\/span><\/a><\/p>\n","protected":false},"author":1,"featured_media":0,"parent":273,"menu_order":0,"comment_status":"closed","ping_status":"closed","template":"template-full-width.php","meta":{"footnotes":""},"class_list":["post-78","page","type-page","status-publish","hentry"],"_links":{"self":[{"href":"https:\/\/www.quintaoficina.pt\/index.php\/wp-json\/wp\/v2\/pages\/78","targetHints":{"allow":["GET"]}}],"collection":[{"href":"https:\/\/www.quintaoficina.pt\/index.php\/wp-json\/wp\/v2\/pages"}],"about":[{"href":"https:\/\/www.quintaoficina.pt\/index.php\/wp-json\/wp\/v2\/types\/page"}],"author":[{"embeddable":true,"href":"https:\/\/www.quintaoficina.pt\/index.php\/wp-json\/wp\/v2\/users\/1"}],"replies":[{"embeddable":true,"href":"https:\/\/www.quintaoficina.pt\/index.php\/wp-json\/wp\/v2\/comments?post=78"}],"version-history":[{"count":37,"href":"https:\/\/www.quintaoficina.pt\/index.php\/wp-json\/wp\/v2\/pages\/78\/revisions"}],"predecessor-version":[{"id":5186,"href":"https:\/\/www.quintaoficina.pt\/index.php\/wp-json\/wp\/v2\/pages\/78\/revisions\/5186"}],"up":[{"embeddable":true,"href":"https:\/\/www.quintaoficina.pt\/index.php\/wp-json\/wp\/v2\/pages\/273"}],"wp:attachment":[{"href":"https:\/\/www.quintaoficina.pt\/index.php\/wp-json\/wp\/v2\/media?parent=78"}],"curies":[{"name":"wp","href":"https:\/\/api.w.org\/{rel}","templated":true}]}}