{"id":83,"date":"2019-07-29T10:40:03","date_gmt":"2019-07-29T10:40:03","guid":{"rendered":"http:\/\/127.0.0.1\/quintaoficina\/?page_id=83"},"modified":"2025-03-10T23:21:22","modified_gmt":"2025-03-10T23:21:22","slug":"alguns-de-muitos","status":"publish","type":"page","link":"https:\/\/www.quintaoficina.pt\/index.php\/quem-somos\/alguns-de-muitos\/","title":{"rendered":"Alguns de muitos"},"content":{"rendered":"\n<blockquote class=\"wp-block-quote\">A vida \u00e9, realmente, obscuridade,\nmenos onde h\u00e1 ENTUSIASMO;\n<blockquote class=\"wp-block-quote\">E todo o entusiasmo \u00e9 cego,\nmenos onde h\u00e1 SABEDORIA;\n<blockquote class=\"wp-block-quote\">E todo o saber \u00e9 v\u00e3o,\nmenos onde h\u00e1 TRABALHO;\n<blockquote class=\"wp-block-quote\">E todo o trabalho \u00e9 vazio,\nmenos onde h\u00e1 AMOR.\n<cite>Khalil Gilbran (Poeta Liban\u00eas, 1883-1931)<\/cite><\/blockquote>\n\n\n\n<p><\/p>\n\n\n\n<div class=\"row\">\n<div class=\"column_card\">\n<div class=\"card_show\">\n<figure class=\"center_text\"><img decoding=\"async\" src=\"https:\/\/www.quintaoficina.pt\/wp-content\/uploads\/2019\/11\/10620506_376227532541587_6630860972911934285_o.jpg\" alt=\"Z\u00c9 PEDRO RAMOS\" class=\"img_circle\"><\/figure>\n<div class=\"card_container\">\n<div class=\"center_text\">\n<h3>Z\u00c9 PEDRO RAMOS<\/h3>\n<p class=\"card_title\">PALHA\u00c7O<\/p>\n\n\naquintaoficina@gmail.com\n\n<\/div>\n<button class=\"card_button\">Contact<\/button>\n\n<\/div>\n<\/div>\n<\/div>\n<div class=\"column_card\">\n<div class=\"card_show\">\n<figure class=\"center_text\"><img decoding=\"async\" src=\"https:\/\/www.quintaoficina.pt\/wp-content\/uploads\/2023\/10\/QuintaOficina_Gabriel_fot-raquelbalsa_252A1510-copiar_baixa.jpg\" alt=\"RUI P\u00caVA\" class=\"img_circle\"><\/figure>\n<div class=\"card_container\">\n<div class=\"center_text\">\n<h3>RUI P\u00caVA<\/h3>\n<p class=\"card_title\">ANIMADOR<\/p>\n\n\naquintaoficina@gmail.com\n\n<\/div>\n<button class=\"card_button\">Contact<\/button>\n\n<\/div>\n<\/div>\n<\/div>\n<div class=\"column_card\">\n<div class=\"card_show\">\n<figure class=\"center_text\"><img decoding=\"async\" src=\"https:\/\/www.quintaoficina.pt\/wp-content\/uploads\/2019\/11\/472038_107754692690199_1093650143_o.jpg\" alt=\"JO\u00c3O RAMOS\" class=\"img_circle\"><\/figure>\n<div class=\"card_container\">\n<div class=\"center_text\">\n<h3>JO\u00c3O RAMOS<\/h3>\n<p class=\"card_title\">AGRICULTOR<\/p>\n\n\naquintaoficina@gmail.com\n\n<\/div>\n<button class=\"card_button\">Contact<\/button>\n\n<\/div>\n<\/div>\n<\/div>\n<\/div>\n\n\n\n<div class=\"row\">\n<div class=\"column_card\">\n<div class=\"card_show\">\n<figure class=\"center_text\"><img decoding=\"async\" src=\"https:\/\/www.quintaoficina.pt\/wp-content\/uploads\/2019\/11\/Captura-de-ecr\u00e3-2019-10-30-\u00e0s-11.41.52.jpg\" alt=\"PAULO NEVES\" class=\"img_circle\"><\/figure>\n<div class=\"card_container\">\n<div class=\"center_text\">\n<h3>PAULO NEVES<\/h3>\n<p class=\"card_title\">M\u00daSICO<\/p>\n\naquintaoficina@gmail.com\n\n<\/div>\n<button class=\"card_button\">Contact<\/button>\n\n<\/div>\n<\/div>\n<\/div>\n<div class=\"column_card\">\n<div class=\"card_show\">\n<figure class=\"center_text\"><img decoding=\"async\" src=\"https:\/\/www.quintaoficina.pt\/wp-content\/uploads\/2019\/11\/Captura-de-ecr\u00e3-2019-10-30-\u00e0s-11.41.31.jpg\" alt=\"SUSANA SENOS\" class=\"img_circle\"><\/figure>\n<div class=\"card_container\">\n<div class=\"center_text\">\n<h3>SUSANA SENOS<\/h3>\n<p class=\"card_title\">PROFESSORA<\/p>\n\naquintaoficina@gmail.com\n\n<\/div>\n<button class=\"card_button\">Contact<\/button>\n\n<\/div>\n<\/div>\n<\/div>\n<div class=\"column_card\">\n<div class=\"card_show\">\n<figure class=\"center_text\"><img decoding=\"async\" src=\"https:\/\/www.quintaoficina.pt\/wp-content\/uploads\/2019\/11\/57064220_2638421279508031_4805466722255503360_n.jpg\" alt=\"ANA SANTOS\" class=\"img_circle\"><\/figure>\n<div class=\"card_container\">\n<div class=\"center_text\">\n<h3>ANA SANTOS<\/h3>\n<p class=\"card_title\">ESCRITORA<\/p>\n\naquintaoficina@gmail.com\n\n<\/div>\n<button class=\"card_button\">Contact<\/button>\n\n<\/div>\n<\/div>\n<\/div>\n<\/div>\n\n\n\n<div class=\"row\">\n<div class=\"column_card\">\n<div class=\"card_show\">\n<figure class=\"center_text\"><img decoding=\"async\" src=\"https:\/\/www.quintaoficina.pt\/wp-content\/uploads\/2024\/12\/Dani.jpeg\" alt=\"DANIELA FERNANDES\" class=\"img_circle\"><\/figure>\n<div class=\"card_container\">\n<div class=\"center_text\">\n<h3>DANIELA FERNANDES<\/h3>\n<p class=\"card_title\">ANIMADORA CULTURAL<\/p>\n\naquintaoficina@gmail.com\n\n<\/div>\n<button class=\"card_button\">Contact<\/button>\n\n<\/div>\n<\/div>\n<\/div>\n<div class=\"column_card\">\n<div class=\"card_show\">\n<figure class=\"center_text\"><img decoding=\"async\" src=\"https:\/\/www.quintaoficina.pt\/wp-content\/uploads\/2023\/10\/IMG_0287_BAIXA.jpg\" alt=\"HELENA COSTA\" class=\"img_circle\"><\/figure>\n<div class=\"card_container\">\n<div class=\"center_text\">\n<h3>RICARDO AUGUSTO<\/h3>\n<p class=\"card_title\">M\u00daSICO<\/p>\n\naquintaoficina@gmail.com\n\n<\/div>\n<button class=\"card_button\">Contact<\/button>\n\n<\/div>\n<\/div>\n<\/div>\n<div class=\"column_card\">\n<div class=\"card_show\">\n<figure class=\"center_text\"><img decoding=\"async\" src=\"https:\/\/www.quintaoficina.pt\/wp-content\/uploads\/2019\/11\/60471737_10218267956666960_6010054617553960960_n.jpg\" alt=\"DANIEL MATOS\" class=\"img_circle\"><\/figure>\n<div class=\"card_container\">\n<div class=\"center_text\">\n<h3>DANIEL MATOS<\/h3>\n<p class=\"card_title\">MALABARISTA<\/p>\n\naquintaoficina@gmail.com\n\n<\/div>\n<button class=\"card_button\">Contact<\/button>\n\n<\/div>\n<\/div>\n<\/div>\n<\/div>\n\n\n\n<p>&#8230;<\/p>\n\n\n\n<p>JUNTA-TE A N\u00d3S!<\/p>\n\n\n\n<ul class=\"wp-block-list\">\n<li><strong>S\u00f3cios Cooperantes<\/strong>: Artistas e T\u00e9cnicos que colaboram nas cria\u00e7\u00f5es e produ\u00e7\u00f5es da 5\u00aaO.<\/li>\n\n\n\n<li><strong>S\u00f3cios Honor\u00e1rios<\/strong>: Todos aqueles que exercem &#8220;mecenato&#8221;, doando recursos, ajudando-nos a crescer.<\/li>\n\n\n\n<li><strong>S\u00f3cios Amigos<\/strong>: S\u00e3o todos os que, com frequ\u00eancia, colaboram, participam e acompanham as nossas iniciativas.<\/li>\n<\/ul>\n\n\n\n<p><strong>S\u00d3CIOS COOPERANTES:<\/strong><\/p>\n\n\n\n<p>Cristina Nogueira;<\/p>\n\n\n\n<p>Rui Fonseca;<\/p>\n\n\n\n<p>Gabriel Silva;<\/p>\n\n\n\n<p>Filipa Marques;<\/p>\n\n\n\n<p>Carla Fernandes;<\/p>\n\n\n\n<p>Liliana Velho;<\/p>\n\n\n\n<p>Ana Ver\u00f3nica;<\/p>\n\n\n\n<p>Andr\u00e9 Ferreira;<\/p>\n\n\n\n<p>Rita Herm\u00ednio;<\/p>\n\n\n\n<p>BitOcas Fernandes;<\/p>\n\n\n\n<p>Carlos Teixeira;<\/p>\n\n\n\n<p>Corina Ollet;<\/p>\n\n\n\n<p>Filipa Pimentel;<\/p>\n\n\n\n<p>Hugo Marques;<\/p>\n\n\n\n<p>Teresa E\u00e7a;<\/p>\n\n\n\n<p>Paulo Matos;<\/p>\n\n\n\n<p>Raquel Balsa;<\/p>\n\n\n\n<p>Teresa Chuva.<\/p>\n\n\n\n<p><strong>S\u00d3CIOS HONOR\u00c1RIOS:<\/strong><\/p>\n\n\n\n<p>Jos\u00e9 Monteiro;<\/p>\n\n\n\n<p>Jos\u00e9 Vitorino;<\/p>\n\n\n\n<p>In\u00eas Justo;<\/p>\n\n\n\n<p>Humberto Mendes;<\/p>\n\n\n\n<p>Alexandre Kumagai;<\/p>\n\n\n\n<p>Carlos Teixeira;<\/p>\n\n\n\n<p>H\u00e9lder Gamboa;<\/p>\n\n\n\n<p>Ana Paula Cunha;<\/p>\n\n\n\n<p>Magda Barata;<\/p>\n\n\n\n<p>M\u00e1rio Almeida;<\/p>\n\n\n\n<p>Paulo Ramos;<\/p>\n\n\n\n<p>Ant\u00f3nio Camilo;<\/p>\n\n\n\n<p>H\u00e9lder Gamboa;<\/p>\n\n\n\n<p>Ana Flores;<\/p>\n\n\n\n<div class=\"wp-block-group\"><div class=\"wp-block-group__inner-container is-layout-flow wp-block-group-is-layout-flow\">\n<p>T\u00e2nia Gouveia;<\/p>\n\n\n\n<p>Ana Rita Antunes;<\/p>\n<\/div><\/div>\n\n\n\n<p>Lu\u00edsa Ant\u00f3nio;<\/p>\n\n\n\n<p>Mel\u00e2nea Rodrigues.<\/p>\n\n\n\n<p><strong>S\u00d3CIOS AMIGOS:<\/strong><\/p>\n\n\n\n<p>Listagem confidencial (pol\u00edtica de privacidade)<\/p>\n\n\n\n<p><\/p>\n\n\n\n<p>&gt;&gt; <em>V\u00eddeo explicativo da nossa <strong>filosofia de trabalho<\/strong>:<\/em><\/p>\n\n\n\n<p><\/p>\n\n\n\n<figure class=\"wp-block-embed is-type-video is-provider-youtube wp-block-embed-youtube wp-embed-aspect-16-9 wp-has-aspect-ratio\"><div class=\"wp-block-embed__wrapper\">\n<iframe loading=\"lazy\" title=\"A criatividade como meio para atingir a felicidade  | Z\u00e9 Pedro Ramos | TEDxViseu\" width=\"525\" height=\"295\" src=\"https:\/\/www.youtube.com\/embed\/rS2r_CnFi4c?feature=oembed\" frameborder=\"0\" allow=\"accelerometer; autoplay; clipboard-write; encrypted-media; gyroscope; picture-in-picture; web-share\" referrerpolicy=\"strict-origin-when-cross-origin\" allowfullscreen><\/iframe>\n<\/div><\/figure>\n\n\n\n<p><\/p>\n","protected":false},"excerpt":{"rendered":"<p>A vida \u00e9, realmente, obscuridade, menos onde h\u00e1 ENTUSIASMO; E todo o entusiasmo \u00e9 cego, menos onde h\u00e1 SABEDORIA; E todo o saber \u00e9 v\u00e3o, menos onde h\u00e1 TRABALHO; E todo o trabalho \u00e9 vazio, menos onde h\u00e1 AMOR. Khalil Gilbran (Poeta Liban\u00eas, 1883-1931) Z\u00c9 PEDRO RAMOS PALHA\u00c7O aquintaoficina@gmail.com Contact RUI P\u00caVA ANIMADOR aquintaoficina@gmail.com Contact &hellip; <\/p>\n<p class=\"link-more\"><a href=\"https:\/\/www.quintaoficina.pt\/index.php\/quem-somos\/alguns-de-muitos\/\" class=\"more-link\">Continuar a ler <span class=\"screen-reader-text\">&#8220;Alguns de muitos&#8221;<\/span><\/a><\/p>\n","protected":false},"author":1,"featured_media":0,"parent":273,"menu_order":0,"comment_status":"closed","ping_status":"closed","template":"template-full-width.php","meta":{"footnotes":""},"class_list":["post-83","page","type-page","status-publish","hentry"],"_links":{"self":[{"href":"https:\/\/www.quintaoficina.pt\/index.php\/wp-json\/wp\/v2\/pages\/83","targetHints":{"allow":["GET"]}}],"collection":[{"href":"https:\/\/www.quintaoficina.pt\/index.php\/wp-json\/wp\/v2\/pages"}],"about":[{"href":"https:\/\/www.quintaoficina.pt\/index.php\/wp-json\/wp\/v2\/types\/page"}],"author":[{"embeddable":true,"href":"https:\/\/www.quintaoficina.pt\/index.php\/wp-json\/wp\/v2\/users\/1"}],"replies":[{"embeddable":true,"href":"https:\/\/www.quintaoficina.pt\/index.php\/wp-json\/wp\/v2\/comments?post=83"}],"version-history":[{"count":80,"href":"https:\/\/www.quintaoficina.pt\/index.php\/wp-json\/wp\/v2\/pages\/83\/revisions"}],"predecessor-version":[{"id":4773,"href":"https:\/\/www.quintaoficina.pt\/index.php\/wp-json\/wp\/v2\/pages\/83\/revisions\/4773"}],"up":[{"embeddable":true,"href":"https:\/\/www.quintaoficina.pt\/index.php\/wp-json\/wp\/v2\/pages\/273"}],"wp:attachment":[{"href":"https:\/\/www.quintaoficina.pt\/index.php\/wp-json\/wp\/v2\/media?parent=83"}],"curies":[{"name":"wp","href":"https:\/\/api.w.org\/{rel}","templated":true}]}}