{"id":90,"date":"2019-07-29T10:45:59","date_gmt":"2019-07-29T10:45:59","guid":{"rendered":"http:\/\/127.0.0.1\/quintaoficina\/?page_id=90"},"modified":"2026-04-09T14:36:33","modified_gmt":"2026-04-09T13:36:33","slug":"main","status":"publish","type":"page","link":"https:\/\/www.quintaoficina.pt\/","title":{"rendered":"NOVIDADES"},"content":{"rendered":"\n<p><\/p>\n\n\n\n<p><br>>> 25 de Abril &#8211; <a href=\"https:\/\/www.quintaoficina.pt\/index.php\/atividades\/iniciativas-comunitarias\/biblioteca-comunitaria\/\" target=\"_blank\" rel=\"noreferrer noopener\"><strong>LIVROS-LIVRES<\/strong> &#8211; <em>\u00c0 conversa com Gon\u00e7alo Oliveira<\/em><\/a><\/p>\n\n\n\n<figure class=\"wp-block-image size-large\"><a href=\"https:\/\/www.quintaoficina.pt\/index.php\/atividades\/iniciativas-comunitarias\/biblioteca-comunitaria\/\" target=\"_blank\" rel=\" noreferrer noopener\"><img loading=\"lazy\" decoding=\"async\" width=\"724\" height=\"1024\" src=\"https:\/\/www.quintaoficina.pt\/wp-content\/uploads\/2026\/04\/Cartaz25abrilGONCALO2026-02-724x1024.jpg\" alt=\"\" class=\"wp-image-5327\" srcset=\"https:\/\/www.quintaoficina.pt\/wp-content\/uploads\/2026\/04\/Cartaz25abrilGONCALO2026-02-724x1024.jpg 724w, https:\/\/www.quintaoficina.pt\/wp-content\/uploads\/2026\/04\/Cartaz25abrilGONCALO2026-02-212x300.jpg 212w, https:\/\/www.quintaoficina.pt\/wp-content\/uploads\/2026\/04\/Cartaz25abrilGONCALO2026-02-768x1086.jpg 768w, https:\/\/www.quintaoficina.pt\/wp-content\/uploads\/2026\/04\/Cartaz25abrilGONCALO2026-02-1086x1536.jpg 1086w, https:\/\/www.quintaoficina.pt\/wp-content\/uploads\/2026\/04\/Cartaz25abrilGONCALO2026-02-1448x2048.jpg 1448w, https:\/\/www.quintaoficina.pt\/wp-content\/uploads\/2026\/04\/Cartaz25abrilGONCALO2026-02-scaled.jpg 1810w\" sizes=\"auto, (max-width: 724px) 100vw, 724px\" \/><\/a><\/figure>\n\n\n\n<p><br><br><br>>> 12 de Abril &#8211; Nova sess\u00e3o da <a href=\"https:\/\/www.quintaoficina.pt\/index.php\/escola-do-errar\/\" target=\"_blank\" rel=\"noreferrer noopener\">ESCOLA DO ERRAR E DESAPRENDER<\/a><\/p>\n\n\n\n<figure class=\"wp-block-image size-large\"><a href=\"https:\/\/www.quintaoficina.pt\/index.php\/escola-do-errar\/\" target=\"_blank\" rel=\" noreferrer noopener\"><img loading=\"lazy\" decoding=\"async\" width=\"724\" height=\"1024\" src=\"https:\/\/www.quintaoficina.pt\/wp-content\/uploads\/2026\/03\/Cartaz_EscolaErrarD_SuAna_A4-724x1024.jpg\" alt=\"\" class=\"wp-image-5293\" srcset=\"https:\/\/www.quintaoficina.pt\/wp-content\/uploads\/2026\/03\/Cartaz_EscolaErrarD_SuAna_A4-724x1024.jpg 724w, https:\/\/www.quintaoficina.pt\/wp-content\/uploads\/2026\/03\/Cartaz_EscolaErrarD_SuAna_A4-212x300.jpg 212w, https:\/\/www.quintaoficina.pt\/wp-content\/uploads\/2026\/03\/Cartaz_EscolaErrarD_SuAna_A4-768x1086.jpg 768w, https:\/\/www.quintaoficina.pt\/wp-content\/uploads\/2026\/03\/Cartaz_EscolaErrarD_SuAna_A4-1086x1536.jpg 1086w, https:\/\/www.quintaoficina.pt\/wp-content\/uploads\/2026\/03\/Cartaz_EscolaErrarD_SuAna_A4-1448x2048.jpg 1448w, https:\/\/www.quintaoficina.pt\/wp-content\/uploads\/2026\/03\/Cartaz_EscolaErrarD_SuAna_A4-scaled.jpg 1810w\" sizes=\"auto, (max-width: 724px) 100vw, 724px\" \/><\/a><\/figure>\n\n\n\n<p><br><br><br>>> 14 de Abril &#8211; Nova sess\u00e3o dO <a href=\"https:\/\/www.quintaoficina.pt\/index.php\/outras-iniciativas\/\" target=\"_blank\" rel=\"noreferrer noopener\">DIA DE S\u00c3O REFAZER<\/a><\/p>\n\n\n\n<figure class=\"wp-block-image size-full\"><a href=\"https:\/\/www.quintaoficina.pt\/index.php\/outras-iniciativas\/\" target=\"_blank\" rel=\" noreferrer noopener\"><img decoding=\"async\" src=\"https:\/\/www.quintaoficina.pt\/wp-content\/uploads\/2026\/04\/CartazDIAsaoREFAZER14abril2026_A4.jpg\" alt=\"\" class=\"wp-image-5320\"\/><\/a><\/figure>\n\n\n\n<p><br><br><br><\/p>\n\n\n\n<figure class=\"wp-block-image size-large\"><a href=\"https:\/\/www.apecv.pt\/concurso-soulo-pensar-a-terra-a-importancia-dos-solos\/\" target=\"_blank\" rel=\" noreferrer noopener\"><img loading=\"lazy\" decoding=\"async\" width=\"1024\" height=\"341\" src=\"https:\/\/www.quintaoficina.pt\/wp-content\/uploads\/2026\/03\/banner-copiar-1024x341.jpg\" alt=\"\" class=\"wp-image-5278\" srcset=\"https:\/\/www.quintaoficina.pt\/wp-content\/uploads\/2026\/03\/banner-copiar-1024x341.jpg 1024w, https:\/\/www.quintaoficina.pt\/wp-content\/uploads\/2026\/03\/banner-copiar-300x100.jpg 300w, https:\/\/www.quintaoficina.pt\/wp-content\/uploads\/2026\/03\/banner-copiar-768x256.jpg 768w, https:\/\/www.quintaoficina.pt\/wp-content\/uploads\/2026\/03\/banner-copiar.jpg 1200w\" sizes=\"auto, (max-width: 767px) 89vw, (max-width: 1000px) 54vw, (max-width: 1071px) 543px, 580px\" \/><\/a><figcaption class=\"wp-element-caption\">Concurso dirigido a todas as idades e possibilidades de participa\u00e7\u00e3o com qualquer formato de express\u00e3o art\u00edstica, com a tem\u00e1tica dos Solos. <strong><a href=\"https:\/\/www.apecv.pt\/concurso-soulo-pensar-a-terra-a-importancia-dos-solos\/\" target=\"_blank\" rel=\"noreferrer noopener\">+INFOS AQUI<\/a><\/strong><\/figcaption><\/figure>\n\n\n\n<p><br><br><\/p>\n\n\n\n<figure class=\"wp-block-gallery has-nested-images columns-1 wp-block-gallery-1 is-layout-flex wp-block-gallery-is-layout-flex\"><div class=\"wp-block-image\">\n<figure class=\"aligncenter size-large\"><img loading=\"lazy\" decoding=\"async\" width=\"1024\" height=\"683\" data-id=\"3247\" src=\"https:\/\/www.quintaoficina.pt\/wp-content\/uploads\/2023\/03\/Workshop_ErvasDaninhas_QO23_-74-1024x683.jpg\" alt=\"\" class=\"wp-image-3247\" srcset=\"https:\/\/www.quintaoficina.pt\/wp-content\/uploads\/2023\/03\/Workshop_ErvasDaninhas_QO23_-74-1024x683.jpg 1024w, https:\/\/www.quintaoficina.pt\/wp-content\/uploads\/2023\/03\/Workshop_ErvasDaninhas_QO23_-74-300x200.jpg 300w, https:\/\/www.quintaoficina.pt\/wp-content\/uploads\/2023\/03\/Workshop_ErvasDaninhas_QO23_-74-768x512.jpg 768w, https:\/\/www.quintaoficina.pt\/wp-content\/uploads\/2023\/03\/Workshop_ErvasDaninhas_QO23_-74-1536x1024.jpg 1536w, https:\/\/www.quintaoficina.pt\/wp-content\/uploads\/2023\/03\/Workshop_ErvasDaninhas_QO23_-74-2048x1365.jpg 2048w\" sizes=\"auto, (max-width: 767px) 89vw, (max-width: 1000px) 54vw, (max-width: 1071px) 543px, 580px\" \/><\/figure>\n<\/div>\n\n<div class=\"wp-block-image\">\n<figure class=\"aligncenter size-large\"><img loading=\"lazy\" decoding=\"async\" width=\"1024\" height=\"524\" data-id=\"3246\" src=\"https:\/\/www.quintaoficina.pt\/wp-content\/uploads\/2023\/03\/Captura-de-ecra-2023-02-12-as-23.48.21-1024x524.png\" alt=\"\" class=\"wp-image-3246\" srcset=\"https:\/\/www.quintaoficina.pt\/wp-content\/uploads\/2023\/03\/Captura-de-ecra-2023-02-12-as-23.48.21-1024x524.png 1024w, https:\/\/www.quintaoficina.pt\/wp-content\/uploads\/2023\/03\/Captura-de-ecra-2023-02-12-as-23.48.21-300x153.png 300w, https:\/\/www.quintaoficina.pt\/wp-content\/uploads\/2023\/03\/Captura-de-ecra-2023-02-12-as-23.48.21-768x393.png 768w, https:\/\/www.quintaoficina.pt\/wp-content\/uploads\/2023\/03\/Captura-de-ecra-2023-02-12-as-23.48.21-1536x786.png 1536w, https:\/\/www.quintaoficina.pt\/wp-content\/uploads\/2023\/03\/Captura-de-ecra-2023-02-12-as-23.48.21-2048x1048.png 2048w\" sizes=\"auto, (max-width: 767px) 89vw, (max-width: 1000px) 54vw, (max-width: 1071px) 543px, 580px\" \/><\/figure>\n<\/div><figcaption class=\"blocks-gallery-caption wp-element-caption\"><br>&#8220;<strong>A inspira\u00e7\u00e3o existe e aparece, mas tem de nos encontrar a trabalhar<\/strong>&#8221; &#8211; Pablo Picasso<br>Arregacem as mangas e juntem-se a n\u00f3s!<\/figcaption><\/figure>\n\n\n<div class=\"wp-block-image\">\n<figure class=\"aligncenter size-large\"><img loading=\"lazy\" decoding=\"async\" width=\"1024\" height=\"518\" src=\"https:\/\/www.quintaoficina.pt\/wp-content\/uploads\/2021\/12\/Captura-de-ecra-2021-12-19-as-13.14.48-1024x518.png\" alt=\"\" class=\"wp-image-2187\" srcset=\"https:\/\/www.quintaoficina.pt\/wp-content\/uploads\/2021\/12\/Captura-de-ecra-2021-12-19-as-13.14.48-1024x518.png 1024w, https:\/\/www.quintaoficina.pt\/wp-content\/uploads\/2021\/12\/Captura-de-ecra-2021-12-19-as-13.14.48-300x152.png 300w, https:\/\/www.quintaoficina.pt\/wp-content\/uploads\/2021\/12\/Captura-de-ecra-2021-12-19-as-13.14.48-768x388.png 768w, https:\/\/www.quintaoficina.pt\/wp-content\/uploads\/2021\/12\/Captura-de-ecra-2021-12-19-as-13.14.48-1536x776.png 1536w, https:\/\/www.quintaoficina.pt\/wp-content\/uploads\/2021\/12\/Captura-de-ecra-2021-12-19-as-13.14.48-2048x1035.png 2048w\" sizes=\"auto, (max-width: 767px) 89vw, (max-width: 1000px) 54vw, (max-width: 1071px) 543px, 580px\" \/><\/figure>\n<\/div>\n\n\n<blockquote class=\"wp-block-quote has-text-align-center is-layout-flow wp-block-quote-is-layout-flow\">\n<p>Palha\u00e7os h\u00e1 muitos, mas n\u00f3s somos pro-oficinais!<\/p>\n<\/blockquote>\n\n\n\n<p><\/p>\n\n\n\n<p class=\"has-text-align-center\" style=\"font-size:16px\"><strong>&nbsp;Fundada a 18 de Abril de 2019<\/strong><\/p>\n\n\n\n<p class=\"has-text-align-center has-small-font-size\">133&nbsp;Produ\u00e7\u00f5es [ 15 Iniciativas Comunit\u00e1rias + 10 Espect\u00e1culos + 13 Anima\u00e7\u00f5es + 54 Forma\u00e7\u00f5es + 6 Concursos + 12 Resid\u00eancias Art\u00edsticas + 5 Exposi\u00e7\u00f5es ]<\/p>\n\n\n\n<p class=\"has-text-align-center has-small-font-size\">402&nbsp;Sess\u00f5es<\/p>\n\n\n\n<p class=\"has-text-align-center has-small-font-size\">24.567&nbsp;Participantes<\/p>\n\n\n\n<p class=\"has-text-align-center has-small-font-size\">(dados registados at\u00e9 31-12-2025 com os participantes de rua n\u00e3o quantific\u00e1veis)<\/p>\n\n\n<div class=\"wp-block-image\">\n<figure class=\"aligncenter is-resized\"><a href=\"https:\/\/www.facebook.com\/quintaoficina\" target=\"_blank\" rel=\"noreferrer noopener\"><img loading=\"lazy\" decoding=\"async\" width=\"942\" height=\"938\" src=\"https:\/\/www.quintaoficina.pt\/wp-content\/uploads\/2019\/12\/Iconface-01.png\" alt=\"\" class=\"wp-image-1080\" style=\"width:91px;height:90px\" srcset=\"https:\/\/www.quintaoficina.pt\/wp-content\/uploads\/2019\/12\/Iconface-01.png 942w, https:\/\/www.quintaoficina.pt\/wp-content\/uploads\/2019\/12\/Iconface-01-150x150.png 150w, https:\/\/www.quintaoficina.pt\/wp-content\/uploads\/2019\/12\/Iconface-01-300x300.png 300w, https:\/\/www.quintaoficina.pt\/wp-content\/uploads\/2019\/12\/Iconface-01-768x765.png 768w, https:\/\/www.quintaoficina.pt\/wp-content\/uploads\/2019\/12\/Iconface-01-100x100.png 100w\" sizes=\"auto, (max-width: 767px) 89vw, (max-width: 1000px) 54vw, (max-width: 1071px) 543px, 580px\" \/><\/a><\/figure>\n<\/div>\n\n<div class=\"wp-block-image\">\n<figure class=\"aligncenter size-thumbnail is-resized\"><a href=\"https:\/\/www.instagram.com\/5a_oficina\/\" target=\"_blank\" rel=\"noreferrer noopener\"><img loading=\"lazy\" decoding=\"async\" width=\"150\" height=\"150\" src=\"https:\/\/www.quintaoficina.pt\/wp-content\/uploads\/2022\/10\/icone-instagram-150x150.png\" alt=\"\" class=\"wp-image-2717\" style=\"width:75px;height:75px\" srcset=\"https:\/\/www.quintaoficina.pt\/wp-content\/uploads\/2022\/10\/icone-instagram-150x150.png 150w, https:\/\/www.quintaoficina.pt\/wp-content\/uploads\/2022\/10\/icone-instagram-300x300.png 300w, https:\/\/www.quintaoficina.pt\/wp-content\/uploads\/2022\/10\/icone-instagram-100x100.png 100w, https:\/\/www.quintaoficina.pt\/wp-content\/uploads\/2022\/10\/icone-instagram.png 448w\" sizes=\"auto, (max-width: 150px) 100vw, 150px\" \/><\/a><\/figure>\n<\/div>\n\n\n<p class=\"has-text-align-center\" style=\"font-size:14px\"><strong><em>tiomanel@quintaoficina.pt<\/em><\/strong><\/p>\n\n\n","protected":false},"excerpt":{"rendered":"<p>>> 25 de Abril &#8211; LIVROS-LIVRES &#8211; \u00c0 conversa com Gon\u00e7alo Oliveira >> 12 de Abril &#8211; Nova sess\u00e3o da ESCOLA DO ERRAR E DESAPRENDER >> 14 de Abril &#8211; Nova sess\u00e3o dO DIA DE S\u00c3O REFAZER Palha\u00e7os h\u00e1 muitos, mas n\u00f3s somos pro-oficinais! &nbsp;Fundada a 18 de Abril de 2019 133&nbsp;Produ\u00e7\u00f5es [ 15 Iniciativas &hellip; <\/p>\n<p class=\"link-more\"><a href=\"https:\/\/www.quintaoficina.pt\/\" class=\"more-link\">Continuar a ler <span class=\"screen-reader-text\">&#8220;NOVIDADES&#8221;<\/span><\/a><\/p>\n","protected":false},"author":1,"featured_media":0,"parent":0,"menu_order":0,"comment_status":"closed","ping_status":"closed","template":"template-full-width.php","meta":{"footnotes":""},"class_list":["post-90","page","type-page","status-publish","hentry"],"_links":{"self":[{"href":"https:\/\/www.quintaoficina.pt\/index.php\/wp-json\/wp\/v2\/pages\/90","targetHints":{"allow":["GET"]}}],"collection":[{"href":"https:\/\/www.quintaoficina.pt\/index.php\/wp-json\/wp\/v2\/pages"}],"about":[{"href":"https:\/\/www.quintaoficina.pt\/index.php\/wp-json\/wp\/v2\/types\/page"}],"author":[{"embeddable":true,"href":"https:\/\/www.quintaoficina.pt\/index.php\/wp-json\/wp\/v2\/users\/1"}],"replies":[{"embeddable":true,"href":"https:\/\/www.quintaoficina.pt\/index.php\/wp-json\/wp\/v2\/comments?post=90"}],"version-history":[{"count":472,"href":"https:\/\/www.quintaoficina.pt\/index.php\/wp-json\/wp\/v2\/pages\/90\/revisions"}],"predecessor-version":[{"id":5331,"href":"https:\/\/www.quintaoficina.pt\/index.php\/wp-json\/wp\/v2\/pages\/90\/revisions\/5331"}],"wp:attachment":[{"href":"https:\/\/www.quintaoficina.pt\/index.php\/wp-json\/wp\/v2\/media?parent=90"}],"curies":[{"name":"wp","href":"https:\/\/api.w.org\/{rel}","templated":true}]}}